{"id":2462,"date":"2026-01-17T11:28:32","date_gmt":"2026-01-17T11:28:32","guid":{"rendered":"https:\/\/estcrafts.ee\/?post_type=product&#038;p=2462"},"modified":"2026-03-20T21:19:54","modified_gmt":"2026-03-20T19:19:54","slug":"kuunlaalus-podrakujuga","status":"publish","type":"product","link":"https:\/\/estcrafts.ee\/en\/product\/kuunlaalus-podrakujuga\/","title":{"rendered":"MOOSE-SHAPED CANDLE HOLDER"},"content":{"rendered":"","protected":false},"excerpt":{"rendered":"<p>Bring a touch of cozy comfort and a hint of Nordic charm into your home! Our moose-shaped candle holder is an eye-catching d\u00e9cor piece, perfect for the winter season as well as year-round home styling.<\/p>\n<p>With a wooden body and a glass insert.<\/p>\n<p>Dimensions: 10 x 6.5 x 5.5cm<\/p>","protected":false},"featured_media":6459,"comment_status":"open","ping_status":"closed","template":"","meta":[],"product_brand":[],"product_cat":[87],"product_tag":[199,191,197,194,195,196],"class_list":{"0":"post-2462","1":"product","2":"type-product","3":"status-publish","4":"has-post-thumbnail","6":"product_cat-muu","7":"product_tag-kasitoo","8":"product_tag-kingitus","9":"product_tag-kodukaunistus","10":"product_tag-kuunlaalus","11":"product_tag-poder","12":"product_tag-talvine-sisustus","14":"first","15":"instock","16":"shipping-taxable","17":"purchasable","18":"product-type-simple"},"yoast_head":"<!-- This site is optimized with the Yoast SEO plugin v27.4 - https:\/\/yoast.com\/product\/yoast-seo-wordpress\/ -->\n<title>P\u00f5drakujuline k\u00fc\u00fcnlaalus klaasist sisuga | ESTCRAFTS<\/title>\n<meta name=\"description\" content=\"Armas p\u00f5drakujuline k\u00fc\u00fcnlaalus klaasist sisuga, mis toob kodus m\u00f5nusa ja hubase meeleolu ning sobib suurep\u00e4raselt kingituseks v\u00f5i talviseks sisustuseks.\" \/>\n<meta name=\"robots\" content=\"index, follow, max-snippet:-1, max-image-preview:large, max-video-preview:-1\" \/>\n<link rel=\"canonical\" href=\"https:\/\/estcrafts.ee\/en\/product\/kuunlaalus-podrakujuga\/\" \/>\n<meta property=\"og:locale\" content=\"en_US\" \/>\n<meta property=\"og:type\" content=\"article\" \/>\n<meta property=\"og:title\" content=\"P\u00f5drakujuline k\u00fc\u00fcnlaalus klaasist sisuga | ESTCRAFTS\" \/>\n<meta property=\"og:description\" content=\"Armas p\u00f5drakujuline k\u00fc\u00fcnlaalus klaasist sisuga, mis toob kodus m\u00f5nusa ja hubase meeleolu ning sobib suurep\u00e4raselt kingituseks v\u00f5i talviseks sisustuseks.\" \/>\n<meta property=\"og:url\" content=\"https:\/\/estcrafts.ee\/en\/product\/kuunlaalus-podrakujuga\/\" \/>\n<meta property=\"og:site_name\" content=\"EstCrafts\" \/>\n<meta property=\"article:modified_time\" content=\"2026-03-20T19:19:54+00:00\" \/>\n<meta property=\"og:image\" content=\"https:\/\/estcrafts.ee\/wp-content\/uploads\/2026\/01\/11-25.png\" \/>\n\t<meta property=\"og:image:width\" content=\"1000\" \/>\n\t<meta property=\"og:image:height\" content=\"1000\" \/>\n\t<meta property=\"og:image:type\" content=\"image\/png\" \/>\n<meta name=\"twitter:card\" content=\"summary_large_image\" \/>\n<meta name=\"twitter:label1\" content=\"Est. reading time\" \/>\n\t<meta name=\"twitter:data1\" content=\"1 minute\" \/>\n<script type=\"application\/ld+json\" class=\"yoast-schema-graph\">{\"@context\":\"https:\\\/\\\/schema.org\",\"@graph\":[{\"@type\":\"WebPage\",\"@id\":\"https:\\\/\\\/estcrafts.ee\\\/product\\\/kuunlaalus-podrakujuga\\\/\",\"url\":\"https:\\\/\\\/estcrafts.ee\\\/product\\\/kuunlaalus-podrakujuga\\\/\",\"name\":\"P\u00f5drakujuline k\u00fc\u00fcnlaalus klaasist sisuga | ESTCRAFTS\",\"isPartOf\":{\"@id\":\"https:\\\/\\\/estcrafts.ee\\\/#website\"},\"primaryImageOfPage\":{\"@id\":\"https:\\\/\\\/estcrafts.ee\\\/product\\\/kuunlaalus-podrakujuga\\\/#primaryimage\"},\"image\":{\"@id\":\"https:\\\/\\\/estcrafts.ee\\\/product\\\/kuunlaalus-podrakujuga\\\/#primaryimage\"},\"thumbnailUrl\":\"https:\\\/\\\/estcrafts.ee\\\/wp-content\\\/uploads\\\/2026\\\/01\\\/11-25.png\",\"datePublished\":\"2026-01-17T11:28:32+00:00\",\"dateModified\":\"2026-03-20T19:19:54+00:00\",\"description\":\"Armas p\u00f5drakujuline k\u00fc\u00fcnlaalus klaasist sisuga, mis toob kodus m\u00f5nusa ja hubase meeleolu ning sobib suurep\u00e4raselt kingituseks v\u00f5i talviseks sisustuseks.\",\"breadcrumb\":{\"@id\":\"https:\\\/\\\/estcrafts.ee\\\/product\\\/kuunlaalus-podrakujuga\\\/#breadcrumb\"},\"inLanguage\":\"en-US\",\"potentialAction\":[{\"@type\":\"ReadAction\",\"target\":[\"https:\\\/\\\/estcrafts.ee\\\/product\\\/kuunlaalus-podrakujuga\\\/\"]}]},{\"@type\":\"ImageObject\",\"inLanguage\":\"en-US\",\"@id\":\"https:\\\/\\\/estcrafts.ee\\\/product\\\/kuunlaalus-podrakujuga\\\/#primaryimage\",\"url\":\"https:\\\/\\\/estcrafts.ee\\\/wp-content\\\/uploads\\\/2026\\\/01\\\/11-25.png\",\"contentUrl\":\"https:\\\/\\\/estcrafts.ee\\\/wp-content\\\/uploads\\\/2026\\\/01\\\/11-25.png\",\"width\":1000,\"height\":1000,\"caption\":\"k\u00fc\u00fcnlaalus\"},{\"@type\":\"BreadcrumbList\",\"@id\":\"https:\\\/\\\/estcrafts.ee\\\/product\\\/kuunlaalus-podrakujuga\\\/#breadcrumb\",\"itemListElement\":[{\"@type\":\"ListItem\",\"position\":1,\"name\":\"Home\",\"item\":\"https:\\\/\\\/estcrafts.ee\\\/\"},{\"@type\":\"ListItem\",\"position\":2,\"name\":\"Shop\",\"item\":\"https:\\\/\\\/estcrafts.ee\\\/?page_id=6\"},{\"@type\":\"ListItem\",\"position\":3,\"name\":\"K\u00dc\u00dcNLAALUS P\u00d5DRAKUJUGA\"}]},{\"@type\":\"WebSite\",\"@id\":\"https:\\\/\\\/estcrafts.ee\\\/#website\",\"url\":\"https:\\\/\\\/estcrafts.ee\\\/\",\"name\":\"EstCrafts\",\"description\":\"\",\"potentialAction\":[{\"@type\":\"SearchAction\",\"target\":{\"@type\":\"EntryPoint\",\"urlTemplate\":\"https:\\\/\\\/estcrafts.ee\\\/?s={search_term_string}\"},\"query-input\":{\"@type\":\"PropertyValueSpecification\",\"valueRequired\":true,\"valueName\":\"search_term_string\"}}],\"inLanguage\":\"en-US\"}]}<\/script>\n<!-- \/ Yoast SEO plugin. -->","yoast_head_json":{"title":"P\u00f5drakujuline k\u00fc\u00fcnlaalus klaasist sisuga | ESTCRAFTS","description":"Armas p\u00f5drakujuline k\u00fc\u00fcnlaalus klaasist sisuga, mis toob kodus m\u00f5nusa ja hubase meeleolu ning sobib suurep\u00e4raselt kingituseks v\u00f5i talviseks sisustuseks.","robots":{"index":"index","follow":"follow","max-snippet":"max-snippet:-1","max-image-preview":"max-image-preview:large","max-video-preview":"max-video-preview:-1"},"canonical":"https:\/\/estcrafts.ee\/en\/product\/kuunlaalus-podrakujuga\/","og_locale":"en_US","og_type":"article","og_title":"P\u00f5drakujuline k\u00fc\u00fcnlaalus klaasist sisuga | ESTCRAFTS","og_description":"Armas p\u00f5drakujuline k\u00fc\u00fcnlaalus klaasist sisuga, mis toob kodus m\u00f5nusa ja hubase meeleolu ning sobib suurep\u00e4raselt kingituseks v\u00f5i talviseks sisustuseks.","og_url":"https:\/\/estcrafts.ee\/en\/product\/kuunlaalus-podrakujuga\/","og_site_name":"EstCrafts","article_modified_time":"2026-03-20T19:19:54+00:00","og_image":[{"width":1000,"height":1000,"url":"https:\/\/estcrafts.ee\/wp-content\/uploads\/2026\/01\/11-25.png","type":"image\/png"}],"twitter_card":"summary_large_image","twitter_misc":{"Est. reading time":"1 minute"},"schema":{"@context":"https:\/\/schema.org","@graph":[{"@type":"WebPage","@id":"https:\/\/estcrafts.ee\/product\/kuunlaalus-podrakujuga\/","url":"https:\/\/estcrafts.ee\/product\/kuunlaalus-podrakujuga\/","name":"P\u00f5drakujuline k\u00fc\u00fcnlaalus klaasist sisuga | ESTCRAFTS","isPartOf":{"@id":"https:\/\/estcrafts.ee\/#website"},"primaryImageOfPage":{"@id":"https:\/\/estcrafts.ee\/product\/kuunlaalus-podrakujuga\/#primaryimage"},"image":{"@id":"https:\/\/estcrafts.ee\/product\/kuunlaalus-podrakujuga\/#primaryimage"},"thumbnailUrl":"https:\/\/estcrafts.ee\/wp-content\/uploads\/2026\/01\/11-25.png","datePublished":"2026-01-17T11:28:32+00:00","dateModified":"2026-03-20T19:19:54+00:00","description":"Armas p\u00f5drakujuline k\u00fc\u00fcnlaalus klaasist sisuga, mis toob kodus m\u00f5nusa ja hubase meeleolu ning sobib suurep\u00e4raselt kingituseks v\u00f5i talviseks sisustuseks.","breadcrumb":{"@id":"https:\/\/estcrafts.ee\/product\/kuunlaalus-podrakujuga\/#breadcrumb"},"inLanguage":"en-US","potentialAction":[{"@type":"ReadAction","target":["https:\/\/estcrafts.ee\/product\/kuunlaalus-podrakujuga\/"]}]},{"@type":"ImageObject","inLanguage":"en-US","@id":"https:\/\/estcrafts.ee\/product\/kuunlaalus-podrakujuga\/#primaryimage","url":"https:\/\/estcrafts.ee\/wp-content\/uploads\/2026\/01\/11-25.png","contentUrl":"https:\/\/estcrafts.ee\/wp-content\/uploads\/2026\/01\/11-25.png","width":1000,"height":1000,"caption":"k\u00fc\u00fcnlaalus"},{"@type":"BreadcrumbList","@id":"https:\/\/estcrafts.ee\/product\/kuunlaalus-podrakujuga\/#breadcrumb","itemListElement":[{"@type":"ListItem","position":1,"name":"Home","item":"https:\/\/estcrafts.ee\/"},{"@type":"ListItem","position":2,"name":"Shop","item":"https:\/\/estcrafts.ee\/?page_id=6"},{"@type":"ListItem","position":3,"name":"K\u00dc\u00dcNLAALUS P\u00d5DRAKUJUGA"}]},{"@type":"WebSite","@id":"https:\/\/estcrafts.ee\/#website","url":"https:\/\/estcrafts.ee\/","name":"EstCrafts","description":"","potentialAction":[{"@type":"SearchAction","target":{"@type":"EntryPoint","urlTemplate":"https:\/\/estcrafts.ee\/?s={search_term_string}"},"query-input":{"@type":"PropertyValueSpecification","valueRequired":true,"valueName":"search_term_string"}}],"inLanguage":"en-US"}]}},"jetpack_sharing_enabled":true,"_links":{"self":[{"href":"https:\/\/estcrafts.ee\/en\/wp-json\/wp\/v2\/product\/2462","targetHints":{"allow":["GET"]}}],"collection":[{"href":"https:\/\/estcrafts.ee\/en\/wp-json\/wp\/v2\/product"}],"about":[{"href":"https:\/\/estcrafts.ee\/en\/wp-json\/wp\/v2\/types\/product"}],"replies":[{"embeddable":true,"href":"https:\/\/estcrafts.ee\/en\/wp-json\/wp\/v2\/comments?post=2462"}],"wp:featuredmedia":[{"embeddable":true,"href":"https:\/\/estcrafts.ee\/en\/wp-json\/wp\/v2\/media\/6459"}],"wp:attachment":[{"href":"https:\/\/estcrafts.ee\/en\/wp-json\/wp\/v2\/media?parent=2462"}],"wp:term":[{"taxonomy":"product_brand","embeddable":true,"href":"https:\/\/estcrafts.ee\/en\/wp-json\/wp\/v2\/product_brand?post=2462"},{"taxonomy":"product_cat","embeddable":true,"href":"https:\/\/estcrafts.ee\/en\/wp-json\/wp\/v2\/product_cat?post=2462"},{"taxonomy":"product_tag","embeddable":true,"href":"https:\/\/estcrafts.ee\/en\/wp-json\/wp\/v2\/product_tag?post=2462"}],"curies":[{"name":"wp","href":"https:\/\/api.w.org\/{rel}","templated":true}]}}