{"id":2396,"date":"2026-01-16T21:34:58","date_gmt":"2026-01-16T21:34:58","guid":{"rendered":"https:\/\/estcrafts.ee\/?post_type=product&#038;p=2396"},"modified":"2026-03-22T19:17:26","modified_gmt":"2026-03-22T17:17:26","slug":"potikaane-hoidja","status":"publish","type":"product","link":"https:\/\/estcrafts.ee\/en\/product\/potikaane-hoidja\/","title":{"rendered":"POT LID HOLDER"},"content":{"rendered":"","protected":false},"excerpt":{"rendered":"<p>A pot lid holder helps keep the lid slightly ajar while cooking, letting steam escape so boiling stays calmer. Place the holder between the pot and the lid, and the lid will stay securely in place. A small, simple kitchen helper that makes everyday cooking more convenient. Available in different shapes. A nice gift idea for a cooking enthusiast.<\/p>\n<p>Dimensions are listed under additional information.<\/p>","protected":false},"featured_media":6255,"comment_status":"open","ping_status":"closed","template":"","meta":[],"product_brand":[],"product_cat":[87],"product_tag":[199,204,225,220,224,223],"class_list":{"0":"post-2396","1":"product","2":"type-product","3":"status-publish","4":"has-post-thumbnail","6":"product_cat-muu","7":"product_tag-kasitoo","8":"product_tag-kingiidee","9":"product_tag-kokkamine","10":"product_tag-koogitarbed","11":"product_tag-potikaan","12":"product_tag-potikaane-hoidja","14":"first","15":"instock","16":"shipping-taxable","17":"purchasable","18":"product-type-variable"},"yoast_head":"<!-- This site is optimized with the Yoast SEO plugin v27.4 - https:\/\/yoast.com\/product\/yoast-seo-wordpress\/ -->\n<title>POTIKAANE HOIDJA - EstCrafts<\/title>\n<meta name=\"description\" content=\"V\u00e4ike ja lihtne k\u00f6\u00f6giabiline, mis teeb igap\u00e4evase toiduvalmistamise mugavamaks. Saab valida erinevate kujude vahel. Tore kingiidee kokas\u00f5brale.\" \/>\n<meta name=\"robots\" content=\"index, follow, max-snippet:-1, max-image-preview:large, max-video-preview:-1\" \/>\n<link rel=\"canonical\" href=\"https:\/\/estcrafts.ee\/en\/product\/potikaane-hoidja\/\" \/>\n<meta property=\"og:locale\" content=\"en_US\" \/>\n<meta property=\"og:type\" content=\"article\" \/>\n<meta property=\"og:title\" content=\"POTIKAANE HOIDJA - EstCrafts\" \/>\n<meta property=\"og:description\" content=\"V\u00e4ike ja lihtne k\u00f6\u00f6giabiline, mis teeb igap\u00e4evase toiduvalmistamise mugavamaks. Saab valida erinevate kujude vahel. Tore kingiidee kokas\u00f5brale.\" \/>\n<meta property=\"og:url\" content=\"https:\/\/estcrafts.ee\/en\/product\/potikaane-hoidja\/\" \/>\n<meta property=\"og:site_name\" content=\"EstCrafts\" \/>\n<meta property=\"article:modified_time\" content=\"2026-03-22T17:17:26+00:00\" \/>\n<meta property=\"og:image\" content=\"https:\/\/estcrafts.ee\/wp-content\/uploads\/2026\/01\/11-15.png\" \/>\n\t<meta property=\"og:image:width\" content=\"1000\" \/>\n\t<meta property=\"og:image:height\" content=\"1000\" \/>\n\t<meta property=\"og:image:type\" content=\"image\/png\" \/>\n<meta name=\"twitter:card\" content=\"summary_large_image\" \/>\n<meta name=\"twitter:label1\" content=\"Est. reading time\" \/>\n\t<meta name=\"twitter:data1\" content=\"1 minute\" \/>\n<script type=\"application\/ld+json\" class=\"yoast-schema-graph\">{\"@context\":\"https:\\\/\\\/schema.org\",\"@graph\":[{\"@type\":\"WebPage\",\"@id\":\"https:\\\/\\\/estcrafts.ee\\\/product\\\/potikaane-hoidja\\\/\",\"url\":\"https:\\\/\\\/estcrafts.ee\\\/product\\\/potikaane-hoidja\\\/\",\"name\":\"POTIKAANE HOIDJA - EstCrafts\",\"isPartOf\":{\"@id\":\"https:\\\/\\\/estcrafts.ee\\\/#website\"},\"primaryImageOfPage\":{\"@id\":\"https:\\\/\\\/estcrafts.ee\\\/product\\\/potikaane-hoidja\\\/#primaryimage\"},\"image\":{\"@id\":\"https:\\\/\\\/estcrafts.ee\\\/product\\\/potikaane-hoidja\\\/#primaryimage\"},\"thumbnailUrl\":\"https:\\\/\\\/estcrafts.ee\\\/wp-content\\\/uploads\\\/2026\\\/01\\\/11-15.png\",\"datePublished\":\"2026-01-16T21:34:58+00:00\",\"dateModified\":\"2026-03-22T17:17:26+00:00\",\"description\":\"V\u00e4ike ja lihtne k\u00f6\u00f6giabiline, mis teeb igap\u00e4evase toiduvalmistamise mugavamaks. Saab valida erinevate kujude vahel. Tore kingiidee kokas\u00f5brale.\",\"breadcrumb\":{\"@id\":\"https:\\\/\\\/estcrafts.ee\\\/product\\\/potikaane-hoidja\\\/#breadcrumb\"},\"inLanguage\":\"en-US\",\"potentialAction\":[{\"@type\":\"ReadAction\",\"target\":[\"https:\\\/\\\/estcrafts.ee\\\/product\\\/potikaane-hoidja\\\/\"]}]},{\"@type\":\"ImageObject\",\"inLanguage\":\"en-US\",\"@id\":\"https:\\\/\\\/estcrafts.ee\\\/product\\\/potikaane-hoidja\\\/#primaryimage\",\"url\":\"https:\\\/\\\/estcrafts.ee\\\/wp-content\\\/uploads\\\/2026\\\/01\\\/11-15.png\",\"contentUrl\":\"https:\\\/\\\/estcrafts.ee\\\/wp-content\\\/uploads\\\/2026\\\/01\\\/11-15.png\",\"width\":1000,\"height\":1000,\"caption\":\"potikaane hoidja\"},{\"@type\":\"BreadcrumbList\",\"@id\":\"https:\\\/\\\/estcrafts.ee\\\/product\\\/potikaane-hoidja\\\/#breadcrumb\",\"itemListElement\":[{\"@type\":\"ListItem\",\"position\":1,\"name\":\"Home\",\"item\":\"https:\\\/\\\/estcrafts.ee\\\/\"},{\"@type\":\"ListItem\",\"position\":2,\"name\":\"Shop\",\"item\":\"https:\\\/\\\/estcrafts.ee\\\/?page_id=6\"},{\"@type\":\"ListItem\",\"position\":3,\"name\":\"POTIKAANE HOIDJA\"}]},{\"@type\":\"WebSite\",\"@id\":\"https:\\\/\\\/estcrafts.ee\\\/#website\",\"url\":\"https:\\\/\\\/estcrafts.ee\\\/\",\"name\":\"EstCrafts\",\"description\":\"\",\"potentialAction\":[{\"@type\":\"SearchAction\",\"target\":{\"@type\":\"EntryPoint\",\"urlTemplate\":\"https:\\\/\\\/estcrafts.ee\\\/?s={search_term_string}\"},\"query-input\":{\"@type\":\"PropertyValueSpecification\",\"valueRequired\":true,\"valueName\":\"search_term_string\"}}],\"inLanguage\":\"en-US\"}]}<\/script>\n<!-- \/ Yoast SEO plugin. -->","yoast_head_json":{"title":"POTIKAANE HOIDJA - EstCrafts","description":"V\u00e4ike ja lihtne k\u00f6\u00f6giabiline, mis teeb igap\u00e4evase toiduvalmistamise mugavamaks. Saab valida erinevate kujude vahel. Tore kingiidee kokas\u00f5brale.","robots":{"index":"index","follow":"follow","max-snippet":"max-snippet:-1","max-image-preview":"max-image-preview:large","max-video-preview":"max-video-preview:-1"},"canonical":"https:\/\/estcrafts.ee\/en\/product\/potikaane-hoidja\/","og_locale":"en_US","og_type":"article","og_title":"POTIKAANE HOIDJA - EstCrafts","og_description":"V\u00e4ike ja lihtne k\u00f6\u00f6giabiline, mis teeb igap\u00e4evase toiduvalmistamise mugavamaks. Saab valida erinevate kujude vahel. Tore kingiidee kokas\u00f5brale.","og_url":"https:\/\/estcrafts.ee\/en\/product\/potikaane-hoidja\/","og_site_name":"EstCrafts","article_modified_time":"2026-03-22T17:17:26+00:00","og_image":[{"width":1000,"height":1000,"url":"https:\/\/estcrafts.ee\/wp-content\/uploads\/2026\/01\/11-15.png","type":"image\/png"}],"twitter_card":"summary_large_image","twitter_misc":{"Est. reading time":"1 minute"},"schema":{"@context":"https:\/\/schema.org","@graph":[{"@type":"WebPage","@id":"https:\/\/estcrafts.ee\/product\/potikaane-hoidja\/","url":"https:\/\/estcrafts.ee\/product\/potikaane-hoidja\/","name":"POTIKAANE HOIDJA - EstCrafts","isPartOf":{"@id":"https:\/\/estcrafts.ee\/#website"},"primaryImageOfPage":{"@id":"https:\/\/estcrafts.ee\/product\/potikaane-hoidja\/#primaryimage"},"image":{"@id":"https:\/\/estcrafts.ee\/product\/potikaane-hoidja\/#primaryimage"},"thumbnailUrl":"https:\/\/estcrafts.ee\/wp-content\/uploads\/2026\/01\/11-15.png","datePublished":"2026-01-16T21:34:58+00:00","dateModified":"2026-03-22T17:17:26+00:00","description":"V\u00e4ike ja lihtne k\u00f6\u00f6giabiline, mis teeb igap\u00e4evase toiduvalmistamise mugavamaks. Saab valida erinevate kujude vahel. Tore kingiidee kokas\u00f5brale.","breadcrumb":{"@id":"https:\/\/estcrafts.ee\/product\/potikaane-hoidja\/#breadcrumb"},"inLanguage":"en-US","potentialAction":[{"@type":"ReadAction","target":["https:\/\/estcrafts.ee\/product\/potikaane-hoidja\/"]}]},{"@type":"ImageObject","inLanguage":"en-US","@id":"https:\/\/estcrafts.ee\/product\/potikaane-hoidja\/#primaryimage","url":"https:\/\/estcrafts.ee\/wp-content\/uploads\/2026\/01\/11-15.png","contentUrl":"https:\/\/estcrafts.ee\/wp-content\/uploads\/2026\/01\/11-15.png","width":1000,"height":1000,"caption":"potikaane hoidja"},{"@type":"BreadcrumbList","@id":"https:\/\/estcrafts.ee\/product\/potikaane-hoidja\/#breadcrumb","itemListElement":[{"@type":"ListItem","position":1,"name":"Home","item":"https:\/\/estcrafts.ee\/"},{"@type":"ListItem","position":2,"name":"Shop","item":"https:\/\/estcrafts.ee\/?page_id=6"},{"@type":"ListItem","position":3,"name":"POTIKAANE HOIDJA"}]},{"@type":"WebSite","@id":"https:\/\/estcrafts.ee\/#website","url":"https:\/\/estcrafts.ee\/","name":"EstCrafts","description":"","potentialAction":[{"@type":"SearchAction","target":{"@type":"EntryPoint","urlTemplate":"https:\/\/estcrafts.ee\/?s={search_term_string}"},"query-input":{"@type":"PropertyValueSpecification","valueRequired":true,"valueName":"search_term_string"}}],"inLanguage":"en-US"}]}},"jetpack_sharing_enabled":true,"_links":{"self":[{"href":"https:\/\/estcrafts.ee\/en\/wp-json\/wp\/v2\/product\/2396","targetHints":{"allow":["GET"]}}],"collection":[{"href":"https:\/\/estcrafts.ee\/en\/wp-json\/wp\/v2\/product"}],"about":[{"href":"https:\/\/estcrafts.ee\/en\/wp-json\/wp\/v2\/types\/product"}],"replies":[{"embeddable":true,"href":"https:\/\/estcrafts.ee\/en\/wp-json\/wp\/v2\/comments?post=2396"}],"wp:featuredmedia":[{"embeddable":true,"href":"https:\/\/estcrafts.ee\/en\/wp-json\/wp\/v2\/media\/6255"}],"wp:attachment":[{"href":"https:\/\/estcrafts.ee\/en\/wp-json\/wp\/v2\/media?parent=2396"}],"wp:term":[{"taxonomy":"product_brand","embeddable":true,"href":"https:\/\/estcrafts.ee\/en\/wp-json\/wp\/v2\/product_brand?post=2396"},{"taxonomy":"product_cat","embeddable":true,"href":"https:\/\/estcrafts.ee\/en\/wp-json\/wp\/v2\/product_cat?post=2396"},{"taxonomy":"product_tag","embeddable":true,"href":"https:\/\/estcrafts.ee\/en\/wp-json\/wp\/v2\/product_tag?post=2396"}],"curies":[{"name":"wp","href":"https:\/\/api.w.org\/{rel}","templated":true}]}}