{"id":2356,"date":"2026-01-16T20:49:49","date_gmt":"2026-01-16T20:49:49","guid":{"rendered":"https:\/\/estcrafts.ee\/?post_type=product&#038;p=2356"},"modified":"2026-03-20T20:17:01","modified_gmt":"2026-03-20T18:17:01","slug":"voinuga-tammest-ja-lepast","status":"publish","type":"product","link":"https:\/\/estcrafts.ee\/en\/product\/voinuga-tammest-ja-lepast\/","title":{"rendered":"OAK AND ALDER BUTTER KNIFE"},"content":{"rendered":"<p>Length: 17.5 cm, width: 2.7 cm, weight: 0.2 kg<br \/>\nWood: oak and alder<\/p>\n<p>As a handmade product, each item is unique \u2013 the tone and grain may vary slightly.<\/p>\n<p>We recommend maintaining the product at least once a year using linseed oil or regular cooking oil. Regular oiling helps preserve the wood\u2019s beautiful appearance and prevents cracks caused by drying out. Before oiling, the product must be cleaned and completely dry. Apply the oil to both sides to prevent the wood from warping. After washing or oiling, place the board to dry so air can circulate freely on both sides\u2014for example, standing upright. This helps the product keep its proper shape and prevents twisting. Dishwashing in a dishwasher is not recommended.<\/p>","protected":false},"excerpt":{"rendered":"<p>An oak and alder butter knife with a mosaic handle. A handy tool for spreading butter on bread, toast, or crispbread. Also suitable for spreading various spreads and soft cheeses.<\/p>\n<p>More details can be found under Description.<\/p>\n<p>Length: 17.5 cm, width: 2.7 cm<br \/>\nWood: oak and alder<\/p>","protected":false},"featured_media":5778,"comment_status":"open","ping_status":"closed","template":"","meta":[],"product_brand":[],"product_cat":[86],"product_tag":[],"class_list":{"0":"post-2356","1":"product","2":"type-product","3":"status-publish","4":"has-post-thumbnail","6":"product_cat-lusikad-noad-kahvlid","8":"first","9":"instock","10":"shipping-taxable","11":"purchasable","12":"product-type-simple"},"yoast_head":"<!-- This site is optimized with the Yoast SEO plugin v27.4 - https:\/\/yoast.com\/product\/yoast-seo-wordpress\/ -->\n<title>V\u00d5INUGA TAMMEST JA LEPAST - EstCrafts<\/title>\n<meta name=\"description\" content=\"Mosaiikpeaga mugav abiline v\u00f5i m\u00e4\u00e4rimiseks saiale, r\u00f6stile ja n\u00e4kileivale. Sobib kasutamiseks ka erinevate m\u00e4\u00e4rdete ja pehmete juustude pealekandmiseks.\" \/>\n<meta name=\"robots\" content=\"index, follow, max-snippet:-1, max-image-preview:large, max-video-preview:-1\" \/>\n<link rel=\"canonical\" href=\"https:\/\/estcrafts.ee\/en\/product\/voinuga-tammest-ja-lepast\/\" \/>\n<meta property=\"og:locale\" content=\"en_US\" \/>\n<meta property=\"og:type\" content=\"article\" \/>\n<meta property=\"og:title\" content=\"V\u00d5INUGA TAMMEST JA LEPAST - EstCrafts\" \/>\n<meta property=\"og:description\" content=\"Mosaiikpeaga mugav abiline v\u00f5i m\u00e4\u00e4rimiseks saiale, r\u00f6stile ja n\u00e4kileivale. Sobib kasutamiseks ka erinevate m\u00e4\u00e4rdete ja pehmete juustude pealekandmiseks.\" \/>\n<meta property=\"og:url\" content=\"https:\/\/estcrafts.ee\/en\/product\/voinuga-tammest-ja-lepast\/\" \/>\n<meta property=\"og:site_name\" content=\"EstCrafts\" \/>\n<meta property=\"article:modified_time\" content=\"2026-03-20T18:17:01+00:00\" \/>\n<meta property=\"og:image\" content=\"https:\/\/estcrafts.ee\/wp-content\/uploads\/2026\/01\/Tammest-ja-lepast-voinoad.png\" \/>\n\t<meta property=\"og:image:width\" content=\"1000\" \/>\n\t<meta property=\"og:image:height\" content=\"1000\" \/>\n\t<meta property=\"og:image:type\" content=\"image\/png\" \/>\n<meta name=\"twitter:card\" content=\"summary_large_image\" \/>\n<meta name=\"twitter:label1\" content=\"Est. reading time\" \/>\n\t<meta name=\"twitter:data1\" content=\"1 minute\" \/>\n<script type=\"application\/ld+json\" class=\"yoast-schema-graph\">{\"@context\":\"https:\\\/\\\/schema.org\",\"@graph\":[{\"@type\":\"WebPage\",\"@id\":\"https:\\\/\\\/estcrafts.ee\\\/product\\\/voinuga-tammest-ja-lepast\\\/\",\"url\":\"https:\\\/\\\/estcrafts.ee\\\/product\\\/voinuga-tammest-ja-lepast\\\/\",\"name\":\"V\u00d5INUGA TAMMEST JA LEPAST - EstCrafts\",\"isPartOf\":{\"@id\":\"https:\\\/\\\/estcrafts.ee\\\/#website\"},\"primaryImageOfPage\":{\"@id\":\"https:\\\/\\\/estcrafts.ee\\\/product\\\/voinuga-tammest-ja-lepast\\\/#primaryimage\"},\"image\":{\"@id\":\"https:\\\/\\\/estcrafts.ee\\\/product\\\/voinuga-tammest-ja-lepast\\\/#primaryimage\"},\"thumbnailUrl\":\"https:\\\/\\\/estcrafts.ee\\\/wp-content\\\/uploads\\\/2026\\\/01\\\/Tammest-ja-lepast-voinoad.png\",\"datePublished\":\"2026-01-16T20:49:49+00:00\",\"dateModified\":\"2026-03-20T18:17:01+00:00\",\"description\":\"Mosaiikpeaga mugav abiline v\u00f5i m\u00e4\u00e4rimiseks saiale, r\u00f6stile ja n\u00e4kileivale. Sobib kasutamiseks ka erinevate m\u00e4\u00e4rdete ja pehmete juustude pealekandmiseks.\",\"breadcrumb\":{\"@id\":\"https:\\\/\\\/estcrafts.ee\\\/product\\\/voinuga-tammest-ja-lepast\\\/#breadcrumb\"},\"inLanguage\":\"en-US\",\"potentialAction\":[{\"@type\":\"ReadAction\",\"target\":[\"https:\\\/\\\/estcrafts.ee\\\/product\\\/voinuga-tammest-ja-lepast\\\/\"]}]},{\"@type\":\"ImageObject\",\"inLanguage\":\"en-US\",\"@id\":\"https:\\\/\\\/estcrafts.ee\\\/product\\\/voinuga-tammest-ja-lepast\\\/#primaryimage\",\"url\":\"https:\\\/\\\/estcrafts.ee\\\/wp-content\\\/uploads\\\/2026\\\/01\\\/Tammest-ja-lepast-voinoad.png\",\"contentUrl\":\"https:\\\/\\\/estcrafts.ee\\\/wp-content\\\/uploads\\\/2026\\\/01\\\/Tammest-ja-lepast-voinoad.png\",\"width\":1000,\"height\":1000,\"caption\":\"Tammest ja lepast v\u00f5inoad\"},{\"@type\":\"BreadcrumbList\",\"@id\":\"https:\\\/\\\/estcrafts.ee\\\/product\\\/voinuga-tammest-ja-lepast\\\/#breadcrumb\",\"itemListElement\":[{\"@type\":\"ListItem\",\"position\":1,\"name\":\"Home\",\"item\":\"https:\\\/\\\/estcrafts.ee\\\/\"},{\"@type\":\"ListItem\",\"position\":2,\"name\":\"Shop\",\"item\":\"https:\\\/\\\/estcrafts.ee\\\/?page_id=6\"},{\"@type\":\"ListItem\",\"position\":3,\"name\":\"V\u00d5INUGA TAMMEST JA LEPAST\"}]},{\"@type\":\"WebSite\",\"@id\":\"https:\\\/\\\/estcrafts.ee\\\/#website\",\"url\":\"https:\\\/\\\/estcrafts.ee\\\/\",\"name\":\"EstCrafts\",\"description\":\"\",\"potentialAction\":[{\"@type\":\"SearchAction\",\"target\":{\"@type\":\"EntryPoint\",\"urlTemplate\":\"https:\\\/\\\/estcrafts.ee\\\/?s={search_term_string}\"},\"query-input\":{\"@type\":\"PropertyValueSpecification\",\"valueRequired\":true,\"valueName\":\"search_term_string\"}}],\"inLanguage\":\"en-US\"}]}<\/script>\n<!-- \/ Yoast SEO plugin. -->","yoast_head_json":{"title":"V\u00d5INUGA TAMMEST JA LEPAST - EstCrafts","description":"Mosaiikpeaga mugav abiline v\u00f5i m\u00e4\u00e4rimiseks saiale, r\u00f6stile ja n\u00e4kileivale. Sobib kasutamiseks ka erinevate m\u00e4\u00e4rdete ja pehmete juustude pealekandmiseks.","robots":{"index":"index","follow":"follow","max-snippet":"max-snippet:-1","max-image-preview":"max-image-preview:large","max-video-preview":"max-video-preview:-1"},"canonical":"https:\/\/estcrafts.ee\/en\/product\/voinuga-tammest-ja-lepast\/","og_locale":"en_US","og_type":"article","og_title":"V\u00d5INUGA TAMMEST JA LEPAST - EstCrafts","og_description":"Mosaiikpeaga mugav abiline v\u00f5i m\u00e4\u00e4rimiseks saiale, r\u00f6stile ja n\u00e4kileivale. Sobib kasutamiseks ka erinevate m\u00e4\u00e4rdete ja pehmete juustude pealekandmiseks.","og_url":"https:\/\/estcrafts.ee\/en\/product\/voinuga-tammest-ja-lepast\/","og_site_name":"EstCrafts","article_modified_time":"2026-03-20T18:17:01+00:00","og_image":[{"width":1000,"height":1000,"url":"https:\/\/estcrafts.ee\/wp-content\/uploads\/2026\/01\/Tammest-ja-lepast-voinoad.png","type":"image\/png"}],"twitter_card":"summary_large_image","twitter_misc":{"Est. reading time":"1 minute"},"schema":{"@context":"https:\/\/schema.org","@graph":[{"@type":"WebPage","@id":"https:\/\/estcrafts.ee\/product\/voinuga-tammest-ja-lepast\/","url":"https:\/\/estcrafts.ee\/product\/voinuga-tammest-ja-lepast\/","name":"V\u00d5INUGA TAMMEST JA LEPAST - EstCrafts","isPartOf":{"@id":"https:\/\/estcrafts.ee\/#website"},"primaryImageOfPage":{"@id":"https:\/\/estcrafts.ee\/product\/voinuga-tammest-ja-lepast\/#primaryimage"},"image":{"@id":"https:\/\/estcrafts.ee\/product\/voinuga-tammest-ja-lepast\/#primaryimage"},"thumbnailUrl":"https:\/\/estcrafts.ee\/wp-content\/uploads\/2026\/01\/Tammest-ja-lepast-voinoad.png","datePublished":"2026-01-16T20:49:49+00:00","dateModified":"2026-03-20T18:17:01+00:00","description":"Mosaiikpeaga mugav abiline v\u00f5i m\u00e4\u00e4rimiseks saiale, r\u00f6stile ja n\u00e4kileivale. Sobib kasutamiseks ka erinevate m\u00e4\u00e4rdete ja pehmete juustude pealekandmiseks.","breadcrumb":{"@id":"https:\/\/estcrafts.ee\/product\/voinuga-tammest-ja-lepast\/#breadcrumb"},"inLanguage":"en-US","potentialAction":[{"@type":"ReadAction","target":["https:\/\/estcrafts.ee\/product\/voinuga-tammest-ja-lepast\/"]}]},{"@type":"ImageObject","inLanguage":"en-US","@id":"https:\/\/estcrafts.ee\/product\/voinuga-tammest-ja-lepast\/#primaryimage","url":"https:\/\/estcrafts.ee\/wp-content\/uploads\/2026\/01\/Tammest-ja-lepast-voinoad.png","contentUrl":"https:\/\/estcrafts.ee\/wp-content\/uploads\/2026\/01\/Tammest-ja-lepast-voinoad.png","width":1000,"height":1000,"caption":"Tammest ja lepast v\u00f5inoad"},{"@type":"BreadcrumbList","@id":"https:\/\/estcrafts.ee\/product\/voinuga-tammest-ja-lepast\/#breadcrumb","itemListElement":[{"@type":"ListItem","position":1,"name":"Home","item":"https:\/\/estcrafts.ee\/"},{"@type":"ListItem","position":2,"name":"Shop","item":"https:\/\/estcrafts.ee\/?page_id=6"},{"@type":"ListItem","position":3,"name":"V\u00d5INUGA TAMMEST JA LEPAST"}]},{"@type":"WebSite","@id":"https:\/\/estcrafts.ee\/#website","url":"https:\/\/estcrafts.ee\/","name":"EstCrafts","description":"","potentialAction":[{"@type":"SearchAction","target":{"@type":"EntryPoint","urlTemplate":"https:\/\/estcrafts.ee\/?s={search_term_string}"},"query-input":{"@type":"PropertyValueSpecification","valueRequired":true,"valueName":"search_term_string"}}],"inLanguage":"en-US"}]}},"jetpack_sharing_enabled":true,"_links":{"self":[{"href":"https:\/\/estcrafts.ee\/en\/wp-json\/wp\/v2\/product\/2356","targetHints":{"allow":["GET"]}}],"collection":[{"href":"https:\/\/estcrafts.ee\/en\/wp-json\/wp\/v2\/product"}],"about":[{"href":"https:\/\/estcrafts.ee\/en\/wp-json\/wp\/v2\/types\/product"}],"replies":[{"embeddable":true,"href":"https:\/\/estcrafts.ee\/en\/wp-json\/wp\/v2\/comments?post=2356"}],"wp:featuredmedia":[{"embeddable":true,"href":"https:\/\/estcrafts.ee\/en\/wp-json\/wp\/v2\/media\/5778"}],"wp:attachment":[{"href":"https:\/\/estcrafts.ee\/en\/wp-json\/wp\/v2\/media?parent=2356"}],"wp:term":[{"taxonomy":"product_brand","embeddable":true,"href":"https:\/\/estcrafts.ee\/en\/wp-json\/wp\/v2\/product_brand?post=2356"},{"taxonomy":"product_cat","embeddable":true,"href":"https:\/\/estcrafts.ee\/en\/wp-json\/wp\/v2\/product_cat?post=2356"},{"taxonomy":"product_tag","embeddable":true,"href":"https:\/\/estcrafts.ee\/en\/wp-json\/wp\/v2\/product_tag?post=2356"}],"curies":[{"name":"wp","href":"https:\/\/api.w.org\/{rel}","templated":true}]}}