{"id":2354,"date":"2026-01-16T20:47:49","date_gmt":"2026-01-16T20:47:49","guid":{"rendered":"https:\/\/estcrafts.ee\/?post_type=product&#038;p=2354"},"modified":"2026-03-20T20:17:20","modified_gmt":"2026-03-20T18:17:20","slug":"lepast-ja-kadakast-voinuga","status":"publish","type":"product","link":"https:\/\/estcrafts.ee\/en\/product\/lepast-ja-kadakast-voinuga\/","title":{"rendered":"BUTTER KNIFE MADE FROM ALDER AND JUNIPER"},"content":{"rendered":"<p>Length: 17.5 cm, width: 2.7 cm, weight: 0.2 kg<br \/>\nWood: alder and juniper<\/p>\n<p>As a handmade product, each item is unique \u2013 the tone and grain may vary slightly.<\/p>\n<p>We recommend maintaining the product at least once a year using linseed oil or regular cooking oil. Regular oiling helps preserve the wood\u2019s beautiful appearance and prevents cracks caused by drying out. Before oiling, the product must be cleaned and completely dry. Apply the oil to both sides to prevent the wood from warping. After washing or oiling, place the board to dry so air can circulate freely on both sides\u2014for example, standing upright. This helps the product keep its proper shape and prevents twisting. Dishwashing in a dishwasher is not recommended.<\/p>","protected":false},"excerpt":{"rendered":"<p>An alder and juniper butter knife with a mosaic handle. A handy tool for spreading butter on bread, toast, or crispbread. Also suitable for spreading various spreads and soft cheeses. Plus, juniper has a wonderfully fresh scent!<br \/>\nLength: 17.5 cm, width: 2.7 cm<\/p>\n<p>More details can be found under Description.<\/p>","protected":false},"featured_media":5768,"comment_status":"open","ping_status":"closed","template":"","meta":[],"product_brand":[],"product_cat":[86],"product_tag":[199,191,192,241,242,240],"class_list":{"0":"post-2354","1":"product","2":"type-product","3":"status-publish","4":"has-post-thumbnail","6":"product_cat-lusikad-noad-kahvlid","7":"product_tag-kasitoo","8":"product_tag-kingitus","9":"product_tag-koogitarvik","10":"product_tag-maardenuga","11":"product_tag-mosaiik","12":"product_tag-voinuga-puidust","14":"first","15":"instock","16":"shipping-taxable","17":"purchasable","18":"product-type-simple"},"yoast_head":"<!-- This site is optimized with the Yoast SEO plugin v27.4 - https:\/\/yoast.com\/product\/yoast-seo-wordpress\/ -->\n<title>LEPAST JA KADAKAST V\u00d5INUGA - EstCrafts<\/title>\n<meta name=\"description\" content=\"Lepast ja kadakast valmistatud v\u00f5inuga mosaiikpeaga. Mugav abiline v\u00f5i m\u00e4\u00e4rimiseks saiale, r\u00f6stile ja n\u00e4kileivale. Samuti l\u00f5hnab kadakas v\u00e4ga h\u00e4sti!\" \/>\n<meta name=\"robots\" content=\"index, follow, max-snippet:-1, max-image-preview:large, max-video-preview:-1\" \/>\n<link rel=\"canonical\" href=\"https:\/\/estcrafts.ee\/en\/product\/lepast-ja-kadakast-voinuga\/\" \/>\n<meta property=\"og:locale\" content=\"en_US\" \/>\n<meta property=\"og:type\" content=\"article\" \/>\n<meta property=\"og:title\" content=\"LEPAST JA KADAKAST V\u00d5INUGA - EstCrafts\" \/>\n<meta property=\"og:description\" content=\"Lepast ja kadakast valmistatud v\u00f5inuga mosaiikpeaga. Mugav abiline v\u00f5i m\u00e4\u00e4rimiseks saiale, r\u00f6stile ja n\u00e4kileivale. Samuti l\u00f5hnab kadakas v\u00e4ga h\u00e4sti!\" \/>\n<meta property=\"og:url\" content=\"https:\/\/estcrafts.ee\/en\/product\/lepast-ja-kadakast-voinuga\/\" \/>\n<meta property=\"og:site_name\" content=\"EstCrafts\" \/>\n<meta property=\"article:modified_time\" content=\"2026-03-20T18:17:20+00:00\" \/>\n<meta property=\"og:image\" content=\"https:\/\/estcrafts.ee\/wp-content\/uploads\/2026\/01\/Lepast-ja-kadakast-voinoad-3-tk.png\" \/>\n\t<meta property=\"og:image:width\" content=\"1000\" \/>\n\t<meta property=\"og:image:height\" content=\"1000\" \/>\n\t<meta property=\"og:image:type\" content=\"image\/png\" \/>\n<meta name=\"twitter:card\" content=\"summary_large_image\" \/>\n<meta name=\"twitter:label1\" content=\"Est. reading time\" \/>\n\t<meta name=\"twitter:data1\" content=\"1 minute\" \/>\n<script type=\"application\/ld+json\" class=\"yoast-schema-graph\">{\"@context\":\"https:\\\/\\\/schema.org\",\"@graph\":[{\"@type\":\"WebPage\",\"@id\":\"https:\\\/\\\/estcrafts.ee\\\/product\\\/lepast-ja-kadakast-voinuga\\\/\",\"url\":\"https:\\\/\\\/estcrafts.ee\\\/product\\\/lepast-ja-kadakast-voinuga\\\/\",\"name\":\"LEPAST JA KADAKAST V\u00d5INUGA - EstCrafts\",\"isPartOf\":{\"@id\":\"https:\\\/\\\/estcrafts.ee\\\/#website\"},\"primaryImageOfPage\":{\"@id\":\"https:\\\/\\\/estcrafts.ee\\\/product\\\/lepast-ja-kadakast-voinuga\\\/#primaryimage\"},\"image\":{\"@id\":\"https:\\\/\\\/estcrafts.ee\\\/product\\\/lepast-ja-kadakast-voinuga\\\/#primaryimage\"},\"thumbnailUrl\":\"https:\\\/\\\/estcrafts.ee\\\/wp-content\\\/uploads\\\/2026\\\/01\\\/Lepast-ja-kadakast-voinoad-3-tk.png\",\"datePublished\":\"2026-01-16T20:47:49+00:00\",\"dateModified\":\"2026-03-20T18:17:20+00:00\",\"description\":\"Lepast ja kadakast valmistatud v\u00f5inuga mosaiikpeaga. Mugav abiline v\u00f5i m\u00e4\u00e4rimiseks saiale, r\u00f6stile ja n\u00e4kileivale. Samuti l\u00f5hnab kadakas v\u00e4ga h\u00e4sti!\",\"breadcrumb\":{\"@id\":\"https:\\\/\\\/estcrafts.ee\\\/product\\\/lepast-ja-kadakast-voinuga\\\/#breadcrumb\"},\"inLanguage\":\"en-US\",\"potentialAction\":[{\"@type\":\"ReadAction\",\"target\":[\"https:\\\/\\\/estcrafts.ee\\\/product\\\/lepast-ja-kadakast-voinuga\\\/\"]}]},{\"@type\":\"ImageObject\",\"inLanguage\":\"en-US\",\"@id\":\"https:\\\/\\\/estcrafts.ee\\\/product\\\/lepast-ja-kadakast-voinuga\\\/#primaryimage\",\"url\":\"https:\\\/\\\/estcrafts.ee\\\/wp-content\\\/uploads\\\/2026\\\/01\\\/Lepast-ja-kadakast-voinoad-3-tk.png\",\"contentUrl\":\"https:\\\/\\\/estcrafts.ee\\\/wp-content\\\/uploads\\\/2026\\\/01\\\/Lepast-ja-kadakast-voinoad-3-tk.png\",\"width\":1000,\"height\":1000,\"caption\":\"Lepast ja kadakast v\u00f5inoad\"},{\"@type\":\"BreadcrumbList\",\"@id\":\"https:\\\/\\\/estcrafts.ee\\\/product\\\/lepast-ja-kadakast-voinuga\\\/#breadcrumb\",\"itemListElement\":[{\"@type\":\"ListItem\",\"position\":1,\"name\":\"Home\",\"item\":\"https:\\\/\\\/estcrafts.ee\\\/\"},{\"@type\":\"ListItem\",\"position\":2,\"name\":\"Shop\",\"item\":\"https:\\\/\\\/estcrafts.ee\\\/?page_id=6\"},{\"@type\":\"ListItem\",\"position\":3,\"name\":\"LEPAST JA KADAKAST V\u00d5INUGA\"}]},{\"@type\":\"WebSite\",\"@id\":\"https:\\\/\\\/estcrafts.ee\\\/#website\",\"url\":\"https:\\\/\\\/estcrafts.ee\\\/\",\"name\":\"EstCrafts\",\"description\":\"\",\"potentialAction\":[{\"@type\":\"SearchAction\",\"target\":{\"@type\":\"EntryPoint\",\"urlTemplate\":\"https:\\\/\\\/estcrafts.ee\\\/?s={search_term_string}\"},\"query-input\":{\"@type\":\"PropertyValueSpecification\",\"valueRequired\":true,\"valueName\":\"search_term_string\"}}],\"inLanguage\":\"en-US\"}]}<\/script>\n<!-- \/ Yoast SEO plugin. -->","yoast_head_json":{"title":"LEPAST JA KADAKAST V\u00d5INUGA - EstCrafts","description":"Lepast ja kadakast valmistatud v\u00f5inuga mosaiikpeaga. Mugav abiline v\u00f5i m\u00e4\u00e4rimiseks saiale, r\u00f6stile ja n\u00e4kileivale. Samuti l\u00f5hnab kadakas v\u00e4ga h\u00e4sti!","robots":{"index":"index","follow":"follow","max-snippet":"max-snippet:-1","max-image-preview":"max-image-preview:large","max-video-preview":"max-video-preview:-1"},"canonical":"https:\/\/estcrafts.ee\/en\/product\/lepast-ja-kadakast-voinuga\/","og_locale":"en_US","og_type":"article","og_title":"LEPAST JA KADAKAST V\u00d5INUGA - EstCrafts","og_description":"Lepast ja kadakast valmistatud v\u00f5inuga mosaiikpeaga. Mugav abiline v\u00f5i m\u00e4\u00e4rimiseks saiale, r\u00f6stile ja n\u00e4kileivale. Samuti l\u00f5hnab kadakas v\u00e4ga h\u00e4sti!","og_url":"https:\/\/estcrafts.ee\/en\/product\/lepast-ja-kadakast-voinuga\/","og_site_name":"EstCrafts","article_modified_time":"2026-03-20T18:17:20+00:00","og_image":[{"width":1000,"height":1000,"url":"https:\/\/estcrafts.ee\/wp-content\/uploads\/2026\/01\/Lepast-ja-kadakast-voinoad-3-tk.png","type":"image\/png"}],"twitter_card":"summary_large_image","twitter_misc":{"Est. reading time":"1 minute"},"schema":{"@context":"https:\/\/schema.org","@graph":[{"@type":"WebPage","@id":"https:\/\/estcrafts.ee\/product\/lepast-ja-kadakast-voinuga\/","url":"https:\/\/estcrafts.ee\/product\/lepast-ja-kadakast-voinuga\/","name":"LEPAST JA KADAKAST V\u00d5INUGA - EstCrafts","isPartOf":{"@id":"https:\/\/estcrafts.ee\/#website"},"primaryImageOfPage":{"@id":"https:\/\/estcrafts.ee\/product\/lepast-ja-kadakast-voinuga\/#primaryimage"},"image":{"@id":"https:\/\/estcrafts.ee\/product\/lepast-ja-kadakast-voinuga\/#primaryimage"},"thumbnailUrl":"https:\/\/estcrafts.ee\/wp-content\/uploads\/2026\/01\/Lepast-ja-kadakast-voinoad-3-tk.png","datePublished":"2026-01-16T20:47:49+00:00","dateModified":"2026-03-20T18:17:20+00:00","description":"Lepast ja kadakast valmistatud v\u00f5inuga mosaiikpeaga. Mugav abiline v\u00f5i m\u00e4\u00e4rimiseks saiale, r\u00f6stile ja n\u00e4kileivale. Samuti l\u00f5hnab kadakas v\u00e4ga h\u00e4sti!","breadcrumb":{"@id":"https:\/\/estcrafts.ee\/product\/lepast-ja-kadakast-voinuga\/#breadcrumb"},"inLanguage":"en-US","potentialAction":[{"@type":"ReadAction","target":["https:\/\/estcrafts.ee\/product\/lepast-ja-kadakast-voinuga\/"]}]},{"@type":"ImageObject","inLanguage":"en-US","@id":"https:\/\/estcrafts.ee\/product\/lepast-ja-kadakast-voinuga\/#primaryimage","url":"https:\/\/estcrafts.ee\/wp-content\/uploads\/2026\/01\/Lepast-ja-kadakast-voinoad-3-tk.png","contentUrl":"https:\/\/estcrafts.ee\/wp-content\/uploads\/2026\/01\/Lepast-ja-kadakast-voinoad-3-tk.png","width":1000,"height":1000,"caption":"Lepast ja kadakast v\u00f5inoad"},{"@type":"BreadcrumbList","@id":"https:\/\/estcrafts.ee\/product\/lepast-ja-kadakast-voinuga\/#breadcrumb","itemListElement":[{"@type":"ListItem","position":1,"name":"Home","item":"https:\/\/estcrafts.ee\/"},{"@type":"ListItem","position":2,"name":"Shop","item":"https:\/\/estcrafts.ee\/?page_id=6"},{"@type":"ListItem","position":3,"name":"LEPAST JA KADAKAST V\u00d5INUGA"}]},{"@type":"WebSite","@id":"https:\/\/estcrafts.ee\/#website","url":"https:\/\/estcrafts.ee\/","name":"EstCrafts","description":"","potentialAction":[{"@type":"SearchAction","target":{"@type":"EntryPoint","urlTemplate":"https:\/\/estcrafts.ee\/?s={search_term_string}"},"query-input":{"@type":"PropertyValueSpecification","valueRequired":true,"valueName":"search_term_string"}}],"inLanguage":"en-US"}]}},"jetpack_sharing_enabled":true,"_links":{"self":[{"href":"https:\/\/estcrafts.ee\/en\/wp-json\/wp\/v2\/product\/2354","targetHints":{"allow":["GET"]}}],"collection":[{"href":"https:\/\/estcrafts.ee\/en\/wp-json\/wp\/v2\/product"}],"about":[{"href":"https:\/\/estcrafts.ee\/en\/wp-json\/wp\/v2\/types\/product"}],"replies":[{"embeddable":true,"href":"https:\/\/estcrafts.ee\/en\/wp-json\/wp\/v2\/comments?post=2354"}],"wp:featuredmedia":[{"embeddable":true,"href":"https:\/\/estcrafts.ee\/en\/wp-json\/wp\/v2\/media\/5768"}],"wp:attachment":[{"href":"https:\/\/estcrafts.ee\/en\/wp-json\/wp\/v2\/media?parent=2354"}],"wp:term":[{"taxonomy":"product_brand","embeddable":true,"href":"https:\/\/estcrafts.ee\/en\/wp-json\/wp\/v2\/product_brand?post=2354"},{"taxonomy":"product_cat","embeddable":true,"href":"https:\/\/estcrafts.ee\/en\/wp-json\/wp\/v2\/product_cat?post=2354"},{"taxonomy":"product_tag","embeddable":true,"href":"https:\/\/estcrafts.ee\/en\/wp-json\/wp\/v2\/product_tag?post=2354"}],"curies":[{"name":"wp","href":"https:\/\/api.w.org\/{rel}","templated":true}]}}