{"id":2352,"date":"2026-01-16T20:44:14","date_gmt":"2026-01-16T20:44:14","guid":{"rendered":"https:\/\/estcrafts.ee\/?post_type=product&#038;p=2352"},"modified":"2026-03-20T20:17:41","modified_gmt":"2026-03-20T18:17:41","slug":"voinuga-kadakast","status":"publish","type":"product","link":"https:\/\/estcrafts.ee\/en\/product\/voinuga-kadakast\/","title":{"rendered":"JUNIPER BUTTER KNIFE"},"content":{"rendered":"","protected":false},"excerpt":{"rendered":"<p>A juniper butter knife with a mosaic handle. A handy tool for spreading butter on bread, toast, or crispbread. Also suitable for spreading various spreads and soft cheeses. Plus, juniper has a wonderfully fresh scent!<\/p>\n<p>Length: 17.5 cm, width: 2.7 cm, weight: 0.2 kg<br \/>\nWood: juniper<\/p>","protected":false},"featured_media":5770,"comment_status":"open","ping_status":"closed","template":"","meta":[],"product_brand":[],"product_cat":[86],"product_tag":[245,199,191,192,241,244,242,243],"class_list":{"0":"post-2352","1":"product","2":"type-product","3":"status-publish","4":"has-post-thumbnail","6":"product_cat-lusikad-noad-kahvlid","7":"product_tag-kadakas","8":"product_tag-kasitoo","9":"product_tag-kingitus","10":"product_tag-koogitarvik","11":"product_tag-maardenuga","12":"product_tag-maarimine","13":"product_tag-mosaiik","14":"product_tag-puidust-voinuga","16":"first","17":"instock","18":"shipping-taxable","19":"purchasable","20":"product-type-simple"},"yoast_head":"<!-- This site is optimized with the Yoast SEO plugin v27.4 - https:\/\/yoast.com\/product\/yoast-seo-wordpress\/ -->\n<title>V\u00d5INUGA KADAKAST - EstCrafts<\/title>\n<meta name=\"description\" content=\"Kadakast valmistatud v\u00f5inuga mosaiikpeaga. Mugav abiline v\u00f5i m\u00e4\u00e4rimiseks saiale, r\u00f6stile ja n\u00e4kileivale. Samuti l\u00f5hnab kadakas v\u00e4ga h\u00e4sti!\" \/>\n<meta name=\"robots\" content=\"index, follow, max-snippet:-1, max-image-preview:large, max-video-preview:-1\" \/>\n<link rel=\"canonical\" href=\"https:\/\/estcrafts.ee\/en\/product\/voinuga-kadakast\/\" \/>\n<meta property=\"og:locale\" content=\"en_US\" \/>\n<meta property=\"og:type\" content=\"article\" \/>\n<meta property=\"og:title\" content=\"V\u00d5INUGA KADAKAST - EstCrafts\" \/>\n<meta property=\"og:description\" content=\"Kadakast valmistatud v\u00f5inuga mosaiikpeaga. Mugav abiline v\u00f5i m\u00e4\u00e4rimiseks saiale, r\u00f6stile ja n\u00e4kileivale. Samuti l\u00f5hnab kadakas v\u00e4ga h\u00e4sti!\" \/>\n<meta property=\"og:url\" content=\"https:\/\/estcrafts.ee\/en\/product\/voinuga-kadakast\/\" \/>\n<meta property=\"og:site_name\" content=\"EstCrafts\" \/>\n<meta property=\"article:modified_time\" content=\"2026-03-20T18:17:41+00:00\" \/>\n<meta property=\"og:image\" content=\"https:\/\/estcrafts.ee\/wp-content\/uploads\/2026\/01\/Kadakast-voinoad-3tk.png\" \/>\n\t<meta property=\"og:image:width\" content=\"1000\" \/>\n\t<meta property=\"og:image:height\" content=\"1000\" \/>\n\t<meta property=\"og:image:type\" content=\"image\/png\" \/>\n<meta name=\"twitter:card\" content=\"summary_large_image\" \/>\n<meta name=\"twitter:label1\" content=\"Est. reading time\" \/>\n\t<meta name=\"twitter:data1\" content=\"1 minute\" \/>\n<script type=\"application\/ld+json\" class=\"yoast-schema-graph\">{\"@context\":\"https:\\\/\\\/schema.org\",\"@graph\":[{\"@type\":\"WebPage\",\"@id\":\"https:\\\/\\\/estcrafts.ee\\\/product\\\/voinuga-kadakast\\\/\",\"url\":\"https:\\\/\\\/estcrafts.ee\\\/product\\\/voinuga-kadakast\\\/\",\"name\":\"V\u00d5INUGA KADAKAST - EstCrafts\",\"isPartOf\":{\"@id\":\"https:\\\/\\\/estcrafts.ee\\\/#website\"},\"primaryImageOfPage\":{\"@id\":\"https:\\\/\\\/estcrafts.ee\\\/product\\\/voinuga-kadakast\\\/#primaryimage\"},\"image\":{\"@id\":\"https:\\\/\\\/estcrafts.ee\\\/product\\\/voinuga-kadakast\\\/#primaryimage\"},\"thumbnailUrl\":\"https:\\\/\\\/estcrafts.ee\\\/wp-content\\\/uploads\\\/2026\\\/01\\\/Kadakast-voinoad-3tk.png\",\"datePublished\":\"2026-01-16T20:44:14+00:00\",\"dateModified\":\"2026-03-20T18:17:41+00:00\",\"description\":\"Kadakast valmistatud v\u00f5inuga mosaiikpeaga. Mugav abiline v\u00f5i m\u00e4\u00e4rimiseks saiale, r\u00f6stile ja n\u00e4kileivale. Samuti l\u00f5hnab kadakas v\u00e4ga h\u00e4sti!\",\"breadcrumb\":{\"@id\":\"https:\\\/\\\/estcrafts.ee\\\/product\\\/voinuga-kadakast\\\/#breadcrumb\"},\"inLanguage\":\"en-US\",\"potentialAction\":[{\"@type\":\"ReadAction\",\"target\":[\"https:\\\/\\\/estcrafts.ee\\\/product\\\/voinuga-kadakast\\\/\"]}]},{\"@type\":\"ImageObject\",\"inLanguage\":\"en-US\",\"@id\":\"https:\\\/\\\/estcrafts.ee\\\/product\\\/voinuga-kadakast\\\/#primaryimage\",\"url\":\"https:\\\/\\\/estcrafts.ee\\\/wp-content\\\/uploads\\\/2026\\\/01\\\/Kadakast-voinoad-3tk.png\",\"contentUrl\":\"https:\\\/\\\/estcrafts.ee\\\/wp-content\\\/uploads\\\/2026\\\/01\\\/Kadakast-voinoad-3tk.png\",\"width\":1000,\"height\":1000,\"caption\":\"Kadakast v\u00f5inoad\"},{\"@type\":\"BreadcrumbList\",\"@id\":\"https:\\\/\\\/estcrafts.ee\\\/product\\\/voinuga-kadakast\\\/#breadcrumb\",\"itemListElement\":[{\"@type\":\"ListItem\",\"position\":1,\"name\":\"Home\",\"item\":\"https:\\\/\\\/estcrafts.ee\\\/\"},{\"@type\":\"ListItem\",\"position\":2,\"name\":\"Shop\",\"item\":\"https:\\\/\\\/estcrafts.ee\\\/?page_id=6\"},{\"@type\":\"ListItem\",\"position\":3,\"name\":\"V\u00d5INUGA KADAKAST\"}]},{\"@type\":\"WebSite\",\"@id\":\"https:\\\/\\\/estcrafts.ee\\\/#website\",\"url\":\"https:\\\/\\\/estcrafts.ee\\\/\",\"name\":\"EstCrafts\",\"description\":\"\",\"potentialAction\":[{\"@type\":\"SearchAction\",\"target\":{\"@type\":\"EntryPoint\",\"urlTemplate\":\"https:\\\/\\\/estcrafts.ee\\\/?s={search_term_string}\"},\"query-input\":{\"@type\":\"PropertyValueSpecification\",\"valueRequired\":true,\"valueName\":\"search_term_string\"}}],\"inLanguage\":\"en-US\"}]}<\/script>\n<!-- \/ Yoast SEO plugin. -->","yoast_head_json":{"title":"V\u00d5INUGA KADAKAST - EstCrafts","description":"Kadakast valmistatud v\u00f5inuga mosaiikpeaga. Mugav abiline v\u00f5i m\u00e4\u00e4rimiseks saiale, r\u00f6stile ja n\u00e4kileivale. Samuti l\u00f5hnab kadakas v\u00e4ga h\u00e4sti!","robots":{"index":"index","follow":"follow","max-snippet":"max-snippet:-1","max-image-preview":"max-image-preview:large","max-video-preview":"max-video-preview:-1"},"canonical":"https:\/\/estcrafts.ee\/en\/product\/voinuga-kadakast\/","og_locale":"en_US","og_type":"article","og_title":"V\u00d5INUGA KADAKAST - EstCrafts","og_description":"Kadakast valmistatud v\u00f5inuga mosaiikpeaga. Mugav abiline v\u00f5i m\u00e4\u00e4rimiseks saiale, r\u00f6stile ja n\u00e4kileivale. Samuti l\u00f5hnab kadakas v\u00e4ga h\u00e4sti!","og_url":"https:\/\/estcrafts.ee\/en\/product\/voinuga-kadakast\/","og_site_name":"EstCrafts","article_modified_time":"2026-03-20T18:17:41+00:00","og_image":[{"width":1000,"height":1000,"url":"https:\/\/estcrafts.ee\/wp-content\/uploads\/2026\/01\/Kadakast-voinoad-3tk.png","type":"image\/png"}],"twitter_card":"summary_large_image","twitter_misc":{"Est. reading time":"1 minute"},"schema":{"@context":"https:\/\/schema.org","@graph":[{"@type":"WebPage","@id":"https:\/\/estcrafts.ee\/product\/voinuga-kadakast\/","url":"https:\/\/estcrafts.ee\/product\/voinuga-kadakast\/","name":"V\u00d5INUGA KADAKAST - EstCrafts","isPartOf":{"@id":"https:\/\/estcrafts.ee\/#website"},"primaryImageOfPage":{"@id":"https:\/\/estcrafts.ee\/product\/voinuga-kadakast\/#primaryimage"},"image":{"@id":"https:\/\/estcrafts.ee\/product\/voinuga-kadakast\/#primaryimage"},"thumbnailUrl":"https:\/\/estcrafts.ee\/wp-content\/uploads\/2026\/01\/Kadakast-voinoad-3tk.png","datePublished":"2026-01-16T20:44:14+00:00","dateModified":"2026-03-20T18:17:41+00:00","description":"Kadakast valmistatud v\u00f5inuga mosaiikpeaga. Mugav abiline v\u00f5i m\u00e4\u00e4rimiseks saiale, r\u00f6stile ja n\u00e4kileivale. Samuti l\u00f5hnab kadakas v\u00e4ga h\u00e4sti!","breadcrumb":{"@id":"https:\/\/estcrafts.ee\/product\/voinuga-kadakast\/#breadcrumb"},"inLanguage":"en-US","potentialAction":[{"@type":"ReadAction","target":["https:\/\/estcrafts.ee\/product\/voinuga-kadakast\/"]}]},{"@type":"ImageObject","inLanguage":"en-US","@id":"https:\/\/estcrafts.ee\/product\/voinuga-kadakast\/#primaryimage","url":"https:\/\/estcrafts.ee\/wp-content\/uploads\/2026\/01\/Kadakast-voinoad-3tk.png","contentUrl":"https:\/\/estcrafts.ee\/wp-content\/uploads\/2026\/01\/Kadakast-voinoad-3tk.png","width":1000,"height":1000,"caption":"Kadakast v\u00f5inoad"},{"@type":"BreadcrumbList","@id":"https:\/\/estcrafts.ee\/product\/voinuga-kadakast\/#breadcrumb","itemListElement":[{"@type":"ListItem","position":1,"name":"Home","item":"https:\/\/estcrafts.ee\/"},{"@type":"ListItem","position":2,"name":"Shop","item":"https:\/\/estcrafts.ee\/?page_id=6"},{"@type":"ListItem","position":3,"name":"V\u00d5INUGA KADAKAST"}]},{"@type":"WebSite","@id":"https:\/\/estcrafts.ee\/#website","url":"https:\/\/estcrafts.ee\/","name":"EstCrafts","description":"","potentialAction":[{"@type":"SearchAction","target":{"@type":"EntryPoint","urlTemplate":"https:\/\/estcrafts.ee\/?s={search_term_string}"},"query-input":{"@type":"PropertyValueSpecification","valueRequired":true,"valueName":"search_term_string"}}],"inLanguage":"en-US"}]}},"jetpack_sharing_enabled":true,"_links":{"self":[{"href":"https:\/\/estcrafts.ee\/en\/wp-json\/wp\/v2\/product\/2352","targetHints":{"allow":["GET"]}}],"collection":[{"href":"https:\/\/estcrafts.ee\/en\/wp-json\/wp\/v2\/product"}],"about":[{"href":"https:\/\/estcrafts.ee\/en\/wp-json\/wp\/v2\/types\/product"}],"replies":[{"embeddable":true,"href":"https:\/\/estcrafts.ee\/en\/wp-json\/wp\/v2\/comments?post=2352"}],"wp:featuredmedia":[{"embeddable":true,"href":"https:\/\/estcrafts.ee\/en\/wp-json\/wp\/v2\/media\/5770"}],"wp:attachment":[{"href":"https:\/\/estcrafts.ee\/en\/wp-json\/wp\/v2\/media?parent=2352"}],"wp:term":[{"taxonomy":"product_brand","embeddable":true,"href":"https:\/\/estcrafts.ee\/en\/wp-json\/wp\/v2\/product_brand?post=2352"},{"taxonomy":"product_cat","embeddable":true,"href":"https:\/\/estcrafts.ee\/en\/wp-json\/wp\/v2\/product_cat?post=2352"},{"taxonomy":"product_tag","embeddable":true,"href":"https:\/\/estcrafts.ee\/en\/wp-json\/wp\/v2\/product_tag?post=2352"}],"curies":[{"name":"wp","href":"https:\/\/api.w.org\/{rel}","templated":true}]}}