{"id":2317,"date":"2026-01-16T20:16:53","date_gmt":"2026-01-16T20:16:53","guid":{"rendered":"https:\/\/estcrafts.ee\/?post_type=product&#038;p=2317"},"modified":"2026-03-22T19:19:43","modified_gmt":"2026-03-22T17:19:43","slug":"voinuga-kadakast-laserpildiga","status":"publish","type":"product","link":"https:\/\/estcrafts.ee\/en\/product\/voinuga-kadakast-laserpildiga\/","title":{"rendered":"JUNIPER BUTTER KNIFE WITH A LASER-ENGRAVED DESIGN"},"content":{"rendered":"<p>The handle of the juniper butter knife is laser-engraved. The surface is sanded smooth with fine sandpaper and is completely natural (contains no oil or varnish). Very comfortable to use. Not recommended for dishwasher use, as heat and steam may damage the product.<\/p>\n<p>Wood: juniper<br \/>\nPikkus: 17.5 cm, laius 2.6 cm, k\u00f5rgus 0.5cm, kaal 0.08kg<\/p>\n<p>As a handmade product, each item is unique \u2013 the tone and grain may vary slightly.<\/p>","protected":false},"excerpt":{"rendered":"<p>Juniper butter knives with a laser-engraved image, length 17.5 cm and width 2.6 cm<\/p>\n<p>More details can be found under Description.<\/p>","protected":false},"featured_media":6550,"comment_status":"open","ping_status":"closed","template":"","meta":[],"product_brand":[],"product_cat":[86],"product_tag":[245,199,191,252,244,243],"class_list":{"0":"post-2317","1":"product","2":"type-product","3":"status-publish","4":"has-post-thumbnail","6":"product_cat-lusikad-noad-kahvlid","7":"product_tag-kadakas","8":"product_tag-kasitoo","9":"product_tag-kingitus","10":"product_tag-lasergraveering","11":"product_tag-maarimine","12":"product_tag-puidust-voinuga","14":"first","15":"instock","16":"shipping-taxable","17":"purchasable","18":"product-type-variable"},"yoast_head":"<!-- This site is optimized with the Yoast SEO plugin v27.4 - https:\/\/yoast.com\/product\/yoast-seo-wordpress\/ -->\n<title>KADAKAST LASERPILDIGA V\u00d5INUGA - EstCrafts<\/title>\n<meta name=\"description\" content=\"Kadakast laserpildiga v\u00f5inoa k\u00e4epide on lasergraveeritud. Pind on lihvitud peene lihvpaberiga t\u00e4iesti siledaks. V\u00e4ga m\u00f5nus kasutuseks.\" \/>\n<meta name=\"robots\" content=\"index, follow, max-snippet:-1, max-image-preview:large, max-video-preview:-1\" \/>\n<link rel=\"canonical\" href=\"https:\/\/estcrafts.ee\/en\/product\/voinuga-kadakast-laserpildiga\/\" \/>\n<meta property=\"og:locale\" content=\"en_US\" \/>\n<meta property=\"og:type\" content=\"article\" \/>\n<meta property=\"og:title\" content=\"KADAKAST LASERPILDIGA V\u00d5INUGA - EstCrafts\" \/>\n<meta property=\"og:description\" content=\"Kadakast laserpildiga v\u00f5inoa k\u00e4epide on lasergraveeritud. Pind on lihvitud peene lihvpaberiga t\u00e4iesti siledaks. V\u00e4ga m\u00f5nus kasutuseks.\" \/>\n<meta property=\"og:url\" content=\"https:\/\/estcrafts.ee\/en\/product\/voinuga-kadakast-laserpildiga\/\" \/>\n<meta property=\"og:site_name\" content=\"EstCrafts\" \/>\n<meta property=\"article:modified_time\" content=\"2026-03-22T17:19:43+00:00\" \/>\n<meta property=\"og:image\" content=\"https:\/\/estcrafts.ee\/wp-content\/uploads\/2026\/01\/Untitled-design-2026-03-20T185237.268.png\" \/>\n\t<meta property=\"og:image:width\" content=\"1000\" \/>\n\t<meta property=\"og:image:height\" content=\"1000\" \/>\n\t<meta property=\"og:image:type\" content=\"image\/png\" \/>\n<meta name=\"twitter:card\" content=\"summary_large_image\" \/>\n<meta name=\"twitter:label1\" content=\"Est. reading time\" \/>\n\t<meta name=\"twitter:data1\" content=\"1 minute\" \/>\n<script type=\"application\/ld+json\" class=\"yoast-schema-graph\">{\"@context\":\"https:\\\/\\\/schema.org\",\"@graph\":[{\"@type\":\"WebPage\",\"@id\":\"https:\\\/\\\/estcrafts.ee\\\/product\\\/voinuga-kadakast-laserpildiga\\\/\",\"url\":\"https:\\\/\\\/estcrafts.ee\\\/product\\\/voinuga-kadakast-laserpildiga\\\/\",\"name\":\"KADAKAST LASERPILDIGA V\u00d5INUGA - EstCrafts\",\"isPartOf\":{\"@id\":\"https:\\\/\\\/estcrafts.ee\\\/#website\"},\"primaryImageOfPage\":{\"@id\":\"https:\\\/\\\/estcrafts.ee\\\/product\\\/voinuga-kadakast-laserpildiga\\\/#primaryimage\"},\"image\":{\"@id\":\"https:\\\/\\\/estcrafts.ee\\\/product\\\/voinuga-kadakast-laserpildiga\\\/#primaryimage\"},\"thumbnailUrl\":\"https:\\\/\\\/estcrafts.ee\\\/wp-content\\\/uploads\\\/2026\\\/01\\\/Untitled-design-2026-03-20T185237.268.png\",\"datePublished\":\"2026-01-16T20:16:53+00:00\",\"dateModified\":\"2026-03-22T17:19:43+00:00\",\"description\":\"Kadakast laserpildiga v\u00f5inoa k\u00e4epide on lasergraveeritud. Pind on lihvitud peene lihvpaberiga t\u00e4iesti siledaks. V\u00e4ga m\u00f5nus kasutuseks.\",\"breadcrumb\":{\"@id\":\"https:\\\/\\\/estcrafts.ee\\\/product\\\/voinuga-kadakast-laserpildiga\\\/#breadcrumb\"},\"inLanguage\":\"en-US\",\"potentialAction\":[{\"@type\":\"ReadAction\",\"target\":[\"https:\\\/\\\/estcrafts.ee\\\/product\\\/voinuga-kadakast-laserpildiga\\\/\"]}]},{\"@type\":\"ImageObject\",\"inLanguage\":\"en-US\",\"@id\":\"https:\\\/\\\/estcrafts.ee\\\/product\\\/voinuga-kadakast-laserpildiga\\\/#primaryimage\",\"url\":\"https:\\\/\\\/estcrafts.ee\\\/wp-content\\\/uploads\\\/2026\\\/01\\\/Untitled-design-2026-03-20T185237.268.png\",\"contentUrl\":\"https:\\\/\\\/estcrafts.ee\\\/wp-content\\\/uploads\\\/2026\\\/01\\\/Untitled-design-2026-03-20T185237.268.png\",\"width\":1000,\"height\":1000},{\"@type\":\"BreadcrumbList\",\"@id\":\"https:\\\/\\\/estcrafts.ee\\\/product\\\/voinuga-kadakast-laserpildiga\\\/#breadcrumb\",\"itemListElement\":[{\"@type\":\"ListItem\",\"position\":1,\"name\":\"Home\",\"item\":\"https:\\\/\\\/estcrafts.ee\\\/\"},{\"@type\":\"ListItem\",\"position\":2,\"name\":\"Shop\",\"item\":\"https:\\\/\\\/estcrafts.ee\\\/?page_id=6\"},{\"@type\":\"ListItem\",\"position\":3,\"name\":\"KADAKAST LASERPILDIGA V\u00d5INUGA\"}]},{\"@type\":\"WebSite\",\"@id\":\"https:\\\/\\\/estcrafts.ee\\\/#website\",\"url\":\"https:\\\/\\\/estcrafts.ee\\\/\",\"name\":\"EstCrafts\",\"description\":\"\",\"potentialAction\":[{\"@type\":\"SearchAction\",\"target\":{\"@type\":\"EntryPoint\",\"urlTemplate\":\"https:\\\/\\\/estcrafts.ee\\\/?s={search_term_string}\"},\"query-input\":{\"@type\":\"PropertyValueSpecification\",\"valueRequired\":true,\"valueName\":\"search_term_string\"}}],\"inLanguage\":\"en-US\"}]}<\/script>\n<!-- \/ Yoast SEO plugin. -->","yoast_head_json":{"title":"KADAKAST LASERPILDIGA V\u00d5INUGA - EstCrafts","description":"Kadakast laserpildiga v\u00f5inoa k\u00e4epide on lasergraveeritud. Pind on lihvitud peene lihvpaberiga t\u00e4iesti siledaks. V\u00e4ga m\u00f5nus kasutuseks.","robots":{"index":"index","follow":"follow","max-snippet":"max-snippet:-1","max-image-preview":"max-image-preview:large","max-video-preview":"max-video-preview:-1"},"canonical":"https:\/\/estcrafts.ee\/en\/product\/voinuga-kadakast-laserpildiga\/","og_locale":"en_US","og_type":"article","og_title":"KADAKAST LASERPILDIGA V\u00d5INUGA - EstCrafts","og_description":"Kadakast laserpildiga v\u00f5inoa k\u00e4epide on lasergraveeritud. Pind on lihvitud peene lihvpaberiga t\u00e4iesti siledaks. V\u00e4ga m\u00f5nus kasutuseks.","og_url":"https:\/\/estcrafts.ee\/en\/product\/voinuga-kadakast-laserpildiga\/","og_site_name":"EstCrafts","article_modified_time":"2026-03-22T17:19:43+00:00","og_image":[{"width":1000,"height":1000,"url":"https:\/\/estcrafts.ee\/wp-content\/uploads\/2026\/01\/Untitled-design-2026-03-20T185237.268.png","type":"image\/png"}],"twitter_card":"summary_large_image","twitter_misc":{"Est. reading time":"1 minute"},"schema":{"@context":"https:\/\/schema.org","@graph":[{"@type":"WebPage","@id":"https:\/\/estcrafts.ee\/product\/voinuga-kadakast-laserpildiga\/","url":"https:\/\/estcrafts.ee\/product\/voinuga-kadakast-laserpildiga\/","name":"KADAKAST LASERPILDIGA V\u00d5INUGA - EstCrafts","isPartOf":{"@id":"https:\/\/estcrafts.ee\/#website"},"primaryImageOfPage":{"@id":"https:\/\/estcrafts.ee\/product\/voinuga-kadakast-laserpildiga\/#primaryimage"},"image":{"@id":"https:\/\/estcrafts.ee\/product\/voinuga-kadakast-laserpildiga\/#primaryimage"},"thumbnailUrl":"https:\/\/estcrafts.ee\/wp-content\/uploads\/2026\/01\/Untitled-design-2026-03-20T185237.268.png","datePublished":"2026-01-16T20:16:53+00:00","dateModified":"2026-03-22T17:19:43+00:00","description":"Kadakast laserpildiga v\u00f5inoa k\u00e4epide on lasergraveeritud. Pind on lihvitud peene lihvpaberiga t\u00e4iesti siledaks. V\u00e4ga m\u00f5nus kasutuseks.","breadcrumb":{"@id":"https:\/\/estcrafts.ee\/product\/voinuga-kadakast-laserpildiga\/#breadcrumb"},"inLanguage":"en-US","potentialAction":[{"@type":"ReadAction","target":["https:\/\/estcrafts.ee\/product\/voinuga-kadakast-laserpildiga\/"]}]},{"@type":"ImageObject","inLanguage":"en-US","@id":"https:\/\/estcrafts.ee\/product\/voinuga-kadakast-laserpildiga\/#primaryimage","url":"https:\/\/estcrafts.ee\/wp-content\/uploads\/2026\/01\/Untitled-design-2026-03-20T185237.268.png","contentUrl":"https:\/\/estcrafts.ee\/wp-content\/uploads\/2026\/01\/Untitled-design-2026-03-20T185237.268.png","width":1000,"height":1000},{"@type":"BreadcrumbList","@id":"https:\/\/estcrafts.ee\/product\/voinuga-kadakast-laserpildiga\/#breadcrumb","itemListElement":[{"@type":"ListItem","position":1,"name":"Home","item":"https:\/\/estcrafts.ee\/"},{"@type":"ListItem","position":2,"name":"Shop","item":"https:\/\/estcrafts.ee\/?page_id=6"},{"@type":"ListItem","position":3,"name":"KADAKAST LASERPILDIGA V\u00d5INUGA"}]},{"@type":"WebSite","@id":"https:\/\/estcrafts.ee\/#website","url":"https:\/\/estcrafts.ee\/","name":"EstCrafts","description":"","potentialAction":[{"@type":"SearchAction","target":{"@type":"EntryPoint","urlTemplate":"https:\/\/estcrafts.ee\/?s={search_term_string}"},"query-input":{"@type":"PropertyValueSpecification","valueRequired":true,"valueName":"search_term_string"}}],"inLanguage":"en-US"}]}},"jetpack_sharing_enabled":true,"_links":{"self":[{"href":"https:\/\/estcrafts.ee\/en\/wp-json\/wp\/v2\/product\/2317","targetHints":{"allow":["GET"]}}],"collection":[{"href":"https:\/\/estcrafts.ee\/en\/wp-json\/wp\/v2\/product"}],"about":[{"href":"https:\/\/estcrafts.ee\/en\/wp-json\/wp\/v2\/types\/product"}],"replies":[{"embeddable":true,"href":"https:\/\/estcrafts.ee\/en\/wp-json\/wp\/v2\/comments?post=2317"}],"wp:featuredmedia":[{"embeddable":true,"href":"https:\/\/estcrafts.ee\/en\/wp-json\/wp\/v2\/media\/6550"}],"wp:attachment":[{"href":"https:\/\/estcrafts.ee\/en\/wp-json\/wp\/v2\/media?parent=2317"}],"wp:term":[{"taxonomy":"product_brand","embeddable":true,"href":"https:\/\/estcrafts.ee\/en\/wp-json\/wp\/v2\/product_brand?post=2317"},{"taxonomy":"product_cat","embeddable":true,"href":"https:\/\/estcrafts.ee\/en\/wp-json\/wp\/v2\/product_cat?post=2317"},{"taxonomy":"product_tag","embeddable":true,"href":"https:\/\/estcrafts.ee\/en\/wp-json\/wp\/v2\/product_tag?post=2317"}],"curies":[{"name":"wp","href":"https:\/\/api.w.org\/{rel}","templated":true}]}}