{"id":2291,"date":"2026-01-16T19:58:54","date_gmt":"2026-01-16T19:58:54","guid":{"rendered":"https:\/\/estcrafts.ee\/?post_type=product&#038;p=2291"},"modified":"2026-03-20T20:12:57","modified_gmt":"2026-03-20T18:12:57","slug":"kirsipuust-lusikas-14-5-35cm","status":"publish","type":"product","link":"https:\/\/estcrafts.ee\/en\/product\/kirsipuust-lusikas-14-5-35cm\/","title":{"rendered":"KIRSIPUUST LUSIKAS 14.5-35cm"},"content":{"rendered":"<p>Large spoon: length 35 cm, width 6 cm, handle height 1.1 cm, handle length 25.5 cm, spoon part 9.5 cm, weight 0.55 kg.<br \/>\nMedium spoon: length 21 cm, width 5.3 cm, handle height 1 cm, handle length 14 cm, spoon part 7 cm, weight 0.2 kg.<br \/>\nSmall spoon: length 14.5 cm, width 3.2 cm, weight 0.10 kg.<\/p>\n<p>As a handmade product, each item is unique \u2013 the tone and grain may vary slightly.<\/p>\n<p>We recommend maintaining the product at least once a year using linseed oil or regular cooking oil. Regular oiling helps preserve the wood\u2019s beautiful appearance and prevents cracks caused by drying out. Before oiling, the product must be cleaned and completely dry. Apply the oil to both sides to prevent the wood from warping. After washing or oiling, place the board to dry so air can circulate freely on both sides\u2014for example, standing upright. This helps the product keep its proper shape and prevents twisting. Dishwashing in a dishwasher is not recommended.<\/p>","protected":false},"excerpt":{"rendered":"<p>A cherry wood spoon is a practical helper for many purposes. A great gift idea for a cooking enthusiast.<\/p>\n<p>More details can be found under Description.<\/p>","protected":false},"featured_media":5851,"comment_status":"open","ping_status":"closed","template":"","meta":[],"product_brand":[],"product_cat":[86],"product_tag":[204,251,232,255,192,254],"class_list":{"0":"post-2291","1":"product","2":"type-product","3":"status-publish","4":"has-post-thumbnail","6":"product_cat-lusikad-noad-kahvlid","7":"product_tag-kingiidee","8":"product_tag-kirsipuu","9":"product_tag-kirsipuust-lusikas","10":"product_tag-kokk","11":"product_tag-koogitarvik","12":"product_tag-lusikas","14":"first","15":"instock","16":"shipping-taxable","17":"purchasable","18":"product-type-variable"},"yoast_head":"<!-- This site is optimized with the Yoast SEO plugin v27.4 - https:\/\/yoast.com\/product\/yoast-seo-wordpress\/ -->\n<title>KIRSIPUUST LUSIKAS 14.5-35cm - EstCrafts<\/title>\n<meta name=\"description\" content=\"Kirsipuust lusikas on praktiline abiline mitmeks otstarbeks. V\u00e4ga hea kingiidee kokas\u00f5brale. Valikus on erinevates m\u00f5\u00f5tudes lusikad.\" \/>\n<meta name=\"robots\" content=\"index, follow, max-snippet:-1, max-image-preview:large, max-video-preview:-1\" \/>\n<link rel=\"canonical\" href=\"https:\/\/estcrafts.ee\/en\/product\/kirsipuust-lusikas-14-5-35cm\/\" \/>\n<meta property=\"og:locale\" content=\"en_US\" \/>\n<meta property=\"og:type\" content=\"article\" \/>\n<meta property=\"og:title\" content=\"KIRSIPUUST LUSIKAS 14.5-35cm - EstCrafts\" \/>\n<meta property=\"og:description\" content=\"Kirsipuust lusikas on praktiline abiline mitmeks otstarbeks. V\u00e4ga hea kingiidee kokas\u00f5brale. Valikus on erinevates m\u00f5\u00f5tudes lusikad.\" \/>\n<meta property=\"og:url\" content=\"https:\/\/estcrafts.ee\/en\/product\/kirsipuust-lusikas-14-5-35cm\/\" \/>\n<meta property=\"og:site_name\" content=\"EstCrafts\" \/>\n<meta property=\"article:modified_time\" content=\"2026-03-20T18:12:57+00:00\" \/>\n<meta property=\"og:image\" content=\"https:\/\/estcrafts.ee\/wp-content\/uploads\/2026\/01\/Kirsipuust-lusikad-22cm.png\" \/>\n\t<meta property=\"og:image:width\" content=\"1000\" \/>\n\t<meta property=\"og:image:height\" content=\"1000\" \/>\n\t<meta property=\"og:image:type\" content=\"image\/png\" \/>\n<meta name=\"twitter:card\" content=\"summary_large_image\" \/>\n<meta name=\"twitter:label1\" content=\"Est. reading time\" \/>\n\t<meta name=\"twitter:data1\" content=\"1 minute\" \/>\n<script type=\"application\/ld+json\" class=\"yoast-schema-graph\">{\"@context\":\"https:\\\/\\\/schema.org\",\"@graph\":[{\"@type\":\"WebPage\",\"@id\":\"https:\\\/\\\/estcrafts.ee\\\/product\\\/kirsipuust-lusikas-14-5-35cm\\\/\",\"url\":\"https:\\\/\\\/estcrafts.ee\\\/product\\\/kirsipuust-lusikas-14-5-35cm\\\/\",\"name\":\"KIRSIPUUST LUSIKAS 14.5-35cm - EstCrafts\",\"isPartOf\":{\"@id\":\"https:\\\/\\\/estcrafts.ee\\\/#website\"},\"primaryImageOfPage\":{\"@id\":\"https:\\\/\\\/estcrafts.ee\\\/product\\\/kirsipuust-lusikas-14-5-35cm\\\/#primaryimage\"},\"image\":{\"@id\":\"https:\\\/\\\/estcrafts.ee\\\/product\\\/kirsipuust-lusikas-14-5-35cm\\\/#primaryimage\"},\"thumbnailUrl\":\"https:\\\/\\\/estcrafts.ee\\\/wp-content\\\/uploads\\\/2026\\\/01\\\/Kirsipuust-lusikad-22cm.png\",\"datePublished\":\"2026-01-16T19:58:54+00:00\",\"dateModified\":\"2026-03-20T18:12:57+00:00\",\"description\":\"Kirsipuust lusikas on praktiline abiline mitmeks otstarbeks. V\u00e4ga hea kingiidee kokas\u00f5brale. Valikus on erinevates m\u00f5\u00f5tudes lusikad.\",\"breadcrumb\":{\"@id\":\"https:\\\/\\\/estcrafts.ee\\\/product\\\/kirsipuust-lusikas-14-5-35cm\\\/#breadcrumb\"},\"inLanguage\":\"en-US\",\"potentialAction\":[{\"@type\":\"ReadAction\",\"target\":[\"https:\\\/\\\/estcrafts.ee\\\/product\\\/kirsipuust-lusikas-14-5-35cm\\\/\"]}]},{\"@type\":\"ImageObject\",\"inLanguage\":\"en-US\",\"@id\":\"https:\\\/\\\/estcrafts.ee\\\/product\\\/kirsipuust-lusikas-14-5-35cm\\\/#primaryimage\",\"url\":\"https:\\\/\\\/estcrafts.ee\\\/wp-content\\\/uploads\\\/2026\\\/01\\\/Kirsipuust-lusikad-22cm.png\",\"contentUrl\":\"https:\\\/\\\/estcrafts.ee\\\/wp-content\\\/uploads\\\/2026\\\/01\\\/Kirsipuust-lusikad-22cm.png\",\"width\":1000,\"height\":1000,\"caption\":\"Kirsipuust lusikad 22cm\"},{\"@type\":\"BreadcrumbList\",\"@id\":\"https:\\\/\\\/estcrafts.ee\\\/product\\\/kirsipuust-lusikas-14-5-35cm\\\/#breadcrumb\",\"itemListElement\":[{\"@type\":\"ListItem\",\"position\":1,\"name\":\"Home\",\"item\":\"https:\\\/\\\/estcrafts.ee\\\/\"},{\"@type\":\"ListItem\",\"position\":2,\"name\":\"Shop\",\"item\":\"https:\\\/\\\/estcrafts.ee\\\/?page_id=6\"},{\"@type\":\"ListItem\",\"position\":3,\"name\":\"KIRSIPUUST LUSIKAS 14.5-35cm\"}]},{\"@type\":\"WebSite\",\"@id\":\"https:\\\/\\\/estcrafts.ee\\\/#website\",\"url\":\"https:\\\/\\\/estcrafts.ee\\\/\",\"name\":\"EstCrafts\",\"description\":\"\",\"potentialAction\":[{\"@type\":\"SearchAction\",\"target\":{\"@type\":\"EntryPoint\",\"urlTemplate\":\"https:\\\/\\\/estcrafts.ee\\\/?s={search_term_string}\"},\"query-input\":{\"@type\":\"PropertyValueSpecification\",\"valueRequired\":true,\"valueName\":\"search_term_string\"}}],\"inLanguage\":\"en-US\"}]}<\/script>\n<!-- \/ Yoast SEO plugin. -->","yoast_head_json":{"title":"KIRSIPUUST LUSIKAS 14.5-35cm - EstCrafts","description":"Kirsipuust lusikas on praktiline abiline mitmeks otstarbeks. V\u00e4ga hea kingiidee kokas\u00f5brale. Valikus on erinevates m\u00f5\u00f5tudes lusikad.","robots":{"index":"index","follow":"follow","max-snippet":"max-snippet:-1","max-image-preview":"max-image-preview:large","max-video-preview":"max-video-preview:-1"},"canonical":"https:\/\/estcrafts.ee\/en\/product\/kirsipuust-lusikas-14-5-35cm\/","og_locale":"en_US","og_type":"article","og_title":"KIRSIPUUST LUSIKAS 14.5-35cm - EstCrafts","og_description":"Kirsipuust lusikas on praktiline abiline mitmeks otstarbeks. V\u00e4ga hea kingiidee kokas\u00f5brale. Valikus on erinevates m\u00f5\u00f5tudes lusikad.","og_url":"https:\/\/estcrafts.ee\/en\/product\/kirsipuust-lusikas-14-5-35cm\/","og_site_name":"EstCrafts","article_modified_time":"2026-03-20T18:12:57+00:00","og_image":[{"width":1000,"height":1000,"url":"https:\/\/estcrafts.ee\/wp-content\/uploads\/2026\/01\/Kirsipuust-lusikad-22cm.png","type":"image\/png"}],"twitter_card":"summary_large_image","twitter_misc":{"Est. reading time":"1 minute"},"schema":{"@context":"https:\/\/schema.org","@graph":[{"@type":"WebPage","@id":"https:\/\/estcrafts.ee\/product\/kirsipuust-lusikas-14-5-35cm\/","url":"https:\/\/estcrafts.ee\/product\/kirsipuust-lusikas-14-5-35cm\/","name":"KIRSIPUUST LUSIKAS 14.5-35cm - EstCrafts","isPartOf":{"@id":"https:\/\/estcrafts.ee\/#website"},"primaryImageOfPage":{"@id":"https:\/\/estcrafts.ee\/product\/kirsipuust-lusikas-14-5-35cm\/#primaryimage"},"image":{"@id":"https:\/\/estcrafts.ee\/product\/kirsipuust-lusikas-14-5-35cm\/#primaryimage"},"thumbnailUrl":"https:\/\/estcrafts.ee\/wp-content\/uploads\/2026\/01\/Kirsipuust-lusikad-22cm.png","datePublished":"2026-01-16T19:58:54+00:00","dateModified":"2026-03-20T18:12:57+00:00","description":"Kirsipuust lusikas on praktiline abiline mitmeks otstarbeks. V\u00e4ga hea kingiidee kokas\u00f5brale. Valikus on erinevates m\u00f5\u00f5tudes lusikad.","breadcrumb":{"@id":"https:\/\/estcrafts.ee\/product\/kirsipuust-lusikas-14-5-35cm\/#breadcrumb"},"inLanguage":"en-US","potentialAction":[{"@type":"ReadAction","target":["https:\/\/estcrafts.ee\/product\/kirsipuust-lusikas-14-5-35cm\/"]}]},{"@type":"ImageObject","inLanguage":"en-US","@id":"https:\/\/estcrafts.ee\/product\/kirsipuust-lusikas-14-5-35cm\/#primaryimage","url":"https:\/\/estcrafts.ee\/wp-content\/uploads\/2026\/01\/Kirsipuust-lusikad-22cm.png","contentUrl":"https:\/\/estcrafts.ee\/wp-content\/uploads\/2026\/01\/Kirsipuust-lusikad-22cm.png","width":1000,"height":1000,"caption":"Kirsipuust lusikad 22cm"},{"@type":"BreadcrumbList","@id":"https:\/\/estcrafts.ee\/product\/kirsipuust-lusikas-14-5-35cm\/#breadcrumb","itemListElement":[{"@type":"ListItem","position":1,"name":"Home","item":"https:\/\/estcrafts.ee\/"},{"@type":"ListItem","position":2,"name":"Shop","item":"https:\/\/estcrafts.ee\/?page_id=6"},{"@type":"ListItem","position":3,"name":"KIRSIPUUST LUSIKAS 14.5-35cm"}]},{"@type":"WebSite","@id":"https:\/\/estcrafts.ee\/#website","url":"https:\/\/estcrafts.ee\/","name":"EstCrafts","description":"","potentialAction":[{"@type":"SearchAction","target":{"@type":"EntryPoint","urlTemplate":"https:\/\/estcrafts.ee\/?s={search_term_string}"},"query-input":{"@type":"PropertyValueSpecification","valueRequired":true,"valueName":"search_term_string"}}],"inLanguage":"en-US"}]}},"jetpack_sharing_enabled":true,"_links":{"self":[{"href":"https:\/\/estcrafts.ee\/en\/wp-json\/wp\/v2\/product\/2291","targetHints":{"allow":["GET"]}}],"collection":[{"href":"https:\/\/estcrafts.ee\/en\/wp-json\/wp\/v2\/product"}],"about":[{"href":"https:\/\/estcrafts.ee\/en\/wp-json\/wp\/v2\/types\/product"}],"replies":[{"embeddable":true,"href":"https:\/\/estcrafts.ee\/en\/wp-json\/wp\/v2\/comments?post=2291"}],"wp:featuredmedia":[{"embeddable":true,"href":"https:\/\/estcrafts.ee\/en\/wp-json\/wp\/v2\/media\/5851"}],"wp:attachment":[{"href":"https:\/\/estcrafts.ee\/en\/wp-json\/wp\/v2\/media?parent=2291"}],"wp:term":[{"taxonomy":"product_brand","embeddable":true,"href":"https:\/\/estcrafts.ee\/en\/wp-json\/wp\/v2\/product_brand?post=2291"},{"taxonomy":"product_cat","embeddable":true,"href":"https:\/\/estcrafts.ee\/en\/wp-json\/wp\/v2\/product_cat?post=2291"},{"taxonomy":"product_tag","embeddable":true,"href":"https:\/\/estcrafts.ee\/en\/wp-json\/wp\/v2\/product_tag?post=2291"}],"curies":[{"name":"wp","href":"https:\/\/api.w.org\/{rel}","templated":true}]}}