{"id":2274,"date":"2026-01-16T19:52:27","date_gmt":"2026-01-16T19:52:27","guid":{"rendered":"https:\/\/estcrafts.ee\/?post_type=product&#038;p=2274"},"modified":"2026-03-22T19:22:40","modified_gmt":"2026-03-22T17:22:40","slug":"salatikomplekt-laserpildiga","status":"publish","type":"product","link":"https:\/\/estcrafts.ee\/en\/product\/salatikomplekt-laserpildiga\/","title":{"rendered":"SALATIKOMPLEKT LASERPILDIGA"},"content":{"rendered":"<p>Pan fork: length 27 cm, width 5.2 cm, weight 0.18 kg<\/p>\n<p>Spatula: length 27 cm, width 5.2 cm, weight 0.22 kg<\/p>\n<p>&nbsp;<\/p>\n<p>We recommend maintaining the set at least once a year using linseed oil or regular cooking oil. Regular oiling helps preserve the beautiful appearance of the wood and prevents cracks caused by drying out. Before oiling, the product must be cleaned and completely dry. The oil should be applied to both sides to prevent the wood from warping. After washing or oiling, place the tray to dry so that air can circulate freely around both sides, for example in an upright position. This helps the product keep its proper shape and prevents twisting. Washing in a dishwasher is not recommended.<\/p>","protected":false},"excerpt":{"rendered":"<p>The set is made of alder wood, and the handle is laser engraved. It is very convenient for lifting and serving salad, but can also be used for other purposes. There is a wide selection of different engravings to choose from, so everyone can find a favorite. The spatula has a curved shape, which adds to its ease of use. Each product is unique and may differ in shape and pattern from the one shown in the picture.<\/p>\n<p>Length of the pan fork and spatula: 27 cm, width: 5.2 cm<br \/>\nWood: alder<\/p>","protected":false},"featured_media":3921,"comment_status":"open","ping_status":"closed","template":"","meta":[],"product_brand":[],"product_cat":[188,85],"product_tag":[258,256,257],"class_list":{"0":"post-2274","1":"product","2":"type-product","3":"status-publish","4":"has-post-thumbnail","6":"product_cat-komplektid","7":"product_cat-pannilabidad","8":"product_tag-salatikahvel","9":"product_tag-salatikomplekt","10":"product_tag-salatilabidas","12":"first","13":"instock","14":"shipping-taxable","15":"purchasable","16":"product-type-variable"},"yoast_head":"<!-- This site is optimized with the Yoast SEO plugin v27.4 - https:\/\/yoast.com\/product\/yoast-seo-wordpress\/ -->\n<title>SALATIKOMPLEKT LASERPILDIGA - EstCrafts<\/title>\n<meta name=\"description\" content=\"Komplekt on valmistatud lepast ning k\u00e4epide on lasergraveeritud. V\u00e4ga mugav salatit t\u00f5sta ja serveerida. Sobib ka muuks otstarbeks.\" \/>\n<meta name=\"robots\" content=\"index, follow, max-snippet:-1, max-image-preview:large, max-video-preview:-1\" \/>\n<link rel=\"canonical\" href=\"https:\/\/estcrafts.ee\/en\/product\/salatikomplekt-laserpildiga\/\" \/>\n<meta property=\"og:locale\" content=\"en_US\" \/>\n<meta property=\"og:type\" content=\"article\" \/>\n<meta property=\"og:title\" content=\"SALATIKOMPLEKT LASERPILDIGA - EstCrafts\" \/>\n<meta property=\"og:description\" content=\"Komplekt on valmistatud lepast ning k\u00e4epide on lasergraveeritud. V\u00e4ga mugav salatit t\u00f5sta ja serveerida. Sobib ka muuks otstarbeks.\" \/>\n<meta property=\"og:url\" content=\"https:\/\/estcrafts.ee\/en\/product\/salatikomplekt-laserpildiga\/\" \/>\n<meta property=\"og:site_name\" content=\"EstCrafts\" \/>\n<meta property=\"article:modified_time\" content=\"2026-03-22T17:22:40+00:00\" \/>\n<meta property=\"og:image\" content=\"https:\/\/estcrafts.ee\/wp-content\/uploads\/2026\/01\/Untitled-design-2026-01-23T011352.906.png\" \/>\n\t<meta property=\"og:image:width\" content=\"1000\" \/>\n\t<meta property=\"og:image:height\" content=\"1000\" \/>\n\t<meta property=\"og:image:type\" content=\"image\/png\" \/>\n<meta name=\"twitter:card\" content=\"summary_large_image\" \/>\n<meta name=\"twitter:label1\" content=\"Est. reading time\" \/>\n\t<meta name=\"twitter:data1\" content=\"1 minute\" \/>\n<script type=\"application\/ld+json\" class=\"yoast-schema-graph\">{\"@context\":\"https:\\\/\\\/schema.org\",\"@graph\":[{\"@type\":\"WebPage\",\"@id\":\"https:\\\/\\\/estcrafts.ee\\\/product\\\/salatikomplekt-laserpildiga\\\/\",\"url\":\"https:\\\/\\\/estcrafts.ee\\\/product\\\/salatikomplekt-laserpildiga\\\/\",\"name\":\"SALATIKOMPLEKT LASERPILDIGA - EstCrafts\",\"isPartOf\":{\"@id\":\"https:\\\/\\\/estcrafts.ee\\\/#website\"},\"primaryImageOfPage\":{\"@id\":\"https:\\\/\\\/estcrafts.ee\\\/product\\\/salatikomplekt-laserpildiga\\\/#primaryimage\"},\"image\":{\"@id\":\"https:\\\/\\\/estcrafts.ee\\\/product\\\/salatikomplekt-laserpildiga\\\/#primaryimage\"},\"thumbnailUrl\":\"https:\\\/\\\/estcrafts.ee\\\/wp-content\\\/uploads\\\/2026\\\/01\\\/Untitled-design-2026-01-23T011352.906.png\",\"datePublished\":\"2026-01-16T19:52:27+00:00\",\"dateModified\":\"2026-03-22T17:22:40+00:00\",\"description\":\"Komplekt on valmistatud lepast ning k\u00e4epide on lasergraveeritud. V\u00e4ga mugav salatit t\u00f5sta ja serveerida. Sobib ka muuks otstarbeks.\",\"breadcrumb\":{\"@id\":\"https:\\\/\\\/estcrafts.ee\\\/product\\\/salatikomplekt-laserpildiga\\\/#breadcrumb\"},\"inLanguage\":\"en-US\",\"potentialAction\":[{\"@type\":\"ReadAction\",\"target\":[\"https:\\\/\\\/estcrafts.ee\\\/product\\\/salatikomplekt-laserpildiga\\\/\"]}]},{\"@type\":\"ImageObject\",\"inLanguage\":\"en-US\",\"@id\":\"https:\\\/\\\/estcrafts.ee\\\/product\\\/salatikomplekt-laserpildiga\\\/#primaryimage\",\"url\":\"https:\\\/\\\/estcrafts.ee\\\/wp-content\\\/uploads\\\/2026\\\/01\\\/Untitled-design-2026-01-23T011352.906.png\",\"contentUrl\":\"https:\\\/\\\/estcrafts.ee\\\/wp-content\\\/uploads\\\/2026\\\/01\\\/Untitled-design-2026-01-23T011352.906.png\",\"width\":1000,\"height\":1000,\"caption\":\"lepast salatikomplekt\"},{\"@type\":\"BreadcrumbList\",\"@id\":\"https:\\\/\\\/estcrafts.ee\\\/product\\\/salatikomplekt-laserpildiga\\\/#breadcrumb\",\"itemListElement\":[{\"@type\":\"ListItem\",\"position\":1,\"name\":\"Home\",\"item\":\"https:\\\/\\\/estcrafts.ee\\\/\"},{\"@type\":\"ListItem\",\"position\":2,\"name\":\"Shop\",\"item\":\"https:\\\/\\\/estcrafts.ee\\\/?page_id=6\"},{\"@type\":\"ListItem\",\"position\":3,\"name\":\"SALATIKOMPLEKT LASERPILDIGA\"}]},{\"@type\":\"WebSite\",\"@id\":\"https:\\\/\\\/estcrafts.ee\\\/#website\",\"url\":\"https:\\\/\\\/estcrafts.ee\\\/\",\"name\":\"EstCrafts\",\"description\":\"\",\"potentialAction\":[{\"@type\":\"SearchAction\",\"target\":{\"@type\":\"EntryPoint\",\"urlTemplate\":\"https:\\\/\\\/estcrafts.ee\\\/?s={search_term_string}\"},\"query-input\":{\"@type\":\"PropertyValueSpecification\",\"valueRequired\":true,\"valueName\":\"search_term_string\"}}],\"inLanguage\":\"en-US\"}]}<\/script>\n<!-- \/ Yoast SEO plugin. -->","yoast_head_json":{"title":"SALATIKOMPLEKT LASERPILDIGA - EstCrafts","description":"Komplekt on valmistatud lepast ning k\u00e4epide on lasergraveeritud. V\u00e4ga mugav salatit t\u00f5sta ja serveerida. Sobib ka muuks otstarbeks.","robots":{"index":"index","follow":"follow","max-snippet":"max-snippet:-1","max-image-preview":"max-image-preview:large","max-video-preview":"max-video-preview:-1"},"canonical":"https:\/\/estcrafts.ee\/en\/product\/salatikomplekt-laserpildiga\/","og_locale":"en_US","og_type":"article","og_title":"SALATIKOMPLEKT LASERPILDIGA - EstCrafts","og_description":"Komplekt on valmistatud lepast ning k\u00e4epide on lasergraveeritud. V\u00e4ga mugav salatit t\u00f5sta ja serveerida. Sobib ka muuks otstarbeks.","og_url":"https:\/\/estcrafts.ee\/en\/product\/salatikomplekt-laserpildiga\/","og_site_name":"EstCrafts","article_modified_time":"2026-03-22T17:22:40+00:00","og_image":[{"width":1000,"height":1000,"url":"https:\/\/estcrafts.ee\/wp-content\/uploads\/2026\/01\/Untitled-design-2026-01-23T011352.906.png","type":"image\/png"}],"twitter_card":"summary_large_image","twitter_misc":{"Est. reading time":"1 minute"},"schema":{"@context":"https:\/\/schema.org","@graph":[{"@type":"WebPage","@id":"https:\/\/estcrafts.ee\/product\/salatikomplekt-laserpildiga\/","url":"https:\/\/estcrafts.ee\/product\/salatikomplekt-laserpildiga\/","name":"SALATIKOMPLEKT LASERPILDIGA - EstCrafts","isPartOf":{"@id":"https:\/\/estcrafts.ee\/#website"},"primaryImageOfPage":{"@id":"https:\/\/estcrafts.ee\/product\/salatikomplekt-laserpildiga\/#primaryimage"},"image":{"@id":"https:\/\/estcrafts.ee\/product\/salatikomplekt-laserpildiga\/#primaryimage"},"thumbnailUrl":"https:\/\/estcrafts.ee\/wp-content\/uploads\/2026\/01\/Untitled-design-2026-01-23T011352.906.png","datePublished":"2026-01-16T19:52:27+00:00","dateModified":"2026-03-22T17:22:40+00:00","description":"Komplekt on valmistatud lepast ning k\u00e4epide on lasergraveeritud. V\u00e4ga mugav salatit t\u00f5sta ja serveerida. Sobib ka muuks otstarbeks.","breadcrumb":{"@id":"https:\/\/estcrafts.ee\/product\/salatikomplekt-laserpildiga\/#breadcrumb"},"inLanguage":"en-US","potentialAction":[{"@type":"ReadAction","target":["https:\/\/estcrafts.ee\/product\/salatikomplekt-laserpildiga\/"]}]},{"@type":"ImageObject","inLanguage":"en-US","@id":"https:\/\/estcrafts.ee\/product\/salatikomplekt-laserpildiga\/#primaryimage","url":"https:\/\/estcrafts.ee\/wp-content\/uploads\/2026\/01\/Untitled-design-2026-01-23T011352.906.png","contentUrl":"https:\/\/estcrafts.ee\/wp-content\/uploads\/2026\/01\/Untitled-design-2026-01-23T011352.906.png","width":1000,"height":1000,"caption":"lepast salatikomplekt"},{"@type":"BreadcrumbList","@id":"https:\/\/estcrafts.ee\/product\/salatikomplekt-laserpildiga\/#breadcrumb","itemListElement":[{"@type":"ListItem","position":1,"name":"Home","item":"https:\/\/estcrafts.ee\/"},{"@type":"ListItem","position":2,"name":"Shop","item":"https:\/\/estcrafts.ee\/?page_id=6"},{"@type":"ListItem","position":3,"name":"SALATIKOMPLEKT LASERPILDIGA"}]},{"@type":"WebSite","@id":"https:\/\/estcrafts.ee\/#website","url":"https:\/\/estcrafts.ee\/","name":"EstCrafts","description":"","potentialAction":[{"@type":"SearchAction","target":{"@type":"EntryPoint","urlTemplate":"https:\/\/estcrafts.ee\/?s={search_term_string}"},"query-input":{"@type":"PropertyValueSpecification","valueRequired":true,"valueName":"search_term_string"}}],"inLanguage":"en-US"}]}},"jetpack_sharing_enabled":true,"_links":{"self":[{"href":"https:\/\/estcrafts.ee\/en\/wp-json\/wp\/v2\/product\/2274","targetHints":{"allow":["GET"]}}],"collection":[{"href":"https:\/\/estcrafts.ee\/en\/wp-json\/wp\/v2\/product"}],"about":[{"href":"https:\/\/estcrafts.ee\/en\/wp-json\/wp\/v2\/types\/product"}],"replies":[{"embeddable":true,"href":"https:\/\/estcrafts.ee\/en\/wp-json\/wp\/v2\/comments?post=2274"}],"wp:featuredmedia":[{"embeddable":true,"href":"https:\/\/estcrafts.ee\/en\/wp-json\/wp\/v2\/media\/3921"}],"wp:attachment":[{"href":"https:\/\/estcrafts.ee\/en\/wp-json\/wp\/v2\/media?parent=2274"}],"wp:term":[{"taxonomy":"product_brand","embeddable":true,"href":"https:\/\/estcrafts.ee\/en\/wp-json\/wp\/v2\/product_brand?post=2274"},{"taxonomy":"product_cat","embeddable":true,"href":"https:\/\/estcrafts.ee\/en\/wp-json\/wp\/v2\/product_cat?post=2274"},{"taxonomy":"product_tag","embeddable":true,"href":"https:\/\/estcrafts.ee\/en\/wp-json\/wp\/v2\/product_tag?post=2274"}],"curies":[{"name":"wp","href":"https:\/\/api.w.org\/{rel}","templated":true}]}}