{"id":2268,"date":"2026-01-16T19:43:53","date_gmt":"2026-01-16T19:43:53","guid":{"rendered":"https:\/\/estcrafts.ee\/?post_type=product&#038;p=2268"},"modified":"2026-03-20T20:09:28","modified_gmt":"2026-03-20T18:09:28","slug":"kirsipuust-pannnilabidas","status":"publish","type":"product","link":"https:\/\/estcrafts.ee\/en\/product\/kirsipuust-pannnilabidas\/","title":{"rendered":"CHERRY SPATULA"},"content":{"rendered":"","protected":false},"excerpt":{"rendered":"<p>Cherry wood spatula is a simple and practical helper for everyday use in the kitchen. It\u2019s great for stirring, flipping, and lifting food from the pan. The long handle makes it comfortable to use and helps keep your hand away from the heat. A good choice if you\u2019re looking for a functional and affordable kitchen utensil. As a handmade product, each item is unique\u2014color and grain pattern may vary slightly.<\/p>\n<p>Length: 28 cm<br \/>\nWood: cherry<\/p>","protected":false},"featured_media":3922,"comment_status":"open","ping_status":"closed","template":"","meta":[],"product_brand":[],"product_cat":[85],"product_tag":[199,232,192,262,265,266],"class_list":{"0":"post-2268","1":"product","2":"type-product","3":"status-publish","4":"has-post-thumbnail","6":"product_cat-pannilabidad","7":"product_tag-kasitoo","8":"product_tag-kirsipuust-lusikas","9":"product_tag-koogitarvik","10":"product_tag-pannilabidas","11":"product_tag-puidust-pannilabida","12":"product_tag-soodne","14":"first","15":"instock","16":"shipping-taxable","17":"purchasable","18":"product-type-simple"},"yoast_head":"<!-- This site is optimized with the Yoast SEO plugin v27.4 - https:\/\/yoast.com\/product\/yoast-seo-wordpress\/ -->\n<title>KIRSIPUUST PANNNILABIDAS - EstCrafts<\/title>\n<meta name=\"description\" content=\"Kirsipuust pannilabidas on lihtne ja praktiline abiline igap\u00e4evases k\u00f6\u00f6gis. Sobib h\u00e4sti toidu segamiseks, p\u00f6\u00f6ramiseks ja pannilt t\u00f5stmiseks.\" \/>\n<meta name=\"robots\" content=\"index, follow, max-snippet:-1, max-image-preview:large, max-video-preview:-1\" \/>\n<link rel=\"canonical\" href=\"https:\/\/estcrafts.ee\/en\/product\/kirsipuust-pannnilabidas\/\" \/>\n<meta property=\"og:locale\" content=\"en_US\" \/>\n<meta property=\"og:type\" content=\"article\" \/>\n<meta property=\"og:title\" content=\"KIRSIPUUST PANNNILABIDAS - EstCrafts\" \/>\n<meta property=\"og:description\" content=\"Kirsipuust pannilabidas on lihtne ja praktiline abiline igap\u00e4evases k\u00f6\u00f6gis. Sobib h\u00e4sti toidu segamiseks, p\u00f6\u00f6ramiseks ja pannilt t\u00f5stmiseks.\" \/>\n<meta property=\"og:url\" content=\"https:\/\/estcrafts.ee\/en\/product\/kirsipuust-pannnilabidas\/\" \/>\n<meta property=\"og:site_name\" content=\"EstCrafts\" \/>\n<meta property=\"article:modified_time\" content=\"2026-03-20T18:09:28+00:00\" \/>\n<meta property=\"og:image\" content=\"https:\/\/estcrafts.ee\/wp-content\/uploads\/2026\/01\/Untitled-design-2026-01-23T032631.305.png\" \/>\n\t<meta property=\"og:image:width\" content=\"1000\" \/>\n\t<meta property=\"og:image:height\" content=\"1000\" \/>\n\t<meta property=\"og:image:type\" content=\"image\/png\" \/>\n<meta name=\"twitter:card\" content=\"summary_large_image\" \/>\n<meta name=\"twitter:label1\" content=\"Est. reading time\" \/>\n\t<meta name=\"twitter:data1\" content=\"1 minute\" \/>\n<script type=\"application\/ld+json\" class=\"yoast-schema-graph\">{\"@context\":\"https:\\\/\\\/schema.org\",\"@graph\":[{\"@type\":\"WebPage\",\"@id\":\"https:\\\/\\\/estcrafts.ee\\\/product\\\/kirsipuust-pannnilabidas\\\/\",\"url\":\"https:\\\/\\\/estcrafts.ee\\\/product\\\/kirsipuust-pannnilabidas\\\/\",\"name\":\"KIRSIPUUST PANNNILABIDAS - EstCrafts\",\"isPartOf\":{\"@id\":\"https:\\\/\\\/estcrafts.ee\\\/#website\"},\"primaryImageOfPage\":{\"@id\":\"https:\\\/\\\/estcrafts.ee\\\/product\\\/kirsipuust-pannnilabidas\\\/#primaryimage\"},\"image\":{\"@id\":\"https:\\\/\\\/estcrafts.ee\\\/product\\\/kirsipuust-pannnilabidas\\\/#primaryimage\"},\"thumbnailUrl\":\"https:\\\/\\\/estcrafts.ee\\\/wp-content\\\/uploads\\\/2026\\\/01\\\/Untitled-design-2026-01-23T032631.305.png\",\"datePublished\":\"2026-01-16T19:43:53+00:00\",\"dateModified\":\"2026-03-20T18:09:28+00:00\",\"description\":\"Kirsipuust pannilabidas on lihtne ja praktiline abiline igap\u00e4evases k\u00f6\u00f6gis. Sobib h\u00e4sti toidu segamiseks, p\u00f6\u00f6ramiseks ja pannilt t\u00f5stmiseks.\",\"breadcrumb\":{\"@id\":\"https:\\\/\\\/estcrafts.ee\\\/product\\\/kirsipuust-pannnilabidas\\\/#breadcrumb\"},\"inLanguage\":\"en-US\",\"potentialAction\":[{\"@type\":\"ReadAction\",\"target\":[\"https:\\\/\\\/estcrafts.ee\\\/product\\\/kirsipuust-pannnilabidas\\\/\"]}]},{\"@type\":\"ImageObject\",\"inLanguage\":\"en-US\",\"@id\":\"https:\\\/\\\/estcrafts.ee\\\/product\\\/kirsipuust-pannnilabidas\\\/#primaryimage\",\"url\":\"https:\\\/\\\/estcrafts.ee\\\/wp-content\\\/uploads\\\/2026\\\/01\\\/Untitled-design-2026-01-23T032631.305.png\",\"contentUrl\":\"https:\\\/\\\/estcrafts.ee\\\/wp-content\\\/uploads\\\/2026\\\/01\\\/Untitled-design-2026-01-23T032631.305.png\",\"width\":1000,\"height\":1000,\"caption\":\"kirsipuust pannilabidas\"},{\"@type\":\"BreadcrumbList\",\"@id\":\"https:\\\/\\\/estcrafts.ee\\\/product\\\/kirsipuust-pannnilabidas\\\/#breadcrumb\",\"itemListElement\":[{\"@type\":\"ListItem\",\"position\":1,\"name\":\"Home\",\"item\":\"https:\\\/\\\/estcrafts.ee\\\/\"},{\"@type\":\"ListItem\",\"position\":2,\"name\":\"Shop\",\"item\":\"https:\\\/\\\/estcrafts.ee\\\/?page_id=6\"},{\"@type\":\"ListItem\",\"position\":3,\"name\":\"KIRSIPUUST PANNNILABIDAS\"}]},{\"@type\":\"WebSite\",\"@id\":\"https:\\\/\\\/estcrafts.ee\\\/#website\",\"url\":\"https:\\\/\\\/estcrafts.ee\\\/\",\"name\":\"EstCrafts\",\"description\":\"\",\"potentialAction\":[{\"@type\":\"SearchAction\",\"target\":{\"@type\":\"EntryPoint\",\"urlTemplate\":\"https:\\\/\\\/estcrafts.ee\\\/?s={search_term_string}\"},\"query-input\":{\"@type\":\"PropertyValueSpecification\",\"valueRequired\":true,\"valueName\":\"search_term_string\"}}],\"inLanguage\":\"en-US\"}]}<\/script>\n<!-- \/ Yoast SEO plugin. -->","yoast_head_json":{"title":"KIRSIPUUST PANNNILABIDAS - EstCrafts","description":"Kirsipuust pannilabidas on lihtne ja praktiline abiline igap\u00e4evases k\u00f6\u00f6gis. Sobib h\u00e4sti toidu segamiseks, p\u00f6\u00f6ramiseks ja pannilt t\u00f5stmiseks.","robots":{"index":"index","follow":"follow","max-snippet":"max-snippet:-1","max-image-preview":"max-image-preview:large","max-video-preview":"max-video-preview:-1"},"canonical":"https:\/\/estcrafts.ee\/en\/product\/kirsipuust-pannnilabidas\/","og_locale":"en_US","og_type":"article","og_title":"KIRSIPUUST PANNNILABIDAS - EstCrafts","og_description":"Kirsipuust pannilabidas on lihtne ja praktiline abiline igap\u00e4evases k\u00f6\u00f6gis. Sobib h\u00e4sti toidu segamiseks, p\u00f6\u00f6ramiseks ja pannilt t\u00f5stmiseks.","og_url":"https:\/\/estcrafts.ee\/en\/product\/kirsipuust-pannnilabidas\/","og_site_name":"EstCrafts","article_modified_time":"2026-03-20T18:09:28+00:00","og_image":[{"width":1000,"height":1000,"url":"https:\/\/estcrafts.ee\/wp-content\/uploads\/2026\/01\/Untitled-design-2026-01-23T032631.305.png","type":"image\/png"}],"twitter_card":"summary_large_image","twitter_misc":{"Est. reading time":"1 minute"},"schema":{"@context":"https:\/\/schema.org","@graph":[{"@type":"WebPage","@id":"https:\/\/estcrafts.ee\/product\/kirsipuust-pannnilabidas\/","url":"https:\/\/estcrafts.ee\/product\/kirsipuust-pannnilabidas\/","name":"KIRSIPUUST PANNNILABIDAS - EstCrafts","isPartOf":{"@id":"https:\/\/estcrafts.ee\/#website"},"primaryImageOfPage":{"@id":"https:\/\/estcrafts.ee\/product\/kirsipuust-pannnilabidas\/#primaryimage"},"image":{"@id":"https:\/\/estcrafts.ee\/product\/kirsipuust-pannnilabidas\/#primaryimage"},"thumbnailUrl":"https:\/\/estcrafts.ee\/wp-content\/uploads\/2026\/01\/Untitled-design-2026-01-23T032631.305.png","datePublished":"2026-01-16T19:43:53+00:00","dateModified":"2026-03-20T18:09:28+00:00","description":"Kirsipuust pannilabidas on lihtne ja praktiline abiline igap\u00e4evases k\u00f6\u00f6gis. Sobib h\u00e4sti toidu segamiseks, p\u00f6\u00f6ramiseks ja pannilt t\u00f5stmiseks.","breadcrumb":{"@id":"https:\/\/estcrafts.ee\/product\/kirsipuust-pannnilabidas\/#breadcrumb"},"inLanguage":"en-US","potentialAction":[{"@type":"ReadAction","target":["https:\/\/estcrafts.ee\/product\/kirsipuust-pannnilabidas\/"]}]},{"@type":"ImageObject","inLanguage":"en-US","@id":"https:\/\/estcrafts.ee\/product\/kirsipuust-pannnilabidas\/#primaryimage","url":"https:\/\/estcrafts.ee\/wp-content\/uploads\/2026\/01\/Untitled-design-2026-01-23T032631.305.png","contentUrl":"https:\/\/estcrafts.ee\/wp-content\/uploads\/2026\/01\/Untitled-design-2026-01-23T032631.305.png","width":1000,"height":1000,"caption":"kirsipuust pannilabidas"},{"@type":"BreadcrumbList","@id":"https:\/\/estcrafts.ee\/product\/kirsipuust-pannnilabidas\/#breadcrumb","itemListElement":[{"@type":"ListItem","position":1,"name":"Home","item":"https:\/\/estcrafts.ee\/"},{"@type":"ListItem","position":2,"name":"Shop","item":"https:\/\/estcrafts.ee\/?page_id=6"},{"@type":"ListItem","position":3,"name":"KIRSIPUUST PANNNILABIDAS"}]},{"@type":"WebSite","@id":"https:\/\/estcrafts.ee\/#website","url":"https:\/\/estcrafts.ee\/","name":"EstCrafts","description":"","potentialAction":[{"@type":"SearchAction","target":{"@type":"EntryPoint","urlTemplate":"https:\/\/estcrafts.ee\/?s={search_term_string}"},"query-input":{"@type":"PropertyValueSpecification","valueRequired":true,"valueName":"search_term_string"}}],"inLanguage":"en-US"}]}},"jetpack_sharing_enabled":true,"_links":{"self":[{"href":"https:\/\/estcrafts.ee\/en\/wp-json\/wp\/v2\/product\/2268","targetHints":{"allow":["GET"]}}],"collection":[{"href":"https:\/\/estcrafts.ee\/en\/wp-json\/wp\/v2\/product"}],"about":[{"href":"https:\/\/estcrafts.ee\/en\/wp-json\/wp\/v2\/types\/product"}],"replies":[{"embeddable":true,"href":"https:\/\/estcrafts.ee\/en\/wp-json\/wp\/v2\/comments?post=2268"}],"wp:featuredmedia":[{"embeddable":true,"href":"https:\/\/estcrafts.ee\/en\/wp-json\/wp\/v2\/media\/3922"}],"wp:attachment":[{"href":"https:\/\/estcrafts.ee\/en\/wp-json\/wp\/v2\/media?parent=2268"}],"wp:term":[{"taxonomy":"product_brand","embeddable":true,"href":"https:\/\/estcrafts.ee\/en\/wp-json\/wp\/v2\/product_brand?post=2268"},{"taxonomy":"product_cat","embeddable":true,"href":"https:\/\/estcrafts.ee\/en\/wp-json\/wp\/v2\/product_cat?post=2268"},{"taxonomy":"product_tag","embeddable":true,"href":"https:\/\/estcrafts.ee\/en\/wp-json\/wp\/v2\/product_tag?post=2268"}],"curies":[{"name":"wp","href":"https:\/\/api.w.org\/{rel}","templated":true}]}}