{"id":2242,"date":"2026-01-16T18:47:59","date_gmt":"2026-01-16T18:47:59","guid":{"rendered":"https:\/\/estcrafts.ee\/?post_type=product&#038;p=2242"},"modified":"2026-03-20T20:05:16","modified_gmt":"2026-03-20T18:05:16","slug":"pannilabidas-saarest-ja-kadakast","status":"publish","type":"product","link":"https:\/\/estcrafts.ee\/en\/product\/pannilabidas-saarest-ja-kadakast\/","title":{"rendered":"ASH AND JUNIPER SPATULA"},"content":{"rendered":"<p>Larger frying spatula: Length 31.5 cm, width 7 cm, weight 0.5 kg<\/p>\n<p>Smaller frying spatula: Length 26 cm, width 7.8 cm, weight 0.55 kg<\/p>\n<p>Wood: ash and juniper<\/p>\n<p>As a handmade product, each item is unique \u2013 the tone and grain may vary slightly.<\/p>\n<p>We recommend maintaining the product at least once a year using linseed oil or regular cooking oil. Regular oiling helps preserve the wood\u2019s beautiful appearance and prevents cracks caused by drying out. Before oiling, the product must be cleaned and completely dry. Apply the oil to both sides to prevent the wood from warping. After washing or oiling, place the board to dry so air can circulate freely on both sides\u2014for example, standing upright. This helps the product keep its proper shape and prevents twisting. Dishwashing in a dishwasher is not recommended.<\/p>","protected":false},"excerpt":{"rendered":"<p>A beautiful frying spatula made from alder and juniper mosaic wood, convenient for turning, stirring, and lifting food in a frying pan. The wide blade supports food well and helps to remove it easily from the pan or baking dish.<br \/>\nLarger frying spatula: Length 31.5 cm, width 7 cm, weight<\/p>\n<p>Smaller frying spatula: Length 26 cm, width 7.8 cm<\/p>\n<p>Wood: ash and juniper<\/p>\n<p>More details can be found under Description.<\/p>","protected":false},"featured_media":5783,"comment_status":"open","ping_status":"closed","template":"","meta":[],"product_brand":[],"product_cat":[85],"product_tag":[199,191,192,262,275],"class_list":{"0":"post-2242","1":"product","2":"type-product","3":"status-publish","4":"has-post-thumbnail","6":"product_cat-pannilabidad","7":"product_tag-kasitoo","8":"product_tag-kingitus","9":"product_tag-koogitarvik","10":"product_tag-pannilabidas","11":"product_tag-saarest-ja-kadakast","13":"first","14":"instock","15":"shipping-taxable","16":"purchasable","17":"product-type-variable"},"yoast_head":"<!-- This site is optimized with the Yoast SEO plugin v27.4 - https:\/\/yoast.com\/product\/yoast-seo-wordpress\/ -->\n<title>PANNILABIDAS SAAREST JA KADAKAST - EstCrafts<\/title>\n<meta name=\"description\" content=\"Kaunis lepast ja kadakamosaiigist valmistatud pannilabidas, mis on mugav praepannil toidu p\u00f6\u00f6ramiseks, segamiseks ja t\u00f5stmiseks.\" \/>\n<meta name=\"robots\" content=\"index, follow, max-snippet:-1, max-image-preview:large, max-video-preview:-1\" \/>\n<link rel=\"canonical\" href=\"https:\/\/estcrafts.ee\/en\/product\/pannilabidas-saarest-ja-kadakast\/\" \/>\n<meta property=\"og:locale\" content=\"en_US\" \/>\n<meta property=\"og:type\" content=\"article\" \/>\n<meta property=\"og:title\" content=\"PANNILABIDAS SAAREST JA KADAKAST - EstCrafts\" \/>\n<meta property=\"og:description\" content=\"Kaunis lepast ja kadakamosaiigist valmistatud pannilabidas, mis on mugav praepannil toidu p\u00f6\u00f6ramiseks, segamiseks ja t\u00f5stmiseks.\" \/>\n<meta property=\"og:url\" content=\"https:\/\/estcrafts.ee\/en\/product\/pannilabidas-saarest-ja-kadakast\/\" \/>\n<meta property=\"og:site_name\" content=\"EstCrafts\" \/>\n<meta property=\"article:modified_time\" content=\"2026-03-20T18:05:16+00:00\" \/>\n<meta property=\"og:image\" content=\"https:\/\/estcrafts.ee\/wp-content\/uploads\/2026\/01\/Tammest-ja-lepast-pannilabidad-30cm-2.png\" \/>\n\t<meta property=\"og:image:width\" content=\"1000\" \/>\n\t<meta property=\"og:image:height\" content=\"1000\" \/>\n\t<meta property=\"og:image:type\" content=\"image\/png\" \/>\n<meta name=\"twitter:card\" content=\"summary_large_image\" \/>\n<meta name=\"twitter:label1\" content=\"Est. reading time\" \/>\n\t<meta name=\"twitter:data1\" content=\"1 minute\" \/>\n<script type=\"application\/ld+json\" class=\"yoast-schema-graph\">{\"@context\":\"https:\\\/\\\/schema.org\",\"@graph\":[{\"@type\":\"WebPage\",\"@id\":\"https:\\\/\\\/estcrafts.ee\\\/product\\\/pannilabidas-saarest-ja-kadakast\\\/\",\"url\":\"https:\\\/\\\/estcrafts.ee\\\/product\\\/pannilabidas-saarest-ja-kadakast\\\/\",\"name\":\"PANNILABIDAS SAAREST JA KADAKAST - EstCrafts\",\"isPartOf\":{\"@id\":\"https:\\\/\\\/estcrafts.ee\\\/#website\"},\"primaryImageOfPage\":{\"@id\":\"https:\\\/\\\/estcrafts.ee\\\/product\\\/pannilabidas-saarest-ja-kadakast\\\/#primaryimage\"},\"image\":{\"@id\":\"https:\\\/\\\/estcrafts.ee\\\/product\\\/pannilabidas-saarest-ja-kadakast\\\/#primaryimage\"},\"thumbnailUrl\":\"https:\\\/\\\/estcrafts.ee\\\/wp-content\\\/uploads\\\/2026\\\/01\\\/Tammest-ja-lepast-pannilabidad-30cm-2.png\",\"datePublished\":\"2026-01-16T18:47:59+00:00\",\"dateModified\":\"2026-03-20T18:05:16+00:00\",\"description\":\"Kaunis lepast ja kadakamosaiigist valmistatud pannilabidas, mis on mugav praepannil toidu p\u00f6\u00f6ramiseks, segamiseks ja t\u00f5stmiseks.\",\"breadcrumb\":{\"@id\":\"https:\\\/\\\/estcrafts.ee\\\/product\\\/pannilabidas-saarest-ja-kadakast\\\/#breadcrumb\"},\"inLanguage\":\"en-US\",\"potentialAction\":[{\"@type\":\"ReadAction\",\"target\":[\"https:\\\/\\\/estcrafts.ee\\\/product\\\/pannilabidas-saarest-ja-kadakast\\\/\"]}]},{\"@type\":\"ImageObject\",\"inLanguage\":\"en-US\",\"@id\":\"https:\\\/\\\/estcrafts.ee\\\/product\\\/pannilabidas-saarest-ja-kadakast\\\/#primaryimage\",\"url\":\"https:\\\/\\\/estcrafts.ee\\\/wp-content\\\/uploads\\\/2026\\\/01\\\/Tammest-ja-lepast-pannilabidad-30cm-2.png\",\"contentUrl\":\"https:\\\/\\\/estcrafts.ee\\\/wp-content\\\/uploads\\\/2026\\\/01\\\/Tammest-ja-lepast-pannilabidad-30cm-2.png\",\"width\":1000,\"height\":1000,\"caption\":\"Saarest ja kadakast pannilabidad 30cm\"},{\"@type\":\"BreadcrumbList\",\"@id\":\"https:\\\/\\\/estcrafts.ee\\\/product\\\/pannilabidas-saarest-ja-kadakast\\\/#breadcrumb\",\"itemListElement\":[{\"@type\":\"ListItem\",\"position\":1,\"name\":\"Home\",\"item\":\"https:\\\/\\\/estcrafts.ee\\\/\"},{\"@type\":\"ListItem\",\"position\":2,\"name\":\"Shop\",\"item\":\"https:\\\/\\\/estcrafts.ee\\\/?page_id=6\"},{\"@type\":\"ListItem\",\"position\":3,\"name\":\"PANNILABIDAS SAAREST JA KADAKAST\"}]},{\"@type\":\"WebSite\",\"@id\":\"https:\\\/\\\/estcrafts.ee\\\/#website\",\"url\":\"https:\\\/\\\/estcrafts.ee\\\/\",\"name\":\"EstCrafts\",\"description\":\"\",\"potentialAction\":[{\"@type\":\"SearchAction\",\"target\":{\"@type\":\"EntryPoint\",\"urlTemplate\":\"https:\\\/\\\/estcrafts.ee\\\/?s={search_term_string}\"},\"query-input\":{\"@type\":\"PropertyValueSpecification\",\"valueRequired\":true,\"valueName\":\"search_term_string\"}}],\"inLanguage\":\"en-US\"}]}<\/script>\n<!-- \/ Yoast SEO plugin. -->","yoast_head_json":{"title":"PANNILABIDAS SAAREST JA KADAKAST - EstCrafts","description":"Kaunis lepast ja kadakamosaiigist valmistatud pannilabidas, mis on mugav praepannil toidu p\u00f6\u00f6ramiseks, segamiseks ja t\u00f5stmiseks.","robots":{"index":"index","follow":"follow","max-snippet":"max-snippet:-1","max-image-preview":"max-image-preview:large","max-video-preview":"max-video-preview:-1"},"canonical":"https:\/\/estcrafts.ee\/en\/product\/pannilabidas-saarest-ja-kadakast\/","og_locale":"en_US","og_type":"article","og_title":"PANNILABIDAS SAAREST JA KADAKAST - EstCrafts","og_description":"Kaunis lepast ja kadakamosaiigist valmistatud pannilabidas, mis on mugav praepannil toidu p\u00f6\u00f6ramiseks, segamiseks ja t\u00f5stmiseks.","og_url":"https:\/\/estcrafts.ee\/en\/product\/pannilabidas-saarest-ja-kadakast\/","og_site_name":"EstCrafts","article_modified_time":"2026-03-20T18:05:16+00:00","og_image":[{"width":1000,"height":1000,"url":"https:\/\/estcrafts.ee\/wp-content\/uploads\/2026\/01\/Tammest-ja-lepast-pannilabidad-30cm-2.png","type":"image\/png"}],"twitter_card":"summary_large_image","twitter_misc":{"Est. reading time":"1 minute"},"schema":{"@context":"https:\/\/schema.org","@graph":[{"@type":"WebPage","@id":"https:\/\/estcrafts.ee\/product\/pannilabidas-saarest-ja-kadakast\/","url":"https:\/\/estcrafts.ee\/product\/pannilabidas-saarest-ja-kadakast\/","name":"PANNILABIDAS SAAREST JA KADAKAST - EstCrafts","isPartOf":{"@id":"https:\/\/estcrafts.ee\/#website"},"primaryImageOfPage":{"@id":"https:\/\/estcrafts.ee\/product\/pannilabidas-saarest-ja-kadakast\/#primaryimage"},"image":{"@id":"https:\/\/estcrafts.ee\/product\/pannilabidas-saarest-ja-kadakast\/#primaryimage"},"thumbnailUrl":"https:\/\/estcrafts.ee\/wp-content\/uploads\/2026\/01\/Tammest-ja-lepast-pannilabidad-30cm-2.png","datePublished":"2026-01-16T18:47:59+00:00","dateModified":"2026-03-20T18:05:16+00:00","description":"Kaunis lepast ja kadakamosaiigist valmistatud pannilabidas, mis on mugav praepannil toidu p\u00f6\u00f6ramiseks, segamiseks ja t\u00f5stmiseks.","breadcrumb":{"@id":"https:\/\/estcrafts.ee\/product\/pannilabidas-saarest-ja-kadakast\/#breadcrumb"},"inLanguage":"en-US","potentialAction":[{"@type":"ReadAction","target":["https:\/\/estcrafts.ee\/product\/pannilabidas-saarest-ja-kadakast\/"]}]},{"@type":"ImageObject","inLanguage":"en-US","@id":"https:\/\/estcrafts.ee\/product\/pannilabidas-saarest-ja-kadakast\/#primaryimage","url":"https:\/\/estcrafts.ee\/wp-content\/uploads\/2026\/01\/Tammest-ja-lepast-pannilabidad-30cm-2.png","contentUrl":"https:\/\/estcrafts.ee\/wp-content\/uploads\/2026\/01\/Tammest-ja-lepast-pannilabidad-30cm-2.png","width":1000,"height":1000,"caption":"Saarest ja kadakast pannilabidad 30cm"},{"@type":"BreadcrumbList","@id":"https:\/\/estcrafts.ee\/product\/pannilabidas-saarest-ja-kadakast\/#breadcrumb","itemListElement":[{"@type":"ListItem","position":1,"name":"Home","item":"https:\/\/estcrafts.ee\/"},{"@type":"ListItem","position":2,"name":"Shop","item":"https:\/\/estcrafts.ee\/?page_id=6"},{"@type":"ListItem","position":3,"name":"PANNILABIDAS SAAREST JA KADAKAST"}]},{"@type":"WebSite","@id":"https:\/\/estcrafts.ee\/#website","url":"https:\/\/estcrafts.ee\/","name":"EstCrafts","description":"","potentialAction":[{"@type":"SearchAction","target":{"@type":"EntryPoint","urlTemplate":"https:\/\/estcrafts.ee\/?s={search_term_string}"},"query-input":{"@type":"PropertyValueSpecification","valueRequired":true,"valueName":"search_term_string"}}],"inLanguage":"en-US"}]}},"jetpack_sharing_enabled":true,"_links":{"self":[{"href":"https:\/\/estcrafts.ee\/en\/wp-json\/wp\/v2\/product\/2242","targetHints":{"allow":["GET"]}}],"collection":[{"href":"https:\/\/estcrafts.ee\/en\/wp-json\/wp\/v2\/product"}],"about":[{"href":"https:\/\/estcrafts.ee\/en\/wp-json\/wp\/v2\/types\/product"}],"replies":[{"embeddable":true,"href":"https:\/\/estcrafts.ee\/en\/wp-json\/wp\/v2\/comments?post=2242"}],"wp:featuredmedia":[{"embeddable":true,"href":"https:\/\/estcrafts.ee\/en\/wp-json\/wp\/v2\/media\/5783"}],"wp:attachment":[{"href":"https:\/\/estcrafts.ee\/en\/wp-json\/wp\/v2\/media?parent=2242"}],"wp:term":[{"taxonomy":"product_brand","embeddable":true,"href":"https:\/\/estcrafts.ee\/en\/wp-json\/wp\/v2\/product_brand?post=2242"},{"taxonomy":"product_cat","embeddable":true,"href":"https:\/\/estcrafts.ee\/en\/wp-json\/wp\/v2\/product_cat?post=2242"},{"taxonomy":"product_tag","embeddable":true,"href":"https:\/\/estcrafts.ee\/en\/wp-json\/wp\/v2\/product_tag?post=2242"}],"curies":[{"name":"wp","href":"https:\/\/api.w.org\/{rel}","templated":true}]}}