{"id":2236,"date":"2026-01-16T18:41:23","date_gmt":"2026-01-16T18:41:23","guid":{"rendered":"https:\/\/estcrafts.ee\/?post_type=product&#038;p=2236"},"modified":"2026-03-20T20:06:36","modified_gmt":"2026-03-20T18:06:36","slug":"lepast-ja-kadakast-pannilabidas","status":"publish","type":"product","link":"https:\/\/estcrafts.ee\/en\/product\/lepast-ja-kadakast-pannilabidas\/","title":{"rendered":"ALDER AND JUNIPER SPATULA"},"content":{"rendered":"<p>We recommend maintaining the product at least once a year using linseed oil or regular cooking oil. Regular oiling helps preserve the wood\u2019s beautiful appearance and prevents cracks caused by drying out. Before oiling, the product must be cleaned and completely dry. Apply the oil to both sides to prevent the wood from warping. After washing or oiling, place the board to dry so air can circulate freely on both sides\u2014for example, standing upright. This helps the product keep its proper shape and prevents twisting. Dishwashing in a dishwasher is not recommended.<\/p>","protected":false},"excerpt":{"rendered":"<p>The spatula is made from alder and has a handle with juniper mosaic. It\u2019s very pleasant to use for frying and flipping food\u2014the curved tip slides under food more easily and also cleans the edges of the pan nicely. A good choice if you\u2019re looking for a high-quality and comfortable spatula. As a handmade product, each item is unique\u2014color and grain pattern may vary slightly.<\/p>\n<p>Length: 27 cm, width: 5.5 cm, weight: 0.4 kg<br \/>\nWood: alder and juniper<\/p>","protected":false},"featured_media":5819,"comment_status":"open","ping_status":"closed","template":"","meta":[],"product_brand":[],"product_cat":[85],"product_tag":[199,204,225,192,262],"class_list":{"0":"post-2236","1":"product","2":"type-product","3":"status-publish","4":"has-post-thumbnail","6":"product_cat-pannilabidad","7":"product_tag-kasitoo","8":"product_tag-kingiidee","9":"product_tag-kokkamine","10":"product_tag-koogitarvik","11":"product_tag-pannilabidas","13":"first","14":"instock","15":"shipping-taxable","16":"purchasable","17":"product-type-simple"},"yoast_head":"<!-- This site is optimized with the Yoast SEO plugin v27.4 - https:\/\/yoast.com\/product\/yoast-seo-wordpress\/ -->\n<title>LEPAST JA KADAKAST PANNILABIDAS - EstCrafts<\/title>\n<meta name=\"description\" content=\"Pannilabidas on lepast ning kadakamosaiigist varrega. V\u00e4ga m\u00f5nus praadimiseks ja toidu p\u00f6\u00f6ramiseks, kumer ots libiseb lihtsamini toidu alla.\" \/>\n<meta name=\"robots\" content=\"index, follow, max-snippet:-1, max-image-preview:large, max-video-preview:-1\" \/>\n<link rel=\"canonical\" href=\"https:\/\/estcrafts.ee\/en\/product\/lepast-ja-kadakast-pannilabidas\/\" \/>\n<meta property=\"og:locale\" content=\"en_US\" \/>\n<meta property=\"og:type\" content=\"article\" \/>\n<meta property=\"og:title\" content=\"LEPAST JA KADAKAST PANNILABIDAS - EstCrafts\" \/>\n<meta property=\"og:description\" content=\"Pannilabidas on lepast ning kadakamosaiigist varrega. V\u00e4ga m\u00f5nus praadimiseks ja toidu p\u00f6\u00f6ramiseks, kumer ots libiseb lihtsamini toidu alla.\" \/>\n<meta property=\"og:url\" content=\"https:\/\/estcrafts.ee\/en\/product\/lepast-ja-kadakast-pannilabidas\/\" \/>\n<meta property=\"og:site_name\" content=\"EstCrafts\" \/>\n<meta property=\"article:modified_time\" content=\"2026-03-20T18:06:36+00:00\" \/>\n<meta property=\"og:image\" content=\"https:\/\/estcrafts.ee\/wp-content\/uploads\/2026\/01\/Lepast-ja-kadakast-pannikahvel-kompl.-2.png\" \/>\n\t<meta property=\"og:image:width\" content=\"1000\" \/>\n\t<meta property=\"og:image:height\" content=\"1000\" \/>\n\t<meta property=\"og:image:type\" content=\"image\/png\" \/>\n<meta name=\"twitter:card\" content=\"summary_large_image\" \/>\n<meta name=\"twitter:label1\" content=\"Est. reading time\" \/>\n\t<meta name=\"twitter:data1\" content=\"1 minute\" \/>\n<script type=\"application\/ld+json\" class=\"yoast-schema-graph\">{\"@context\":\"https:\\\/\\\/schema.org\",\"@graph\":[{\"@type\":\"WebPage\",\"@id\":\"https:\\\/\\\/estcrafts.ee\\\/product\\\/lepast-ja-kadakast-pannilabidas\\\/\",\"url\":\"https:\\\/\\\/estcrafts.ee\\\/product\\\/lepast-ja-kadakast-pannilabidas\\\/\",\"name\":\"LEPAST JA KADAKAST PANNILABIDAS - EstCrafts\",\"isPartOf\":{\"@id\":\"https:\\\/\\\/estcrafts.ee\\\/#website\"},\"primaryImageOfPage\":{\"@id\":\"https:\\\/\\\/estcrafts.ee\\\/product\\\/lepast-ja-kadakast-pannilabidas\\\/#primaryimage\"},\"image\":{\"@id\":\"https:\\\/\\\/estcrafts.ee\\\/product\\\/lepast-ja-kadakast-pannilabidas\\\/#primaryimage\"},\"thumbnailUrl\":\"https:\\\/\\\/estcrafts.ee\\\/wp-content\\\/uploads\\\/2026\\\/01\\\/Lepast-ja-kadakast-pannikahvel-kompl.-2.png\",\"datePublished\":\"2026-01-16T18:41:23+00:00\",\"dateModified\":\"2026-03-20T18:06:36+00:00\",\"description\":\"Pannilabidas on lepast ning kadakamosaiigist varrega. V\u00e4ga m\u00f5nus praadimiseks ja toidu p\u00f6\u00f6ramiseks, kumer ots libiseb lihtsamini toidu alla.\",\"breadcrumb\":{\"@id\":\"https:\\\/\\\/estcrafts.ee\\\/product\\\/lepast-ja-kadakast-pannilabidas\\\/#breadcrumb\"},\"inLanguage\":\"en-US\",\"potentialAction\":[{\"@type\":\"ReadAction\",\"target\":[\"https:\\\/\\\/estcrafts.ee\\\/product\\\/lepast-ja-kadakast-pannilabidas\\\/\"]}]},{\"@type\":\"ImageObject\",\"inLanguage\":\"en-US\",\"@id\":\"https:\\\/\\\/estcrafts.ee\\\/product\\\/lepast-ja-kadakast-pannilabidas\\\/#primaryimage\",\"url\":\"https:\\\/\\\/estcrafts.ee\\\/wp-content\\\/uploads\\\/2026\\\/01\\\/Lepast-ja-kadakast-pannikahvel-kompl.-2.png\",\"contentUrl\":\"https:\\\/\\\/estcrafts.ee\\\/wp-content\\\/uploads\\\/2026\\\/01\\\/Lepast-ja-kadakast-pannikahvel-kompl.-2.png\",\"width\":1000,\"height\":1000,\"caption\":\"Lepast ja kadakast pannikahvel\"},{\"@type\":\"BreadcrumbList\",\"@id\":\"https:\\\/\\\/estcrafts.ee\\\/product\\\/lepast-ja-kadakast-pannilabidas\\\/#breadcrumb\",\"itemListElement\":[{\"@type\":\"ListItem\",\"position\":1,\"name\":\"Home\",\"item\":\"https:\\\/\\\/estcrafts.ee\\\/\"},{\"@type\":\"ListItem\",\"position\":2,\"name\":\"Shop\",\"item\":\"https:\\\/\\\/estcrafts.ee\\\/?page_id=6\"},{\"@type\":\"ListItem\",\"position\":3,\"name\":\"LEPAST JA KADAKAST PANNILABIDAS\"}]},{\"@type\":\"WebSite\",\"@id\":\"https:\\\/\\\/estcrafts.ee\\\/#website\",\"url\":\"https:\\\/\\\/estcrafts.ee\\\/\",\"name\":\"EstCrafts\",\"description\":\"\",\"potentialAction\":[{\"@type\":\"SearchAction\",\"target\":{\"@type\":\"EntryPoint\",\"urlTemplate\":\"https:\\\/\\\/estcrafts.ee\\\/?s={search_term_string}\"},\"query-input\":{\"@type\":\"PropertyValueSpecification\",\"valueRequired\":true,\"valueName\":\"search_term_string\"}}],\"inLanguage\":\"en-US\"}]}<\/script>\n<!-- \/ Yoast SEO plugin. -->","yoast_head_json":{"title":"LEPAST JA KADAKAST PANNILABIDAS - EstCrafts","description":"Pannilabidas on lepast ning kadakamosaiigist varrega. V\u00e4ga m\u00f5nus praadimiseks ja toidu p\u00f6\u00f6ramiseks, kumer ots libiseb lihtsamini toidu alla.","robots":{"index":"index","follow":"follow","max-snippet":"max-snippet:-1","max-image-preview":"max-image-preview:large","max-video-preview":"max-video-preview:-1"},"canonical":"https:\/\/estcrafts.ee\/en\/product\/lepast-ja-kadakast-pannilabidas\/","og_locale":"en_US","og_type":"article","og_title":"LEPAST JA KADAKAST PANNILABIDAS - EstCrafts","og_description":"Pannilabidas on lepast ning kadakamosaiigist varrega. V\u00e4ga m\u00f5nus praadimiseks ja toidu p\u00f6\u00f6ramiseks, kumer ots libiseb lihtsamini toidu alla.","og_url":"https:\/\/estcrafts.ee\/en\/product\/lepast-ja-kadakast-pannilabidas\/","og_site_name":"EstCrafts","article_modified_time":"2026-03-20T18:06:36+00:00","og_image":[{"width":1000,"height":1000,"url":"https:\/\/estcrafts.ee\/wp-content\/uploads\/2026\/01\/Lepast-ja-kadakast-pannikahvel-kompl.-2.png","type":"image\/png"}],"twitter_card":"summary_large_image","twitter_misc":{"Est. reading time":"1 minute"},"schema":{"@context":"https:\/\/schema.org","@graph":[{"@type":"WebPage","@id":"https:\/\/estcrafts.ee\/product\/lepast-ja-kadakast-pannilabidas\/","url":"https:\/\/estcrafts.ee\/product\/lepast-ja-kadakast-pannilabidas\/","name":"LEPAST JA KADAKAST PANNILABIDAS - EstCrafts","isPartOf":{"@id":"https:\/\/estcrafts.ee\/#website"},"primaryImageOfPage":{"@id":"https:\/\/estcrafts.ee\/product\/lepast-ja-kadakast-pannilabidas\/#primaryimage"},"image":{"@id":"https:\/\/estcrafts.ee\/product\/lepast-ja-kadakast-pannilabidas\/#primaryimage"},"thumbnailUrl":"https:\/\/estcrafts.ee\/wp-content\/uploads\/2026\/01\/Lepast-ja-kadakast-pannikahvel-kompl.-2.png","datePublished":"2026-01-16T18:41:23+00:00","dateModified":"2026-03-20T18:06:36+00:00","description":"Pannilabidas on lepast ning kadakamosaiigist varrega. V\u00e4ga m\u00f5nus praadimiseks ja toidu p\u00f6\u00f6ramiseks, kumer ots libiseb lihtsamini toidu alla.","breadcrumb":{"@id":"https:\/\/estcrafts.ee\/product\/lepast-ja-kadakast-pannilabidas\/#breadcrumb"},"inLanguage":"en-US","potentialAction":[{"@type":"ReadAction","target":["https:\/\/estcrafts.ee\/product\/lepast-ja-kadakast-pannilabidas\/"]}]},{"@type":"ImageObject","inLanguage":"en-US","@id":"https:\/\/estcrafts.ee\/product\/lepast-ja-kadakast-pannilabidas\/#primaryimage","url":"https:\/\/estcrafts.ee\/wp-content\/uploads\/2026\/01\/Lepast-ja-kadakast-pannikahvel-kompl.-2.png","contentUrl":"https:\/\/estcrafts.ee\/wp-content\/uploads\/2026\/01\/Lepast-ja-kadakast-pannikahvel-kompl.-2.png","width":1000,"height":1000,"caption":"Lepast ja kadakast pannikahvel"},{"@type":"BreadcrumbList","@id":"https:\/\/estcrafts.ee\/product\/lepast-ja-kadakast-pannilabidas\/#breadcrumb","itemListElement":[{"@type":"ListItem","position":1,"name":"Home","item":"https:\/\/estcrafts.ee\/"},{"@type":"ListItem","position":2,"name":"Shop","item":"https:\/\/estcrafts.ee\/?page_id=6"},{"@type":"ListItem","position":3,"name":"LEPAST JA KADAKAST PANNILABIDAS"}]},{"@type":"WebSite","@id":"https:\/\/estcrafts.ee\/#website","url":"https:\/\/estcrafts.ee\/","name":"EstCrafts","description":"","potentialAction":[{"@type":"SearchAction","target":{"@type":"EntryPoint","urlTemplate":"https:\/\/estcrafts.ee\/?s={search_term_string}"},"query-input":{"@type":"PropertyValueSpecification","valueRequired":true,"valueName":"search_term_string"}}],"inLanguage":"en-US"}]}},"jetpack_sharing_enabled":true,"_links":{"self":[{"href":"https:\/\/estcrafts.ee\/en\/wp-json\/wp\/v2\/product\/2236","targetHints":{"allow":["GET"]}}],"collection":[{"href":"https:\/\/estcrafts.ee\/en\/wp-json\/wp\/v2\/product"}],"about":[{"href":"https:\/\/estcrafts.ee\/en\/wp-json\/wp\/v2\/types\/product"}],"replies":[{"embeddable":true,"href":"https:\/\/estcrafts.ee\/en\/wp-json\/wp\/v2\/comments?post=2236"}],"wp:featuredmedia":[{"embeddable":true,"href":"https:\/\/estcrafts.ee\/en\/wp-json\/wp\/v2\/media\/5819"}],"wp:attachment":[{"href":"https:\/\/estcrafts.ee\/en\/wp-json\/wp\/v2\/media?parent=2236"}],"wp:term":[{"taxonomy":"product_brand","embeddable":true,"href":"https:\/\/estcrafts.ee\/en\/wp-json\/wp\/v2\/product_brand?post=2236"},{"taxonomy":"product_cat","embeddable":true,"href":"https:\/\/estcrafts.ee\/en\/wp-json\/wp\/v2\/product_cat?post=2236"},{"taxonomy":"product_tag","embeddable":true,"href":"https:\/\/estcrafts.ee\/en\/wp-json\/wp\/v2\/product_tag?post=2236"}],"curies":[{"name":"wp","href":"https:\/\/api.w.org\/{rel}","templated":true}]}}