{"id":2201,"date":"2026-01-16T18:29:20","date_gmt":"2026-01-16T18:29:20","guid":{"rendered":"https:\/\/estcrafts.ee\/?post_type=product&#038;p=2201"},"modified":"2026-03-22T19:28:18","modified_gmt":"2026-03-22T17:28:18","slug":"pannilabidas-laser-pildiga","status":"publish","type":"product","link":"https:\/\/estcrafts.ee\/en\/product\/pannilabidas-laser-pildiga\/","title":{"rendered":"SPATULA WITH LASER IMAGE"},"content":{"rendered":"<p>A laser-engraved spatula is lightweight and has a thin edge, making it easy to slide under food and flip it in the pan. The slightly curved tip follows the shape of the pan and makes lifting more secure, especially for cutlets, pancakes, and other fried dishes.<\/p>\n<p>Length: 27 cm, width: 5.2 cm, weight: 0.22 kg<br \/>\nWood: alder<\/p>\n<p>As a handmade product, each item is unique \u2013 the tone and grain may vary slightly.<\/p>\n<p>We recommend maintaining the product at least once a year using linseed oil or regular cooking oil. Regular oiling helps preserve the wood\u2019s beautiful appearance and prevents cracks caused by drying out. Before oiling, the product must be cleaned and completely dry. Apply the oil to both sides to prevent the wood from warping. After washing or oiling, place the board to dry so air can circulate freely on both sides\u2014for example, standing upright. This helps the product keep its proper shape and prevents twisting. Dishwashing in a dishwasher is not recommended.<\/p>","protected":false},"excerpt":{"rendered":"<p>A laser-engraved frying spatula made from alder, with a length of 27 cm and a width of 5.2 cm.<\/p>\n<p>More details can be found under Description.<\/p>","protected":false},"featured_media":5828,"comment_status":"open","ping_status":"closed","template":"","meta":[],"product_brand":[],"product_cat":[85],"product_tag":[199,204,192,252,246,262],"class_list":{"0":"post-2201","1":"product","2":"type-product","3":"status-publish","4":"has-post-thumbnail","6":"product_cat-pannilabidad","7":"product_tag-kasitoo","8":"product_tag-kingiidee","9":"product_tag-koogitarvik","10":"product_tag-lasergraveering","11":"product_tag-lepp","12":"product_tag-pannilabidas","14":"first","15":"instock","16":"shipping-taxable","17":"purchasable","18":"product-type-variable"},"yoast_head":"<!-- This site is optimized with the Yoast SEO plugin v27.4 - https:\/\/yoast.com\/product\/yoast-seo-wordpress\/ -->\n<title>PANNILABIDAS LASER PILDIGA - EstCrafts<\/title>\n<meta name=\"description\" content=\"Lasergraveeringuga pannilabidas toidu p\u00f6\u00f6ramiseks ja t\u00f5stmiseks. \u00d5huke ja kergelt kumer ots libiseb h\u00e4sti toidu alla. Vali endale sobiv graveering.\" \/>\n<meta name=\"robots\" content=\"index, follow, max-snippet:-1, max-image-preview:large, max-video-preview:-1\" \/>\n<link rel=\"canonical\" href=\"https:\/\/estcrafts.ee\/en\/product\/pannilabidas-laser-pildiga\/\" \/>\n<meta property=\"og:locale\" content=\"en_US\" \/>\n<meta property=\"og:type\" content=\"article\" \/>\n<meta property=\"og:title\" content=\"PANNILABIDAS LASER PILDIGA - EstCrafts\" \/>\n<meta property=\"og:description\" content=\"Lasergraveeringuga pannilabidas toidu p\u00f6\u00f6ramiseks ja t\u00f5stmiseks. \u00d5huke ja kergelt kumer ots libiseb h\u00e4sti toidu alla. Vali endale sobiv graveering.\" \/>\n<meta property=\"og:url\" content=\"https:\/\/estcrafts.ee\/en\/product\/pannilabidas-laser-pildiga\/\" \/>\n<meta property=\"og:site_name\" content=\"EstCrafts\" \/>\n<meta property=\"article:modified_time\" content=\"2026-03-22T17:28:18+00:00\" \/>\n<meta property=\"og:image\" content=\"https:\/\/estcrafts.ee\/wp-content\/uploads\/2026\/01\/Lepast-pannilabidas-suda.png\" \/>\n\t<meta property=\"og:image:width\" content=\"1000\" \/>\n\t<meta property=\"og:image:height\" content=\"1000\" \/>\n\t<meta property=\"og:image:type\" content=\"image\/png\" \/>\n<meta name=\"twitter:card\" content=\"summary_large_image\" \/>\n<meta name=\"twitter:label1\" content=\"Est. reading time\" \/>\n\t<meta name=\"twitter:data1\" content=\"1 minute\" \/>\n<script type=\"application\/ld+json\" class=\"yoast-schema-graph\">{\"@context\":\"https:\\\/\\\/schema.org\",\"@graph\":[{\"@type\":\"WebPage\",\"@id\":\"https:\\\/\\\/estcrafts.ee\\\/product\\\/pannilabidas-laser-pildiga\\\/\",\"url\":\"https:\\\/\\\/estcrafts.ee\\\/product\\\/pannilabidas-laser-pildiga\\\/\",\"name\":\"PANNILABIDAS LASER PILDIGA - EstCrafts\",\"isPartOf\":{\"@id\":\"https:\\\/\\\/estcrafts.ee\\\/#website\"},\"primaryImageOfPage\":{\"@id\":\"https:\\\/\\\/estcrafts.ee\\\/product\\\/pannilabidas-laser-pildiga\\\/#primaryimage\"},\"image\":{\"@id\":\"https:\\\/\\\/estcrafts.ee\\\/product\\\/pannilabidas-laser-pildiga\\\/#primaryimage\"},\"thumbnailUrl\":\"https:\\\/\\\/estcrafts.ee\\\/wp-content\\\/uploads\\\/2026\\\/01\\\/Lepast-pannilabidas-suda.png\",\"datePublished\":\"2026-01-16T18:29:20+00:00\",\"dateModified\":\"2026-03-22T17:28:18+00:00\",\"description\":\"Lasergraveeringuga pannilabidas toidu p\u00f6\u00f6ramiseks ja t\u00f5stmiseks. \u00d5huke ja kergelt kumer ots libiseb h\u00e4sti toidu alla. Vali endale sobiv graveering.\",\"breadcrumb\":{\"@id\":\"https:\\\/\\\/estcrafts.ee\\\/product\\\/pannilabidas-laser-pildiga\\\/#breadcrumb\"},\"inLanguage\":\"en-US\",\"potentialAction\":[{\"@type\":\"ReadAction\",\"target\":[\"https:\\\/\\\/estcrafts.ee\\\/product\\\/pannilabidas-laser-pildiga\\\/\"]}]},{\"@type\":\"ImageObject\",\"inLanguage\":\"en-US\",\"@id\":\"https:\\\/\\\/estcrafts.ee\\\/product\\\/pannilabidas-laser-pildiga\\\/#primaryimage\",\"url\":\"https:\\\/\\\/estcrafts.ee\\\/wp-content\\\/uploads\\\/2026\\\/01\\\/Lepast-pannilabidas-suda.png\",\"contentUrl\":\"https:\\\/\\\/estcrafts.ee\\\/wp-content\\\/uploads\\\/2026\\\/01\\\/Lepast-pannilabidas-suda.png\",\"width\":1000,\"height\":1000,\"caption\":\"Lepast pannilabidas s\u00fcda\"},{\"@type\":\"BreadcrumbList\",\"@id\":\"https:\\\/\\\/estcrafts.ee\\\/product\\\/pannilabidas-laser-pildiga\\\/#breadcrumb\",\"itemListElement\":[{\"@type\":\"ListItem\",\"position\":1,\"name\":\"Home\",\"item\":\"https:\\\/\\\/estcrafts.ee\\\/\"},{\"@type\":\"ListItem\",\"position\":2,\"name\":\"Shop\",\"item\":\"https:\\\/\\\/estcrafts.ee\\\/?page_id=6\"},{\"@type\":\"ListItem\",\"position\":3,\"name\":\"PANNILABIDAS LASER PILDIGA\"}]},{\"@type\":\"WebSite\",\"@id\":\"https:\\\/\\\/estcrafts.ee\\\/#website\",\"url\":\"https:\\\/\\\/estcrafts.ee\\\/\",\"name\":\"EstCrafts\",\"description\":\"\",\"potentialAction\":[{\"@type\":\"SearchAction\",\"target\":{\"@type\":\"EntryPoint\",\"urlTemplate\":\"https:\\\/\\\/estcrafts.ee\\\/?s={search_term_string}\"},\"query-input\":{\"@type\":\"PropertyValueSpecification\",\"valueRequired\":true,\"valueName\":\"search_term_string\"}}],\"inLanguage\":\"en-US\"}]}<\/script>\n<!-- \/ Yoast SEO plugin. -->","yoast_head_json":{"title":"PANNILABIDAS LASER PILDIGA - EstCrafts","description":"Lasergraveeringuga pannilabidas toidu p\u00f6\u00f6ramiseks ja t\u00f5stmiseks. \u00d5huke ja kergelt kumer ots libiseb h\u00e4sti toidu alla. Vali endale sobiv graveering.","robots":{"index":"index","follow":"follow","max-snippet":"max-snippet:-1","max-image-preview":"max-image-preview:large","max-video-preview":"max-video-preview:-1"},"canonical":"https:\/\/estcrafts.ee\/en\/product\/pannilabidas-laser-pildiga\/","og_locale":"en_US","og_type":"article","og_title":"PANNILABIDAS LASER PILDIGA - EstCrafts","og_description":"Lasergraveeringuga pannilabidas toidu p\u00f6\u00f6ramiseks ja t\u00f5stmiseks. \u00d5huke ja kergelt kumer ots libiseb h\u00e4sti toidu alla. Vali endale sobiv graveering.","og_url":"https:\/\/estcrafts.ee\/en\/product\/pannilabidas-laser-pildiga\/","og_site_name":"EstCrafts","article_modified_time":"2026-03-22T17:28:18+00:00","og_image":[{"width":1000,"height":1000,"url":"https:\/\/estcrafts.ee\/wp-content\/uploads\/2026\/01\/Lepast-pannilabidas-suda.png","type":"image\/png"}],"twitter_card":"summary_large_image","twitter_misc":{"Est. reading time":"1 minute"},"schema":{"@context":"https:\/\/schema.org","@graph":[{"@type":"WebPage","@id":"https:\/\/estcrafts.ee\/product\/pannilabidas-laser-pildiga\/","url":"https:\/\/estcrafts.ee\/product\/pannilabidas-laser-pildiga\/","name":"PANNILABIDAS LASER PILDIGA - EstCrafts","isPartOf":{"@id":"https:\/\/estcrafts.ee\/#website"},"primaryImageOfPage":{"@id":"https:\/\/estcrafts.ee\/product\/pannilabidas-laser-pildiga\/#primaryimage"},"image":{"@id":"https:\/\/estcrafts.ee\/product\/pannilabidas-laser-pildiga\/#primaryimage"},"thumbnailUrl":"https:\/\/estcrafts.ee\/wp-content\/uploads\/2026\/01\/Lepast-pannilabidas-suda.png","datePublished":"2026-01-16T18:29:20+00:00","dateModified":"2026-03-22T17:28:18+00:00","description":"Lasergraveeringuga pannilabidas toidu p\u00f6\u00f6ramiseks ja t\u00f5stmiseks. \u00d5huke ja kergelt kumer ots libiseb h\u00e4sti toidu alla. Vali endale sobiv graveering.","breadcrumb":{"@id":"https:\/\/estcrafts.ee\/product\/pannilabidas-laser-pildiga\/#breadcrumb"},"inLanguage":"en-US","potentialAction":[{"@type":"ReadAction","target":["https:\/\/estcrafts.ee\/product\/pannilabidas-laser-pildiga\/"]}]},{"@type":"ImageObject","inLanguage":"en-US","@id":"https:\/\/estcrafts.ee\/product\/pannilabidas-laser-pildiga\/#primaryimage","url":"https:\/\/estcrafts.ee\/wp-content\/uploads\/2026\/01\/Lepast-pannilabidas-suda.png","contentUrl":"https:\/\/estcrafts.ee\/wp-content\/uploads\/2026\/01\/Lepast-pannilabidas-suda.png","width":1000,"height":1000,"caption":"Lepast pannilabidas s\u00fcda"},{"@type":"BreadcrumbList","@id":"https:\/\/estcrafts.ee\/product\/pannilabidas-laser-pildiga\/#breadcrumb","itemListElement":[{"@type":"ListItem","position":1,"name":"Home","item":"https:\/\/estcrafts.ee\/"},{"@type":"ListItem","position":2,"name":"Shop","item":"https:\/\/estcrafts.ee\/?page_id=6"},{"@type":"ListItem","position":3,"name":"PANNILABIDAS LASER PILDIGA"}]},{"@type":"WebSite","@id":"https:\/\/estcrafts.ee\/#website","url":"https:\/\/estcrafts.ee\/","name":"EstCrafts","description":"","potentialAction":[{"@type":"SearchAction","target":{"@type":"EntryPoint","urlTemplate":"https:\/\/estcrafts.ee\/?s={search_term_string}"},"query-input":{"@type":"PropertyValueSpecification","valueRequired":true,"valueName":"search_term_string"}}],"inLanguage":"en-US"}]}},"jetpack_sharing_enabled":true,"_links":{"self":[{"href":"https:\/\/estcrafts.ee\/en\/wp-json\/wp\/v2\/product\/2201","targetHints":{"allow":["GET"]}}],"collection":[{"href":"https:\/\/estcrafts.ee\/en\/wp-json\/wp\/v2\/product"}],"about":[{"href":"https:\/\/estcrafts.ee\/en\/wp-json\/wp\/v2\/types\/product"}],"replies":[{"embeddable":true,"href":"https:\/\/estcrafts.ee\/en\/wp-json\/wp\/v2\/comments?post=2201"}],"wp:featuredmedia":[{"embeddable":true,"href":"https:\/\/estcrafts.ee\/en\/wp-json\/wp\/v2\/media\/5828"}],"wp:attachment":[{"href":"https:\/\/estcrafts.ee\/en\/wp-json\/wp\/v2\/media?parent=2201"}],"wp:term":[{"taxonomy":"product_brand","embeddable":true,"href":"https:\/\/estcrafts.ee\/en\/wp-json\/wp\/v2\/product_brand?post=2201"},{"taxonomy":"product_cat","embeddable":true,"href":"https:\/\/estcrafts.ee\/en\/wp-json\/wp\/v2\/product_cat?post=2201"},{"taxonomy":"product_tag","embeddable":true,"href":"https:\/\/estcrafts.ee\/en\/wp-json\/wp\/v2\/product_tag?post=2201"}],"curies":[{"name":"wp","href":"https:\/\/api.w.org\/{rel}","templated":true}]}}