{"id":2195,"date":"2026-01-16T18:16:55","date_gmt":"2026-01-16T18:16:55","guid":{"rendered":"https:\/\/estcrafts.ee\/?post_type=product&#038;p=2195"},"modified":"2026-03-05T16:32:07","modified_gmt":"2026-03-05T14:32:07","slug":"vaike-saarest-ja-kadakast-pannilabidas","status":"publish","type":"product","link":"https:\/\/estcrafts.ee\/en\/product\/vaike-saarest-ja-kadakast-pannilabidas\/","title":{"rendered":"SMALL ASH AND JUNIPER SPATULA"},"content":{"rendered":"<p>Length: 25.5 cm, width: 6 cm, weight: 0.5 kg<br \/>\nWood: ash and juniper<\/p>\n<p>As a handmade product, each item is unique \u2013 the tone and grain may vary slightly.<\/p>\n<p>We recommend maintaining the product at least once a year using linseed oil or regular cooking oil. Regular oiling helps preserve the wood\u2019s beautiful appearance and prevents cracks caused by drying out. Before oiling, the product must be cleaned and completely dry. Apply the oil to both sides to prevent the wood from warping. After washing or oiling, place the board to dry so air can circulate freely on both sides\u2014for example, standing upright. This helps the product keep its proper shape and prevents twisting. Dishwashing in a dishwasher is not recommended.<\/p>","protected":false},"excerpt":{"rendered":"<p>An ash wood spatula with a juniper mosaic handle. A smaller spatula for everyday frying.<br \/>\nLength: 25.5 cm, width: 6 cm<br \/>\nWood: ash and juniper<\/p>\n<p>More details can be found under Description.<\/p>","protected":false},"featured_media":5799,"comment_status":"open","ping_status":"closed","template":"","meta":[],"product_brand":[],"product_cat":[85],"product_tag":[199,191,192,262],"class_list":{"0":"post-2195","1":"product","2":"type-product","3":"status-publish","4":"has-post-thumbnail","6":"product_cat-pannilabidad","7":"product_tag-kasitoo","8":"product_tag-kingitus","9":"product_tag-koogitarvik","10":"product_tag-pannilabidas","12":"first","13":"instock","14":"shipping-taxable","15":"purchasable","16":"product-type-simple"},"yoast_head":"<!-- This site is optimized with the Yoast SEO plugin v27.4 - https:\/\/yoast.com\/product\/yoast-seo-wordpress\/ -->\n<title>V\u00c4IKE SAAREST JA KADAKAST PANNILABIDAS - EstCrafts<\/title>\n<meta name=\"description\" content=\"Saarepuust pannilabidas kadaka mosaiikvarrega. V\u00e4iksem pannilabidas igap\u00e4evaseks praadimiseks. Pikkus: 25 cm.\" \/>\n<meta name=\"robots\" content=\"index, follow, max-snippet:-1, max-image-preview:large, max-video-preview:-1\" \/>\n<link rel=\"canonical\" href=\"https:\/\/estcrafts.ee\/en\/product\/vaike-saarest-ja-kadakast-pannilabidas\/\" \/>\n<meta property=\"og:locale\" content=\"en_US\" \/>\n<meta property=\"og:type\" content=\"article\" \/>\n<meta property=\"og:title\" content=\"V\u00c4IKE SAAREST JA KADAKAST PANNILABIDAS - EstCrafts\" \/>\n<meta property=\"og:description\" content=\"Saarepuust pannilabidas kadaka mosaiikvarrega. V\u00e4iksem pannilabidas igap\u00e4evaseks praadimiseks. Pikkus: 25 cm.\" \/>\n<meta property=\"og:url\" content=\"https:\/\/estcrafts.ee\/en\/product\/vaike-saarest-ja-kadakast-pannilabidas\/\" \/>\n<meta property=\"og:site_name\" content=\"EstCrafts\" \/>\n<meta property=\"article:modified_time\" content=\"2026-03-05T14:32:07+00:00\" \/>\n<meta property=\"og:image\" content=\"https:\/\/estcrafts.ee\/wp-content\/uploads\/2026\/01\/Lepast-ja-kadakast-pannidabidad-27-cm-3tk.png\" \/>\n\t<meta property=\"og:image:width\" content=\"1000\" \/>\n\t<meta property=\"og:image:height\" content=\"1000\" \/>\n\t<meta property=\"og:image:type\" content=\"image\/png\" \/>\n<meta name=\"twitter:card\" content=\"summary_large_image\" \/>\n<meta name=\"twitter:label1\" content=\"Est. reading time\" \/>\n\t<meta name=\"twitter:data1\" content=\"1 minute\" \/>\n<script type=\"application\/ld+json\" class=\"yoast-schema-graph\">{\"@context\":\"https:\\\/\\\/schema.org\",\"@graph\":[{\"@type\":\"WebPage\",\"@id\":\"https:\\\/\\\/estcrafts.ee\\\/product\\\/vaike-saarest-ja-kadakast-pannilabidas\\\/\",\"url\":\"https:\\\/\\\/estcrafts.ee\\\/product\\\/vaike-saarest-ja-kadakast-pannilabidas\\\/\",\"name\":\"V\u00c4IKE SAAREST JA KADAKAST PANNILABIDAS - EstCrafts\",\"isPartOf\":{\"@id\":\"https:\\\/\\\/estcrafts.ee\\\/#website\"},\"primaryImageOfPage\":{\"@id\":\"https:\\\/\\\/estcrafts.ee\\\/product\\\/vaike-saarest-ja-kadakast-pannilabidas\\\/#primaryimage\"},\"image\":{\"@id\":\"https:\\\/\\\/estcrafts.ee\\\/product\\\/vaike-saarest-ja-kadakast-pannilabidas\\\/#primaryimage\"},\"thumbnailUrl\":\"https:\\\/\\\/estcrafts.ee\\\/wp-content\\\/uploads\\\/2026\\\/01\\\/Lepast-ja-kadakast-pannidabidad-27-cm-3tk.png\",\"datePublished\":\"2026-01-16T18:16:55+00:00\",\"dateModified\":\"2026-03-05T14:32:07+00:00\",\"description\":\"Saarepuust pannilabidas kadaka mosaiikvarrega. V\u00e4iksem pannilabidas igap\u00e4evaseks praadimiseks. Pikkus: 25 cm.\",\"breadcrumb\":{\"@id\":\"https:\\\/\\\/estcrafts.ee\\\/product\\\/vaike-saarest-ja-kadakast-pannilabidas\\\/#breadcrumb\"},\"inLanguage\":\"en-US\",\"potentialAction\":[{\"@type\":\"ReadAction\",\"target\":[\"https:\\\/\\\/estcrafts.ee\\\/product\\\/vaike-saarest-ja-kadakast-pannilabidas\\\/\"]}]},{\"@type\":\"ImageObject\",\"inLanguage\":\"en-US\",\"@id\":\"https:\\\/\\\/estcrafts.ee\\\/product\\\/vaike-saarest-ja-kadakast-pannilabidas\\\/#primaryimage\",\"url\":\"https:\\\/\\\/estcrafts.ee\\\/wp-content\\\/uploads\\\/2026\\\/01\\\/Lepast-ja-kadakast-pannidabidad-27-cm-3tk.png\",\"contentUrl\":\"https:\\\/\\\/estcrafts.ee\\\/wp-content\\\/uploads\\\/2026\\\/01\\\/Lepast-ja-kadakast-pannidabidad-27-cm-3tk.png\",\"width\":1000,\"height\":1000,\"caption\":\"V\u00e4ike saarest ja kadakast pannilabidad 27cm\"},{\"@type\":\"BreadcrumbList\",\"@id\":\"https:\\\/\\\/estcrafts.ee\\\/product\\\/vaike-saarest-ja-kadakast-pannilabidas\\\/#breadcrumb\",\"itemListElement\":[{\"@type\":\"ListItem\",\"position\":1,\"name\":\"Home\",\"item\":\"https:\\\/\\\/estcrafts.ee\\\/\"},{\"@type\":\"ListItem\",\"position\":2,\"name\":\"Shop\",\"item\":\"https:\\\/\\\/estcrafts.ee\\\/?page_id=6\"},{\"@type\":\"ListItem\",\"position\":3,\"name\":\"V\u00c4IKE SAAREST JA KADAKAST PANNILABIDAS\"}]},{\"@type\":\"WebSite\",\"@id\":\"https:\\\/\\\/estcrafts.ee\\\/#website\",\"url\":\"https:\\\/\\\/estcrafts.ee\\\/\",\"name\":\"EstCrafts\",\"description\":\"\",\"potentialAction\":[{\"@type\":\"SearchAction\",\"target\":{\"@type\":\"EntryPoint\",\"urlTemplate\":\"https:\\\/\\\/estcrafts.ee\\\/?s={search_term_string}\"},\"query-input\":{\"@type\":\"PropertyValueSpecification\",\"valueRequired\":true,\"valueName\":\"search_term_string\"}}],\"inLanguage\":\"en-US\"}]}<\/script>\n<!-- \/ Yoast SEO plugin. -->","yoast_head_json":{"title":"V\u00c4IKE SAAREST JA KADAKAST PANNILABIDAS - EstCrafts","description":"Saarepuust pannilabidas kadaka mosaiikvarrega. V\u00e4iksem pannilabidas igap\u00e4evaseks praadimiseks. Pikkus: 25 cm.","robots":{"index":"index","follow":"follow","max-snippet":"max-snippet:-1","max-image-preview":"max-image-preview:large","max-video-preview":"max-video-preview:-1"},"canonical":"https:\/\/estcrafts.ee\/en\/product\/vaike-saarest-ja-kadakast-pannilabidas\/","og_locale":"en_US","og_type":"article","og_title":"V\u00c4IKE SAAREST JA KADAKAST PANNILABIDAS - EstCrafts","og_description":"Saarepuust pannilabidas kadaka mosaiikvarrega. V\u00e4iksem pannilabidas igap\u00e4evaseks praadimiseks. Pikkus: 25 cm.","og_url":"https:\/\/estcrafts.ee\/en\/product\/vaike-saarest-ja-kadakast-pannilabidas\/","og_site_name":"EstCrafts","article_modified_time":"2026-03-05T14:32:07+00:00","og_image":[{"width":1000,"height":1000,"url":"https:\/\/estcrafts.ee\/wp-content\/uploads\/2026\/01\/Lepast-ja-kadakast-pannidabidad-27-cm-3tk.png","type":"image\/png"}],"twitter_card":"summary_large_image","twitter_misc":{"Est. reading time":"1 minute"},"schema":{"@context":"https:\/\/schema.org","@graph":[{"@type":"WebPage","@id":"https:\/\/estcrafts.ee\/product\/vaike-saarest-ja-kadakast-pannilabidas\/","url":"https:\/\/estcrafts.ee\/product\/vaike-saarest-ja-kadakast-pannilabidas\/","name":"V\u00c4IKE SAAREST JA KADAKAST PANNILABIDAS - EstCrafts","isPartOf":{"@id":"https:\/\/estcrafts.ee\/#website"},"primaryImageOfPage":{"@id":"https:\/\/estcrafts.ee\/product\/vaike-saarest-ja-kadakast-pannilabidas\/#primaryimage"},"image":{"@id":"https:\/\/estcrafts.ee\/product\/vaike-saarest-ja-kadakast-pannilabidas\/#primaryimage"},"thumbnailUrl":"https:\/\/estcrafts.ee\/wp-content\/uploads\/2026\/01\/Lepast-ja-kadakast-pannidabidad-27-cm-3tk.png","datePublished":"2026-01-16T18:16:55+00:00","dateModified":"2026-03-05T14:32:07+00:00","description":"Saarepuust pannilabidas kadaka mosaiikvarrega. V\u00e4iksem pannilabidas igap\u00e4evaseks praadimiseks. Pikkus: 25 cm.","breadcrumb":{"@id":"https:\/\/estcrafts.ee\/product\/vaike-saarest-ja-kadakast-pannilabidas\/#breadcrumb"},"inLanguage":"en-US","potentialAction":[{"@type":"ReadAction","target":["https:\/\/estcrafts.ee\/product\/vaike-saarest-ja-kadakast-pannilabidas\/"]}]},{"@type":"ImageObject","inLanguage":"en-US","@id":"https:\/\/estcrafts.ee\/product\/vaike-saarest-ja-kadakast-pannilabidas\/#primaryimage","url":"https:\/\/estcrafts.ee\/wp-content\/uploads\/2026\/01\/Lepast-ja-kadakast-pannidabidad-27-cm-3tk.png","contentUrl":"https:\/\/estcrafts.ee\/wp-content\/uploads\/2026\/01\/Lepast-ja-kadakast-pannidabidad-27-cm-3tk.png","width":1000,"height":1000,"caption":"V\u00e4ike saarest ja kadakast pannilabidad 27cm"},{"@type":"BreadcrumbList","@id":"https:\/\/estcrafts.ee\/product\/vaike-saarest-ja-kadakast-pannilabidas\/#breadcrumb","itemListElement":[{"@type":"ListItem","position":1,"name":"Home","item":"https:\/\/estcrafts.ee\/"},{"@type":"ListItem","position":2,"name":"Shop","item":"https:\/\/estcrafts.ee\/?page_id=6"},{"@type":"ListItem","position":3,"name":"V\u00c4IKE SAAREST JA KADAKAST PANNILABIDAS"}]},{"@type":"WebSite","@id":"https:\/\/estcrafts.ee\/#website","url":"https:\/\/estcrafts.ee\/","name":"EstCrafts","description":"","potentialAction":[{"@type":"SearchAction","target":{"@type":"EntryPoint","urlTemplate":"https:\/\/estcrafts.ee\/?s={search_term_string}"},"query-input":{"@type":"PropertyValueSpecification","valueRequired":true,"valueName":"search_term_string"}}],"inLanguage":"en-US"}]}},"jetpack_sharing_enabled":true,"_links":{"self":[{"href":"https:\/\/estcrafts.ee\/en\/wp-json\/wp\/v2\/product\/2195","targetHints":{"allow":["GET"]}}],"collection":[{"href":"https:\/\/estcrafts.ee\/en\/wp-json\/wp\/v2\/product"}],"about":[{"href":"https:\/\/estcrafts.ee\/en\/wp-json\/wp\/v2\/types\/product"}],"replies":[{"embeddable":true,"href":"https:\/\/estcrafts.ee\/en\/wp-json\/wp\/v2\/comments?post=2195"}],"wp:featuredmedia":[{"embeddable":true,"href":"https:\/\/estcrafts.ee\/en\/wp-json\/wp\/v2\/media\/5799"}],"wp:attachment":[{"href":"https:\/\/estcrafts.ee\/en\/wp-json\/wp\/v2\/media?parent=2195"}],"wp:term":[{"taxonomy":"product_brand","embeddable":true,"href":"https:\/\/estcrafts.ee\/en\/wp-json\/wp\/v2\/product_brand?post=2195"},{"taxonomy":"product_cat","embeddable":true,"href":"https:\/\/estcrafts.ee\/en\/wp-json\/wp\/v2\/product_cat?post=2195"},{"taxonomy":"product_tag","embeddable":true,"href":"https:\/\/estcrafts.ee\/en\/wp-json\/wp\/v2\/product_tag?post=2195"}],"curies":[{"name":"wp","href":"https:\/\/api.w.org\/{rel}","templated":true}]}}