{"id":2193,"date":"2026-01-16T18:15:12","date_gmt":"2026-01-16T18:15:12","guid":{"rendered":"https:\/\/estcrafts.ee\/?post_type=product&#038;p=2193"},"modified":"2026-03-05T16:10:38","modified_gmt":"2026-03-05T14:10:38","slug":"pannilabidas-tammest-ja-lepast","status":"publish","type":"product","link":"https:\/\/estcrafts.ee\/en\/product\/pannilabidas-tammest-ja-lepast\/","title":{"rendered":"OAK AND ALDER SPATULA"},"content":{"rendered":"<p>Length: 32 cm, width: 6.5 cm, weight: 0.5 kg<\/p>\n<p>We recommend maintaining the product at least once a year using linseed oil or regular cooking oil. Regular oiling helps preserve the wood\u2019s beautiful appearance and prevents cracks caused by drying out. Before oiling, the product must be cleaned and completely dry. Apply the oil to both sides to prevent the wood from warping. After washing or oiling, place the board to dry so air can circulate freely on both sides\u2014for example, standing upright. This helps the product keep its proper shape and prevents twisting. Dishwashing in a dishwasher is not recommended.<\/p>","protected":false},"excerpt":{"rendered":"<p>A spatula with a curved edge that\u2019s comfortable to use. It follows the shape of the pan and also helps you scrape along the rim so the edges stay clean. As a handmade product, each item is unique\u2014color and grain pattern may vary slightly.<\/p>\n<p>Length: 32 cm, width: 6.5 cm<br \/>\nWood: oak and alder<\/p>","protected":false},"featured_media":5786,"comment_status":"open","ping_status":"closed","template":"","meta":[],"product_brand":[],"product_cat":[85],"product_tag":[],"class_list":{"0":"post-2193","1":"product","2":"type-product","3":"status-publish","4":"has-post-thumbnail","6":"product_cat-pannilabidad","8":"first","9":"instock","10":"shipping-taxable","11":"purchasable","12":"product-type-simple"},"yoast_head":"<!-- This site is optimized with the Yoast SEO plugin v27.4 - https:\/\/yoast.com\/product\/yoast-seo-wordpress\/ -->\n<title>PANNILABIDAS TAMMEST JA LEPAST - EstCrafts<\/title>\n<meta name=\"description\" content=\"Pannilabidas kumera servaga, mida on mugav kasutada. J\u00e4rgib panni kuju ja aitab ka panni servast \u00fcle k\u00e4ia, et \u00e4\u00e4red saaksid puhtaks.\" \/>\n<meta name=\"robots\" content=\"index, follow, max-snippet:-1, max-image-preview:large, max-video-preview:-1\" \/>\n<link rel=\"canonical\" href=\"https:\/\/estcrafts.ee\/en\/product\/pannilabidas-tammest-ja-lepast\/\" \/>\n<meta property=\"og:locale\" content=\"en_US\" \/>\n<meta property=\"og:type\" content=\"article\" \/>\n<meta property=\"og:title\" content=\"PANNILABIDAS TAMMEST JA LEPAST - EstCrafts\" \/>\n<meta property=\"og:description\" content=\"Pannilabidas kumera servaga, mida on mugav kasutada. J\u00e4rgib panni kuju ja aitab ka panni servast \u00fcle k\u00e4ia, et \u00e4\u00e4red saaksid puhtaks.\" \/>\n<meta property=\"og:url\" content=\"https:\/\/estcrafts.ee\/en\/product\/pannilabidas-tammest-ja-lepast\/\" \/>\n<meta property=\"og:site_name\" content=\"EstCrafts\" \/>\n<meta property=\"article:modified_time\" content=\"2026-03-05T14:10:38+00:00\" \/>\n<meta property=\"og:image\" content=\"https:\/\/estcrafts.ee\/wp-content\/uploads\/2026\/01\/Tammest-ja-saarest-pannilabidad-30cm-3tk.png\" \/>\n\t<meta property=\"og:image:width\" content=\"1000\" \/>\n\t<meta property=\"og:image:height\" content=\"1000\" \/>\n\t<meta property=\"og:image:type\" content=\"image\/png\" \/>\n<meta name=\"twitter:card\" content=\"summary_large_image\" \/>\n<meta name=\"twitter:label1\" content=\"Est. reading time\" \/>\n\t<meta name=\"twitter:data1\" content=\"1 minute\" \/>\n<script type=\"application\/ld+json\" class=\"yoast-schema-graph\">{\"@context\":\"https:\\\/\\\/schema.org\",\"@graph\":[{\"@type\":\"WebPage\",\"@id\":\"https:\\\/\\\/estcrafts.ee\\\/product\\\/pannilabidas-tammest-ja-lepast\\\/\",\"url\":\"https:\\\/\\\/estcrafts.ee\\\/product\\\/pannilabidas-tammest-ja-lepast\\\/\",\"name\":\"PANNILABIDAS TAMMEST JA LEPAST - EstCrafts\",\"isPartOf\":{\"@id\":\"https:\\\/\\\/estcrafts.ee\\\/#website\"},\"primaryImageOfPage\":{\"@id\":\"https:\\\/\\\/estcrafts.ee\\\/product\\\/pannilabidas-tammest-ja-lepast\\\/#primaryimage\"},\"image\":{\"@id\":\"https:\\\/\\\/estcrafts.ee\\\/product\\\/pannilabidas-tammest-ja-lepast\\\/#primaryimage\"},\"thumbnailUrl\":\"https:\\\/\\\/estcrafts.ee\\\/wp-content\\\/uploads\\\/2026\\\/01\\\/Tammest-ja-saarest-pannilabidad-30cm-3tk.png\",\"datePublished\":\"2026-01-16T18:15:12+00:00\",\"dateModified\":\"2026-03-05T14:10:38+00:00\",\"description\":\"Pannilabidas kumera servaga, mida on mugav kasutada. J\u00e4rgib panni kuju ja aitab ka panni servast \u00fcle k\u00e4ia, et \u00e4\u00e4red saaksid puhtaks.\",\"breadcrumb\":{\"@id\":\"https:\\\/\\\/estcrafts.ee\\\/product\\\/pannilabidas-tammest-ja-lepast\\\/#breadcrumb\"},\"inLanguage\":\"en-US\",\"potentialAction\":[{\"@type\":\"ReadAction\",\"target\":[\"https:\\\/\\\/estcrafts.ee\\\/product\\\/pannilabidas-tammest-ja-lepast\\\/\"]}]},{\"@type\":\"ImageObject\",\"inLanguage\":\"en-US\",\"@id\":\"https:\\\/\\\/estcrafts.ee\\\/product\\\/pannilabidas-tammest-ja-lepast\\\/#primaryimage\",\"url\":\"https:\\\/\\\/estcrafts.ee\\\/wp-content\\\/uploads\\\/2026\\\/01\\\/Tammest-ja-saarest-pannilabidad-30cm-3tk.png\",\"contentUrl\":\"https:\\\/\\\/estcrafts.ee\\\/wp-content\\\/uploads\\\/2026\\\/01\\\/Tammest-ja-saarest-pannilabidad-30cm-3tk.png\",\"width\":1000,\"height\":1000,\"caption\":\"Tammest ja saarest pannilabidad 30cm\"},{\"@type\":\"BreadcrumbList\",\"@id\":\"https:\\\/\\\/estcrafts.ee\\\/product\\\/pannilabidas-tammest-ja-lepast\\\/#breadcrumb\",\"itemListElement\":[{\"@type\":\"ListItem\",\"position\":1,\"name\":\"Home\",\"item\":\"https:\\\/\\\/estcrafts.ee\\\/\"},{\"@type\":\"ListItem\",\"position\":2,\"name\":\"Shop\",\"item\":\"https:\\\/\\\/estcrafts.ee\\\/?page_id=6\"},{\"@type\":\"ListItem\",\"position\":3,\"name\":\"PANNILABIDAS TAMMEST JA LEPAST\"}]},{\"@type\":\"WebSite\",\"@id\":\"https:\\\/\\\/estcrafts.ee\\\/#website\",\"url\":\"https:\\\/\\\/estcrafts.ee\\\/\",\"name\":\"EstCrafts\",\"description\":\"\",\"potentialAction\":[{\"@type\":\"SearchAction\",\"target\":{\"@type\":\"EntryPoint\",\"urlTemplate\":\"https:\\\/\\\/estcrafts.ee\\\/?s={search_term_string}\"},\"query-input\":{\"@type\":\"PropertyValueSpecification\",\"valueRequired\":true,\"valueName\":\"search_term_string\"}}],\"inLanguage\":\"en-US\"}]}<\/script>\n<!-- \/ Yoast SEO plugin. -->","yoast_head_json":{"title":"PANNILABIDAS TAMMEST JA LEPAST - EstCrafts","description":"Pannilabidas kumera servaga, mida on mugav kasutada. J\u00e4rgib panni kuju ja aitab ka panni servast \u00fcle k\u00e4ia, et \u00e4\u00e4red saaksid puhtaks.","robots":{"index":"index","follow":"follow","max-snippet":"max-snippet:-1","max-image-preview":"max-image-preview:large","max-video-preview":"max-video-preview:-1"},"canonical":"https:\/\/estcrafts.ee\/en\/product\/pannilabidas-tammest-ja-lepast\/","og_locale":"en_US","og_type":"article","og_title":"PANNILABIDAS TAMMEST JA LEPAST - EstCrafts","og_description":"Pannilabidas kumera servaga, mida on mugav kasutada. J\u00e4rgib panni kuju ja aitab ka panni servast \u00fcle k\u00e4ia, et \u00e4\u00e4red saaksid puhtaks.","og_url":"https:\/\/estcrafts.ee\/en\/product\/pannilabidas-tammest-ja-lepast\/","og_site_name":"EstCrafts","article_modified_time":"2026-03-05T14:10:38+00:00","og_image":[{"width":1000,"height":1000,"url":"https:\/\/estcrafts.ee\/wp-content\/uploads\/2026\/01\/Tammest-ja-saarest-pannilabidad-30cm-3tk.png","type":"image\/png"}],"twitter_card":"summary_large_image","twitter_misc":{"Est. reading time":"1 minute"},"schema":{"@context":"https:\/\/schema.org","@graph":[{"@type":"WebPage","@id":"https:\/\/estcrafts.ee\/product\/pannilabidas-tammest-ja-lepast\/","url":"https:\/\/estcrafts.ee\/product\/pannilabidas-tammest-ja-lepast\/","name":"PANNILABIDAS TAMMEST JA LEPAST - EstCrafts","isPartOf":{"@id":"https:\/\/estcrafts.ee\/#website"},"primaryImageOfPage":{"@id":"https:\/\/estcrafts.ee\/product\/pannilabidas-tammest-ja-lepast\/#primaryimage"},"image":{"@id":"https:\/\/estcrafts.ee\/product\/pannilabidas-tammest-ja-lepast\/#primaryimage"},"thumbnailUrl":"https:\/\/estcrafts.ee\/wp-content\/uploads\/2026\/01\/Tammest-ja-saarest-pannilabidad-30cm-3tk.png","datePublished":"2026-01-16T18:15:12+00:00","dateModified":"2026-03-05T14:10:38+00:00","description":"Pannilabidas kumera servaga, mida on mugav kasutada. J\u00e4rgib panni kuju ja aitab ka panni servast \u00fcle k\u00e4ia, et \u00e4\u00e4red saaksid puhtaks.","breadcrumb":{"@id":"https:\/\/estcrafts.ee\/product\/pannilabidas-tammest-ja-lepast\/#breadcrumb"},"inLanguage":"en-US","potentialAction":[{"@type":"ReadAction","target":["https:\/\/estcrafts.ee\/product\/pannilabidas-tammest-ja-lepast\/"]}]},{"@type":"ImageObject","inLanguage":"en-US","@id":"https:\/\/estcrafts.ee\/product\/pannilabidas-tammest-ja-lepast\/#primaryimage","url":"https:\/\/estcrafts.ee\/wp-content\/uploads\/2026\/01\/Tammest-ja-saarest-pannilabidad-30cm-3tk.png","contentUrl":"https:\/\/estcrafts.ee\/wp-content\/uploads\/2026\/01\/Tammest-ja-saarest-pannilabidad-30cm-3tk.png","width":1000,"height":1000,"caption":"Tammest ja saarest pannilabidad 30cm"},{"@type":"BreadcrumbList","@id":"https:\/\/estcrafts.ee\/product\/pannilabidas-tammest-ja-lepast\/#breadcrumb","itemListElement":[{"@type":"ListItem","position":1,"name":"Home","item":"https:\/\/estcrafts.ee\/"},{"@type":"ListItem","position":2,"name":"Shop","item":"https:\/\/estcrafts.ee\/?page_id=6"},{"@type":"ListItem","position":3,"name":"PANNILABIDAS TAMMEST JA LEPAST"}]},{"@type":"WebSite","@id":"https:\/\/estcrafts.ee\/#website","url":"https:\/\/estcrafts.ee\/","name":"EstCrafts","description":"","potentialAction":[{"@type":"SearchAction","target":{"@type":"EntryPoint","urlTemplate":"https:\/\/estcrafts.ee\/?s={search_term_string}"},"query-input":{"@type":"PropertyValueSpecification","valueRequired":true,"valueName":"search_term_string"}}],"inLanguage":"en-US"}]}},"jetpack_sharing_enabled":true,"_links":{"self":[{"href":"https:\/\/estcrafts.ee\/en\/wp-json\/wp\/v2\/product\/2193","targetHints":{"allow":["GET"]}}],"collection":[{"href":"https:\/\/estcrafts.ee\/en\/wp-json\/wp\/v2\/product"}],"about":[{"href":"https:\/\/estcrafts.ee\/en\/wp-json\/wp\/v2\/types\/product"}],"replies":[{"embeddable":true,"href":"https:\/\/estcrafts.ee\/en\/wp-json\/wp\/v2\/comments?post=2193"}],"wp:featuredmedia":[{"embeddable":true,"href":"https:\/\/estcrafts.ee\/en\/wp-json\/wp\/v2\/media\/5786"}],"wp:attachment":[{"href":"https:\/\/estcrafts.ee\/en\/wp-json\/wp\/v2\/media?parent=2193"}],"wp:term":[{"taxonomy":"product_brand","embeddable":true,"href":"https:\/\/estcrafts.ee\/en\/wp-json\/wp\/v2\/product_brand?post=2193"},{"taxonomy":"product_cat","embeddable":true,"href":"https:\/\/estcrafts.ee\/en\/wp-json\/wp\/v2\/product_cat?post=2193"},{"taxonomy":"product_tag","embeddable":true,"href":"https:\/\/estcrafts.ee\/en\/wp-json\/wp\/v2\/product_tag?post=2193"}],"curies":[{"name":"wp","href":"https:\/\/api.w.org\/{rel}","templated":true}]}}