{"id":2112,"date":"2026-01-16T11:52:50","date_gmt":"2026-01-16T11:52:50","guid":{"rendered":"https:\/\/estcrafts.ee\/?post_type=product&#038;p=2112"},"modified":"2026-03-22T19:35:37","modified_gmt":"2026-03-22T17:35:37","slug":"kuumaalus-litrite-ja-pildiga","status":"publish","type":"product","link":"https:\/\/estcrafts.ee\/en\/product\/kuumaalus-litrite-ja-pildiga\/","title":{"rendered":"TRIVET WITH PICTURE"},"content":{"rendered":"<p>A trivet helps protect the table and countertop from the heat of hot pots, pans, and baking dishes\u2014preventing heat marks, dark rings, and damage to the finish. The surface is made as a mosaic from wood slices.<\/p>\n<p>As a handmade product, each item is unique \u2013 the tone and grain may vary slightly.<\/p>\n<p>Diameter: 18cm<\/p>\n<p>Height: 1.4cm<\/p>","protected":false},"excerpt":{"rendered":"<p>The surface is made as a mosaic from wood slices.<br \/>\nDiameter: 18 cm<\/p>\n<p>More details can be found under Description.<\/p>","protected":false},"featured_media":6072,"comment_status":"open","ping_status":"closed","template":"","meta":[],"product_brand":[],"product_cat":[84],"product_tag":[199,283,285,291,286],"class_list":{"0":"post-2112","1":"product","2":"type-product","3":"status-publish","4":"has-post-thumbnail","6":"product_cat-kuumaalused","7":"product_tag-kasitoo","8":"product_tag-kuumaalus","9":"product_tag-pannialus","10":"product_tag-pottide-alus","11":"product_tag-puidust-kuumaalus","13":"first","14":"instock","15":"shipping-taxable","16":"purchasable","17":"product-type-variable"},"yoast_head":"<!-- This site is optimized with the Yoast SEO plugin v27.4 - https:\/\/yoast.com\/product\/yoast-seo-wordpress\/ -->\n<title>KUUMAALUS LITRITE JA PILDIGA - EstCrafts<\/title>\n<meta name=\"description\" content=\"18 cm l\u00e4bim\u00f5\u00f5duga litritest kuumaalus valitava pildiga. Kaitseb lauda ja t\u00f6\u00f6pinda kuumade pottide ning pannide eest.\" \/>\n<meta name=\"robots\" content=\"index, follow, max-snippet:-1, max-image-preview:large, max-video-preview:-1\" \/>\n<link rel=\"canonical\" href=\"https:\/\/estcrafts.ee\/en\/product\/kuumaalus-litrite-ja-pildiga\/\" \/>\n<meta property=\"og:locale\" content=\"en_US\" \/>\n<meta property=\"og:type\" content=\"article\" \/>\n<meta property=\"og:title\" content=\"KUUMAALUS LITRITE JA PILDIGA - EstCrafts\" \/>\n<meta property=\"og:description\" content=\"18 cm l\u00e4bim\u00f5\u00f5duga litritest kuumaalus valitava pildiga. Kaitseb lauda ja t\u00f6\u00f6pinda kuumade pottide ning pannide eest.\" \/>\n<meta property=\"og:url\" content=\"https:\/\/estcrafts.ee\/en\/product\/kuumaalus-litrite-ja-pildiga\/\" \/>\n<meta property=\"og:site_name\" content=\"EstCrafts\" \/>\n<meta property=\"article:modified_time\" content=\"2026-03-22T17:35:37+00:00\" \/>\n<meta property=\"og:image\" content=\"https:\/\/estcrafts.ee\/wp-content\/uploads\/2026\/01\/131-5.png\" \/>\n\t<meta property=\"og:image:width\" content=\"1000\" \/>\n\t<meta property=\"og:image:height\" content=\"1000\" \/>\n\t<meta property=\"og:image:type\" content=\"image\/png\" \/>\n<meta name=\"twitter:card\" content=\"summary_large_image\" \/>\n<meta name=\"twitter:label1\" content=\"Est. reading time\" \/>\n\t<meta name=\"twitter:data1\" content=\"1 minute\" \/>\n<script type=\"application\/ld+json\" class=\"yoast-schema-graph\">{\"@context\":\"https:\\\/\\\/schema.org\",\"@graph\":[{\"@type\":\"WebPage\",\"@id\":\"https:\\\/\\\/estcrafts.ee\\\/product\\\/kuumaalus-litrite-ja-pildiga\\\/\",\"url\":\"https:\\\/\\\/estcrafts.ee\\\/product\\\/kuumaalus-litrite-ja-pildiga\\\/\",\"name\":\"KUUMAALUS LITRITE JA PILDIGA - EstCrafts\",\"isPartOf\":{\"@id\":\"https:\\\/\\\/estcrafts.ee\\\/#website\"},\"primaryImageOfPage\":{\"@id\":\"https:\\\/\\\/estcrafts.ee\\\/product\\\/kuumaalus-litrite-ja-pildiga\\\/#primaryimage\"},\"image\":{\"@id\":\"https:\\\/\\\/estcrafts.ee\\\/product\\\/kuumaalus-litrite-ja-pildiga\\\/#primaryimage\"},\"thumbnailUrl\":\"https:\\\/\\\/estcrafts.ee\\\/wp-content\\\/uploads\\\/2026\\\/01\\\/131-5.png\",\"datePublished\":\"2026-01-16T11:52:50+00:00\",\"dateModified\":\"2026-03-22T17:35:37+00:00\",\"description\":\"18 cm l\u00e4bim\u00f5\u00f5duga litritest kuumaalus valitava pildiga. Kaitseb lauda ja t\u00f6\u00f6pinda kuumade pottide ning pannide eest.\",\"breadcrumb\":{\"@id\":\"https:\\\/\\\/estcrafts.ee\\\/product\\\/kuumaalus-litrite-ja-pildiga\\\/#breadcrumb\"},\"inLanguage\":\"en-US\",\"potentialAction\":[{\"@type\":\"ReadAction\",\"target\":[\"https:\\\/\\\/estcrafts.ee\\\/product\\\/kuumaalus-litrite-ja-pildiga\\\/\"]}]},{\"@type\":\"ImageObject\",\"inLanguage\":\"en-US\",\"@id\":\"https:\\\/\\\/estcrafts.ee\\\/product\\\/kuumaalus-litrite-ja-pildiga\\\/#primaryimage\",\"url\":\"https:\\\/\\\/estcrafts.ee\\\/wp-content\\\/uploads\\\/2026\\\/01\\\/131-5.png\",\"contentUrl\":\"https:\\\/\\\/estcrafts.ee\\\/wp-content\\\/uploads\\\/2026\\\/01\\\/131-5.png\",\"width\":1000,\"height\":1000,\"caption\":\"kuumaalus\"},{\"@type\":\"BreadcrumbList\",\"@id\":\"https:\\\/\\\/estcrafts.ee\\\/product\\\/kuumaalus-litrite-ja-pildiga\\\/#breadcrumb\",\"itemListElement\":[{\"@type\":\"ListItem\",\"position\":1,\"name\":\"Home\",\"item\":\"https:\\\/\\\/estcrafts.ee\\\/\"},{\"@type\":\"ListItem\",\"position\":2,\"name\":\"Shop\",\"item\":\"https:\\\/\\\/estcrafts.ee\\\/?page_id=6\"},{\"@type\":\"ListItem\",\"position\":3,\"name\":\"KUUMAALUS LITRITE JA PILDIGA\"}]},{\"@type\":\"WebSite\",\"@id\":\"https:\\\/\\\/estcrafts.ee\\\/#website\",\"url\":\"https:\\\/\\\/estcrafts.ee\\\/\",\"name\":\"EstCrafts\",\"description\":\"\",\"potentialAction\":[{\"@type\":\"SearchAction\",\"target\":{\"@type\":\"EntryPoint\",\"urlTemplate\":\"https:\\\/\\\/estcrafts.ee\\\/?s={search_term_string}\"},\"query-input\":{\"@type\":\"PropertyValueSpecification\",\"valueRequired\":true,\"valueName\":\"search_term_string\"}}],\"inLanguage\":\"en-US\"}]}<\/script>\n<!-- \/ Yoast SEO plugin. -->","yoast_head_json":{"title":"KUUMAALUS LITRITE JA PILDIGA - EstCrafts","description":"18 cm l\u00e4bim\u00f5\u00f5duga litritest kuumaalus valitava pildiga. Kaitseb lauda ja t\u00f6\u00f6pinda kuumade pottide ning pannide eest.","robots":{"index":"index","follow":"follow","max-snippet":"max-snippet:-1","max-image-preview":"max-image-preview:large","max-video-preview":"max-video-preview:-1"},"canonical":"https:\/\/estcrafts.ee\/en\/product\/kuumaalus-litrite-ja-pildiga\/","og_locale":"en_US","og_type":"article","og_title":"KUUMAALUS LITRITE JA PILDIGA - EstCrafts","og_description":"18 cm l\u00e4bim\u00f5\u00f5duga litritest kuumaalus valitava pildiga. Kaitseb lauda ja t\u00f6\u00f6pinda kuumade pottide ning pannide eest.","og_url":"https:\/\/estcrafts.ee\/en\/product\/kuumaalus-litrite-ja-pildiga\/","og_site_name":"EstCrafts","article_modified_time":"2026-03-22T17:35:37+00:00","og_image":[{"width":1000,"height":1000,"url":"https:\/\/estcrafts.ee\/wp-content\/uploads\/2026\/01\/131-5.png","type":"image\/png"}],"twitter_card":"summary_large_image","twitter_misc":{"Est. reading time":"1 minute"},"schema":{"@context":"https:\/\/schema.org","@graph":[{"@type":"WebPage","@id":"https:\/\/estcrafts.ee\/product\/kuumaalus-litrite-ja-pildiga\/","url":"https:\/\/estcrafts.ee\/product\/kuumaalus-litrite-ja-pildiga\/","name":"KUUMAALUS LITRITE JA PILDIGA - EstCrafts","isPartOf":{"@id":"https:\/\/estcrafts.ee\/#website"},"primaryImageOfPage":{"@id":"https:\/\/estcrafts.ee\/product\/kuumaalus-litrite-ja-pildiga\/#primaryimage"},"image":{"@id":"https:\/\/estcrafts.ee\/product\/kuumaalus-litrite-ja-pildiga\/#primaryimage"},"thumbnailUrl":"https:\/\/estcrafts.ee\/wp-content\/uploads\/2026\/01\/131-5.png","datePublished":"2026-01-16T11:52:50+00:00","dateModified":"2026-03-22T17:35:37+00:00","description":"18 cm l\u00e4bim\u00f5\u00f5duga litritest kuumaalus valitava pildiga. Kaitseb lauda ja t\u00f6\u00f6pinda kuumade pottide ning pannide eest.","breadcrumb":{"@id":"https:\/\/estcrafts.ee\/product\/kuumaalus-litrite-ja-pildiga\/#breadcrumb"},"inLanguage":"en-US","potentialAction":[{"@type":"ReadAction","target":["https:\/\/estcrafts.ee\/product\/kuumaalus-litrite-ja-pildiga\/"]}]},{"@type":"ImageObject","inLanguage":"en-US","@id":"https:\/\/estcrafts.ee\/product\/kuumaalus-litrite-ja-pildiga\/#primaryimage","url":"https:\/\/estcrafts.ee\/wp-content\/uploads\/2026\/01\/131-5.png","contentUrl":"https:\/\/estcrafts.ee\/wp-content\/uploads\/2026\/01\/131-5.png","width":1000,"height":1000,"caption":"kuumaalus"},{"@type":"BreadcrumbList","@id":"https:\/\/estcrafts.ee\/product\/kuumaalus-litrite-ja-pildiga\/#breadcrumb","itemListElement":[{"@type":"ListItem","position":1,"name":"Home","item":"https:\/\/estcrafts.ee\/"},{"@type":"ListItem","position":2,"name":"Shop","item":"https:\/\/estcrafts.ee\/?page_id=6"},{"@type":"ListItem","position":3,"name":"KUUMAALUS LITRITE JA PILDIGA"}]},{"@type":"WebSite","@id":"https:\/\/estcrafts.ee\/#website","url":"https:\/\/estcrafts.ee\/","name":"EstCrafts","description":"","potentialAction":[{"@type":"SearchAction","target":{"@type":"EntryPoint","urlTemplate":"https:\/\/estcrafts.ee\/?s={search_term_string}"},"query-input":{"@type":"PropertyValueSpecification","valueRequired":true,"valueName":"search_term_string"}}],"inLanguage":"en-US"}]}},"jetpack_sharing_enabled":true,"_links":{"self":[{"href":"https:\/\/estcrafts.ee\/en\/wp-json\/wp\/v2\/product\/2112","targetHints":{"allow":["GET"]}}],"collection":[{"href":"https:\/\/estcrafts.ee\/en\/wp-json\/wp\/v2\/product"}],"about":[{"href":"https:\/\/estcrafts.ee\/en\/wp-json\/wp\/v2\/types\/product"}],"replies":[{"embeddable":true,"href":"https:\/\/estcrafts.ee\/en\/wp-json\/wp\/v2\/comments?post=2112"}],"wp:featuredmedia":[{"embeddable":true,"href":"https:\/\/estcrafts.ee\/en\/wp-json\/wp\/v2\/media\/6072"}],"wp:attachment":[{"href":"https:\/\/estcrafts.ee\/en\/wp-json\/wp\/v2\/media?parent=2112"}],"wp:term":[{"taxonomy":"product_brand","embeddable":true,"href":"https:\/\/estcrafts.ee\/en\/wp-json\/wp\/v2\/product_brand?post=2112"},{"taxonomy":"product_cat","embeddable":true,"href":"https:\/\/estcrafts.ee\/en\/wp-json\/wp\/v2\/product_cat?post=2112"},{"taxonomy":"product_tag","embeddable":true,"href":"https:\/\/estcrafts.ee\/en\/wp-json\/wp\/v2\/product_tag?post=2112"}],"curies":[{"name":"wp","href":"https:\/\/api.w.org\/{rel}","templated":true}]}}