{"id":2104,"date":"2026-01-16T11:37:33","date_gmt":"2026-01-16T11:37:33","guid":{"rendered":"https:\/\/estcrafts.ee\/?post_type=product&#038;p=2104"},"modified":"2026-03-21T11:39:24","modified_gmt":"2026-03-21T09:39:24","slug":"kuumaalus-sudamekujuline","status":"publish","type":"product","link":"https:\/\/estcrafts.ee\/en\/product\/kuumaalus-sudamekujuline\/","title":{"rendered":"HEART-SHAPED TRIVET"},"content":{"rendered":"<p>A heart-shaped juniper trivet is handmade and suitable for placing hot pots, pans, and cups. Juniper wood slices are glued onto a sturdy plywood base, giving the trivet a beautiful pattern and a wonderful juniper scent. The surface is finely sanded smooth.<\/p>\n<p>As a handmade product, each item is unique \u2013 the tone and grain may vary slightly.<\/p>","protected":false},"excerpt":{"rendered":"<p>A heart-shaped trivet made with juniper wood pieces.<br \/>\nDimensions:<br \/>\n11 x 11 x 1.7cm<br \/>\n17 x 17 x 1.7cm<br \/>\n21\u00a0 x 22 x 1.7cm<\/p>\n<p>More details can be found under Description.<\/p>","protected":false},"featured_media":6174,"comment_status":"open","ping_status":"closed","template":"","meta":[],"product_brand":[],"product_cat":[84],"product_tag":[298,297,199,191,283,296],"class_list":{"0":"post-2104","1":"product","2":"type-product","3":"status-publish","4":"has-post-thumbnail","6":"product_cat-kuumaalused","7":"product_tag-kadakalitrid","8":"product_tag-kadakapuu","9":"product_tag-kasitoo","10":"product_tag-kingitus","11":"product_tag-kuumaalus","12":"product_tag-sudamekujuline-kuumaalus","14":"first","15":"instock","16":"shipping-taxable","17":"purchasable","18":"product-type-variable"},"yoast_head":"<!-- This site is optimized with the Yoast SEO plugin v27.4 - https:\/\/yoast.com\/product\/yoast-seo-wordpress\/ -->\n<title>KUUMAALUS S\u00dcDAMEKUJULINE - EstCrafts<\/title>\n<meta name=\"description\" content=\"S\u00fcdamekujuline kadakast kuumaalus on k\u00e4sit\u00f6\u00f6na valminud ning sobib kuumade pottide, pannide ja tasside alla. Majapidamisse lisandub suurep\u00e4rane kadaka l\u00f5hn.\" \/>\n<meta name=\"robots\" content=\"index, follow, max-snippet:-1, max-image-preview:large, max-video-preview:-1\" \/>\n<link rel=\"canonical\" href=\"https:\/\/estcrafts.ee\/en\/product\/kuumaalus-sudamekujuline\/\" \/>\n<meta property=\"og:locale\" content=\"en_US\" \/>\n<meta property=\"og:type\" content=\"article\" \/>\n<meta property=\"og:title\" content=\"KUUMAALUS S\u00dcDAMEKUJULINE - EstCrafts\" \/>\n<meta property=\"og:description\" content=\"S\u00fcdamekujuline kadakast kuumaalus on k\u00e4sit\u00f6\u00f6na valminud ning sobib kuumade pottide, pannide ja tasside alla. Majapidamisse lisandub suurep\u00e4rane kadaka l\u00f5hn.\" \/>\n<meta property=\"og:url\" content=\"https:\/\/estcrafts.ee\/en\/product\/kuumaalus-sudamekujuline\/\" \/>\n<meta property=\"og:site_name\" content=\"EstCrafts\" \/>\n<meta property=\"article:modified_time\" content=\"2026-03-21T09:39:24+00:00\" \/>\n<meta property=\"og:image\" content=\"https:\/\/estcrafts.ee\/wp-content\/uploads\/2026\/01\/Untitled-design-2026-03-19T115701.586.png\" \/>\n\t<meta property=\"og:image:width\" content=\"1000\" \/>\n\t<meta property=\"og:image:height\" content=\"1000\" \/>\n\t<meta property=\"og:image:type\" content=\"image\/png\" \/>\n<meta name=\"twitter:card\" content=\"summary_large_image\" \/>\n<meta name=\"twitter:label1\" content=\"Est. reading time\" \/>\n\t<meta name=\"twitter:data1\" content=\"1 minute\" \/>\n<script type=\"application\/ld+json\" class=\"yoast-schema-graph\">{\"@context\":\"https:\\\/\\\/schema.org\",\"@graph\":[{\"@type\":\"WebPage\",\"@id\":\"https:\\\/\\\/estcrafts.ee\\\/product\\\/kuumaalus-sudamekujuline\\\/\",\"url\":\"https:\\\/\\\/estcrafts.ee\\\/product\\\/kuumaalus-sudamekujuline\\\/\",\"name\":\"KUUMAALUS S\u00dcDAMEKUJULINE - EstCrafts\",\"isPartOf\":{\"@id\":\"https:\\\/\\\/estcrafts.ee\\\/#website\"},\"primaryImageOfPage\":{\"@id\":\"https:\\\/\\\/estcrafts.ee\\\/product\\\/kuumaalus-sudamekujuline\\\/#primaryimage\"},\"image\":{\"@id\":\"https:\\\/\\\/estcrafts.ee\\\/product\\\/kuumaalus-sudamekujuline\\\/#primaryimage\"},\"thumbnailUrl\":\"https:\\\/\\\/estcrafts.ee\\\/wp-content\\\/uploads\\\/2026\\\/01\\\/Untitled-design-2026-03-19T115701.586.png\",\"datePublished\":\"2026-01-16T11:37:33+00:00\",\"dateModified\":\"2026-03-21T09:39:24+00:00\",\"description\":\"S\u00fcdamekujuline kadakast kuumaalus on k\u00e4sit\u00f6\u00f6na valminud ning sobib kuumade pottide, pannide ja tasside alla. Majapidamisse lisandub suurep\u00e4rane kadaka l\u00f5hn.\",\"breadcrumb\":{\"@id\":\"https:\\\/\\\/estcrafts.ee\\\/product\\\/kuumaalus-sudamekujuline\\\/#breadcrumb\"},\"inLanguage\":\"en-US\",\"potentialAction\":[{\"@type\":\"ReadAction\",\"target\":[\"https:\\\/\\\/estcrafts.ee\\\/product\\\/kuumaalus-sudamekujuline\\\/\"]}]},{\"@type\":\"ImageObject\",\"inLanguage\":\"en-US\",\"@id\":\"https:\\\/\\\/estcrafts.ee\\\/product\\\/kuumaalus-sudamekujuline\\\/#primaryimage\",\"url\":\"https:\\\/\\\/estcrafts.ee\\\/wp-content\\\/uploads\\\/2026\\\/01\\\/Untitled-design-2026-03-19T115701.586.png\",\"contentUrl\":\"https:\\\/\\\/estcrafts.ee\\\/wp-content\\\/uploads\\\/2026\\\/01\\\/Untitled-design-2026-03-19T115701.586.png\",\"width\":1000,\"height\":1000,\"caption\":\"kuumaalus s\u00fcda\"},{\"@type\":\"BreadcrumbList\",\"@id\":\"https:\\\/\\\/estcrafts.ee\\\/product\\\/kuumaalus-sudamekujuline\\\/#breadcrumb\",\"itemListElement\":[{\"@type\":\"ListItem\",\"position\":1,\"name\":\"Home\",\"item\":\"https:\\\/\\\/estcrafts.ee\\\/\"},{\"@type\":\"ListItem\",\"position\":2,\"name\":\"Shop\",\"item\":\"https:\\\/\\\/estcrafts.ee\\\/?page_id=6\"},{\"@type\":\"ListItem\",\"position\":3,\"name\":\"KUUMAALUS S\u00dcDAMEKUJULINE\"}]},{\"@type\":\"WebSite\",\"@id\":\"https:\\\/\\\/estcrafts.ee\\\/#website\",\"url\":\"https:\\\/\\\/estcrafts.ee\\\/\",\"name\":\"EstCrafts\",\"description\":\"\",\"potentialAction\":[{\"@type\":\"SearchAction\",\"target\":{\"@type\":\"EntryPoint\",\"urlTemplate\":\"https:\\\/\\\/estcrafts.ee\\\/?s={search_term_string}\"},\"query-input\":{\"@type\":\"PropertyValueSpecification\",\"valueRequired\":true,\"valueName\":\"search_term_string\"}}],\"inLanguage\":\"en-US\"}]}<\/script>\n<!-- \/ Yoast SEO plugin. -->","yoast_head_json":{"title":"KUUMAALUS S\u00dcDAMEKUJULINE - EstCrafts","description":"S\u00fcdamekujuline kadakast kuumaalus on k\u00e4sit\u00f6\u00f6na valminud ning sobib kuumade pottide, pannide ja tasside alla. Majapidamisse lisandub suurep\u00e4rane kadaka l\u00f5hn.","robots":{"index":"index","follow":"follow","max-snippet":"max-snippet:-1","max-image-preview":"max-image-preview:large","max-video-preview":"max-video-preview:-1"},"canonical":"https:\/\/estcrafts.ee\/en\/product\/kuumaalus-sudamekujuline\/","og_locale":"en_US","og_type":"article","og_title":"KUUMAALUS S\u00dcDAMEKUJULINE - EstCrafts","og_description":"S\u00fcdamekujuline kadakast kuumaalus on k\u00e4sit\u00f6\u00f6na valminud ning sobib kuumade pottide, pannide ja tasside alla. Majapidamisse lisandub suurep\u00e4rane kadaka l\u00f5hn.","og_url":"https:\/\/estcrafts.ee\/en\/product\/kuumaalus-sudamekujuline\/","og_site_name":"EstCrafts","article_modified_time":"2026-03-21T09:39:24+00:00","og_image":[{"width":1000,"height":1000,"url":"https:\/\/estcrafts.ee\/wp-content\/uploads\/2026\/01\/Untitled-design-2026-03-19T115701.586.png","type":"image\/png"}],"twitter_card":"summary_large_image","twitter_misc":{"Est. reading time":"1 minute"},"schema":{"@context":"https:\/\/schema.org","@graph":[{"@type":"WebPage","@id":"https:\/\/estcrafts.ee\/product\/kuumaalus-sudamekujuline\/","url":"https:\/\/estcrafts.ee\/product\/kuumaalus-sudamekujuline\/","name":"KUUMAALUS S\u00dcDAMEKUJULINE - EstCrafts","isPartOf":{"@id":"https:\/\/estcrafts.ee\/#website"},"primaryImageOfPage":{"@id":"https:\/\/estcrafts.ee\/product\/kuumaalus-sudamekujuline\/#primaryimage"},"image":{"@id":"https:\/\/estcrafts.ee\/product\/kuumaalus-sudamekujuline\/#primaryimage"},"thumbnailUrl":"https:\/\/estcrafts.ee\/wp-content\/uploads\/2026\/01\/Untitled-design-2026-03-19T115701.586.png","datePublished":"2026-01-16T11:37:33+00:00","dateModified":"2026-03-21T09:39:24+00:00","description":"S\u00fcdamekujuline kadakast kuumaalus on k\u00e4sit\u00f6\u00f6na valminud ning sobib kuumade pottide, pannide ja tasside alla. Majapidamisse lisandub suurep\u00e4rane kadaka l\u00f5hn.","breadcrumb":{"@id":"https:\/\/estcrafts.ee\/product\/kuumaalus-sudamekujuline\/#breadcrumb"},"inLanguage":"en-US","potentialAction":[{"@type":"ReadAction","target":["https:\/\/estcrafts.ee\/product\/kuumaalus-sudamekujuline\/"]}]},{"@type":"ImageObject","inLanguage":"en-US","@id":"https:\/\/estcrafts.ee\/product\/kuumaalus-sudamekujuline\/#primaryimage","url":"https:\/\/estcrafts.ee\/wp-content\/uploads\/2026\/01\/Untitled-design-2026-03-19T115701.586.png","contentUrl":"https:\/\/estcrafts.ee\/wp-content\/uploads\/2026\/01\/Untitled-design-2026-03-19T115701.586.png","width":1000,"height":1000,"caption":"kuumaalus s\u00fcda"},{"@type":"BreadcrumbList","@id":"https:\/\/estcrafts.ee\/product\/kuumaalus-sudamekujuline\/#breadcrumb","itemListElement":[{"@type":"ListItem","position":1,"name":"Home","item":"https:\/\/estcrafts.ee\/"},{"@type":"ListItem","position":2,"name":"Shop","item":"https:\/\/estcrafts.ee\/?page_id=6"},{"@type":"ListItem","position":3,"name":"KUUMAALUS S\u00dcDAMEKUJULINE"}]},{"@type":"WebSite","@id":"https:\/\/estcrafts.ee\/#website","url":"https:\/\/estcrafts.ee\/","name":"EstCrafts","description":"","potentialAction":[{"@type":"SearchAction","target":{"@type":"EntryPoint","urlTemplate":"https:\/\/estcrafts.ee\/?s={search_term_string}"},"query-input":{"@type":"PropertyValueSpecification","valueRequired":true,"valueName":"search_term_string"}}],"inLanguage":"en-US"}]}},"jetpack_sharing_enabled":true,"_links":{"self":[{"href":"https:\/\/estcrafts.ee\/en\/wp-json\/wp\/v2\/product\/2104","targetHints":{"allow":["GET"]}}],"collection":[{"href":"https:\/\/estcrafts.ee\/en\/wp-json\/wp\/v2\/product"}],"about":[{"href":"https:\/\/estcrafts.ee\/en\/wp-json\/wp\/v2\/types\/product"}],"replies":[{"embeddable":true,"href":"https:\/\/estcrafts.ee\/en\/wp-json\/wp\/v2\/comments?post=2104"}],"wp:featuredmedia":[{"embeddable":true,"href":"https:\/\/estcrafts.ee\/en\/wp-json\/wp\/v2\/media\/6174"}],"wp:attachment":[{"href":"https:\/\/estcrafts.ee\/en\/wp-json\/wp\/v2\/media?parent=2104"}],"wp:term":[{"taxonomy":"product_brand","embeddable":true,"href":"https:\/\/estcrafts.ee\/en\/wp-json\/wp\/v2\/product_brand?post=2104"},{"taxonomy":"product_cat","embeddable":true,"href":"https:\/\/estcrafts.ee\/en\/wp-json\/wp\/v2\/product_cat?post=2104"},{"taxonomy":"product_tag","embeddable":true,"href":"https:\/\/estcrafts.ee\/en\/wp-json\/wp\/v2\/product_tag?post=2104"}],"curies":[{"name":"wp","href":"https:\/\/api.w.org\/{rel}","templated":true}]}}