{"id":2067,"date":"2026-01-16T10:45:09","date_gmt":"2026-01-16T10:45:09","guid":{"rendered":"https:\/\/estcrafts.ee\/?post_type=product&#038;p=2067"},"modified":"2026-03-22T19:36:53","modified_gmt":"2026-03-22T17:36:53","slug":"tammest-kkuumaalus-podrakujuga","status":"publish","type":"product","link":"https:\/\/estcrafts.ee\/en\/product\/tammest-kkuumaalus-podrakujuga\/","title":{"rendered":"OAK TRIVET WITH A MOOSE FIGURE"},"content":{"rendered":"<p>If you want a Nordic-style in the kitchen, then this oak moose-shaped trivet is the perfect choice. It works great under hot pots, pans, teapots, and oven dishes, helping protect your countertop and table from heat marks and damage. It can also be hung on the wall if you like\u2014super convenient.<\/p>\n<p>Sizes: 20 x 15 x 2 cm (small), 25 x 20 x 2 cm (large)<\/p>\n<p>As a handmade product, each item is unique \u2013 the tone and grain may vary slightly.<\/p>","protected":false},"excerpt":{"rendered":"<p>If you want a Nordic-style in your kitchen, then an oak moose-shaped trivet is the perfect choice.<\/p>\n<p>More details can be found under Description.<\/p>","protected":false},"featured_media":6448,"comment_status":"open","ping_status":"closed","template":"","meta":[],"product_brand":[],"product_cat":[84],"product_tag":[199,277,283,304,286],"class_list":{"0":"post-2067","1":"product","2":"type-product","3":"status-publish","4":"has-post-thumbnail","6":"product_cat-kuumaalused","7":"product_tag-kasitoo","8":"product_tag-kink","9":"product_tag-kuumaalus","10":"product_tag-podrakujuga-kuumaalus","11":"product_tag-puidust-kuumaalus","13":"first","14":"instock","15":"shipping-taxable","16":"purchasable","17":"product-type-variable"},"yoast_head":"<!-- This site is optimized with the Yoast SEO plugin v27.4 - https:\/\/yoast.com\/product\/yoast-seo-wordpress\/ -->\n<title>TAMMEST KUUMAALUS P\u00d5DRAKUJUGA - EstCrafts<\/title>\n<meta name=\"description\" content=\"Kui soovid omale p\u00f5hjamaiset stiili k\u00f6\u00f6ki, siis tammepuidust p\u00f5drakujuline kuumaalus on ideaalne valik. Kaitseb t\u00f6\u00f6pinda ja lauda kuumaj\u00e4lgede\/kahjustuste eest.\" \/>\n<meta name=\"robots\" content=\"index, follow, max-snippet:-1, max-image-preview:large, max-video-preview:-1\" \/>\n<link rel=\"canonical\" href=\"https:\/\/estcrafts.ee\/en\/product\/tammest-kkuumaalus-podrakujuga\/\" \/>\n<meta property=\"og:locale\" content=\"en_US\" \/>\n<meta property=\"og:type\" content=\"article\" \/>\n<meta property=\"og:title\" content=\"TAMMEST KUUMAALUS P\u00d5DRAKUJUGA - EstCrafts\" \/>\n<meta property=\"og:description\" content=\"Kui soovid omale p\u00f5hjamaiset stiili k\u00f6\u00f6ki, siis tammepuidust p\u00f5drakujuline kuumaalus on ideaalne valik. Kaitseb t\u00f6\u00f6pinda ja lauda kuumaj\u00e4lgede\/kahjustuste eest.\" \/>\n<meta property=\"og:url\" content=\"https:\/\/estcrafts.ee\/en\/product\/tammest-kkuumaalus-podrakujuga\/\" \/>\n<meta property=\"og:site_name\" content=\"EstCrafts\" \/>\n<meta property=\"article:modified_time\" content=\"2026-03-22T17:36:53+00:00\" \/>\n<meta property=\"og:image\" content=\"https:\/\/estcrafts.ee\/wp-content\/uploads\/2026\/01\/101-8.png\" \/>\n\t<meta property=\"og:image:width\" content=\"1000\" \/>\n\t<meta property=\"og:image:height\" content=\"1000\" \/>\n\t<meta property=\"og:image:type\" content=\"image\/png\" \/>\n<meta name=\"twitter:card\" content=\"summary_large_image\" \/>\n<meta name=\"twitter:label1\" content=\"Est. reading time\" \/>\n\t<meta name=\"twitter:data1\" content=\"1 minute\" \/>\n<script type=\"application\/ld+json\" class=\"yoast-schema-graph\">{\"@context\":\"https:\\\/\\\/schema.org\",\"@graph\":[{\"@type\":\"WebPage\",\"@id\":\"https:\\\/\\\/estcrafts.ee\\\/product\\\/tammest-kkuumaalus-podrakujuga\\\/\",\"url\":\"https:\\\/\\\/estcrafts.ee\\\/product\\\/tammest-kkuumaalus-podrakujuga\\\/\",\"name\":\"TAMMEST KUUMAALUS P\u00d5DRAKUJUGA - EstCrafts\",\"isPartOf\":{\"@id\":\"https:\\\/\\\/estcrafts.ee\\\/#website\"},\"primaryImageOfPage\":{\"@id\":\"https:\\\/\\\/estcrafts.ee\\\/product\\\/tammest-kkuumaalus-podrakujuga\\\/#primaryimage\"},\"image\":{\"@id\":\"https:\\\/\\\/estcrafts.ee\\\/product\\\/tammest-kkuumaalus-podrakujuga\\\/#primaryimage\"},\"thumbnailUrl\":\"https:\\\/\\\/estcrafts.ee\\\/wp-content\\\/uploads\\\/2026\\\/01\\\/101-8.png\",\"datePublished\":\"2026-01-16T10:45:09+00:00\",\"dateModified\":\"2026-03-22T17:36:53+00:00\",\"description\":\"Kui soovid omale p\u00f5hjamaiset stiili k\u00f6\u00f6ki, siis tammepuidust p\u00f5drakujuline kuumaalus on ideaalne valik. Kaitseb t\u00f6\u00f6pinda ja lauda kuumaj\u00e4lgede\\\/kahjustuste eest.\",\"breadcrumb\":{\"@id\":\"https:\\\/\\\/estcrafts.ee\\\/product\\\/tammest-kkuumaalus-podrakujuga\\\/#breadcrumb\"},\"inLanguage\":\"en-US\",\"potentialAction\":[{\"@type\":\"ReadAction\",\"target\":[\"https:\\\/\\\/estcrafts.ee\\\/product\\\/tammest-kkuumaalus-podrakujuga\\\/\"]}]},{\"@type\":\"ImageObject\",\"inLanguage\":\"en-US\",\"@id\":\"https:\\\/\\\/estcrafts.ee\\\/product\\\/tammest-kkuumaalus-podrakujuga\\\/#primaryimage\",\"url\":\"https:\\\/\\\/estcrafts.ee\\\/wp-content\\\/uploads\\\/2026\\\/01\\\/101-8.png\",\"contentUrl\":\"https:\\\/\\\/estcrafts.ee\\\/wp-content\\\/uploads\\\/2026\\\/01\\\/101-8.png\",\"width\":1000,\"height\":1000,\"caption\":\"kuumaalus\"},{\"@type\":\"BreadcrumbList\",\"@id\":\"https:\\\/\\\/estcrafts.ee\\\/product\\\/tammest-kkuumaalus-podrakujuga\\\/#breadcrumb\",\"itemListElement\":[{\"@type\":\"ListItem\",\"position\":1,\"name\":\"Home\",\"item\":\"https:\\\/\\\/estcrafts.ee\\\/\"},{\"@type\":\"ListItem\",\"position\":2,\"name\":\"Shop\",\"item\":\"https:\\\/\\\/estcrafts.ee\\\/?page_id=6\"},{\"@type\":\"ListItem\",\"position\":3,\"name\":\"TAMMEST KUUMAALUS P\u00d5DRAKUJUGA\"}]},{\"@type\":\"WebSite\",\"@id\":\"https:\\\/\\\/estcrafts.ee\\\/#website\",\"url\":\"https:\\\/\\\/estcrafts.ee\\\/\",\"name\":\"EstCrafts\",\"description\":\"\",\"potentialAction\":[{\"@type\":\"SearchAction\",\"target\":{\"@type\":\"EntryPoint\",\"urlTemplate\":\"https:\\\/\\\/estcrafts.ee\\\/?s={search_term_string}\"},\"query-input\":{\"@type\":\"PropertyValueSpecification\",\"valueRequired\":true,\"valueName\":\"search_term_string\"}}],\"inLanguage\":\"en-US\"}]}<\/script>\n<!-- \/ Yoast SEO plugin. -->","yoast_head_json":{"title":"TAMMEST KUUMAALUS P\u00d5DRAKUJUGA - EstCrafts","description":"Kui soovid omale p\u00f5hjamaiset stiili k\u00f6\u00f6ki, siis tammepuidust p\u00f5drakujuline kuumaalus on ideaalne valik. Kaitseb t\u00f6\u00f6pinda ja lauda kuumaj\u00e4lgede\/kahjustuste eest.","robots":{"index":"index","follow":"follow","max-snippet":"max-snippet:-1","max-image-preview":"max-image-preview:large","max-video-preview":"max-video-preview:-1"},"canonical":"https:\/\/estcrafts.ee\/en\/product\/tammest-kkuumaalus-podrakujuga\/","og_locale":"en_US","og_type":"article","og_title":"TAMMEST KUUMAALUS P\u00d5DRAKUJUGA - EstCrafts","og_description":"Kui soovid omale p\u00f5hjamaiset stiili k\u00f6\u00f6ki, siis tammepuidust p\u00f5drakujuline kuumaalus on ideaalne valik. Kaitseb t\u00f6\u00f6pinda ja lauda kuumaj\u00e4lgede\/kahjustuste eest.","og_url":"https:\/\/estcrafts.ee\/en\/product\/tammest-kkuumaalus-podrakujuga\/","og_site_name":"EstCrafts","article_modified_time":"2026-03-22T17:36:53+00:00","og_image":[{"width":1000,"height":1000,"url":"https:\/\/estcrafts.ee\/wp-content\/uploads\/2026\/01\/101-8.png","type":"image\/png"}],"twitter_card":"summary_large_image","twitter_misc":{"Est. reading time":"1 minute"},"schema":{"@context":"https:\/\/schema.org","@graph":[{"@type":"WebPage","@id":"https:\/\/estcrafts.ee\/product\/tammest-kkuumaalus-podrakujuga\/","url":"https:\/\/estcrafts.ee\/product\/tammest-kkuumaalus-podrakujuga\/","name":"TAMMEST KUUMAALUS P\u00d5DRAKUJUGA - EstCrafts","isPartOf":{"@id":"https:\/\/estcrafts.ee\/#website"},"primaryImageOfPage":{"@id":"https:\/\/estcrafts.ee\/product\/tammest-kkuumaalus-podrakujuga\/#primaryimage"},"image":{"@id":"https:\/\/estcrafts.ee\/product\/tammest-kkuumaalus-podrakujuga\/#primaryimage"},"thumbnailUrl":"https:\/\/estcrafts.ee\/wp-content\/uploads\/2026\/01\/101-8.png","datePublished":"2026-01-16T10:45:09+00:00","dateModified":"2026-03-22T17:36:53+00:00","description":"Kui soovid omale p\u00f5hjamaiset stiili k\u00f6\u00f6ki, siis tammepuidust p\u00f5drakujuline kuumaalus on ideaalne valik. Kaitseb t\u00f6\u00f6pinda ja lauda kuumaj\u00e4lgede\/kahjustuste eest.","breadcrumb":{"@id":"https:\/\/estcrafts.ee\/product\/tammest-kkuumaalus-podrakujuga\/#breadcrumb"},"inLanguage":"en-US","potentialAction":[{"@type":"ReadAction","target":["https:\/\/estcrafts.ee\/product\/tammest-kkuumaalus-podrakujuga\/"]}]},{"@type":"ImageObject","inLanguage":"en-US","@id":"https:\/\/estcrafts.ee\/product\/tammest-kkuumaalus-podrakujuga\/#primaryimage","url":"https:\/\/estcrafts.ee\/wp-content\/uploads\/2026\/01\/101-8.png","contentUrl":"https:\/\/estcrafts.ee\/wp-content\/uploads\/2026\/01\/101-8.png","width":1000,"height":1000,"caption":"kuumaalus"},{"@type":"BreadcrumbList","@id":"https:\/\/estcrafts.ee\/product\/tammest-kkuumaalus-podrakujuga\/#breadcrumb","itemListElement":[{"@type":"ListItem","position":1,"name":"Home","item":"https:\/\/estcrafts.ee\/"},{"@type":"ListItem","position":2,"name":"Shop","item":"https:\/\/estcrafts.ee\/?page_id=6"},{"@type":"ListItem","position":3,"name":"TAMMEST KUUMAALUS P\u00d5DRAKUJUGA"}]},{"@type":"WebSite","@id":"https:\/\/estcrafts.ee\/#website","url":"https:\/\/estcrafts.ee\/","name":"EstCrafts","description":"","potentialAction":[{"@type":"SearchAction","target":{"@type":"EntryPoint","urlTemplate":"https:\/\/estcrafts.ee\/?s={search_term_string}"},"query-input":{"@type":"PropertyValueSpecification","valueRequired":true,"valueName":"search_term_string"}}],"inLanguage":"en-US"}]}},"jetpack_sharing_enabled":true,"_links":{"self":[{"href":"https:\/\/estcrafts.ee\/en\/wp-json\/wp\/v2\/product\/2067","targetHints":{"allow":["GET"]}}],"collection":[{"href":"https:\/\/estcrafts.ee\/en\/wp-json\/wp\/v2\/product"}],"about":[{"href":"https:\/\/estcrafts.ee\/en\/wp-json\/wp\/v2\/types\/product"}],"replies":[{"embeddable":true,"href":"https:\/\/estcrafts.ee\/en\/wp-json\/wp\/v2\/comments?post=2067"}],"wp:featuredmedia":[{"embeddable":true,"href":"https:\/\/estcrafts.ee\/en\/wp-json\/wp\/v2\/media\/6448"}],"wp:attachment":[{"href":"https:\/\/estcrafts.ee\/en\/wp-json\/wp\/v2\/media?parent=2067"}],"wp:term":[{"taxonomy":"product_brand","embeddable":true,"href":"https:\/\/estcrafts.ee\/en\/wp-json\/wp\/v2\/product_brand?post=2067"},{"taxonomy":"product_cat","embeddable":true,"href":"https:\/\/estcrafts.ee\/en\/wp-json\/wp\/v2\/product_cat?post=2067"},{"taxonomy":"product_tag","embeddable":true,"href":"https:\/\/estcrafts.ee\/en\/wp-json\/wp\/v2\/product_tag?post=2067"}],"curies":[{"name":"wp","href":"https:\/\/api.w.org\/{rel}","templated":true}]}}