{"id":2043,"date":"2026-01-15T19:21:24","date_gmt":"2026-01-15T19:21:24","guid":{"rendered":"https:\/\/estcrafts.ee\/?post_type=product&#038;p=2043"},"modified":"2026-03-20T19:53:54","modified_gmt":"2026-03-20T17:53:54","slug":"loikelaud-pook","status":"publish","type":"product","link":"https:\/\/estcrafts.ee\/en\/product\/loikelaud-pook\/","title":{"rendered":"BEECH CUTTING BOARD"},"content":{"rendered":"<p>The milled groove helps prevent juices and liquids from spilling onto the table. It can be hung on the wall\u2014very convenient.<br \/>\nDimensions: 28.5 x 18 x 1.7 cm, 34 x 21 x 1.7 cm, 40.5 x 25 x 1.7 cm<br \/>\nWood: beech<\/p>\n<p>As a handmade product, each item is unique \u2013 the tone and grain may vary slightly.<\/p>\n<p>We recommend maintaining the product at least once a year using linseed oil or regular cooking oil. Regular oiling helps preserve the wood\u2019s beautiful appearance and prevents cracks caused by drying out. Before oiling, the product must be cleaned and completely dry. Apply the oil to both sides to prevent the wood from warping. After washing or oiling, leave the board to dry so air can circulate freely on both sides\u2014for example, standing upright. This helps the product keep its proper shape and prevents twisting.<\/p>","protected":false},"excerpt":{"rendered":"<p>A durable beech cutting board with a groove along the edge to collect liquids. The cutting board is carefully made from dried beech wood planks.<\/p>\n<p>More details can be found under Description.<\/p>","protected":false},"featured_media":6492,"comment_status":"open","ping_status":"closed","template":"","meta":[],"product_brand":[],"product_cat":[83],"product_tag":[308,199,191,306,305,307],"class_list":{"0":"post-2043","1":"product","2":"type-product","3":"status-publish","4":"has-post-thumbnail","6":"product_cat-loikelauad","7":"product_tag-freesitud-soon","8":"product_tag-kasitoo","9":"product_tag-kingitus","10":"product_tag-loikelaud","11":"product_tag-pook","12":"product_tag-puidust-loikelaud","14":"first","15":"instock","16":"shipping-taxable","17":"purchasable","18":"product-type-variable"},"yoast_head":"<!-- This site is optimized with the Yoast SEO plugin v27.4 - https:\/\/yoast.com\/product\/yoast-seo-wordpress\/ -->\n<title>P\u00d6\u00d6GIST L\u00d5IKELAUD - EstCrafts<\/title>\n<meta name=\"description\" content=\"Vastupidav p\u00f6\u00f6gipuust l\u00f5ikelaud, mille serva on tehtud vedeliku kogumiseks soon. L\u00f5ikelaud on valmistatud hoolikalt, tehtud kuivatatud p\u00f6\u00f6gipuu plangust.\" \/>\n<meta name=\"robots\" content=\"index, follow, max-snippet:-1, max-image-preview:large, max-video-preview:-1\" \/>\n<link rel=\"canonical\" href=\"https:\/\/estcrafts.ee\/en\/product\/loikelaud-pook\/\" \/>\n<meta property=\"og:locale\" content=\"en_US\" \/>\n<meta property=\"og:type\" content=\"article\" \/>\n<meta property=\"og:title\" content=\"P\u00d6\u00d6GIST L\u00d5IKELAUD - EstCrafts\" \/>\n<meta property=\"og:description\" content=\"Vastupidav p\u00f6\u00f6gipuust l\u00f5ikelaud, mille serva on tehtud vedeliku kogumiseks soon. L\u00f5ikelaud on valmistatud hoolikalt, tehtud kuivatatud p\u00f6\u00f6gipuu plangust.\" \/>\n<meta property=\"og:url\" content=\"https:\/\/estcrafts.ee\/en\/product\/loikelaud-pook\/\" \/>\n<meta property=\"og:site_name\" content=\"EstCrafts\" \/>\n<meta property=\"article:modified_time\" content=\"2026-03-20T17:53:54+00:00\" \/>\n<meta property=\"og:image\" content=\"https:\/\/estcrafts.ee\/wp-content\/uploads\/2026\/01\/Untitled-design-2026-03-19T204009.915.png\" \/>\n\t<meta property=\"og:image:width\" content=\"1000\" \/>\n\t<meta property=\"og:image:height\" content=\"1000\" \/>\n\t<meta property=\"og:image:type\" content=\"image\/png\" \/>\n<meta name=\"twitter:card\" content=\"summary_large_image\" \/>\n<meta name=\"twitter:label1\" content=\"Est. reading time\" \/>\n\t<meta name=\"twitter:data1\" content=\"1 minute\" \/>\n<script type=\"application\/ld+json\" class=\"yoast-schema-graph\">{\"@context\":\"https:\\\/\\\/schema.org\",\"@graph\":[{\"@type\":\"WebPage\",\"@id\":\"https:\\\/\\\/estcrafts.ee\\\/product\\\/loikelaud-pook\\\/\",\"url\":\"https:\\\/\\\/estcrafts.ee\\\/product\\\/loikelaud-pook\\\/\",\"name\":\"P\u00d6\u00d6GIST L\u00d5IKELAUD - EstCrafts\",\"isPartOf\":{\"@id\":\"https:\\\/\\\/estcrafts.ee\\\/#website\"},\"primaryImageOfPage\":{\"@id\":\"https:\\\/\\\/estcrafts.ee\\\/product\\\/loikelaud-pook\\\/#primaryimage\"},\"image\":{\"@id\":\"https:\\\/\\\/estcrafts.ee\\\/product\\\/loikelaud-pook\\\/#primaryimage\"},\"thumbnailUrl\":\"https:\\\/\\\/estcrafts.ee\\\/wp-content\\\/uploads\\\/2026\\\/01\\\/Untitled-design-2026-03-19T204009.915.png\",\"datePublished\":\"2026-01-15T19:21:24+00:00\",\"dateModified\":\"2026-03-20T17:53:54+00:00\",\"description\":\"Vastupidav p\u00f6\u00f6gipuust l\u00f5ikelaud, mille serva on tehtud vedeliku kogumiseks soon. L\u00f5ikelaud on valmistatud hoolikalt, tehtud kuivatatud p\u00f6\u00f6gipuu plangust.\",\"breadcrumb\":{\"@id\":\"https:\\\/\\\/estcrafts.ee\\\/product\\\/loikelaud-pook\\\/#breadcrumb\"},\"inLanguage\":\"en-US\",\"potentialAction\":[{\"@type\":\"ReadAction\",\"target\":[\"https:\\\/\\\/estcrafts.ee\\\/product\\\/loikelaud-pook\\\/\"]}]},{\"@type\":\"ImageObject\",\"inLanguage\":\"en-US\",\"@id\":\"https:\\\/\\\/estcrafts.ee\\\/product\\\/loikelaud-pook\\\/#primaryimage\",\"url\":\"https:\\\/\\\/estcrafts.ee\\\/wp-content\\\/uploads\\\/2026\\\/01\\\/Untitled-design-2026-03-19T204009.915.png\",\"contentUrl\":\"https:\\\/\\\/estcrafts.ee\\\/wp-content\\\/uploads\\\/2026\\\/01\\\/Untitled-design-2026-03-19T204009.915.png\",\"width\":1000,\"height\":1000,\"caption\":\"l\u00f5ikelaud\"},{\"@type\":\"BreadcrumbList\",\"@id\":\"https:\\\/\\\/estcrafts.ee\\\/product\\\/loikelaud-pook\\\/#breadcrumb\",\"itemListElement\":[{\"@type\":\"ListItem\",\"position\":1,\"name\":\"Home\",\"item\":\"https:\\\/\\\/estcrafts.ee\\\/\"},{\"@type\":\"ListItem\",\"position\":2,\"name\":\"Shop\",\"item\":\"https:\\\/\\\/estcrafts.ee\\\/?page_id=6\"},{\"@type\":\"ListItem\",\"position\":3,\"name\":\"P\u00d6\u00d6GIST L\u00d5IKELAUD\"}]},{\"@type\":\"WebSite\",\"@id\":\"https:\\\/\\\/estcrafts.ee\\\/#website\",\"url\":\"https:\\\/\\\/estcrafts.ee\\\/\",\"name\":\"EstCrafts\",\"description\":\"\",\"potentialAction\":[{\"@type\":\"SearchAction\",\"target\":{\"@type\":\"EntryPoint\",\"urlTemplate\":\"https:\\\/\\\/estcrafts.ee\\\/?s={search_term_string}\"},\"query-input\":{\"@type\":\"PropertyValueSpecification\",\"valueRequired\":true,\"valueName\":\"search_term_string\"}}],\"inLanguage\":\"en-US\"}]}<\/script>\n<!-- \/ Yoast SEO plugin. -->","yoast_head_json":{"title":"P\u00d6\u00d6GIST L\u00d5IKELAUD - EstCrafts","description":"A durable beech cutting board with a groove along the edge to collect liquids. The cutting board is carefully made from dried beech wood planks.","robots":{"index":"index","follow":"follow","max-snippet":"max-snippet:-1","max-image-preview":"max-image-preview:large","max-video-preview":"max-video-preview:-1"},"canonical":"https:\/\/estcrafts.ee\/en\/product\/loikelaud-pook\/","og_locale":"en_US","og_type":"article","og_title":"P\u00d6\u00d6GIST L\u00d5IKELAUD - EstCrafts","og_description":"Vastupidav p\u00f6\u00f6gipuust l\u00f5ikelaud, mille serva on tehtud vedeliku kogumiseks soon. L\u00f5ikelaud on valmistatud hoolikalt, tehtud kuivatatud p\u00f6\u00f6gipuu plangust.","og_url":"https:\/\/estcrafts.ee\/en\/product\/loikelaud-pook\/","og_site_name":"EstCrafts","article_modified_time":"2026-03-20T17:53:54+00:00","og_image":[{"width":1000,"height":1000,"url":"https:\/\/estcrafts.ee\/wp-content\/uploads\/2026\/01\/Untitled-design-2026-03-19T204009.915.png","type":"image\/png"}],"twitter_card":"summary_large_image","twitter_misc":{"Est. reading time":"1 minute"},"schema":{"@context":"https:\/\/schema.org","@graph":[{"@type":"WebPage","@id":"https:\/\/estcrafts.ee\/product\/loikelaud-pook\/","url":"https:\/\/estcrafts.ee\/product\/loikelaud-pook\/","name":"P\u00d6\u00d6GIST L\u00d5IKELAUD - EstCrafts","isPartOf":{"@id":"https:\/\/estcrafts.ee\/#website"},"primaryImageOfPage":{"@id":"https:\/\/estcrafts.ee\/product\/loikelaud-pook\/#primaryimage"},"image":{"@id":"https:\/\/estcrafts.ee\/product\/loikelaud-pook\/#primaryimage"},"thumbnailUrl":"https:\/\/estcrafts.ee\/wp-content\/uploads\/2026\/01\/Untitled-design-2026-03-19T204009.915.png","datePublished":"2026-01-15T19:21:24+00:00","dateModified":"2026-03-20T17:53:54+00:00","description":"A durable beech cutting board with a groove along the edge to collect liquids. The cutting board is carefully made from dried beech wood planks.","breadcrumb":{"@id":"https:\/\/estcrafts.ee\/product\/loikelaud-pook\/#breadcrumb"},"inLanguage":"en-US","potentialAction":[{"@type":"ReadAction","target":["https:\/\/estcrafts.ee\/product\/loikelaud-pook\/"]}]},{"@type":"ImageObject","inLanguage":"en-US","@id":"https:\/\/estcrafts.ee\/product\/loikelaud-pook\/#primaryimage","url":"https:\/\/estcrafts.ee\/wp-content\/uploads\/2026\/01\/Untitled-design-2026-03-19T204009.915.png","contentUrl":"https:\/\/estcrafts.ee\/wp-content\/uploads\/2026\/01\/Untitled-design-2026-03-19T204009.915.png","width":1000,"height":1000,"caption":"l\u00f5ikelaud"},{"@type":"BreadcrumbList","@id":"https:\/\/estcrafts.ee\/product\/loikelaud-pook\/#breadcrumb","itemListElement":[{"@type":"ListItem","position":1,"name":"Home","item":"https:\/\/estcrafts.ee\/"},{"@type":"ListItem","position":2,"name":"Shop","item":"https:\/\/estcrafts.ee\/?page_id=6"},{"@type":"ListItem","position":3,"name":"P\u00d6\u00d6GIST L\u00d5IKELAUD"}]},{"@type":"WebSite","@id":"https:\/\/estcrafts.ee\/#website","url":"https:\/\/estcrafts.ee\/","name":"EstCrafts","description":"","potentialAction":[{"@type":"SearchAction","target":{"@type":"EntryPoint","urlTemplate":"https:\/\/estcrafts.ee\/?s={search_term_string}"},"query-input":{"@type":"PropertyValueSpecification","valueRequired":true,"valueName":"search_term_string"}}],"inLanguage":"en-US"}]}},"jetpack_sharing_enabled":true,"_links":{"self":[{"href":"https:\/\/estcrafts.ee\/en\/wp-json\/wp\/v2\/product\/2043","targetHints":{"allow":["GET"]}}],"collection":[{"href":"https:\/\/estcrafts.ee\/en\/wp-json\/wp\/v2\/product"}],"about":[{"href":"https:\/\/estcrafts.ee\/en\/wp-json\/wp\/v2\/types\/product"}],"replies":[{"embeddable":true,"href":"https:\/\/estcrafts.ee\/en\/wp-json\/wp\/v2\/comments?post=2043"}],"wp:featuredmedia":[{"embeddable":true,"href":"https:\/\/estcrafts.ee\/en\/wp-json\/wp\/v2\/media\/6492"}],"wp:attachment":[{"href":"https:\/\/estcrafts.ee\/en\/wp-json\/wp\/v2\/media?parent=2043"}],"wp:term":[{"taxonomy":"product_brand","embeddable":true,"href":"https:\/\/estcrafts.ee\/en\/wp-json\/wp\/v2\/product_brand?post=2043"},{"taxonomy":"product_cat","embeddable":true,"href":"https:\/\/estcrafts.ee\/en\/wp-json\/wp\/v2\/product_cat?post=2043"},{"taxonomy":"product_tag","embeddable":true,"href":"https:\/\/estcrafts.ee\/en\/wp-json\/wp\/v2\/product_tag?post=2043"}],"curies":[{"name":"wp","href":"https:\/\/api.w.org\/{rel}","templated":true}]}}