{"id":2039,"date":"2026-01-15T16:16:07","date_gmt":"2026-01-15T16:16:07","guid":{"rendered":"https:\/\/estcrafts.ee\/?post_type=product&#038;p=2039"},"modified":"2026-03-20T12:37:57","modified_gmt":"2026-03-20T10:37:57","slug":"poogist-loikelaud","status":"publish","type":"product","link":"https:\/\/estcrafts.ee\/en\/product\/poogist-loikelaud\/","title":{"rendered":"BEECH CUTTING BOARD"},"content":{"rendered":"<p>An elongated beech cutting board. A liquid groove is milled into the edge to collect juices and liquids and help prevent them from spilling. It can be hung on the wall\u2014very convenient.<br \/>\nDimensions: 39 x 24 x 1.7 cm<br \/>\nWood: Beech<\/p>\n<p>As a handmade product, each item is unique \u2013 the tone and grain may vary slightly.<\/p>\n<p>We recommend maintaining the product at least once a year using linseed oil or regular cooking oil. Regular oiling helps preserve the wood\u2019s beautiful appearance and prevents cracks caused by drying out. Before oiling, the product must be cleaned and completely dry. Apply the oil to both sides to prevent the wood from warping. After washing or oiling, leave the board to dry so air can circulate freely on both sides\u2014for example, standing upright. This helps the product keep its proper shape and prevents twisting.<\/p>","protected":false},"excerpt":{"rendered":"<p>An elongated beech cutting board. The milled groove helps prevent liquids from spilling, and it can also be hung on the wall.<br \/>\nDimensions: 39 x 24 x 1.7 cm<\/p>\n<p>More details can be found under Description.<\/p>","protected":false},"featured_media":6477,"comment_status":"open","ping_status":"closed","template":"","meta":[],"product_brand":[],"product_cat":[83],"product_tag":[199,191,192,306,305,307],"class_list":{"0":"post-2039","1":"product","2":"type-product","3":"status-publish","4":"has-post-thumbnail","6":"product_cat-loikelauad","7":"product_tag-kasitoo","8":"product_tag-kingitus","9":"product_tag-koogitarvik","10":"product_tag-loikelaud","11":"product_tag-pook","12":"product_tag-puidust-loikelaud","14":"first","15":"instock","16":"shipping-taxable","17":"purchasable","18":"product-type-simple"},"yoast_head":"<!-- This site is optimized with the Yoast SEO plugin v27.4 - https:\/\/yoast.com\/product\/yoast-seo-wordpress\/ -->\n<title>P\u00d6\u00d6GIST L\u00d5IKELAUD - EstCrafts<\/title>\n<meta name=\"description\" content=\"Piklik p\u00f6\u00f6gist l\u00f5ikelaud. Serva on freesitud vedelikusoon, mis kogub mahlad, vedelikud ja aitab v\u00e4ltida nende laiali valgumist. V\u00f5imalus seinale riputada.\" \/>\n<meta name=\"robots\" content=\"index, follow, max-snippet:-1, max-image-preview:large, max-video-preview:-1\" \/>\n<link rel=\"canonical\" href=\"https:\/\/estcrafts.ee\/en\/product\/poogist-loikelaud\/\" \/>\n<meta property=\"og:locale\" content=\"en_US\" \/>\n<meta property=\"og:type\" content=\"article\" \/>\n<meta property=\"og:title\" content=\"P\u00d6\u00d6GIST L\u00d5IKELAUD - EstCrafts\" \/>\n<meta property=\"og:description\" content=\"Piklik p\u00f6\u00f6gist l\u00f5ikelaud. Serva on freesitud vedelikusoon, mis kogub mahlad, vedelikud ja aitab v\u00e4ltida nende laiali valgumist. V\u00f5imalus seinale riputada.\" \/>\n<meta property=\"og:url\" content=\"https:\/\/estcrafts.ee\/en\/product\/poogist-loikelaud\/\" \/>\n<meta property=\"og:site_name\" content=\"EstCrafts\" \/>\n<meta property=\"article:modified_time\" content=\"2026-03-20T10:37:57+00:00\" \/>\n<meta property=\"og:image\" content=\"https:\/\/estcrafts.ee\/wp-content\/uploads\/2026\/01\/32-4.png\" \/>\n\t<meta property=\"og:image:width\" content=\"1000\" \/>\n\t<meta property=\"og:image:height\" content=\"1000\" \/>\n\t<meta property=\"og:image:type\" content=\"image\/png\" \/>\n<meta name=\"twitter:card\" content=\"summary_large_image\" \/>\n<meta name=\"twitter:label1\" content=\"Est. reading time\" \/>\n\t<meta name=\"twitter:data1\" content=\"1 minute\" \/>\n<script type=\"application\/ld+json\" class=\"yoast-schema-graph\">{\"@context\":\"https:\\\/\\\/schema.org\",\"@graph\":[{\"@type\":\"WebPage\",\"@id\":\"https:\\\/\\\/estcrafts.ee\\\/product\\\/poogist-loikelaud\\\/\",\"url\":\"https:\\\/\\\/estcrafts.ee\\\/product\\\/poogist-loikelaud\\\/\",\"name\":\"P\u00d6\u00d6GIST L\u00d5IKELAUD - EstCrafts\",\"isPartOf\":{\"@id\":\"https:\\\/\\\/estcrafts.ee\\\/#website\"},\"primaryImageOfPage\":{\"@id\":\"https:\\\/\\\/estcrafts.ee\\\/product\\\/poogist-loikelaud\\\/#primaryimage\"},\"image\":{\"@id\":\"https:\\\/\\\/estcrafts.ee\\\/product\\\/poogist-loikelaud\\\/#primaryimage\"},\"thumbnailUrl\":\"https:\\\/\\\/estcrafts.ee\\\/wp-content\\\/uploads\\\/2026\\\/01\\\/32-4.png\",\"datePublished\":\"2026-01-15T16:16:07+00:00\",\"dateModified\":\"2026-03-20T10:37:57+00:00\",\"description\":\"Piklik p\u00f6\u00f6gist l\u00f5ikelaud. Serva on freesitud vedelikusoon, mis kogub mahlad, vedelikud ja aitab v\u00e4ltida nende laiali valgumist. V\u00f5imalus seinale riputada.\",\"breadcrumb\":{\"@id\":\"https:\\\/\\\/estcrafts.ee\\\/product\\\/poogist-loikelaud\\\/#breadcrumb\"},\"inLanguage\":\"en-US\",\"potentialAction\":[{\"@type\":\"ReadAction\",\"target\":[\"https:\\\/\\\/estcrafts.ee\\\/product\\\/poogist-loikelaud\\\/\"]}]},{\"@type\":\"ImageObject\",\"inLanguage\":\"en-US\",\"@id\":\"https:\\\/\\\/estcrafts.ee\\\/product\\\/poogist-loikelaud\\\/#primaryimage\",\"url\":\"https:\\\/\\\/estcrafts.ee\\\/wp-content\\\/uploads\\\/2026\\\/01\\\/32-4.png\",\"contentUrl\":\"https:\\\/\\\/estcrafts.ee\\\/wp-content\\\/uploads\\\/2026\\\/01\\\/32-4.png\",\"width\":1000,\"height\":1000,\"caption\":\"l\u00f5ikelaud\"},{\"@type\":\"BreadcrumbList\",\"@id\":\"https:\\\/\\\/estcrafts.ee\\\/product\\\/poogist-loikelaud\\\/#breadcrumb\",\"itemListElement\":[{\"@type\":\"ListItem\",\"position\":1,\"name\":\"Home\",\"item\":\"https:\\\/\\\/estcrafts.ee\\\/\"},{\"@type\":\"ListItem\",\"position\":2,\"name\":\"Shop\",\"item\":\"https:\\\/\\\/estcrafts.ee\\\/?page_id=6\"},{\"@type\":\"ListItem\",\"position\":3,\"name\":\"P\u00d6\u00d6GIST L\u00d5IKELAUD\"}]},{\"@type\":\"WebSite\",\"@id\":\"https:\\\/\\\/estcrafts.ee\\\/#website\",\"url\":\"https:\\\/\\\/estcrafts.ee\\\/\",\"name\":\"EstCrafts\",\"description\":\"\",\"potentialAction\":[{\"@type\":\"SearchAction\",\"target\":{\"@type\":\"EntryPoint\",\"urlTemplate\":\"https:\\\/\\\/estcrafts.ee\\\/?s={search_term_string}\"},\"query-input\":{\"@type\":\"PropertyValueSpecification\",\"valueRequired\":true,\"valueName\":\"search_term_string\"}}],\"inLanguage\":\"en-US\"}]}<\/script>\n<!-- \/ Yoast SEO plugin. -->","yoast_head_json":{"title":"P\u00d6\u00d6GIST L\u00d5IKELAUD - EstCrafts","description":"Piklik p\u00f6\u00f6gist l\u00f5ikelaud. Serva on freesitud vedelikusoon, mis kogub mahlad, vedelikud ja aitab v\u00e4ltida nende laiali valgumist. V\u00f5imalus seinale riputada.","robots":{"index":"index","follow":"follow","max-snippet":"max-snippet:-1","max-image-preview":"max-image-preview:large","max-video-preview":"max-video-preview:-1"},"canonical":"https:\/\/estcrafts.ee\/en\/product\/poogist-loikelaud\/","og_locale":"en_US","og_type":"article","og_title":"P\u00d6\u00d6GIST L\u00d5IKELAUD - EstCrafts","og_description":"Piklik p\u00f6\u00f6gist l\u00f5ikelaud. Serva on freesitud vedelikusoon, mis kogub mahlad, vedelikud ja aitab v\u00e4ltida nende laiali valgumist. V\u00f5imalus seinale riputada.","og_url":"https:\/\/estcrafts.ee\/en\/product\/poogist-loikelaud\/","og_site_name":"EstCrafts","article_modified_time":"2026-03-20T10:37:57+00:00","og_image":[{"width":1000,"height":1000,"url":"https:\/\/estcrafts.ee\/wp-content\/uploads\/2026\/01\/32-4.png","type":"image\/png"}],"twitter_card":"summary_large_image","twitter_misc":{"Est. reading time":"1 minute"},"schema":{"@context":"https:\/\/schema.org","@graph":[{"@type":"WebPage","@id":"https:\/\/estcrafts.ee\/product\/poogist-loikelaud\/","url":"https:\/\/estcrafts.ee\/product\/poogist-loikelaud\/","name":"P\u00d6\u00d6GIST L\u00d5IKELAUD - EstCrafts","isPartOf":{"@id":"https:\/\/estcrafts.ee\/#website"},"primaryImageOfPage":{"@id":"https:\/\/estcrafts.ee\/product\/poogist-loikelaud\/#primaryimage"},"image":{"@id":"https:\/\/estcrafts.ee\/product\/poogist-loikelaud\/#primaryimage"},"thumbnailUrl":"https:\/\/estcrafts.ee\/wp-content\/uploads\/2026\/01\/32-4.png","datePublished":"2026-01-15T16:16:07+00:00","dateModified":"2026-03-20T10:37:57+00:00","description":"Piklik p\u00f6\u00f6gist l\u00f5ikelaud. Serva on freesitud vedelikusoon, mis kogub mahlad, vedelikud ja aitab v\u00e4ltida nende laiali valgumist. V\u00f5imalus seinale riputada.","breadcrumb":{"@id":"https:\/\/estcrafts.ee\/product\/poogist-loikelaud\/#breadcrumb"},"inLanguage":"en-US","potentialAction":[{"@type":"ReadAction","target":["https:\/\/estcrafts.ee\/product\/poogist-loikelaud\/"]}]},{"@type":"ImageObject","inLanguage":"en-US","@id":"https:\/\/estcrafts.ee\/product\/poogist-loikelaud\/#primaryimage","url":"https:\/\/estcrafts.ee\/wp-content\/uploads\/2026\/01\/32-4.png","contentUrl":"https:\/\/estcrafts.ee\/wp-content\/uploads\/2026\/01\/32-4.png","width":1000,"height":1000,"caption":"l\u00f5ikelaud"},{"@type":"BreadcrumbList","@id":"https:\/\/estcrafts.ee\/product\/poogist-loikelaud\/#breadcrumb","itemListElement":[{"@type":"ListItem","position":1,"name":"Home","item":"https:\/\/estcrafts.ee\/"},{"@type":"ListItem","position":2,"name":"Shop","item":"https:\/\/estcrafts.ee\/?page_id=6"},{"@type":"ListItem","position":3,"name":"P\u00d6\u00d6GIST L\u00d5IKELAUD"}]},{"@type":"WebSite","@id":"https:\/\/estcrafts.ee\/#website","url":"https:\/\/estcrafts.ee\/","name":"EstCrafts","description":"","potentialAction":[{"@type":"SearchAction","target":{"@type":"EntryPoint","urlTemplate":"https:\/\/estcrafts.ee\/?s={search_term_string}"},"query-input":{"@type":"PropertyValueSpecification","valueRequired":true,"valueName":"search_term_string"}}],"inLanguage":"en-US"}]}},"jetpack_sharing_enabled":true,"_links":{"self":[{"href":"https:\/\/estcrafts.ee\/en\/wp-json\/wp\/v2\/product\/2039","targetHints":{"allow":["GET"]}}],"collection":[{"href":"https:\/\/estcrafts.ee\/en\/wp-json\/wp\/v2\/product"}],"about":[{"href":"https:\/\/estcrafts.ee\/en\/wp-json\/wp\/v2\/types\/product"}],"replies":[{"embeddable":true,"href":"https:\/\/estcrafts.ee\/en\/wp-json\/wp\/v2\/comments?post=2039"}],"wp:featuredmedia":[{"embeddable":true,"href":"https:\/\/estcrafts.ee\/en\/wp-json\/wp\/v2\/media\/6477"}],"wp:attachment":[{"href":"https:\/\/estcrafts.ee\/en\/wp-json\/wp\/v2\/media?parent=2039"}],"wp:term":[{"taxonomy":"product_brand","embeddable":true,"href":"https:\/\/estcrafts.ee\/en\/wp-json\/wp\/v2\/product_brand?post=2039"},{"taxonomy":"product_cat","embeddable":true,"href":"https:\/\/estcrafts.ee\/en\/wp-json\/wp\/v2\/product_cat?post=2039"},{"taxonomy":"product_tag","embeddable":true,"href":"https:\/\/estcrafts.ee\/en\/wp-json\/wp\/v2\/product_tag?post=2039"}],"curies":[{"name":"wp","href":"https:\/\/api.w.org\/{rel}","templated":true}]}}