{"id":2034,"date":"2026-01-15T16:08:47","date_gmt":"2026-01-15T16:08:47","guid":{"rendered":"https:\/\/estcrafts.ee\/?post_type=product&#038;p=2034"},"modified":"2026-03-20T18:11:32","modified_gmt":"2026-03-20T16:11:32","slug":"ammest-loikelaud","status":"publish","type":"product","link":"https:\/\/estcrafts.ee\/en\/product\/ammest-loikelaud\/","title":{"rendered":"OAK CUTTING BOARD"},"content":{"rendered":"<p>A durable oak cutting board. A liquid groove is milled into the edge to collect juices and liquids and help prevent them from spilling onto the table. Oak is strong and long-lasting.<\/p>\n<p>Dimensions: 32 x 24 x 2.2 cm<br \/>\nWood: oak<\/p>\n<p>As a handmade product, each item is unique \u2013 the tone and grain may vary slightly.<\/p>\n<p>We recommend maintaining the product at least once a year using linseed oil or regular cooking oil. Regular oiling helps preserve the wood\u2019s beautiful appearance and prevents cracks caused by drying out. Before oiling, the product must be cleaned and completely dry. Apply the oil to both sides to prevent the wood from warping. After washing or oiling, leave the board to dry so air can circulate freely on both sides\u2014for example, standing upright. This helps the product keep its proper shape and prevents twisting.<\/p>","protected":false},"excerpt":{"rendered":"<p>A durable oak cutting board.<br \/>\nDimensions: 32 x 24 x 2.2 cm<\/p>\n<p>More details can be found under Description.<\/p>","protected":false},"featured_media":6516,"comment_status":"open","ping_status":"closed","template":"","meta":[],"product_brand":[],"product_cat":[83],"product_tag":[199,191,192,306,309,310],"class_list":{"0":"post-2034","1":"product","2":"type-product","3":"status-publish","4":"has-post-thumbnail","6":"product_cat-loikelauad","7":"product_tag-kasitoo","8":"product_tag-kingitus","9":"product_tag-koogitarvik","10":"product_tag-loikelaud","11":"product_tag-tammest-loikelaud","12":"product_tag-vastupidav-loikelaud","14":"first","15":"instock","16":"shipping-taxable","17":"purchasable","18":"product-type-simple"},"yoast_head":"<!-- This site is optimized with the Yoast SEO plugin v27.4 - https:\/\/yoast.com\/product\/yoast-seo-wordpress\/ -->\n<title>TAMMEST L\u00d5IKELAUD - EstCrafts<\/title>\n<meta name=\"description\" content=\"Vastupidav ja kauakestev tammest l\u00f5ikelaud. L\u00f5ikelaua serva on freesitud vedelikusoon, mis kogub mahlad,vedelikud ja aitab v\u00e4ltida nende lauale valgumist.\" \/>\n<meta name=\"robots\" content=\"index, follow, max-snippet:-1, max-image-preview:large, max-video-preview:-1\" \/>\n<link rel=\"canonical\" href=\"https:\/\/estcrafts.ee\/en\/product\/ammest-loikelaud\/\" \/>\n<meta property=\"og:locale\" content=\"en_US\" \/>\n<meta property=\"og:type\" content=\"article\" \/>\n<meta property=\"og:title\" content=\"TAMMEST L\u00d5IKELAUD - EstCrafts\" \/>\n<meta property=\"og:description\" content=\"Vastupidav ja kauakestev tammest l\u00f5ikelaud. L\u00f5ikelaua serva on freesitud vedelikusoon, mis kogub mahlad,vedelikud ja aitab v\u00e4ltida nende lauale valgumist.\" \/>\n<meta property=\"og:url\" content=\"https:\/\/estcrafts.ee\/en\/product\/ammest-loikelaud\/\" \/>\n<meta property=\"og:site_name\" content=\"EstCrafts\" \/>\n<meta property=\"article:modified_time\" content=\"2026-03-20T16:11:32+00:00\" \/>\n<meta property=\"og:image\" content=\"https:\/\/estcrafts.ee\/wp-content\/uploads\/2026\/01\/12-6.png\" \/>\n\t<meta property=\"og:image:width\" content=\"1000\" \/>\n\t<meta property=\"og:image:height\" content=\"1000\" \/>\n\t<meta property=\"og:image:type\" content=\"image\/png\" \/>\n<meta name=\"twitter:card\" content=\"summary_large_image\" \/>\n<meta name=\"twitter:label1\" content=\"Est. reading time\" \/>\n\t<meta name=\"twitter:data1\" content=\"1 minute\" \/>\n<script type=\"application\/ld+json\" class=\"yoast-schema-graph\">{\"@context\":\"https:\\\/\\\/schema.org\",\"@graph\":[{\"@type\":\"WebPage\",\"@id\":\"https:\\\/\\\/estcrafts.ee\\\/product\\\/ammest-loikelaud\\\/\",\"url\":\"https:\\\/\\\/estcrafts.ee\\\/product\\\/ammest-loikelaud\\\/\",\"name\":\"TAMMEST L\u00d5IKELAUD - EstCrafts\",\"isPartOf\":{\"@id\":\"https:\\\/\\\/estcrafts.ee\\\/#website\"},\"primaryImageOfPage\":{\"@id\":\"https:\\\/\\\/estcrafts.ee\\\/product\\\/ammest-loikelaud\\\/#primaryimage\"},\"image\":{\"@id\":\"https:\\\/\\\/estcrafts.ee\\\/product\\\/ammest-loikelaud\\\/#primaryimage\"},\"thumbnailUrl\":\"https:\\\/\\\/estcrafts.ee\\\/wp-content\\\/uploads\\\/2026\\\/01\\\/12-6.png\",\"datePublished\":\"2026-01-15T16:08:47+00:00\",\"dateModified\":\"2026-03-20T16:11:32+00:00\",\"description\":\"Vastupidav ja kauakestev tammest l\u00f5ikelaud. L\u00f5ikelaua serva on freesitud vedelikusoon, mis kogub mahlad,vedelikud ja aitab v\u00e4ltida nende lauale valgumist.\",\"breadcrumb\":{\"@id\":\"https:\\\/\\\/estcrafts.ee\\\/product\\\/ammest-loikelaud\\\/#breadcrumb\"},\"inLanguage\":\"en-US\",\"potentialAction\":[{\"@type\":\"ReadAction\",\"target\":[\"https:\\\/\\\/estcrafts.ee\\\/product\\\/ammest-loikelaud\\\/\"]}]},{\"@type\":\"ImageObject\",\"inLanguage\":\"en-US\",\"@id\":\"https:\\\/\\\/estcrafts.ee\\\/product\\\/ammest-loikelaud\\\/#primaryimage\",\"url\":\"https:\\\/\\\/estcrafts.ee\\\/wp-content\\\/uploads\\\/2026\\\/01\\\/12-6.png\",\"contentUrl\":\"https:\\\/\\\/estcrafts.ee\\\/wp-content\\\/uploads\\\/2026\\\/01\\\/12-6.png\",\"width\":1000,\"height\":1000,\"caption\":\"l\u00f5ikelaud\"},{\"@type\":\"BreadcrumbList\",\"@id\":\"https:\\\/\\\/estcrafts.ee\\\/product\\\/ammest-loikelaud\\\/#breadcrumb\",\"itemListElement\":[{\"@type\":\"ListItem\",\"position\":1,\"name\":\"Home\",\"item\":\"https:\\\/\\\/estcrafts.ee\\\/\"},{\"@type\":\"ListItem\",\"position\":2,\"name\":\"Shop\",\"item\":\"https:\\\/\\\/estcrafts.ee\\\/?page_id=6\"},{\"@type\":\"ListItem\",\"position\":3,\"name\":\"TAMMEST L\u00d5IKELAUD\"}]},{\"@type\":\"WebSite\",\"@id\":\"https:\\\/\\\/estcrafts.ee\\\/#website\",\"url\":\"https:\\\/\\\/estcrafts.ee\\\/\",\"name\":\"EstCrafts\",\"description\":\"\",\"potentialAction\":[{\"@type\":\"SearchAction\",\"target\":{\"@type\":\"EntryPoint\",\"urlTemplate\":\"https:\\\/\\\/estcrafts.ee\\\/?s={search_term_string}\"},\"query-input\":{\"@type\":\"PropertyValueSpecification\",\"valueRequired\":true,\"valueName\":\"search_term_string\"}}],\"inLanguage\":\"en-US\"}]}<\/script>\n<!-- \/ Yoast SEO plugin. -->","yoast_head_json":{"title":"TAMMEST L\u00d5IKELAUD - EstCrafts","description":"Vastupidav ja kauakestev tammest l\u00f5ikelaud. L\u00f5ikelaua serva on freesitud vedelikusoon, mis kogub mahlad,vedelikud ja aitab v\u00e4ltida nende lauale valgumist.","robots":{"index":"index","follow":"follow","max-snippet":"max-snippet:-1","max-image-preview":"max-image-preview:large","max-video-preview":"max-video-preview:-1"},"canonical":"https:\/\/estcrafts.ee\/en\/product\/ammest-loikelaud\/","og_locale":"en_US","og_type":"article","og_title":"TAMMEST L\u00d5IKELAUD - EstCrafts","og_description":"Vastupidav ja kauakestev tammest l\u00f5ikelaud. L\u00f5ikelaua serva on freesitud vedelikusoon, mis kogub mahlad,vedelikud ja aitab v\u00e4ltida nende lauale valgumist.","og_url":"https:\/\/estcrafts.ee\/en\/product\/ammest-loikelaud\/","og_site_name":"EstCrafts","article_modified_time":"2026-03-20T16:11:32+00:00","og_image":[{"width":1000,"height":1000,"url":"https:\/\/estcrafts.ee\/wp-content\/uploads\/2026\/01\/12-6.png","type":"image\/png"}],"twitter_card":"summary_large_image","twitter_misc":{"Est. reading time":"1 minute"},"schema":{"@context":"https:\/\/schema.org","@graph":[{"@type":"WebPage","@id":"https:\/\/estcrafts.ee\/product\/ammest-loikelaud\/","url":"https:\/\/estcrafts.ee\/product\/ammest-loikelaud\/","name":"TAMMEST L\u00d5IKELAUD - EstCrafts","isPartOf":{"@id":"https:\/\/estcrafts.ee\/#website"},"primaryImageOfPage":{"@id":"https:\/\/estcrafts.ee\/product\/ammest-loikelaud\/#primaryimage"},"image":{"@id":"https:\/\/estcrafts.ee\/product\/ammest-loikelaud\/#primaryimage"},"thumbnailUrl":"https:\/\/estcrafts.ee\/wp-content\/uploads\/2026\/01\/12-6.png","datePublished":"2026-01-15T16:08:47+00:00","dateModified":"2026-03-20T16:11:32+00:00","description":"Vastupidav ja kauakestev tammest l\u00f5ikelaud. L\u00f5ikelaua serva on freesitud vedelikusoon, mis kogub mahlad,vedelikud ja aitab v\u00e4ltida nende lauale valgumist.","breadcrumb":{"@id":"https:\/\/estcrafts.ee\/product\/ammest-loikelaud\/#breadcrumb"},"inLanguage":"en-US","potentialAction":[{"@type":"ReadAction","target":["https:\/\/estcrafts.ee\/product\/ammest-loikelaud\/"]}]},{"@type":"ImageObject","inLanguage":"en-US","@id":"https:\/\/estcrafts.ee\/product\/ammest-loikelaud\/#primaryimage","url":"https:\/\/estcrafts.ee\/wp-content\/uploads\/2026\/01\/12-6.png","contentUrl":"https:\/\/estcrafts.ee\/wp-content\/uploads\/2026\/01\/12-6.png","width":1000,"height":1000,"caption":"l\u00f5ikelaud"},{"@type":"BreadcrumbList","@id":"https:\/\/estcrafts.ee\/product\/ammest-loikelaud\/#breadcrumb","itemListElement":[{"@type":"ListItem","position":1,"name":"Home","item":"https:\/\/estcrafts.ee\/"},{"@type":"ListItem","position":2,"name":"Shop","item":"https:\/\/estcrafts.ee\/?page_id=6"},{"@type":"ListItem","position":3,"name":"TAMMEST L\u00d5IKELAUD"}]},{"@type":"WebSite","@id":"https:\/\/estcrafts.ee\/#website","url":"https:\/\/estcrafts.ee\/","name":"EstCrafts","description":"","potentialAction":[{"@type":"SearchAction","target":{"@type":"EntryPoint","urlTemplate":"https:\/\/estcrafts.ee\/?s={search_term_string}"},"query-input":{"@type":"PropertyValueSpecification","valueRequired":true,"valueName":"search_term_string"}}],"inLanguage":"en-US"}]}},"jetpack_sharing_enabled":true,"_links":{"self":[{"href":"https:\/\/estcrafts.ee\/en\/wp-json\/wp\/v2\/product\/2034","targetHints":{"allow":["GET"]}}],"collection":[{"href":"https:\/\/estcrafts.ee\/en\/wp-json\/wp\/v2\/product"}],"about":[{"href":"https:\/\/estcrafts.ee\/en\/wp-json\/wp\/v2\/types\/product"}],"replies":[{"embeddable":true,"href":"https:\/\/estcrafts.ee\/en\/wp-json\/wp\/v2\/comments?post=2034"}],"wp:featuredmedia":[{"embeddable":true,"href":"https:\/\/estcrafts.ee\/en\/wp-json\/wp\/v2\/media\/6516"}],"wp:attachment":[{"href":"https:\/\/estcrafts.ee\/en\/wp-json\/wp\/v2\/media?parent=2034"}],"wp:term":[{"taxonomy":"product_brand","embeddable":true,"href":"https:\/\/estcrafts.ee\/en\/wp-json\/wp\/v2\/product_brand?post=2034"},{"taxonomy":"product_cat","embeddable":true,"href":"https:\/\/estcrafts.ee\/en\/wp-json\/wp\/v2\/product_cat?post=2034"},{"taxonomy":"product_tag","embeddable":true,"href":"https:\/\/estcrafts.ee\/en\/wp-json\/wp\/v2\/product_tag?post=2034"}],"curies":[{"name":"wp","href":"https:\/\/api.w.org\/{rel}","templated":true}]}}