{"id":2026,"date":"2026-01-15T15:51:14","date_gmt":"2026-01-15T15:51:14","guid":{"rendered":"https:\/\/estcrafts.ee\/?post_type=product&#038;p=2026"},"modified":"2026-03-20T12:06:54","modified_gmt":"2026-03-20T10:06:54","slug":"suur-kirsist-loikelaud","status":"publish","type":"product","link":"https:\/\/estcrafts.ee\/en\/product\/suur-kirsist-loikelaud\/","title":{"rendered":"LARGE CHERRY CUTTING BOARD"},"content":{"rendered":"<p>A beautiful large cherry cutting board with a liquid groove milled into the edge to collect juices and liquids and help prevent them from spilling onto the table. The large surface is great for cutting meat, fish, vegetables, bread, and more.<\/p>\n<p>Dimensions: 48 x 24 x 2.2cm<br \/>\nWood: cherry<\/p>\n<p>As a handmade product, each item is unique \u2013 the tone and grain may vary slightly.<\/p>\n<p>We recommend maintaining the product at least once a year using linseed oil or regular cooking oil. Regular oiling helps preserve the wood\u2019s beautiful appearance and prevents cracks caused by drying out. Before oiling, the product must be cleaned and completely dry. Apply the oil to both sides to prevent the wood from warping. After washing or oiling, leave the board to dry so air can circulate freely on both sides\u2014for example, standing upright. This helps the product keep its proper shape and prevents twisting.<\/p>","protected":false},"excerpt":{"rendered":"<p>A beautiful large cherry cutting board with a liquid groove milled into the edge.<br \/>\nDimensions: 48 x 24 x 2.2cm<\/p>\n<p>More details can be found under Description.<\/p>","protected":false},"featured_media":6108,"comment_status":"open","ping_status":"closed","template":"","meta":[],"product_brand":[],"product_cat":[83],"product_tag":[199,191,311,192,306,312],"class_list":{"0":"post-2026","1":"product","2":"type-product","3":"status-publish","4":"has-post-thumbnail","6":"product_cat-loikelauad","7":"product_tag-kasitoo","8":"product_tag-kingitus","9":"product_tag-kirsist-loikelaud","10":"product_tag-koogitarvik","11":"product_tag-loikelaud","12":"product_tag-suur-loikelaud","14":"first","15":"instock","16":"shipping-taxable","17":"purchasable","18":"product-type-simple"},"yoast_head":"<!-- This site is optimized with the Yoast SEO plugin v27.4 - https:\/\/yoast.com\/product\/yoast-seo-wordpress\/ -->\n<title>SUUR KIRSIST L\u00d5IKELAUD - EstCrafts<\/title>\n<meta name=\"description\" content=\"Ilus suur kirsist l\u00f5ikelaud, mille serva on freesitud vedelikusoon, et v\u00e4ltida vedeliku laiali valgumist.\" \/>\n<meta name=\"robots\" content=\"index, follow, max-snippet:-1, max-image-preview:large, max-video-preview:-1\" \/>\n<link rel=\"canonical\" href=\"https:\/\/estcrafts.ee\/en\/product\/suur-kirsist-loikelaud\/\" \/>\n<meta property=\"og:locale\" content=\"en_US\" \/>\n<meta property=\"og:type\" content=\"article\" \/>\n<meta property=\"og:title\" content=\"SUUR KIRSIST L\u00d5IKELAUD - EstCrafts\" \/>\n<meta property=\"og:description\" content=\"Ilus suur kirsist l\u00f5ikelaud, mille serva on freesitud vedelikusoon, et v\u00e4ltida vedeliku laiali valgumist.\" \/>\n<meta property=\"og:url\" content=\"https:\/\/estcrafts.ee\/en\/product\/suur-kirsist-loikelaud\/\" \/>\n<meta property=\"og:site_name\" content=\"EstCrafts\" \/>\n<meta property=\"article:modified_time\" content=\"2026-03-20T10:06:54+00:00\" \/>\n<meta property=\"og:image\" content=\"https:\/\/estcrafts.ee\/wp-content\/uploads\/2026\/01\/11-12.png\" \/>\n\t<meta property=\"og:image:width\" content=\"1000\" \/>\n\t<meta property=\"og:image:height\" content=\"1000\" \/>\n\t<meta property=\"og:image:type\" content=\"image\/png\" \/>\n<meta name=\"twitter:card\" content=\"summary_large_image\" \/>\n<meta name=\"twitter:label1\" content=\"Est. reading time\" \/>\n\t<meta name=\"twitter:data1\" content=\"1 minute\" \/>\n<script type=\"application\/ld+json\" class=\"yoast-schema-graph\">{\"@context\":\"https:\\\/\\\/schema.org\",\"@graph\":[{\"@type\":\"WebPage\",\"@id\":\"https:\\\/\\\/estcrafts.ee\\\/product\\\/suur-kirsist-loikelaud\\\/\",\"url\":\"https:\\\/\\\/estcrafts.ee\\\/product\\\/suur-kirsist-loikelaud\\\/\",\"name\":\"SUUR KIRSIST L\u00d5IKELAUD - EstCrafts\",\"isPartOf\":{\"@id\":\"https:\\\/\\\/estcrafts.ee\\\/#website\"},\"primaryImageOfPage\":{\"@id\":\"https:\\\/\\\/estcrafts.ee\\\/product\\\/suur-kirsist-loikelaud\\\/#primaryimage\"},\"image\":{\"@id\":\"https:\\\/\\\/estcrafts.ee\\\/product\\\/suur-kirsist-loikelaud\\\/#primaryimage\"},\"thumbnailUrl\":\"https:\\\/\\\/estcrafts.ee\\\/wp-content\\\/uploads\\\/2026\\\/01\\\/11-12.png\",\"datePublished\":\"2026-01-15T15:51:14+00:00\",\"dateModified\":\"2026-03-20T10:06:54+00:00\",\"description\":\"Ilus suur kirsist l\u00f5ikelaud, mille serva on freesitud vedelikusoon, et v\u00e4ltida vedeliku laiali valgumist.\",\"breadcrumb\":{\"@id\":\"https:\\\/\\\/estcrafts.ee\\\/product\\\/suur-kirsist-loikelaud\\\/#breadcrumb\"},\"inLanguage\":\"en-US\",\"potentialAction\":[{\"@type\":\"ReadAction\",\"target\":[\"https:\\\/\\\/estcrafts.ee\\\/product\\\/suur-kirsist-loikelaud\\\/\"]}]},{\"@type\":\"ImageObject\",\"inLanguage\":\"en-US\",\"@id\":\"https:\\\/\\\/estcrafts.ee\\\/product\\\/suur-kirsist-loikelaud\\\/#primaryimage\",\"url\":\"https:\\\/\\\/estcrafts.ee\\\/wp-content\\\/uploads\\\/2026\\\/01\\\/11-12.png\",\"contentUrl\":\"https:\\\/\\\/estcrafts.ee\\\/wp-content\\\/uploads\\\/2026\\\/01\\\/11-12.png\",\"width\":1000,\"height\":1000,\"caption\":\"kirsist l\u00f5ikelaud\"},{\"@type\":\"BreadcrumbList\",\"@id\":\"https:\\\/\\\/estcrafts.ee\\\/product\\\/suur-kirsist-loikelaud\\\/#breadcrumb\",\"itemListElement\":[{\"@type\":\"ListItem\",\"position\":1,\"name\":\"Home\",\"item\":\"https:\\\/\\\/estcrafts.ee\\\/\"},{\"@type\":\"ListItem\",\"position\":2,\"name\":\"Shop\",\"item\":\"https:\\\/\\\/estcrafts.ee\\\/?page_id=6\"},{\"@type\":\"ListItem\",\"position\":3,\"name\":\"SUUR KIRSIST L\u00d5IKELAUD\"}]},{\"@type\":\"WebSite\",\"@id\":\"https:\\\/\\\/estcrafts.ee\\\/#website\",\"url\":\"https:\\\/\\\/estcrafts.ee\\\/\",\"name\":\"EstCrafts\",\"description\":\"\",\"potentialAction\":[{\"@type\":\"SearchAction\",\"target\":{\"@type\":\"EntryPoint\",\"urlTemplate\":\"https:\\\/\\\/estcrafts.ee\\\/?s={search_term_string}\"},\"query-input\":{\"@type\":\"PropertyValueSpecification\",\"valueRequired\":true,\"valueName\":\"search_term_string\"}}],\"inLanguage\":\"en-US\"}]}<\/script>\n<!-- \/ Yoast SEO plugin. -->","yoast_head_json":{"title":"SUUR KIRSIST L\u00d5IKELAUD - EstCrafts","description":"Ilus suur kirsist l\u00f5ikelaud, mille serva on freesitud vedelikusoon, et v\u00e4ltida vedeliku laiali valgumist.","robots":{"index":"index","follow":"follow","max-snippet":"max-snippet:-1","max-image-preview":"max-image-preview:large","max-video-preview":"max-video-preview:-1"},"canonical":"https:\/\/estcrafts.ee\/en\/product\/suur-kirsist-loikelaud\/","og_locale":"en_US","og_type":"article","og_title":"SUUR KIRSIST L\u00d5IKELAUD - EstCrafts","og_description":"Ilus suur kirsist l\u00f5ikelaud, mille serva on freesitud vedelikusoon, et v\u00e4ltida vedeliku laiali valgumist.","og_url":"https:\/\/estcrafts.ee\/en\/product\/suur-kirsist-loikelaud\/","og_site_name":"EstCrafts","article_modified_time":"2026-03-20T10:06:54+00:00","og_image":[{"width":1000,"height":1000,"url":"https:\/\/estcrafts.ee\/wp-content\/uploads\/2026\/01\/11-12.png","type":"image\/png"}],"twitter_card":"summary_large_image","twitter_misc":{"Est. reading time":"1 minute"},"schema":{"@context":"https:\/\/schema.org","@graph":[{"@type":"WebPage","@id":"https:\/\/estcrafts.ee\/product\/suur-kirsist-loikelaud\/","url":"https:\/\/estcrafts.ee\/product\/suur-kirsist-loikelaud\/","name":"SUUR KIRSIST L\u00d5IKELAUD - EstCrafts","isPartOf":{"@id":"https:\/\/estcrafts.ee\/#website"},"primaryImageOfPage":{"@id":"https:\/\/estcrafts.ee\/product\/suur-kirsist-loikelaud\/#primaryimage"},"image":{"@id":"https:\/\/estcrafts.ee\/product\/suur-kirsist-loikelaud\/#primaryimage"},"thumbnailUrl":"https:\/\/estcrafts.ee\/wp-content\/uploads\/2026\/01\/11-12.png","datePublished":"2026-01-15T15:51:14+00:00","dateModified":"2026-03-20T10:06:54+00:00","description":"Ilus suur kirsist l\u00f5ikelaud, mille serva on freesitud vedelikusoon, et v\u00e4ltida vedeliku laiali valgumist.","breadcrumb":{"@id":"https:\/\/estcrafts.ee\/product\/suur-kirsist-loikelaud\/#breadcrumb"},"inLanguage":"en-US","potentialAction":[{"@type":"ReadAction","target":["https:\/\/estcrafts.ee\/product\/suur-kirsist-loikelaud\/"]}]},{"@type":"ImageObject","inLanguage":"en-US","@id":"https:\/\/estcrafts.ee\/product\/suur-kirsist-loikelaud\/#primaryimage","url":"https:\/\/estcrafts.ee\/wp-content\/uploads\/2026\/01\/11-12.png","contentUrl":"https:\/\/estcrafts.ee\/wp-content\/uploads\/2026\/01\/11-12.png","width":1000,"height":1000,"caption":"kirsist l\u00f5ikelaud"},{"@type":"BreadcrumbList","@id":"https:\/\/estcrafts.ee\/product\/suur-kirsist-loikelaud\/#breadcrumb","itemListElement":[{"@type":"ListItem","position":1,"name":"Home","item":"https:\/\/estcrafts.ee\/"},{"@type":"ListItem","position":2,"name":"Shop","item":"https:\/\/estcrafts.ee\/?page_id=6"},{"@type":"ListItem","position":3,"name":"SUUR KIRSIST L\u00d5IKELAUD"}]},{"@type":"WebSite","@id":"https:\/\/estcrafts.ee\/#website","url":"https:\/\/estcrafts.ee\/","name":"EstCrafts","description":"","potentialAction":[{"@type":"SearchAction","target":{"@type":"EntryPoint","urlTemplate":"https:\/\/estcrafts.ee\/?s={search_term_string}"},"query-input":{"@type":"PropertyValueSpecification","valueRequired":true,"valueName":"search_term_string"}}],"inLanguage":"en-US"}]}},"jetpack_sharing_enabled":true,"_links":{"self":[{"href":"https:\/\/estcrafts.ee\/en\/wp-json\/wp\/v2\/product\/2026","targetHints":{"allow":["GET"]}}],"collection":[{"href":"https:\/\/estcrafts.ee\/en\/wp-json\/wp\/v2\/product"}],"about":[{"href":"https:\/\/estcrafts.ee\/en\/wp-json\/wp\/v2\/types\/product"}],"replies":[{"embeddable":true,"href":"https:\/\/estcrafts.ee\/en\/wp-json\/wp\/v2\/comments?post=2026"}],"wp:featuredmedia":[{"embeddable":true,"href":"https:\/\/estcrafts.ee\/en\/wp-json\/wp\/v2\/media\/6108"}],"wp:attachment":[{"href":"https:\/\/estcrafts.ee\/en\/wp-json\/wp\/v2\/media?parent=2026"}],"wp:term":[{"taxonomy":"product_brand","embeddable":true,"href":"https:\/\/estcrafts.ee\/en\/wp-json\/wp\/v2\/product_brand?post=2026"},{"taxonomy":"product_cat","embeddable":true,"href":"https:\/\/estcrafts.ee\/en\/wp-json\/wp\/v2\/product_cat?post=2026"},{"taxonomy":"product_tag","embeddable":true,"href":"https:\/\/estcrafts.ee\/en\/wp-json\/wp\/v2\/product_tag?post=2026"}],"curies":[{"name":"wp","href":"https:\/\/api.w.org\/{rel}","templated":true}]}}