{"id":2021,"date":"2026-01-15T15:29:48","date_gmt":"2026-01-15T15:29:48","guid":{"rendered":"https:\/\/estcrafts.ee\/?post_type=product&#038;p=2021"},"modified":"2026-03-17T17:56:52","modified_gmt":"2026-03-17T15:56:52","slug":"suur-tammest-loikelaud-2","status":"publish","type":"product","link":"https:\/\/estcrafts.ee\/en\/product\/suur-tammest-loikelaud-2\/","title":{"rendered":"LARGE RED OAK CUTTING BOARD"},"content":{"rendered":"<p>A large and durable red oak cutting board. A liquid groove is milled into the edge to collect juices and liquids and help prevent them from spilling onto the table. The large surface is great for cutting meat, fish, vegetables, bread, and more, and oak is strong and long-lasting.<\/p>\n<p>Dimensions: 47 x 35 x 2,2cm<br \/>\nWood: Red oak<\/p>\n<p>As a handmade product, each item is unique \u2013 the tone and grain may vary slightly.<\/p>\n<p>We recommend maintaining the product at least once a year using linseed oil or regular cooking oil. Regular oiling helps preserve the wood\u2019s beautiful appearance and prevents cracks caused by drying out. Before oiling, the product must be cleaned and completely dry. Apply the oil to both sides to prevent the wood from warping. After washing or oiling, leave the board to dry so air can circulate freely on both sides\u2014for example, standing upright. This helps the product keep its proper shape and prevents twisting.<\/p>","protected":false},"excerpt":{"rendered":"<p>A large and durable red oak cutting board. A groove is milled into the board.<br \/>\nDimensions: 47 x 35 x 2,2cm<\/p>\n<p>More details can be found under Description.<\/p>","protected":false},"featured_media":6011,"comment_status":"open","ping_status":"closed","template":"","meta":[],"product_brand":[],"product_cat":[83],"product_tag":[199,191,306,313,314],"class_list":{"0":"post-2021","1":"product","2":"type-product","3":"status-publish","4":"has-post-thumbnail","6":"product_cat-loikelauad","7":"product_tag-kasitoo","8":"product_tag-kingitus","9":"product_tag-loikelaud","10":"product_tag-punane-tamm","11":"product_tag-punasest-tammest-loikelaud","13":"first","14":"instock","15":"shipping-taxable","16":"purchasable","17":"product-type-simple"},"yoast_head":"<!-- This site is optimized with the Yoast SEO plugin v27.4 - https:\/\/yoast.com\/product\/yoast-seo-wordpress\/ -->\n<title>SUUR PUNASEST TAMMEST L\u00d5IKELAUD - EstCrafts<\/title>\n<meta name=\"description\" content=\"Suur ja vastupidav punasest tammest l\u00f5ikelaud. L\u00f5ikelaua serva on freesitud vedelikusoon, et vedelik laiali ei valguks.\" \/>\n<meta name=\"robots\" content=\"index, follow, max-snippet:-1, max-image-preview:large, max-video-preview:-1\" \/>\n<link rel=\"canonical\" href=\"https:\/\/estcrafts.ee\/en\/product\/suur-tammest-loikelaud-2\/\" \/>\n<meta property=\"og:locale\" content=\"en_US\" \/>\n<meta property=\"og:type\" content=\"article\" \/>\n<meta property=\"og:title\" content=\"SUUR PUNASEST TAMMEST L\u00d5IKELAUD - EstCrafts\" \/>\n<meta property=\"og:description\" content=\"Suur ja vastupidav punasest tammest l\u00f5ikelaud. L\u00f5ikelaua serva on freesitud vedelikusoon, et vedelik laiali ei valguks.\" \/>\n<meta property=\"og:url\" content=\"https:\/\/estcrafts.ee\/en\/product\/suur-tammest-loikelaud-2\/\" \/>\n<meta property=\"og:site_name\" content=\"EstCrafts\" \/>\n<meta property=\"article:modified_time\" content=\"2026-03-17T15:56:52+00:00\" \/>\n<meta property=\"og:image\" content=\"https:\/\/estcrafts.ee\/wp-content\/uploads\/2026\/01\/Tammest-loikelaud-47x35x2.2cm-3.png\" \/>\n\t<meta property=\"og:image:width\" content=\"1000\" \/>\n\t<meta property=\"og:image:height\" content=\"1000\" \/>\n\t<meta property=\"og:image:type\" content=\"image\/png\" \/>\n<meta name=\"twitter:card\" content=\"summary_large_image\" \/>\n<meta name=\"twitter:label1\" content=\"Est. reading time\" \/>\n\t<meta name=\"twitter:data1\" content=\"1 minute\" \/>\n<script type=\"application\/ld+json\" class=\"yoast-schema-graph\">{\"@context\":\"https:\\\/\\\/schema.org\",\"@graph\":[{\"@type\":\"WebPage\",\"@id\":\"https:\\\/\\\/estcrafts.ee\\\/product\\\/suur-tammest-loikelaud-2\\\/\",\"url\":\"https:\\\/\\\/estcrafts.ee\\\/product\\\/suur-tammest-loikelaud-2\\\/\",\"name\":\"SUUR PUNASEST TAMMEST L\u00d5IKELAUD - EstCrafts\",\"isPartOf\":{\"@id\":\"https:\\\/\\\/estcrafts.ee\\\/#website\"},\"primaryImageOfPage\":{\"@id\":\"https:\\\/\\\/estcrafts.ee\\\/product\\\/suur-tammest-loikelaud-2\\\/#primaryimage\"},\"image\":{\"@id\":\"https:\\\/\\\/estcrafts.ee\\\/product\\\/suur-tammest-loikelaud-2\\\/#primaryimage\"},\"thumbnailUrl\":\"https:\\\/\\\/estcrafts.ee\\\/wp-content\\\/uploads\\\/2026\\\/01\\\/Tammest-loikelaud-47x35x2.2cm-3.png\",\"datePublished\":\"2026-01-15T15:29:48+00:00\",\"dateModified\":\"2026-03-17T15:56:52+00:00\",\"description\":\"Suur ja vastupidav punasest tammest l\u00f5ikelaud. L\u00f5ikelaua serva on freesitud vedelikusoon, et vedelik laiali ei valguks.\",\"breadcrumb\":{\"@id\":\"https:\\\/\\\/estcrafts.ee\\\/product\\\/suur-tammest-loikelaud-2\\\/#breadcrumb\"},\"inLanguage\":\"en-US\",\"potentialAction\":[{\"@type\":\"ReadAction\",\"target\":[\"https:\\\/\\\/estcrafts.ee\\\/product\\\/suur-tammest-loikelaud-2\\\/\"]}]},{\"@type\":\"ImageObject\",\"inLanguage\":\"en-US\",\"@id\":\"https:\\\/\\\/estcrafts.ee\\\/product\\\/suur-tammest-loikelaud-2\\\/#primaryimage\",\"url\":\"https:\\\/\\\/estcrafts.ee\\\/wp-content\\\/uploads\\\/2026\\\/01\\\/Tammest-loikelaud-47x35x2.2cm-3.png\",\"contentUrl\":\"https:\\\/\\\/estcrafts.ee\\\/wp-content\\\/uploads\\\/2026\\\/01\\\/Tammest-loikelaud-47x35x2.2cm-3.png\",\"width\":1000,\"height\":1000,\"caption\":\"Tammest-loikelaud\"},{\"@type\":\"BreadcrumbList\",\"@id\":\"https:\\\/\\\/estcrafts.ee\\\/product\\\/suur-tammest-loikelaud-2\\\/#breadcrumb\",\"itemListElement\":[{\"@type\":\"ListItem\",\"position\":1,\"name\":\"Home\",\"item\":\"https:\\\/\\\/estcrafts.ee\\\/\"},{\"@type\":\"ListItem\",\"position\":2,\"name\":\"Shop\",\"item\":\"https:\\\/\\\/estcrafts.ee\\\/?page_id=6\"},{\"@type\":\"ListItem\",\"position\":3,\"name\":\"SUUR PUNASEST TAMMEST L\u00d5IKELAUD\"}]},{\"@type\":\"WebSite\",\"@id\":\"https:\\\/\\\/estcrafts.ee\\\/#website\",\"url\":\"https:\\\/\\\/estcrafts.ee\\\/\",\"name\":\"EstCrafts\",\"description\":\"\",\"potentialAction\":[{\"@type\":\"SearchAction\",\"target\":{\"@type\":\"EntryPoint\",\"urlTemplate\":\"https:\\\/\\\/estcrafts.ee\\\/?s={search_term_string}\"},\"query-input\":{\"@type\":\"PropertyValueSpecification\",\"valueRequired\":true,\"valueName\":\"search_term_string\"}}],\"inLanguage\":\"en-US\"}]}<\/script>\n<!-- \/ Yoast SEO plugin. -->","yoast_head_json":{"title":"SUUR PUNASEST TAMMEST L\u00d5IKELAUD - EstCrafts","description":"Suur ja vastupidav punasest tammest l\u00f5ikelaud. L\u00f5ikelaua serva on freesitud vedelikusoon, et vedelik laiali ei valguks.","robots":{"index":"index","follow":"follow","max-snippet":"max-snippet:-1","max-image-preview":"max-image-preview:large","max-video-preview":"max-video-preview:-1"},"canonical":"https:\/\/estcrafts.ee\/en\/product\/suur-tammest-loikelaud-2\/","og_locale":"en_US","og_type":"article","og_title":"SUUR PUNASEST TAMMEST L\u00d5IKELAUD - EstCrafts","og_description":"Suur ja vastupidav punasest tammest l\u00f5ikelaud. L\u00f5ikelaua serva on freesitud vedelikusoon, et vedelik laiali ei valguks.","og_url":"https:\/\/estcrafts.ee\/en\/product\/suur-tammest-loikelaud-2\/","og_site_name":"EstCrafts","article_modified_time":"2026-03-17T15:56:52+00:00","og_image":[{"width":1000,"height":1000,"url":"https:\/\/estcrafts.ee\/wp-content\/uploads\/2026\/01\/Tammest-loikelaud-47x35x2.2cm-3.png","type":"image\/png"}],"twitter_card":"summary_large_image","twitter_misc":{"Est. reading time":"1 minute"},"schema":{"@context":"https:\/\/schema.org","@graph":[{"@type":"WebPage","@id":"https:\/\/estcrafts.ee\/product\/suur-tammest-loikelaud-2\/","url":"https:\/\/estcrafts.ee\/product\/suur-tammest-loikelaud-2\/","name":"SUUR PUNASEST TAMMEST L\u00d5IKELAUD - EstCrafts","isPartOf":{"@id":"https:\/\/estcrafts.ee\/#website"},"primaryImageOfPage":{"@id":"https:\/\/estcrafts.ee\/product\/suur-tammest-loikelaud-2\/#primaryimage"},"image":{"@id":"https:\/\/estcrafts.ee\/product\/suur-tammest-loikelaud-2\/#primaryimage"},"thumbnailUrl":"https:\/\/estcrafts.ee\/wp-content\/uploads\/2026\/01\/Tammest-loikelaud-47x35x2.2cm-3.png","datePublished":"2026-01-15T15:29:48+00:00","dateModified":"2026-03-17T15:56:52+00:00","description":"Suur ja vastupidav punasest tammest l\u00f5ikelaud. L\u00f5ikelaua serva on freesitud vedelikusoon, et vedelik laiali ei valguks.","breadcrumb":{"@id":"https:\/\/estcrafts.ee\/product\/suur-tammest-loikelaud-2\/#breadcrumb"},"inLanguage":"en-US","potentialAction":[{"@type":"ReadAction","target":["https:\/\/estcrafts.ee\/product\/suur-tammest-loikelaud-2\/"]}]},{"@type":"ImageObject","inLanguage":"en-US","@id":"https:\/\/estcrafts.ee\/product\/suur-tammest-loikelaud-2\/#primaryimage","url":"https:\/\/estcrafts.ee\/wp-content\/uploads\/2026\/01\/Tammest-loikelaud-47x35x2.2cm-3.png","contentUrl":"https:\/\/estcrafts.ee\/wp-content\/uploads\/2026\/01\/Tammest-loikelaud-47x35x2.2cm-3.png","width":1000,"height":1000,"caption":"Tammest-loikelaud"},{"@type":"BreadcrumbList","@id":"https:\/\/estcrafts.ee\/product\/suur-tammest-loikelaud-2\/#breadcrumb","itemListElement":[{"@type":"ListItem","position":1,"name":"Home","item":"https:\/\/estcrafts.ee\/"},{"@type":"ListItem","position":2,"name":"Shop","item":"https:\/\/estcrafts.ee\/?page_id=6"},{"@type":"ListItem","position":3,"name":"SUUR PUNASEST TAMMEST L\u00d5IKELAUD"}]},{"@type":"WebSite","@id":"https:\/\/estcrafts.ee\/#website","url":"https:\/\/estcrafts.ee\/","name":"EstCrafts","description":"","potentialAction":[{"@type":"SearchAction","target":{"@type":"EntryPoint","urlTemplate":"https:\/\/estcrafts.ee\/?s={search_term_string}"},"query-input":{"@type":"PropertyValueSpecification","valueRequired":true,"valueName":"search_term_string"}}],"inLanguage":"en-US"}]}},"jetpack_sharing_enabled":true,"_links":{"self":[{"href":"https:\/\/estcrafts.ee\/en\/wp-json\/wp\/v2\/product\/2021","targetHints":{"allow":["GET"]}}],"collection":[{"href":"https:\/\/estcrafts.ee\/en\/wp-json\/wp\/v2\/product"}],"about":[{"href":"https:\/\/estcrafts.ee\/en\/wp-json\/wp\/v2\/types\/product"}],"replies":[{"embeddable":true,"href":"https:\/\/estcrafts.ee\/en\/wp-json\/wp\/v2\/comments?post=2021"}],"wp:featuredmedia":[{"embeddable":true,"href":"https:\/\/estcrafts.ee\/en\/wp-json\/wp\/v2\/media\/6011"}],"wp:attachment":[{"href":"https:\/\/estcrafts.ee\/en\/wp-json\/wp\/v2\/media?parent=2021"}],"wp:term":[{"taxonomy":"product_brand","embeddable":true,"href":"https:\/\/estcrafts.ee\/en\/wp-json\/wp\/v2\/product_brand?post=2021"},{"taxonomy":"product_cat","embeddable":true,"href":"https:\/\/estcrafts.ee\/en\/wp-json\/wp\/v2\/product_cat?post=2021"},{"taxonomy":"product_tag","embeddable":true,"href":"https:\/\/estcrafts.ee\/en\/wp-json\/wp\/v2\/product_tag?post=2021"}],"curies":[{"name":"wp","href":"https:\/\/api.w.org\/{rel}","templated":true}]}}