{"id":2014,"date":"2026-01-15T14:07:32","date_gmt":"2026-01-15T14:07:32","guid":{"rendered":"https:\/\/estcrafts.ee\/?post_type=product&#038;p=2014"},"modified":"2026-03-20T13:28:34","modified_gmt":"2026-03-20T11:28:34","slug":"tammest-sudamega-loikelaud","status":"publish","type":"product","link":"https:\/\/estcrafts.ee\/en\/product\/tammest-sudamega-loikelaud\/","title":{"rendered":"OAK CUTTING BOARD WITH A HEART"},"content":{"rendered":"<p>A durable oak cutting board with a heart-shaped hole near the edge, making it easy to hang on the wall. A lovely gift idea.<br \/>\nWood: oak<\/p>\n<p>Dimensions:<\/p>\n<p>23.5 x 19 x 2.1cm (small)<\/p>\n<p>33 x 24 x 2.2cm (medium)<\/p>\n<p>43 x 28 x 2.3cm (large)<\/p>\n<p>As a handmade product, each item is unique \u2013 the tone and grain may vary slightly.<\/p>\n<p>We recommend maintaining the product at least once a year using linseed oil or regular cooking oil. Regular oiling helps preserve the wood\u2019s beautiful appearance and prevents cracks caused by drying out. Before oiling, the product must be cleaned and completely dry. Apply the oil to both sides to prevent the wood from warping. After washing or oiling, leave the board to dry so air can circulate freely on both sides\u2014for example, standing upright. This helps the product keep its proper shape and prevents twisting.<\/p>","protected":false},"excerpt":{"rendered":"<p>A durable oak cutting board with a heart-shaped hole near the edge, making it easy to hang on the wall.<\/p>\n<p>More details can be found under Description.<\/p>\n<p>&nbsp;<\/p>\n<p>&nbsp;<\/p>","protected":false},"featured_media":6097,"comment_status":"open","ping_status":"closed","template":"","meta":[],"product_brand":[],"product_cat":[83],"product_tag":[199,204,192,306,316],"class_list":{"0":"post-2014","1":"product","2":"type-product","3":"status-publish","4":"has-post-thumbnail","6":"product_cat-loikelauad","7":"product_tag-kasitoo","8":"product_tag-kingiidee","9":"product_tag-koogitarvik","10":"product_tag-loikelaud","11":"product_tag-loikelaud-sudamega","13":"first","14":"instock","15":"shipping-taxable","16":"purchasable","17":"product-type-variable"},"yoast_head":"<!-- This site is optimized with the Yoast SEO plugin v27.4 - https:\/\/yoast.com\/product\/yoast-seo-wordpress\/ -->\n<title>TAMMEST S\u00dcDAMEGA L\u00d5IKELAUD - EstCrafts<\/title>\n<meta name=\"description\" content=\"Vastupidav tammest l\u00f5ikelaud, l\u00f5ikelaua \u00e4\u00e4rde on tehtud s\u00fcdamekujuline auk - saab riputada mugavalt seinale. Tore kingiidee.\" \/>\n<meta name=\"robots\" content=\"index, follow, max-snippet:-1, max-image-preview:large, max-video-preview:-1\" \/>\n<link rel=\"canonical\" href=\"https:\/\/estcrafts.ee\/en\/product\/tammest-sudamega-loikelaud\/\" \/>\n<meta property=\"og:locale\" content=\"en_US\" \/>\n<meta property=\"og:type\" content=\"article\" \/>\n<meta property=\"og:title\" content=\"TAMMEST S\u00dcDAMEGA L\u00d5IKELAUD - EstCrafts\" \/>\n<meta property=\"og:description\" content=\"Vastupidav tammest l\u00f5ikelaud, l\u00f5ikelaua \u00e4\u00e4rde on tehtud s\u00fcdamekujuline auk - saab riputada mugavalt seinale. Tore kingiidee.\" \/>\n<meta property=\"og:url\" content=\"https:\/\/estcrafts.ee\/en\/product\/tammest-sudamega-loikelaud\/\" \/>\n<meta property=\"og:site_name\" content=\"EstCrafts\" \/>\n<meta property=\"article:modified_time\" content=\"2026-03-20T11:28:34+00:00\" \/>\n<meta property=\"og:image\" content=\"https:\/\/estcrafts.ee\/wp-content\/uploads\/2026\/01\/72.png\" \/>\n\t<meta property=\"og:image:width\" content=\"1000\" \/>\n\t<meta property=\"og:image:height\" content=\"1000\" \/>\n\t<meta property=\"og:image:type\" content=\"image\/png\" \/>\n<meta name=\"twitter:card\" content=\"summary_large_image\" \/>\n<meta name=\"twitter:label1\" content=\"Est. reading time\" \/>\n\t<meta name=\"twitter:data1\" content=\"1 minute\" \/>\n<script type=\"application\/ld+json\" class=\"yoast-schema-graph\">{\"@context\":\"https:\\\/\\\/schema.org\",\"@graph\":[{\"@type\":\"WebPage\",\"@id\":\"https:\\\/\\\/estcrafts.ee\\\/product\\\/tammest-sudamega-loikelaud\\\/\",\"url\":\"https:\\\/\\\/estcrafts.ee\\\/product\\\/tammest-sudamega-loikelaud\\\/\",\"name\":\"TAMMEST S\u00dcDAMEGA L\u00d5IKELAUD - EstCrafts\",\"isPartOf\":{\"@id\":\"https:\\\/\\\/estcrafts.ee\\\/#website\"},\"primaryImageOfPage\":{\"@id\":\"https:\\\/\\\/estcrafts.ee\\\/product\\\/tammest-sudamega-loikelaud\\\/#primaryimage\"},\"image\":{\"@id\":\"https:\\\/\\\/estcrafts.ee\\\/product\\\/tammest-sudamega-loikelaud\\\/#primaryimage\"},\"thumbnailUrl\":\"https:\\\/\\\/estcrafts.ee\\\/wp-content\\\/uploads\\\/2026\\\/01\\\/72.png\",\"datePublished\":\"2026-01-15T14:07:32+00:00\",\"dateModified\":\"2026-03-20T11:28:34+00:00\",\"description\":\"Vastupidav tammest l\u00f5ikelaud, l\u00f5ikelaua \u00e4\u00e4rde on tehtud s\u00fcdamekujuline auk - saab riputada mugavalt seinale. Tore kingiidee.\",\"breadcrumb\":{\"@id\":\"https:\\\/\\\/estcrafts.ee\\\/product\\\/tammest-sudamega-loikelaud\\\/#breadcrumb\"},\"inLanguage\":\"en-US\",\"potentialAction\":[{\"@type\":\"ReadAction\",\"target\":[\"https:\\\/\\\/estcrafts.ee\\\/product\\\/tammest-sudamega-loikelaud\\\/\"]}]},{\"@type\":\"ImageObject\",\"inLanguage\":\"en-US\",\"@id\":\"https:\\\/\\\/estcrafts.ee\\\/product\\\/tammest-sudamega-loikelaud\\\/#primaryimage\",\"url\":\"https:\\\/\\\/estcrafts.ee\\\/wp-content\\\/uploads\\\/2026\\\/01\\\/72.png\",\"contentUrl\":\"https:\\\/\\\/estcrafts.ee\\\/wp-content\\\/uploads\\\/2026\\\/01\\\/72.png\",\"width\":1000,\"height\":1000,\"caption\":\"tammest l\u00f5ikelaud\"},{\"@type\":\"BreadcrumbList\",\"@id\":\"https:\\\/\\\/estcrafts.ee\\\/product\\\/tammest-sudamega-loikelaud\\\/#breadcrumb\",\"itemListElement\":[{\"@type\":\"ListItem\",\"position\":1,\"name\":\"Home\",\"item\":\"https:\\\/\\\/estcrafts.ee\\\/\"},{\"@type\":\"ListItem\",\"position\":2,\"name\":\"Shop\",\"item\":\"https:\\\/\\\/estcrafts.ee\\\/?page_id=6\"},{\"@type\":\"ListItem\",\"position\":3,\"name\":\"TAMMEST S\u00dcDAMEGA L\u00d5IKELAUD\"}]},{\"@type\":\"WebSite\",\"@id\":\"https:\\\/\\\/estcrafts.ee\\\/#website\",\"url\":\"https:\\\/\\\/estcrafts.ee\\\/\",\"name\":\"EstCrafts\",\"description\":\"\",\"potentialAction\":[{\"@type\":\"SearchAction\",\"target\":{\"@type\":\"EntryPoint\",\"urlTemplate\":\"https:\\\/\\\/estcrafts.ee\\\/?s={search_term_string}\"},\"query-input\":{\"@type\":\"PropertyValueSpecification\",\"valueRequired\":true,\"valueName\":\"search_term_string\"}}],\"inLanguage\":\"en-US\"}]}<\/script>\n<!-- \/ Yoast SEO plugin. -->","yoast_head_json":{"title":"TAMMEST S\u00dcDAMEGA L\u00d5IKELAUD - EstCrafts","description":"Vastupidav tammest l\u00f5ikelaud, l\u00f5ikelaua \u00e4\u00e4rde on tehtud s\u00fcdamekujuline auk - saab riputada mugavalt seinale. Tore kingiidee.","robots":{"index":"index","follow":"follow","max-snippet":"max-snippet:-1","max-image-preview":"max-image-preview:large","max-video-preview":"max-video-preview:-1"},"canonical":"https:\/\/estcrafts.ee\/en\/product\/tammest-sudamega-loikelaud\/","og_locale":"en_US","og_type":"article","og_title":"TAMMEST S\u00dcDAMEGA L\u00d5IKELAUD - EstCrafts","og_description":"Vastupidav tammest l\u00f5ikelaud, l\u00f5ikelaua \u00e4\u00e4rde on tehtud s\u00fcdamekujuline auk - saab riputada mugavalt seinale. Tore kingiidee.","og_url":"https:\/\/estcrafts.ee\/en\/product\/tammest-sudamega-loikelaud\/","og_site_name":"EstCrafts","article_modified_time":"2026-03-20T11:28:34+00:00","og_image":[{"width":1000,"height":1000,"url":"https:\/\/estcrafts.ee\/wp-content\/uploads\/2026\/01\/72.png","type":"image\/png"}],"twitter_card":"summary_large_image","twitter_misc":{"Est. reading time":"1 minute"},"schema":{"@context":"https:\/\/schema.org","@graph":[{"@type":"WebPage","@id":"https:\/\/estcrafts.ee\/product\/tammest-sudamega-loikelaud\/","url":"https:\/\/estcrafts.ee\/product\/tammest-sudamega-loikelaud\/","name":"TAMMEST S\u00dcDAMEGA L\u00d5IKELAUD - EstCrafts","isPartOf":{"@id":"https:\/\/estcrafts.ee\/#website"},"primaryImageOfPage":{"@id":"https:\/\/estcrafts.ee\/product\/tammest-sudamega-loikelaud\/#primaryimage"},"image":{"@id":"https:\/\/estcrafts.ee\/product\/tammest-sudamega-loikelaud\/#primaryimage"},"thumbnailUrl":"https:\/\/estcrafts.ee\/wp-content\/uploads\/2026\/01\/72.png","datePublished":"2026-01-15T14:07:32+00:00","dateModified":"2026-03-20T11:28:34+00:00","description":"Vastupidav tammest l\u00f5ikelaud, l\u00f5ikelaua \u00e4\u00e4rde on tehtud s\u00fcdamekujuline auk - saab riputada mugavalt seinale. Tore kingiidee.","breadcrumb":{"@id":"https:\/\/estcrafts.ee\/product\/tammest-sudamega-loikelaud\/#breadcrumb"},"inLanguage":"en-US","potentialAction":[{"@type":"ReadAction","target":["https:\/\/estcrafts.ee\/product\/tammest-sudamega-loikelaud\/"]}]},{"@type":"ImageObject","inLanguage":"en-US","@id":"https:\/\/estcrafts.ee\/product\/tammest-sudamega-loikelaud\/#primaryimage","url":"https:\/\/estcrafts.ee\/wp-content\/uploads\/2026\/01\/72.png","contentUrl":"https:\/\/estcrafts.ee\/wp-content\/uploads\/2026\/01\/72.png","width":1000,"height":1000,"caption":"tammest l\u00f5ikelaud"},{"@type":"BreadcrumbList","@id":"https:\/\/estcrafts.ee\/product\/tammest-sudamega-loikelaud\/#breadcrumb","itemListElement":[{"@type":"ListItem","position":1,"name":"Home","item":"https:\/\/estcrafts.ee\/"},{"@type":"ListItem","position":2,"name":"Shop","item":"https:\/\/estcrafts.ee\/?page_id=6"},{"@type":"ListItem","position":3,"name":"TAMMEST S\u00dcDAMEGA L\u00d5IKELAUD"}]},{"@type":"WebSite","@id":"https:\/\/estcrafts.ee\/#website","url":"https:\/\/estcrafts.ee\/","name":"EstCrafts","description":"","potentialAction":[{"@type":"SearchAction","target":{"@type":"EntryPoint","urlTemplate":"https:\/\/estcrafts.ee\/?s={search_term_string}"},"query-input":{"@type":"PropertyValueSpecification","valueRequired":true,"valueName":"search_term_string"}}],"inLanguage":"en-US"}]}},"jetpack_sharing_enabled":true,"_links":{"self":[{"href":"https:\/\/estcrafts.ee\/en\/wp-json\/wp\/v2\/product\/2014","targetHints":{"allow":["GET"]}}],"collection":[{"href":"https:\/\/estcrafts.ee\/en\/wp-json\/wp\/v2\/product"}],"about":[{"href":"https:\/\/estcrafts.ee\/en\/wp-json\/wp\/v2\/types\/product"}],"replies":[{"embeddable":true,"href":"https:\/\/estcrafts.ee\/en\/wp-json\/wp\/v2\/comments?post=2014"}],"wp:featuredmedia":[{"embeddable":true,"href":"https:\/\/estcrafts.ee\/en\/wp-json\/wp\/v2\/media\/6097"}],"wp:attachment":[{"href":"https:\/\/estcrafts.ee\/en\/wp-json\/wp\/v2\/media?parent=2014"}],"wp:term":[{"taxonomy":"product_brand","embeddable":true,"href":"https:\/\/estcrafts.ee\/en\/wp-json\/wp\/v2\/product_brand?post=2014"},{"taxonomy":"product_cat","embeddable":true,"href":"https:\/\/estcrafts.ee\/en\/wp-json\/wp\/v2\/product_cat?post=2014"},{"taxonomy":"product_tag","embeddable":true,"href":"https:\/\/estcrafts.ee\/en\/wp-json\/wp\/v2\/product_tag?post=2014"}],"curies":[{"name":"wp","href":"https:\/\/api.w.org\/{rel}","templated":true}]}}