{"id":2007,"date":"2026-01-15T13:57:00","date_gmt":"2026-01-15T13:57:00","guid":{"rendered":"https:\/\/estcrafts.ee\/?post_type=product&#038;p=2007"},"modified":"2026-03-20T13:04:50","modified_gmt":"2026-03-20T11:04:50","slug":"tammest-sarvega-loikelaud","status":"publish","type":"product","link":"https:\/\/estcrafts.ee\/en\/product\/tammest-sarvega-loikelaud\/","title":{"rendered":"OAK CUTTING BOARD WITH A HORN"},"content":{"rendered":"<p>An eye-catching oak cutting board with an antler handle. Oak is strong and durable.<\/p>\n<p>Dimensions:<br \/>\n34.5 x 17 x 2.2 cm (small)<\/p>\n<p>39.5 x 19.5 x 2.2 cm (medium)<\/p>\n<p>45 x 24.5 x 2.2 cm (large)<\/p>\n<p>As a handmade product, each item is unique \u2013 the tone and grain may vary slightly.<\/p>\n<p>We recommend maintaining the product at least once a year using linseed oil or regular cooking oil. Regular oiling helps preserve the wood\u2019s beautiful appearance and prevents cracks caused by drying out. Before oiling, the product must be cleaned and completely dry. Apply the oil to both sides to prevent the wood from warping. After washing or oiling, leave the board to dry so air can circulate freely on both sides\u2014for example, standing upright. This helps the product keep its proper shape and prevents twisting.<\/p>","protected":false},"excerpt":{"rendered":"<p>An oak cutting board with an antler handle is a practical and eye-catching kitchen accessory. Durable oak makes it long-lasting, and the distinctive antler-shaped design also makes it a beautiful gift.<\/p>\n<p>More details can be found under Description.<\/p>","protected":false},"featured_media":6058,"comment_status":"open","ping_status":"closed","template":"","meta":[],"product_brand":[],"product_cat":[83],"product_tag":[199,191,192,306,319,318],"class_list":{"0":"post-2007","1":"product","2":"type-product","3":"status-publish","4":"has-post-thumbnail","6":"product_cat-loikelauad","7":"product_tag-kasitoo","8":"product_tag-kingitus","9":"product_tag-koogitarvik","10":"product_tag-loikelaud","11":"product_tag-pilkupuudev-loikelaud","12":"product_tag-sarvega-loikelaud","14":"first","15":"instock","16":"shipping-taxable","17":"purchasable","18":"product-type-variable"},"yoast_head":"<!-- This site is optimized with the Yoast SEO plugin v27.4 - https:\/\/yoast.com\/product\/yoast-seo-wordpress\/ -->\n<title>TAMMEST SARVEGA L\u00d5IKELAUD - EstCrafts<\/title>\n<meta name=\"description\" content=\"Tammest sarvega l\u00f5ikelaud on praktiline ja pilkup\u00fc\u00fcdev k\u00f6\u00f6gitarvik. Tugev tammepuit on vastupidav ning eriline sarvekujuline disain teeb sellest ka ilusa kingituse.\" \/>\n<meta name=\"robots\" content=\"index, follow, max-snippet:-1, max-image-preview:large, max-video-preview:-1\" \/>\n<link rel=\"canonical\" href=\"https:\/\/estcrafts.ee\/en\/product\/tammest-sarvega-loikelaud\/\" \/>\n<meta property=\"og:locale\" content=\"en_US\" \/>\n<meta property=\"og:type\" content=\"article\" \/>\n<meta property=\"og:title\" content=\"TAMMEST SARVEGA L\u00d5IKELAUD - EstCrafts\" \/>\n<meta property=\"og:description\" content=\"Tammest sarvega l\u00f5ikelaud on praktiline ja pilkup\u00fc\u00fcdev k\u00f6\u00f6gitarvik. Tugev tammepuit on vastupidav ning eriline sarvekujuline disain teeb sellest ka ilusa kingituse.\" \/>\n<meta property=\"og:url\" content=\"https:\/\/estcrafts.ee\/en\/product\/tammest-sarvega-loikelaud\/\" \/>\n<meta property=\"og:site_name\" content=\"EstCrafts\" \/>\n<meta property=\"article:modified_time\" content=\"2026-03-20T11:04:50+00:00\" \/>\n<meta property=\"og:image\" content=\"https:\/\/estcrafts.ee\/wp-content\/uploads\/2026\/01\/151-2.png\" \/>\n\t<meta property=\"og:image:width\" content=\"1000\" \/>\n\t<meta property=\"og:image:height\" content=\"1000\" \/>\n\t<meta property=\"og:image:type\" content=\"image\/png\" \/>\n<meta name=\"twitter:card\" content=\"summary_large_image\" \/>\n<meta name=\"twitter:label1\" content=\"Est. reading time\" \/>\n\t<meta name=\"twitter:data1\" content=\"1 minute\" \/>\n<script type=\"application\/ld+json\" class=\"yoast-schema-graph\">{\"@context\":\"https:\\\/\\\/schema.org\",\"@graph\":[{\"@type\":\"WebPage\",\"@id\":\"https:\\\/\\\/estcrafts.ee\\\/product\\\/tammest-sarvega-loikelaud\\\/\",\"url\":\"https:\\\/\\\/estcrafts.ee\\\/product\\\/tammest-sarvega-loikelaud\\\/\",\"name\":\"TAMMEST SARVEGA L\u00d5IKELAUD - EstCrafts\",\"isPartOf\":{\"@id\":\"https:\\\/\\\/estcrafts.ee\\\/#website\"},\"primaryImageOfPage\":{\"@id\":\"https:\\\/\\\/estcrafts.ee\\\/product\\\/tammest-sarvega-loikelaud\\\/#primaryimage\"},\"image\":{\"@id\":\"https:\\\/\\\/estcrafts.ee\\\/product\\\/tammest-sarvega-loikelaud\\\/#primaryimage\"},\"thumbnailUrl\":\"https:\\\/\\\/estcrafts.ee\\\/wp-content\\\/uploads\\\/2026\\\/01\\\/151-2.png\",\"datePublished\":\"2026-01-15T13:57:00+00:00\",\"dateModified\":\"2026-03-20T11:04:50+00:00\",\"description\":\"Tammest sarvega l\u00f5ikelaud on praktiline ja pilkup\u00fc\u00fcdev k\u00f6\u00f6gitarvik. Tugev tammepuit on vastupidav ning eriline sarvekujuline disain teeb sellest ka ilusa kingituse.\",\"breadcrumb\":{\"@id\":\"https:\\\/\\\/estcrafts.ee\\\/product\\\/tammest-sarvega-loikelaud\\\/#breadcrumb\"},\"inLanguage\":\"en-US\",\"potentialAction\":[{\"@type\":\"ReadAction\",\"target\":[\"https:\\\/\\\/estcrafts.ee\\\/product\\\/tammest-sarvega-loikelaud\\\/\"]}]},{\"@type\":\"ImageObject\",\"inLanguage\":\"en-US\",\"@id\":\"https:\\\/\\\/estcrafts.ee\\\/product\\\/tammest-sarvega-loikelaud\\\/#primaryimage\",\"url\":\"https:\\\/\\\/estcrafts.ee\\\/wp-content\\\/uploads\\\/2026\\\/01\\\/151-2.png\",\"contentUrl\":\"https:\\\/\\\/estcrafts.ee\\\/wp-content\\\/uploads\\\/2026\\\/01\\\/151-2.png\",\"width\":1000,\"height\":1000,\"caption\":\"TAMMEST SARVEGA L\u00d5IKELAUD\"},{\"@type\":\"BreadcrumbList\",\"@id\":\"https:\\\/\\\/estcrafts.ee\\\/product\\\/tammest-sarvega-loikelaud\\\/#breadcrumb\",\"itemListElement\":[{\"@type\":\"ListItem\",\"position\":1,\"name\":\"Home\",\"item\":\"https:\\\/\\\/estcrafts.ee\\\/\"},{\"@type\":\"ListItem\",\"position\":2,\"name\":\"Shop\",\"item\":\"https:\\\/\\\/estcrafts.ee\\\/?page_id=6\"},{\"@type\":\"ListItem\",\"position\":3,\"name\":\"TAMMEST SARVEGA L\u00d5IKELAUD\"}]},{\"@type\":\"WebSite\",\"@id\":\"https:\\\/\\\/estcrafts.ee\\\/#website\",\"url\":\"https:\\\/\\\/estcrafts.ee\\\/\",\"name\":\"EstCrafts\",\"description\":\"\",\"potentialAction\":[{\"@type\":\"SearchAction\",\"target\":{\"@type\":\"EntryPoint\",\"urlTemplate\":\"https:\\\/\\\/estcrafts.ee\\\/?s={search_term_string}\"},\"query-input\":{\"@type\":\"PropertyValueSpecification\",\"valueRequired\":true,\"valueName\":\"search_term_string\"}}],\"inLanguage\":\"en-US\"}]}<\/script>\n<!-- \/ Yoast SEO plugin. -->","yoast_head_json":{"title":"TAMMEST SARVEGA L\u00d5IKELAUD - EstCrafts","description":"An oak cutting board with an antler handle is a practical and eye-catching kitchen accessory. Durable oak makes it long-lasting, and the distinctive antler-shaped design also makes it a beautiful gift.","robots":{"index":"index","follow":"follow","max-snippet":"max-snippet:-1","max-image-preview":"max-image-preview:large","max-video-preview":"max-video-preview:-1"},"canonical":"https:\/\/estcrafts.ee\/en\/product\/tammest-sarvega-loikelaud\/","og_locale":"en_US","og_type":"article","og_title":"TAMMEST SARVEGA L\u00d5IKELAUD - EstCrafts","og_description":"Tammest sarvega l\u00f5ikelaud on praktiline ja pilkup\u00fc\u00fcdev k\u00f6\u00f6gitarvik. Tugev tammepuit on vastupidav ning eriline sarvekujuline disain teeb sellest ka ilusa kingituse.","og_url":"https:\/\/estcrafts.ee\/en\/product\/tammest-sarvega-loikelaud\/","og_site_name":"EstCrafts","article_modified_time":"2026-03-20T11:04:50+00:00","og_image":[{"width":1000,"height":1000,"url":"https:\/\/estcrafts.ee\/wp-content\/uploads\/2026\/01\/151-2.png","type":"image\/png"}],"twitter_card":"summary_large_image","twitter_misc":{"Est. reading time":"1 minute"},"schema":{"@context":"https:\/\/schema.org","@graph":[{"@type":"WebPage","@id":"https:\/\/estcrafts.ee\/product\/tammest-sarvega-loikelaud\/","url":"https:\/\/estcrafts.ee\/product\/tammest-sarvega-loikelaud\/","name":"TAMMEST SARVEGA L\u00d5IKELAUD - EstCrafts","isPartOf":{"@id":"https:\/\/estcrafts.ee\/#website"},"primaryImageOfPage":{"@id":"https:\/\/estcrafts.ee\/product\/tammest-sarvega-loikelaud\/#primaryimage"},"image":{"@id":"https:\/\/estcrafts.ee\/product\/tammest-sarvega-loikelaud\/#primaryimage"},"thumbnailUrl":"https:\/\/estcrafts.ee\/wp-content\/uploads\/2026\/01\/151-2.png","datePublished":"2026-01-15T13:57:00+00:00","dateModified":"2026-03-20T11:04:50+00:00","description":"An oak cutting board with an antler handle is a practical and eye-catching kitchen accessory. Durable oak makes it long-lasting, and the distinctive antler-shaped design also makes it a beautiful gift.","breadcrumb":{"@id":"https:\/\/estcrafts.ee\/product\/tammest-sarvega-loikelaud\/#breadcrumb"},"inLanguage":"en-US","potentialAction":[{"@type":"ReadAction","target":["https:\/\/estcrafts.ee\/product\/tammest-sarvega-loikelaud\/"]}]},{"@type":"ImageObject","inLanguage":"en-US","@id":"https:\/\/estcrafts.ee\/product\/tammest-sarvega-loikelaud\/#primaryimage","url":"https:\/\/estcrafts.ee\/wp-content\/uploads\/2026\/01\/151-2.png","contentUrl":"https:\/\/estcrafts.ee\/wp-content\/uploads\/2026\/01\/151-2.png","width":1000,"height":1000,"caption":"TAMMEST SARVEGA L\u00d5IKELAUD"},{"@type":"BreadcrumbList","@id":"https:\/\/estcrafts.ee\/product\/tammest-sarvega-loikelaud\/#breadcrumb","itemListElement":[{"@type":"ListItem","position":1,"name":"Home","item":"https:\/\/estcrafts.ee\/"},{"@type":"ListItem","position":2,"name":"Shop","item":"https:\/\/estcrafts.ee\/?page_id=6"},{"@type":"ListItem","position":3,"name":"TAMMEST SARVEGA L\u00d5IKELAUD"}]},{"@type":"WebSite","@id":"https:\/\/estcrafts.ee\/#website","url":"https:\/\/estcrafts.ee\/","name":"EstCrafts","description":"","potentialAction":[{"@type":"SearchAction","target":{"@type":"EntryPoint","urlTemplate":"https:\/\/estcrafts.ee\/?s={search_term_string}"},"query-input":{"@type":"PropertyValueSpecification","valueRequired":true,"valueName":"search_term_string"}}],"inLanguage":"en-US"}]}},"jetpack_sharing_enabled":true,"_links":{"self":[{"href":"https:\/\/estcrafts.ee\/en\/wp-json\/wp\/v2\/product\/2007","targetHints":{"allow":["GET"]}}],"collection":[{"href":"https:\/\/estcrafts.ee\/en\/wp-json\/wp\/v2\/product"}],"about":[{"href":"https:\/\/estcrafts.ee\/en\/wp-json\/wp\/v2\/types\/product"}],"replies":[{"embeddable":true,"href":"https:\/\/estcrafts.ee\/en\/wp-json\/wp\/v2\/comments?post=2007"}],"wp:featuredmedia":[{"embeddable":true,"href":"https:\/\/estcrafts.ee\/en\/wp-json\/wp\/v2\/media\/6058"}],"wp:attachment":[{"href":"https:\/\/estcrafts.ee\/en\/wp-json\/wp\/v2\/media?parent=2007"}],"wp:term":[{"taxonomy":"product_brand","embeddable":true,"href":"https:\/\/estcrafts.ee\/en\/wp-json\/wp\/v2\/product_brand?post=2007"},{"taxonomy":"product_cat","embeddable":true,"href":"https:\/\/estcrafts.ee\/en\/wp-json\/wp\/v2\/product_cat?post=2007"},{"taxonomy":"product_tag","embeddable":true,"href":"https:\/\/estcrafts.ee\/en\/wp-json\/wp\/v2\/product_tag?post=2007"}],"curies":[{"name":"wp","href":"https:\/\/api.w.org\/{rel}","templated":true}]}}