{"id":2003,"date":"2026-01-15T13:19:32","date_gmt":"2026-01-15T13:19:32","guid":{"rendered":"https:\/\/estcrafts.ee\/?post_type=product&#038;p=2003"},"modified":"2026-02-12T22:13:36","modified_gmt":"2026-02-12T20:13:36","slug":"soolatoos-kadakast","status":"publish","type":"product","link":"https:\/\/estcrafts.ee\/en\/product\/soolatoos-kadakast\/","title":{"rendered":"JUNIPER SALT BOWL"},"content":{"rendered":"","protected":false},"excerpt":{"rendered":"<p>A salt bowl made from juniper mosaic, with a small spoon included. Also a great choice for salt or other spices. Juniper wood smells wonderful and won\u2019t give your seasonings any off-flavours. The surface is natural and very smooth, with no oil or varnish. <\/p>\n<p>Dimensions: 8.5 \u00d7 7 \u00d7 8.5 cm<\/p>","protected":false},"featured_media":3787,"comment_status":"open","ping_status":"closed","template":"","meta":[],"product_brand":[],"product_cat":[88],"product_tag":[245,324,199,191,322,323],"class_list":{"0":"post-2003","1":"product","2":"type-product","3":"status-publish","4":"has-post-thumbnail","6":"product_cat-anumad","7":"product_tag-kadakas","8":"product_tag-kadakast-soolatoos","9":"product_tag-kasitoo","10":"product_tag-kingitus","11":"product_tag-maitseainete-toos","12":"product_tag-soolatoos","14":"first","15":"instock","16":"shipping-taxable","17":"purchasable","18":"product-type-simple"},"yoast_head":"<!-- This site is optimized with the Yoast SEO plugin v27.4 - https:\/\/yoast.com\/product\/yoast-seo-wordpress\/ -->\n<title>SOOLATOOS KADAKAST - EstCrafts<\/title>\n<meta name=\"description\" content=\"Soolatoos kadakamosaiigist, komplektis v\u00e4ike lusikas. Hea valik soola v\u00f5i muude maitseainete jaoks. Kadakapuit l\u00f5hnab suurep\u00e4raselt.\" \/>\n<meta name=\"robots\" content=\"index, follow, max-snippet:-1, max-image-preview:large, max-video-preview:-1\" \/>\n<link rel=\"canonical\" href=\"https:\/\/estcrafts.ee\/en\/product\/soolatoos-kadakast\/\" \/>\n<meta property=\"og:locale\" content=\"en_US\" \/>\n<meta property=\"og:type\" content=\"article\" \/>\n<meta property=\"og:title\" content=\"SOOLATOOS KADAKAST - EstCrafts\" \/>\n<meta property=\"og:description\" content=\"Soolatoos kadakamosaiigist, komplektis v\u00e4ike lusikas. Hea valik soola v\u00f5i muude maitseainete jaoks. Kadakapuit l\u00f5hnab suurep\u00e4raselt.\" \/>\n<meta property=\"og:url\" content=\"https:\/\/estcrafts.ee\/en\/product\/soolatoos-kadakast\/\" \/>\n<meta property=\"og:site_name\" content=\"EstCrafts\" \/>\n<meta property=\"article:modified_time\" content=\"2026-02-12T20:13:36+00:00\" \/>\n<meta property=\"og:image\" content=\"https:\/\/estcrafts.ee\/wp-content\/uploads\/2026\/01\/Untitled-design-60.png\" \/>\n\t<meta property=\"og:image:width\" content=\"1000\" \/>\n\t<meta property=\"og:image:height\" content=\"1000\" \/>\n\t<meta property=\"og:image:type\" content=\"image\/png\" \/>\n<meta name=\"twitter:card\" content=\"summary_large_image\" \/>\n<meta name=\"twitter:label1\" content=\"Est. reading time\" \/>\n\t<meta name=\"twitter:data1\" content=\"1 minute\" \/>\n<script type=\"application\/ld+json\" class=\"yoast-schema-graph\">{\"@context\":\"https:\\\/\\\/schema.org\",\"@graph\":[{\"@type\":\"WebPage\",\"@id\":\"https:\\\/\\\/estcrafts.ee\\\/product\\\/soolatoos-kadakast\\\/\",\"url\":\"https:\\\/\\\/estcrafts.ee\\\/product\\\/soolatoos-kadakast\\\/\",\"name\":\"SOOLATOOS KADAKAST - EstCrafts\",\"isPartOf\":{\"@id\":\"https:\\\/\\\/estcrafts.ee\\\/#website\"},\"primaryImageOfPage\":{\"@id\":\"https:\\\/\\\/estcrafts.ee\\\/product\\\/soolatoos-kadakast\\\/#primaryimage\"},\"image\":{\"@id\":\"https:\\\/\\\/estcrafts.ee\\\/product\\\/soolatoos-kadakast\\\/#primaryimage\"},\"thumbnailUrl\":\"https:\\\/\\\/estcrafts.ee\\\/wp-content\\\/uploads\\\/2026\\\/01\\\/Untitled-design-60.png\",\"datePublished\":\"2026-01-15T13:19:32+00:00\",\"dateModified\":\"2026-02-12T20:13:36+00:00\",\"description\":\"Soolatoos kadakamosaiigist, komplektis v\u00e4ike lusikas. Hea valik soola v\u00f5i muude maitseainete jaoks. Kadakapuit l\u00f5hnab suurep\u00e4raselt.\",\"breadcrumb\":{\"@id\":\"https:\\\/\\\/estcrafts.ee\\\/product\\\/soolatoos-kadakast\\\/#breadcrumb\"},\"inLanguage\":\"en-US\",\"potentialAction\":[{\"@type\":\"ReadAction\",\"target\":[\"https:\\\/\\\/estcrafts.ee\\\/product\\\/soolatoos-kadakast\\\/\"]}]},{\"@type\":\"ImageObject\",\"inLanguage\":\"en-US\",\"@id\":\"https:\\\/\\\/estcrafts.ee\\\/product\\\/soolatoos-kadakast\\\/#primaryimage\",\"url\":\"https:\\\/\\\/estcrafts.ee\\\/wp-content\\\/uploads\\\/2026\\\/01\\\/Untitled-design-60.png\",\"contentUrl\":\"https:\\\/\\\/estcrafts.ee\\\/wp-content\\\/uploads\\\/2026\\\/01\\\/Untitled-design-60.png\",\"width\":1000,\"height\":1000,\"caption\":\"soolatoos kadakast\"},{\"@type\":\"BreadcrumbList\",\"@id\":\"https:\\\/\\\/estcrafts.ee\\\/product\\\/soolatoos-kadakast\\\/#breadcrumb\",\"itemListElement\":[{\"@type\":\"ListItem\",\"position\":1,\"name\":\"Home\",\"item\":\"https:\\\/\\\/estcrafts.ee\\\/\"},{\"@type\":\"ListItem\",\"position\":2,\"name\":\"Shop\",\"item\":\"https:\\\/\\\/estcrafts.ee\\\/?page_id=6\"},{\"@type\":\"ListItem\",\"position\":3,\"name\":\"SOOLATOOS KADAKAST\"}]},{\"@type\":\"WebSite\",\"@id\":\"https:\\\/\\\/estcrafts.ee\\\/#website\",\"url\":\"https:\\\/\\\/estcrafts.ee\\\/\",\"name\":\"EstCrafts\",\"description\":\"\",\"potentialAction\":[{\"@type\":\"SearchAction\",\"target\":{\"@type\":\"EntryPoint\",\"urlTemplate\":\"https:\\\/\\\/estcrafts.ee\\\/?s={search_term_string}\"},\"query-input\":{\"@type\":\"PropertyValueSpecification\",\"valueRequired\":true,\"valueName\":\"search_term_string\"}}],\"inLanguage\":\"en-US\"}]}<\/script>\n<!-- \/ Yoast SEO plugin. -->","yoast_head_json":{"title":"SOOLATOOS KADAKAST - EstCrafts","description":"Soolatoos kadakamosaiigist, komplektis v\u00e4ike lusikas. Hea valik soola v\u00f5i muude maitseainete jaoks. Kadakapuit l\u00f5hnab suurep\u00e4raselt.","robots":{"index":"index","follow":"follow","max-snippet":"max-snippet:-1","max-image-preview":"max-image-preview:large","max-video-preview":"max-video-preview:-1"},"canonical":"https:\/\/estcrafts.ee\/en\/product\/soolatoos-kadakast\/","og_locale":"en_US","og_type":"article","og_title":"SOOLATOOS KADAKAST - EstCrafts","og_description":"Soolatoos kadakamosaiigist, komplektis v\u00e4ike lusikas. Hea valik soola v\u00f5i muude maitseainete jaoks. Kadakapuit l\u00f5hnab suurep\u00e4raselt.","og_url":"https:\/\/estcrafts.ee\/en\/product\/soolatoos-kadakast\/","og_site_name":"EstCrafts","article_modified_time":"2026-02-12T20:13:36+00:00","og_image":[{"width":1000,"height":1000,"url":"https:\/\/estcrafts.ee\/wp-content\/uploads\/2026\/01\/Untitled-design-60.png","type":"image\/png"}],"twitter_card":"summary_large_image","twitter_misc":{"Est. reading time":"1 minute"},"schema":{"@context":"https:\/\/schema.org","@graph":[{"@type":"WebPage","@id":"https:\/\/estcrafts.ee\/product\/soolatoos-kadakast\/","url":"https:\/\/estcrafts.ee\/product\/soolatoos-kadakast\/","name":"SOOLATOOS KADAKAST - EstCrafts","isPartOf":{"@id":"https:\/\/estcrafts.ee\/#website"},"primaryImageOfPage":{"@id":"https:\/\/estcrafts.ee\/product\/soolatoos-kadakast\/#primaryimage"},"image":{"@id":"https:\/\/estcrafts.ee\/product\/soolatoos-kadakast\/#primaryimage"},"thumbnailUrl":"https:\/\/estcrafts.ee\/wp-content\/uploads\/2026\/01\/Untitled-design-60.png","datePublished":"2026-01-15T13:19:32+00:00","dateModified":"2026-02-12T20:13:36+00:00","description":"Soolatoos kadakamosaiigist, komplektis v\u00e4ike lusikas. Hea valik soola v\u00f5i muude maitseainete jaoks. Kadakapuit l\u00f5hnab suurep\u00e4raselt.","breadcrumb":{"@id":"https:\/\/estcrafts.ee\/product\/soolatoos-kadakast\/#breadcrumb"},"inLanguage":"en-US","potentialAction":[{"@type":"ReadAction","target":["https:\/\/estcrafts.ee\/product\/soolatoos-kadakast\/"]}]},{"@type":"ImageObject","inLanguage":"en-US","@id":"https:\/\/estcrafts.ee\/product\/soolatoos-kadakast\/#primaryimage","url":"https:\/\/estcrafts.ee\/wp-content\/uploads\/2026\/01\/Untitled-design-60.png","contentUrl":"https:\/\/estcrafts.ee\/wp-content\/uploads\/2026\/01\/Untitled-design-60.png","width":1000,"height":1000,"caption":"soolatoos kadakast"},{"@type":"BreadcrumbList","@id":"https:\/\/estcrafts.ee\/product\/soolatoos-kadakast\/#breadcrumb","itemListElement":[{"@type":"ListItem","position":1,"name":"Home","item":"https:\/\/estcrafts.ee\/"},{"@type":"ListItem","position":2,"name":"Shop","item":"https:\/\/estcrafts.ee\/?page_id=6"},{"@type":"ListItem","position":3,"name":"SOOLATOOS KADAKAST"}]},{"@type":"WebSite","@id":"https:\/\/estcrafts.ee\/#website","url":"https:\/\/estcrafts.ee\/","name":"EstCrafts","description":"","potentialAction":[{"@type":"SearchAction","target":{"@type":"EntryPoint","urlTemplate":"https:\/\/estcrafts.ee\/?s={search_term_string}"},"query-input":{"@type":"PropertyValueSpecification","valueRequired":true,"valueName":"search_term_string"}}],"inLanguage":"en-US"}]}},"jetpack_sharing_enabled":true,"_links":{"self":[{"href":"https:\/\/estcrafts.ee\/en\/wp-json\/wp\/v2\/product\/2003","targetHints":{"allow":["GET"]}}],"collection":[{"href":"https:\/\/estcrafts.ee\/en\/wp-json\/wp\/v2\/product"}],"about":[{"href":"https:\/\/estcrafts.ee\/en\/wp-json\/wp\/v2\/types\/product"}],"replies":[{"embeddable":true,"href":"https:\/\/estcrafts.ee\/en\/wp-json\/wp\/v2\/comments?post=2003"}],"wp:featuredmedia":[{"embeddable":true,"href":"https:\/\/estcrafts.ee\/en\/wp-json\/wp\/v2\/media\/3787"}],"wp:attachment":[{"href":"https:\/\/estcrafts.ee\/en\/wp-json\/wp\/v2\/media?parent=2003"}],"wp:term":[{"taxonomy":"product_brand","embeddable":true,"href":"https:\/\/estcrafts.ee\/en\/wp-json\/wp\/v2\/product_brand?post=2003"},{"taxonomy":"product_cat","embeddable":true,"href":"https:\/\/estcrafts.ee\/en\/wp-json\/wp\/v2\/product_cat?post=2003"},{"taxonomy":"product_tag","embeddable":true,"href":"https:\/\/estcrafts.ee\/en\/wp-json\/wp\/v2\/product_tag?post=2003"}],"curies":[{"name":"wp","href":"https:\/\/api.w.org\/{rel}","templated":true}]}}