{"id":1999,"date":"2026-01-15T13:11:13","date_gmt":"2026-01-15T13:11:13","guid":{"rendered":"https:\/\/estcrafts.ee\/?post_type=product&#038;p=1999"},"modified":"2026-02-12T22:25:31","modified_gmt":"2026-02-12T20:25:31","slug":"vaike-puidust-hoiustamistunnike","status":"publish","type":"product","link":"https:\/\/estcrafts.ee\/en\/product\/vaike-puidust-hoiustamistunnike\/","title":{"rendered":"SMALL WOODEN STORAGE BARREL"},"content":{"rendered":"","protected":false},"excerpt":{"rendered":"<p>A small lidded wooden barrel that works well as a salt bowl, sugar bowl, or for storing small items (e.g., tea bags, buttons, jewellery, etc.).<\/p>\n<p>Dimensions: height (with lid) 7.5 cm, width 5.5 cm.<\/p>","protected":false},"featured_media":3789,"comment_status":"open","ping_status":"closed","template":"","meta":[],"product_brand":[],"product_cat":[88],"product_tag":[328,199,191,327,323,320,326],"class_list":{"0":"post-1999","1":"product","2":"type-product","3":"status-publish","4":"has-post-thumbnail","6":"product_cat-anumad","7":"product_tag-hoiutoos-kaanega","8":"product_tag-kasitoo","9":"product_tag-kingitus","10":"product_tag-puidust-hoiutoos","11":"product_tag-soolatoos","12":"product_tag-suhkrutoos","13":"product_tag-vaike-puidust-tunn","15":"first","16":"instock","17":"shipping-taxable","18":"purchasable","19":"product-type-simple"},"yoast_head":"<!-- This site is optimized with the Yoast SEO plugin v27.4 - https:\/\/yoast.com\/product\/yoast-seo-wordpress\/ -->\n<title>V\u00c4IKE PUIDUST HOIUSTAMIST\u00dcNNIKE - EstCrafts<\/title>\n<meta name=\"description\" content=\"V\u00e4ike t\u00fcnn on kaanega puidust hoiutoos, mis sobib h\u00e4sti soolatoosiks, suhkrutoosiks v\u00f5i v\u00e4ikeste asjade hoidmiseks (nt teepakid, n\u00f6\u00f6bid, ehted jms).\" \/>\n<meta name=\"robots\" content=\"index, follow, max-snippet:-1, max-image-preview:large, max-video-preview:-1\" \/>\n<link rel=\"canonical\" href=\"https:\/\/estcrafts.ee\/en\/product\/vaike-puidust-hoiustamistunnike\/\" \/>\n<meta property=\"og:locale\" content=\"en_US\" \/>\n<meta property=\"og:type\" content=\"article\" \/>\n<meta property=\"og:title\" content=\"V\u00c4IKE PUIDUST HOIUSTAMIST\u00dcNNIKE - EstCrafts\" \/>\n<meta property=\"og:description\" content=\"V\u00e4ike t\u00fcnn on kaanega puidust hoiutoos, mis sobib h\u00e4sti soolatoosiks, suhkrutoosiks v\u00f5i v\u00e4ikeste asjade hoidmiseks (nt teepakid, n\u00f6\u00f6bid, ehted jms).\" \/>\n<meta property=\"og:url\" content=\"https:\/\/estcrafts.ee\/en\/product\/vaike-puidust-hoiustamistunnike\/\" \/>\n<meta property=\"og:site_name\" content=\"EstCrafts\" \/>\n<meta property=\"article:modified_time\" content=\"2026-02-12T20:25:31+00:00\" \/>\n<meta property=\"og:image\" content=\"https:\/\/estcrafts.ee\/wp-content\/uploads\/2026\/01\/Untitled-design-62.png\" \/>\n\t<meta property=\"og:image:width\" content=\"1000\" \/>\n\t<meta property=\"og:image:height\" content=\"1000\" \/>\n\t<meta property=\"og:image:type\" content=\"image\/png\" \/>\n<meta name=\"twitter:card\" content=\"summary_large_image\" \/>\n<meta name=\"twitter:label1\" content=\"Est. reading time\" \/>\n\t<meta name=\"twitter:data1\" content=\"1 minute\" \/>\n<script type=\"application\/ld+json\" class=\"yoast-schema-graph\">{\"@context\":\"https:\\\/\\\/schema.org\",\"@graph\":[{\"@type\":\"WebPage\",\"@id\":\"https:\\\/\\\/estcrafts.ee\\\/product\\\/vaike-puidust-hoiustamistunnike\\\/\",\"url\":\"https:\\\/\\\/estcrafts.ee\\\/product\\\/vaike-puidust-hoiustamistunnike\\\/\",\"name\":\"V\u00c4IKE PUIDUST HOIUSTAMIST\u00dcNNIKE - EstCrafts\",\"isPartOf\":{\"@id\":\"https:\\\/\\\/estcrafts.ee\\\/#website\"},\"primaryImageOfPage\":{\"@id\":\"https:\\\/\\\/estcrafts.ee\\\/product\\\/vaike-puidust-hoiustamistunnike\\\/#primaryimage\"},\"image\":{\"@id\":\"https:\\\/\\\/estcrafts.ee\\\/product\\\/vaike-puidust-hoiustamistunnike\\\/#primaryimage\"},\"thumbnailUrl\":\"https:\\\/\\\/estcrafts.ee\\\/wp-content\\\/uploads\\\/2026\\\/01\\\/Untitled-design-62.png\",\"datePublished\":\"2026-01-15T13:11:13+00:00\",\"dateModified\":\"2026-02-12T20:25:31+00:00\",\"description\":\"V\u00e4ike t\u00fcnn on kaanega puidust hoiutoos, mis sobib h\u00e4sti soolatoosiks, suhkrutoosiks v\u00f5i v\u00e4ikeste asjade hoidmiseks (nt teepakid, n\u00f6\u00f6bid, ehted jms).\",\"breadcrumb\":{\"@id\":\"https:\\\/\\\/estcrafts.ee\\\/product\\\/vaike-puidust-hoiustamistunnike\\\/#breadcrumb\"},\"inLanguage\":\"en-US\",\"potentialAction\":[{\"@type\":\"ReadAction\",\"target\":[\"https:\\\/\\\/estcrafts.ee\\\/product\\\/vaike-puidust-hoiustamistunnike\\\/\"]}]},{\"@type\":\"ImageObject\",\"inLanguage\":\"en-US\",\"@id\":\"https:\\\/\\\/estcrafts.ee\\\/product\\\/vaike-puidust-hoiustamistunnike\\\/#primaryimage\",\"url\":\"https:\\\/\\\/estcrafts.ee\\\/wp-content\\\/uploads\\\/2026\\\/01\\\/Untitled-design-62.png\",\"contentUrl\":\"https:\\\/\\\/estcrafts.ee\\\/wp-content\\\/uploads\\\/2026\\\/01\\\/Untitled-design-62.png\",\"width\":1000,\"height\":1000,\"caption\":\"v\u00e4ike puidust hoiustamistunnike\"},{\"@type\":\"BreadcrumbList\",\"@id\":\"https:\\\/\\\/estcrafts.ee\\\/product\\\/vaike-puidust-hoiustamistunnike\\\/#breadcrumb\",\"itemListElement\":[{\"@type\":\"ListItem\",\"position\":1,\"name\":\"Home\",\"item\":\"https:\\\/\\\/estcrafts.ee\\\/\"},{\"@type\":\"ListItem\",\"position\":2,\"name\":\"Shop\",\"item\":\"https:\\\/\\\/estcrafts.ee\\\/?page_id=6\"},{\"@type\":\"ListItem\",\"position\":3,\"name\":\"V\u00c4IKE PUIDUST HOIUSTAMIST\u00dcNNIKE\"}]},{\"@type\":\"WebSite\",\"@id\":\"https:\\\/\\\/estcrafts.ee\\\/#website\",\"url\":\"https:\\\/\\\/estcrafts.ee\\\/\",\"name\":\"EstCrafts\",\"description\":\"\",\"potentialAction\":[{\"@type\":\"SearchAction\",\"target\":{\"@type\":\"EntryPoint\",\"urlTemplate\":\"https:\\\/\\\/estcrafts.ee\\\/?s={search_term_string}\"},\"query-input\":{\"@type\":\"PropertyValueSpecification\",\"valueRequired\":true,\"valueName\":\"search_term_string\"}}],\"inLanguage\":\"en-US\"}]}<\/script>\n<!-- \/ Yoast SEO plugin. -->","yoast_head_json":{"title":"V\u00c4IKE PUIDUST HOIUSTAMIST\u00dcNNIKE - EstCrafts","description":"V\u00e4ike t\u00fcnn on kaanega puidust hoiutoos, mis sobib h\u00e4sti soolatoosiks, suhkrutoosiks v\u00f5i v\u00e4ikeste asjade hoidmiseks (nt teepakid, n\u00f6\u00f6bid, ehted jms).","robots":{"index":"index","follow":"follow","max-snippet":"max-snippet:-1","max-image-preview":"max-image-preview:large","max-video-preview":"max-video-preview:-1"},"canonical":"https:\/\/estcrafts.ee\/en\/product\/vaike-puidust-hoiustamistunnike\/","og_locale":"en_US","og_type":"article","og_title":"V\u00c4IKE PUIDUST HOIUSTAMIST\u00dcNNIKE - EstCrafts","og_description":"V\u00e4ike t\u00fcnn on kaanega puidust hoiutoos, mis sobib h\u00e4sti soolatoosiks, suhkrutoosiks v\u00f5i v\u00e4ikeste asjade hoidmiseks (nt teepakid, n\u00f6\u00f6bid, ehted jms).","og_url":"https:\/\/estcrafts.ee\/en\/product\/vaike-puidust-hoiustamistunnike\/","og_site_name":"EstCrafts","article_modified_time":"2026-02-12T20:25:31+00:00","og_image":[{"width":1000,"height":1000,"url":"https:\/\/estcrafts.ee\/wp-content\/uploads\/2026\/01\/Untitled-design-62.png","type":"image\/png"}],"twitter_card":"summary_large_image","twitter_misc":{"Est. reading time":"1 minute"},"schema":{"@context":"https:\/\/schema.org","@graph":[{"@type":"WebPage","@id":"https:\/\/estcrafts.ee\/product\/vaike-puidust-hoiustamistunnike\/","url":"https:\/\/estcrafts.ee\/product\/vaike-puidust-hoiustamistunnike\/","name":"V\u00c4IKE PUIDUST HOIUSTAMIST\u00dcNNIKE - EstCrafts","isPartOf":{"@id":"https:\/\/estcrafts.ee\/#website"},"primaryImageOfPage":{"@id":"https:\/\/estcrafts.ee\/product\/vaike-puidust-hoiustamistunnike\/#primaryimage"},"image":{"@id":"https:\/\/estcrafts.ee\/product\/vaike-puidust-hoiustamistunnike\/#primaryimage"},"thumbnailUrl":"https:\/\/estcrafts.ee\/wp-content\/uploads\/2026\/01\/Untitled-design-62.png","datePublished":"2026-01-15T13:11:13+00:00","dateModified":"2026-02-12T20:25:31+00:00","description":"V\u00e4ike t\u00fcnn on kaanega puidust hoiutoos, mis sobib h\u00e4sti soolatoosiks, suhkrutoosiks v\u00f5i v\u00e4ikeste asjade hoidmiseks (nt teepakid, n\u00f6\u00f6bid, ehted jms).","breadcrumb":{"@id":"https:\/\/estcrafts.ee\/product\/vaike-puidust-hoiustamistunnike\/#breadcrumb"},"inLanguage":"en-US","potentialAction":[{"@type":"ReadAction","target":["https:\/\/estcrafts.ee\/product\/vaike-puidust-hoiustamistunnike\/"]}]},{"@type":"ImageObject","inLanguage":"en-US","@id":"https:\/\/estcrafts.ee\/product\/vaike-puidust-hoiustamistunnike\/#primaryimage","url":"https:\/\/estcrafts.ee\/wp-content\/uploads\/2026\/01\/Untitled-design-62.png","contentUrl":"https:\/\/estcrafts.ee\/wp-content\/uploads\/2026\/01\/Untitled-design-62.png","width":1000,"height":1000,"caption":"v\u00e4ike puidust hoiustamistunnike"},{"@type":"BreadcrumbList","@id":"https:\/\/estcrafts.ee\/product\/vaike-puidust-hoiustamistunnike\/#breadcrumb","itemListElement":[{"@type":"ListItem","position":1,"name":"Home","item":"https:\/\/estcrafts.ee\/"},{"@type":"ListItem","position":2,"name":"Shop","item":"https:\/\/estcrafts.ee\/?page_id=6"},{"@type":"ListItem","position":3,"name":"V\u00c4IKE PUIDUST HOIUSTAMIST\u00dcNNIKE"}]},{"@type":"WebSite","@id":"https:\/\/estcrafts.ee\/#website","url":"https:\/\/estcrafts.ee\/","name":"EstCrafts","description":"","potentialAction":[{"@type":"SearchAction","target":{"@type":"EntryPoint","urlTemplate":"https:\/\/estcrafts.ee\/?s={search_term_string}"},"query-input":{"@type":"PropertyValueSpecification","valueRequired":true,"valueName":"search_term_string"}}],"inLanguage":"en-US"}]}},"jetpack_sharing_enabled":true,"_links":{"self":[{"href":"https:\/\/estcrafts.ee\/en\/wp-json\/wp\/v2\/product\/1999","targetHints":{"allow":["GET"]}}],"collection":[{"href":"https:\/\/estcrafts.ee\/en\/wp-json\/wp\/v2\/product"}],"about":[{"href":"https:\/\/estcrafts.ee\/en\/wp-json\/wp\/v2\/types\/product"}],"replies":[{"embeddable":true,"href":"https:\/\/estcrafts.ee\/en\/wp-json\/wp\/v2\/comments?post=1999"}],"wp:featuredmedia":[{"embeddable":true,"href":"https:\/\/estcrafts.ee\/en\/wp-json\/wp\/v2\/media\/3789"}],"wp:attachment":[{"href":"https:\/\/estcrafts.ee\/en\/wp-json\/wp\/v2\/media?parent=1999"}],"wp:term":[{"taxonomy":"product_brand","embeddable":true,"href":"https:\/\/estcrafts.ee\/en\/wp-json\/wp\/v2\/product_brand?post=1999"},{"taxonomy":"product_cat","embeddable":true,"href":"https:\/\/estcrafts.ee\/en\/wp-json\/wp\/v2\/product_cat?post=1999"},{"taxonomy":"product_tag","embeddable":true,"href":"https:\/\/estcrafts.ee\/en\/wp-json\/wp\/v2\/product_tag?post=1999"}],"curies":[{"name":"wp","href":"https:\/\/api.w.org\/{rel}","templated":true}]}}