{"id":1988,"date":"2026-01-15T12:45:53","date_gmt":"2026-01-15T12:45:53","guid":{"rendered":"https:\/\/estcrafts.ee\/?post_type=product&#038;p=1988"},"modified":"2026-02-12T23:13:47","modified_gmt":"2026-02-12T21:13:47","slug":"kauss-14-23cm","status":"publish","type":"product","link":"https:\/\/estcrafts.ee\/en\/product\/kauss-14-23cm\/","title":{"rendered":"BOWL 14\u201323 CM"},"content":{"rendered":"<p>A sturdy beechwood bowl, made from a dried beechwood board.<br \/>\nDimensions: 14\u201323 cm<\/p>\n<p>As a handmade product, each item is unique \u2013 the tone and grain may vary slightly.<\/p>\n<p>We recommend maintaining the product at least once a year using linseed oil or regular cooking oil. Regular oiling helps preserve the wood\u2019s beautiful appearance and prevents cracks caused by drying out. Before oiling, the product must be cleaned and completely dry. Apply the oil to both sides to prevent the wood from warping. After washing or oiling, leave the board to dry so air can circulate freely on both sides\u2014for example, standing upright. This helps the product keep its proper shape and prevents twisting.<\/p>","protected":false},"excerpt":{"rendered":"<p>A classic wooden bowl. A great choice for salads, fruit, nuts, snacks, or serving. Made from a dried beechwood board.<br \/>\nDimensions: 14\u201323 cm<\/p>\n<p>More details can be found under Description.<\/p>","protected":false},"featured_media":3796,"comment_status":"open","ping_status":"closed","template":"","meta":[],"product_brand":[],"product_cat":[88],"product_tag":[332,331,220,336,335,334,333],"class_list":{"0":"post-1988","1":"product","2":"type-product","3":"status-publish","4":"has-post-thumbnail","6":"product_cat-anumad","7":"product_tag-kausid","8":"product_tag-kauss","9":"product_tag-koogitarbed","10":"product_tag-puidust-kooginoud","11":"product_tag-puuviljakauss","12":"product_tag-salatikauss","13":"product_tag-serveermiskauss","15":"first","16":"instock","17":"shipping-taxable","18":"purchasable","19":"product-type-variable"},"yoast_head":"<!-- This site is optimized with the Yoast SEO plugin v27.4 - https:\/\/yoast.com\/product\/yoast-seo-wordpress\/ -->\n<title>KAUSS 14-23CM - EstCrafts<\/title>\n<meta name=\"description\" content=\"Klassikaline puidust kauss. Hea valik salatile, puuviljadele, p\u00e4hklitele, sn\u00e4kkidele v\u00f5i serveerimiseks. Valmistatud kuivatatud p\u00f6\u00f6gipuu plangust.\" \/>\n<meta name=\"robots\" content=\"index, follow, max-snippet:-1, max-image-preview:large, max-video-preview:-1\" \/>\n<link rel=\"canonical\" href=\"https:\/\/estcrafts.ee\/en\/product\/kauss-14-23cm\/\" \/>\n<meta property=\"og:locale\" content=\"en_US\" \/>\n<meta property=\"og:type\" content=\"article\" \/>\n<meta property=\"og:title\" content=\"KAUSS 14-23CM - EstCrafts\" \/>\n<meta property=\"og:description\" content=\"Klassikaline puidust kauss. Hea valik salatile, puuviljadele, p\u00e4hklitele, sn\u00e4kkidele v\u00f5i serveerimiseks. Valmistatud kuivatatud p\u00f6\u00f6gipuu plangust.\" \/>\n<meta property=\"og:url\" content=\"https:\/\/estcrafts.ee\/en\/product\/kauss-14-23cm\/\" \/>\n<meta property=\"og:site_name\" content=\"EstCrafts\" \/>\n<meta property=\"article:modified_time\" content=\"2026-02-12T21:13:47+00:00\" \/>\n<meta property=\"og:image\" content=\"https:\/\/estcrafts.ee\/wp-content\/uploads\/2026\/01\/Untitled-design-69.png\" \/>\n\t<meta property=\"og:image:width\" content=\"1000\" \/>\n\t<meta property=\"og:image:height\" content=\"1000\" \/>\n\t<meta property=\"og:image:type\" content=\"image\/png\" \/>\n<meta name=\"twitter:card\" content=\"summary_large_image\" \/>\n<meta name=\"twitter:label1\" content=\"Est. reading time\" \/>\n\t<meta name=\"twitter:data1\" content=\"1 minute\" \/>\n<script type=\"application\/ld+json\" class=\"yoast-schema-graph\">{\"@context\":\"https:\\\/\\\/schema.org\",\"@graph\":[{\"@type\":\"WebPage\",\"@id\":\"https:\\\/\\\/estcrafts.ee\\\/product\\\/kauss-14-23cm\\\/\",\"url\":\"https:\\\/\\\/estcrafts.ee\\\/product\\\/kauss-14-23cm\\\/\",\"name\":\"KAUSS 14-23CM - EstCrafts\",\"isPartOf\":{\"@id\":\"https:\\\/\\\/estcrafts.ee\\\/#website\"},\"primaryImageOfPage\":{\"@id\":\"https:\\\/\\\/estcrafts.ee\\\/product\\\/kauss-14-23cm\\\/#primaryimage\"},\"image\":{\"@id\":\"https:\\\/\\\/estcrafts.ee\\\/product\\\/kauss-14-23cm\\\/#primaryimage\"},\"thumbnailUrl\":\"https:\\\/\\\/estcrafts.ee\\\/wp-content\\\/uploads\\\/2026\\\/01\\\/Untitled-design-69.png\",\"datePublished\":\"2026-01-15T12:45:53+00:00\",\"dateModified\":\"2026-02-12T21:13:47+00:00\",\"description\":\"Klassikaline puidust kauss. Hea valik salatile, puuviljadele, p\u00e4hklitele, sn\u00e4kkidele v\u00f5i serveerimiseks. Valmistatud kuivatatud p\u00f6\u00f6gipuu plangust.\",\"breadcrumb\":{\"@id\":\"https:\\\/\\\/estcrafts.ee\\\/product\\\/kauss-14-23cm\\\/#breadcrumb\"},\"inLanguage\":\"en-US\",\"potentialAction\":[{\"@type\":\"ReadAction\",\"target\":[\"https:\\\/\\\/estcrafts.ee\\\/product\\\/kauss-14-23cm\\\/\"]}]},{\"@type\":\"ImageObject\",\"inLanguage\":\"en-US\",\"@id\":\"https:\\\/\\\/estcrafts.ee\\\/product\\\/kauss-14-23cm\\\/#primaryimage\",\"url\":\"https:\\\/\\\/estcrafts.ee\\\/wp-content\\\/uploads\\\/2026\\\/01\\\/Untitled-design-69.png\",\"contentUrl\":\"https:\\\/\\\/estcrafts.ee\\\/wp-content\\\/uploads\\\/2026\\\/01\\\/Untitled-design-69.png\",\"width\":1000,\"height\":1000},{\"@type\":\"BreadcrumbList\",\"@id\":\"https:\\\/\\\/estcrafts.ee\\\/product\\\/kauss-14-23cm\\\/#breadcrumb\",\"itemListElement\":[{\"@type\":\"ListItem\",\"position\":1,\"name\":\"Home\",\"item\":\"https:\\\/\\\/estcrafts.ee\\\/\"},{\"@type\":\"ListItem\",\"position\":2,\"name\":\"Shop\",\"item\":\"https:\\\/\\\/estcrafts.ee\\\/?page_id=6\"},{\"@type\":\"ListItem\",\"position\":3,\"name\":\"KAUSS 14-23CM\"}]},{\"@type\":\"WebSite\",\"@id\":\"https:\\\/\\\/estcrafts.ee\\\/#website\",\"url\":\"https:\\\/\\\/estcrafts.ee\\\/\",\"name\":\"EstCrafts\",\"description\":\"\",\"potentialAction\":[{\"@type\":\"SearchAction\",\"target\":{\"@type\":\"EntryPoint\",\"urlTemplate\":\"https:\\\/\\\/estcrafts.ee\\\/?s={search_term_string}\"},\"query-input\":{\"@type\":\"PropertyValueSpecification\",\"valueRequired\":true,\"valueName\":\"search_term_string\"}}],\"inLanguage\":\"en-US\"}]}<\/script>\n<!-- \/ Yoast SEO plugin. -->","yoast_head_json":{"title":"KAUSS 14-23CM - EstCrafts","description":"A classic wooden bowl. A great choice for salads, fruit, nuts, snacks, or serving. Made from a dried beechwood board.","robots":{"index":"index","follow":"follow","max-snippet":"max-snippet:-1","max-image-preview":"max-image-preview:large","max-video-preview":"max-video-preview:-1"},"canonical":"https:\/\/estcrafts.ee\/en\/product\/kauss-14-23cm\/","og_locale":"en_US","og_type":"article","og_title":"KAUSS 14-23CM - EstCrafts","og_description":"Klassikaline puidust kauss. Hea valik salatile, puuviljadele, p\u00e4hklitele, sn\u00e4kkidele v\u00f5i serveerimiseks. Valmistatud kuivatatud p\u00f6\u00f6gipuu plangust.","og_url":"https:\/\/estcrafts.ee\/en\/product\/kauss-14-23cm\/","og_site_name":"EstCrafts","article_modified_time":"2026-02-12T21:13:47+00:00","og_image":[{"width":1000,"height":1000,"url":"https:\/\/estcrafts.ee\/wp-content\/uploads\/2026\/01\/Untitled-design-69.png","type":"image\/png"}],"twitter_card":"summary_large_image","twitter_misc":{"Est. reading time":"1 minute"},"schema":{"@context":"https:\/\/schema.org","@graph":[{"@type":"WebPage","@id":"https:\/\/estcrafts.ee\/product\/kauss-14-23cm\/","url":"https:\/\/estcrafts.ee\/product\/kauss-14-23cm\/","name":"KAUSS 14-23CM - EstCrafts","isPartOf":{"@id":"https:\/\/estcrafts.ee\/#website"},"primaryImageOfPage":{"@id":"https:\/\/estcrafts.ee\/product\/kauss-14-23cm\/#primaryimage"},"image":{"@id":"https:\/\/estcrafts.ee\/product\/kauss-14-23cm\/#primaryimage"},"thumbnailUrl":"https:\/\/estcrafts.ee\/wp-content\/uploads\/2026\/01\/Untitled-design-69.png","datePublished":"2026-01-15T12:45:53+00:00","dateModified":"2026-02-12T21:13:47+00:00","description":"A classic wooden bowl. A great choice for salads, fruit, nuts, snacks, or serving. Made from a dried beechwood board.","breadcrumb":{"@id":"https:\/\/estcrafts.ee\/product\/kauss-14-23cm\/#breadcrumb"},"inLanguage":"en-US","potentialAction":[{"@type":"ReadAction","target":["https:\/\/estcrafts.ee\/product\/kauss-14-23cm\/"]}]},{"@type":"ImageObject","inLanguage":"en-US","@id":"https:\/\/estcrafts.ee\/product\/kauss-14-23cm\/#primaryimage","url":"https:\/\/estcrafts.ee\/wp-content\/uploads\/2026\/01\/Untitled-design-69.png","contentUrl":"https:\/\/estcrafts.ee\/wp-content\/uploads\/2026\/01\/Untitled-design-69.png","width":1000,"height":1000},{"@type":"BreadcrumbList","@id":"https:\/\/estcrafts.ee\/product\/kauss-14-23cm\/#breadcrumb","itemListElement":[{"@type":"ListItem","position":1,"name":"Home","item":"https:\/\/estcrafts.ee\/"},{"@type":"ListItem","position":2,"name":"Shop","item":"https:\/\/estcrafts.ee\/?page_id=6"},{"@type":"ListItem","position":3,"name":"KAUSS 14-23CM"}]},{"@type":"WebSite","@id":"https:\/\/estcrafts.ee\/#website","url":"https:\/\/estcrafts.ee\/","name":"EstCrafts","description":"","potentialAction":[{"@type":"SearchAction","target":{"@type":"EntryPoint","urlTemplate":"https:\/\/estcrafts.ee\/?s={search_term_string}"},"query-input":{"@type":"PropertyValueSpecification","valueRequired":true,"valueName":"search_term_string"}}],"inLanguage":"en-US"}]}},"jetpack_sharing_enabled":true,"_links":{"self":[{"href":"https:\/\/estcrafts.ee\/en\/wp-json\/wp\/v2\/product\/1988","targetHints":{"allow":["GET"]}}],"collection":[{"href":"https:\/\/estcrafts.ee\/en\/wp-json\/wp\/v2\/product"}],"about":[{"href":"https:\/\/estcrafts.ee\/en\/wp-json\/wp\/v2\/types\/product"}],"replies":[{"embeddable":true,"href":"https:\/\/estcrafts.ee\/en\/wp-json\/wp\/v2\/comments?post=1988"}],"wp:featuredmedia":[{"embeddable":true,"href":"https:\/\/estcrafts.ee\/en\/wp-json\/wp\/v2\/media\/3796"}],"wp:attachment":[{"href":"https:\/\/estcrafts.ee\/en\/wp-json\/wp\/v2\/media?parent=1988"}],"wp:term":[{"taxonomy":"product_brand","embeddable":true,"href":"https:\/\/estcrafts.ee\/en\/wp-json\/wp\/v2\/product_brand?post=1988"},{"taxonomy":"product_cat","embeddable":true,"href":"https:\/\/estcrafts.ee\/en\/wp-json\/wp\/v2\/product_cat?post=1988"},{"taxonomy":"product_tag","embeddable":true,"href":"https:\/\/estcrafts.ee\/en\/wp-json\/wp\/v2\/product_tag?post=1988"}],"curies":[{"name":"wp","href":"https:\/\/api.w.org\/{rel}","templated":true}]}}