{"id":1983,"date":"2026-01-15T12:36:22","date_gmt":"2026-01-15T12:36:22","guid":{"rendered":"https:\/\/estcrafts.ee\/?post_type=product&#038;p=1983"},"modified":"2026-04-06T19:06:54","modified_gmt":"2026-04-06T16:06:54","slug":"metallist-sisuga-ollekann-0-5l","status":"publish","type":"product","link":"https:\/\/estcrafts.ee\/en\/product\/metallist-sisuga-ollekann-0-5l\/","title":{"rendered":"BEER MUG WITH METAL INSERT 0.5 L"},"content":{"rendered":"","protected":false},"excerpt":{"rendered":"<p>A vintage-style beer mug with a metal insert, with a capacity of 0.5 L. Great for enjoying beer, cider, and other drinks. A great gift idea for a beer lover. Available in two colors.<\/p>\n<p>Dimensions: 11 x 11 x 14cm<\/p>","protected":false},"featured_media":6268,"comment_status":"open","ping_status":"closed","template":"","meta":[],"product_brand":[],"product_cat":[88,87],"product_tag":[199,191,337,338],"class_list":{"0":"post-1983","1":"product","2":"type-product","3":"status-publish","4":"has-post-thumbnail","6":"product_cat-anumad","7":"product_cat-muu","8":"product_tag-kasitoo","9":"product_tag-kingitus","10":"product_tag-ollekann","11":"product_tag-retro-ollekann","13":"first","14":"instock","15":"featured","16":"shipping-taxable","17":"purchasable","18":"product-type-variable"},"yoast_head":"<!-- This site is optimized with the Yoast SEO plugin v27.4 - https:\/\/yoast.com\/product\/yoast-seo-wordpress\/ -->\n<title>METALLIST SISUGA \u00d5LLEKANN 0.5L - EstCrafts<\/title>\n<meta name=\"description\" content=\"Vanaaegse stiiliga metallist sisuga \u00f5llekann mahutavusega 0,5 L. Sobib h\u00e4sti \u00f5lle, siidri ja teiste jookide nautimiseks. V\u00e4ga hea kingiidee \u00f5llearmastajale. Saadaval kahes v\u00e4rvuses.\" \/>\n<meta name=\"robots\" content=\"index, follow, max-snippet:-1, max-image-preview:large, max-video-preview:-1\" \/>\n<link rel=\"canonical\" href=\"https:\/\/estcrafts.ee\/en\/product\/metallist-sisuga-ollekann-0-5l\/\" \/>\n<meta property=\"og:locale\" content=\"en_US\" \/>\n<meta property=\"og:type\" content=\"article\" \/>\n<meta property=\"og:title\" content=\"METALLIST SISUGA \u00d5LLEKANN 0.5L - EstCrafts\" \/>\n<meta property=\"og:description\" content=\"Vanaaegse stiiliga metallist sisuga \u00f5llekann mahutavusega 0,5 L. Sobib h\u00e4sti \u00f5lle, siidri ja teiste jookide nautimiseks. V\u00e4ga hea kingiidee \u00f5llearmastajale. Saadaval kahes v\u00e4rvuses.\" \/>\n<meta property=\"og:url\" content=\"https:\/\/estcrafts.ee\/en\/product\/metallist-sisuga-ollekann-0-5l\/\" \/>\n<meta property=\"og:site_name\" content=\"EstCrafts\" \/>\n<meta property=\"article:modified_time\" content=\"2026-04-06T16:06:54+00:00\" \/>\n<meta property=\"og:image\" content=\"https:\/\/estcrafts.ee\/wp-content\/uploads\/2026\/03\/21-2.png\" \/>\n\t<meta property=\"og:image:width\" content=\"1000\" \/>\n\t<meta property=\"og:image:height\" content=\"1000\" \/>\n\t<meta property=\"og:image:type\" content=\"image\/png\" \/>\n<meta name=\"twitter:card\" content=\"summary_large_image\" \/>\n<meta name=\"twitter:label1\" content=\"Est. reading time\" \/>\n\t<meta name=\"twitter:data1\" content=\"1 minute\" \/>\n<script type=\"application\/ld+json\" class=\"yoast-schema-graph\">{\"@context\":\"https:\\\/\\\/schema.org\",\"@graph\":[{\"@type\":\"WebPage\",\"@id\":\"https:\\\/\\\/estcrafts.ee\\\/product\\\/metallist-sisuga-ollekann-0-5l\\\/\",\"url\":\"https:\\\/\\\/estcrafts.ee\\\/product\\\/metallist-sisuga-ollekann-0-5l\\\/\",\"name\":\"METALLIST SISUGA \u00d5LLEKANN 0.5L - EstCrafts\",\"isPartOf\":{\"@id\":\"https:\\\/\\\/estcrafts.ee\\\/#website\"},\"primaryImageOfPage\":{\"@id\":\"https:\\\/\\\/estcrafts.ee\\\/product\\\/metallist-sisuga-ollekann-0-5l\\\/#primaryimage\"},\"image\":{\"@id\":\"https:\\\/\\\/estcrafts.ee\\\/product\\\/metallist-sisuga-ollekann-0-5l\\\/#primaryimage\"},\"thumbnailUrl\":\"https:\\\/\\\/estcrafts.ee\\\/wp-content\\\/uploads\\\/2026\\\/03\\\/21-2.png\",\"datePublished\":\"2026-01-15T12:36:22+00:00\",\"dateModified\":\"2026-04-06T16:06:54+00:00\",\"description\":\"Vanaaegse stiiliga metallist sisuga \u00f5llekann mahutavusega 0,5 L. Sobib h\u00e4sti \u00f5lle, siidri ja teiste jookide nautimiseks. V\u00e4ga hea kingiidee \u00f5llearmastajale. Saadaval kahes v\u00e4rvuses.\",\"breadcrumb\":{\"@id\":\"https:\\\/\\\/estcrafts.ee\\\/product\\\/metallist-sisuga-ollekann-0-5l\\\/#breadcrumb\"},\"inLanguage\":\"en-US\",\"potentialAction\":[{\"@type\":\"ReadAction\",\"target\":[\"https:\\\/\\\/estcrafts.ee\\\/product\\\/metallist-sisuga-ollekann-0-5l\\\/\"]}]},{\"@type\":\"ImageObject\",\"inLanguage\":\"en-US\",\"@id\":\"https:\\\/\\\/estcrafts.ee\\\/product\\\/metallist-sisuga-ollekann-0-5l\\\/#primaryimage\",\"url\":\"https:\\\/\\\/estcrafts.ee\\\/wp-content\\\/uploads\\\/2026\\\/03\\\/21-2.png\",\"contentUrl\":\"https:\\\/\\\/estcrafts.ee\\\/wp-content\\\/uploads\\\/2026\\\/03\\\/21-2.png\",\"width\":1000,\"height\":1000,\"caption\":\"\u00f5llekann\"},{\"@type\":\"BreadcrumbList\",\"@id\":\"https:\\\/\\\/estcrafts.ee\\\/product\\\/metallist-sisuga-ollekann-0-5l\\\/#breadcrumb\",\"itemListElement\":[{\"@type\":\"ListItem\",\"position\":1,\"name\":\"Home\",\"item\":\"https:\\\/\\\/estcrafts.ee\\\/\"},{\"@type\":\"ListItem\",\"position\":2,\"name\":\"Shop\",\"item\":\"https:\\\/\\\/estcrafts.ee\\\/?page_id=6\"},{\"@type\":\"ListItem\",\"position\":3,\"name\":\"METALLIST SISUGA \u00d5LLEKANN 0.5L\"}]},{\"@type\":\"WebSite\",\"@id\":\"https:\\\/\\\/estcrafts.ee\\\/#website\",\"url\":\"https:\\\/\\\/estcrafts.ee\\\/\",\"name\":\"EstCrafts\",\"description\":\"\",\"potentialAction\":[{\"@type\":\"SearchAction\",\"target\":{\"@type\":\"EntryPoint\",\"urlTemplate\":\"https:\\\/\\\/estcrafts.ee\\\/?s={search_term_string}\"},\"query-input\":{\"@type\":\"PropertyValueSpecification\",\"valueRequired\":true,\"valueName\":\"search_term_string\"}}],\"inLanguage\":\"en-US\"}]}<\/script>\n<!-- \/ Yoast SEO plugin. -->","yoast_head_json":{"title":"METALLIST SISUGA \u00d5LLEKANN 0.5L - EstCrafts","description":"A vintage-style beer mug with a metal insert, with a capacity of 0.5 L. Great for enjoying beer, cider, and other drinks. A great gift idea for a beer lover. Available in two colors.","robots":{"index":"index","follow":"follow","max-snippet":"max-snippet:-1","max-image-preview":"max-image-preview:large","max-video-preview":"max-video-preview:-1"},"canonical":"https:\/\/estcrafts.ee\/en\/product\/metallist-sisuga-ollekann-0-5l\/","og_locale":"en_US","og_type":"article","og_title":"METALLIST SISUGA \u00d5LLEKANN 0.5L - EstCrafts","og_description":"Vanaaegse stiiliga metallist sisuga \u00f5llekann mahutavusega 0,5 L. Sobib h\u00e4sti \u00f5lle, siidri ja teiste jookide nautimiseks. V\u00e4ga hea kingiidee \u00f5llearmastajale. Saadaval kahes v\u00e4rvuses.","og_url":"https:\/\/estcrafts.ee\/en\/product\/metallist-sisuga-ollekann-0-5l\/","og_site_name":"EstCrafts","article_modified_time":"2026-04-06T16:06:54+00:00","og_image":[{"width":1000,"height":1000,"url":"https:\/\/estcrafts.ee\/wp-content\/uploads\/2026\/03\/21-2.png","type":"image\/png"}],"twitter_card":"summary_large_image","twitter_misc":{"Est. reading time":"1 minute"},"schema":{"@context":"https:\/\/schema.org","@graph":[{"@type":"WebPage","@id":"https:\/\/estcrafts.ee\/product\/metallist-sisuga-ollekann-0-5l\/","url":"https:\/\/estcrafts.ee\/product\/metallist-sisuga-ollekann-0-5l\/","name":"METALLIST SISUGA \u00d5LLEKANN 0.5L - EstCrafts","isPartOf":{"@id":"https:\/\/estcrafts.ee\/#website"},"primaryImageOfPage":{"@id":"https:\/\/estcrafts.ee\/product\/metallist-sisuga-ollekann-0-5l\/#primaryimage"},"image":{"@id":"https:\/\/estcrafts.ee\/product\/metallist-sisuga-ollekann-0-5l\/#primaryimage"},"thumbnailUrl":"https:\/\/estcrafts.ee\/wp-content\/uploads\/2026\/03\/21-2.png","datePublished":"2026-01-15T12:36:22+00:00","dateModified":"2026-04-06T16:06:54+00:00","description":"A vintage-style beer mug with a metal insert, with a capacity of 0.5 L. Great for enjoying beer, cider, and other drinks. A great gift idea for a beer lover. Available in two colors.","breadcrumb":{"@id":"https:\/\/estcrafts.ee\/product\/metallist-sisuga-ollekann-0-5l\/#breadcrumb"},"inLanguage":"en-US","potentialAction":[{"@type":"ReadAction","target":["https:\/\/estcrafts.ee\/product\/metallist-sisuga-ollekann-0-5l\/"]}]},{"@type":"ImageObject","inLanguage":"en-US","@id":"https:\/\/estcrafts.ee\/product\/metallist-sisuga-ollekann-0-5l\/#primaryimage","url":"https:\/\/estcrafts.ee\/wp-content\/uploads\/2026\/03\/21-2.png","contentUrl":"https:\/\/estcrafts.ee\/wp-content\/uploads\/2026\/03\/21-2.png","width":1000,"height":1000,"caption":"\u00f5llekann"},{"@type":"BreadcrumbList","@id":"https:\/\/estcrafts.ee\/product\/metallist-sisuga-ollekann-0-5l\/#breadcrumb","itemListElement":[{"@type":"ListItem","position":1,"name":"Home","item":"https:\/\/estcrafts.ee\/"},{"@type":"ListItem","position":2,"name":"Shop","item":"https:\/\/estcrafts.ee\/?page_id=6"},{"@type":"ListItem","position":3,"name":"METALLIST SISUGA \u00d5LLEKANN 0.5L"}]},{"@type":"WebSite","@id":"https:\/\/estcrafts.ee\/#website","url":"https:\/\/estcrafts.ee\/","name":"EstCrafts","description":"","potentialAction":[{"@type":"SearchAction","target":{"@type":"EntryPoint","urlTemplate":"https:\/\/estcrafts.ee\/?s={search_term_string}"},"query-input":{"@type":"PropertyValueSpecification","valueRequired":true,"valueName":"search_term_string"}}],"inLanguage":"en-US"}]}},"jetpack_sharing_enabled":true,"_links":{"self":[{"href":"https:\/\/estcrafts.ee\/en\/wp-json\/wp\/v2\/product\/1983","targetHints":{"allow":["GET"]}}],"collection":[{"href":"https:\/\/estcrafts.ee\/en\/wp-json\/wp\/v2\/product"}],"about":[{"href":"https:\/\/estcrafts.ee\/en\/wp-json\/wp\/v2\/types\/product"}],"replies":[{"embeddable":true,"href":"https:\/\/estcrafts.ee\/en\/wp-json\/wp\/v2\/comments?post=1983"}],"wp:featuredmedia":[{"embeddable":true,"href":"https:\/\/estcrafts.ee\/en\/wp-json\/wp\/v2\/media\/6268"}],"wp:attachment":[{"href":"https:\/\/estcrafts.ee\/en\/wp-json\/wp\/v2\/media?parent=1983"}],"wp:term":[{"taxonomy":"product_brand","embeddable":true,"href":"https:\/\/estcrafts.ee\/en\/wp-json\/wp\/v2\/product_brand?post=1983"},{"taxonomy":"product_cat","embeddable":true,"href":"https:\/\/estcrafts.ee\/en\/wp-json\/wp\/v2\/product_cat?post=1983"},{"taxonomy":"product_tag","embeddable":true,"href":"https:\/\/estcrafts.ee\/en\/wp-json\/wp\/v2\/product_tag?post=1983"}],"curies":[{"name":"wp","href":"https:\/\/api.w.org\/{rel}","templated":true}]}}