{"id":1971,"date":"2026-01-15T11:28:34","date_gmt":"2026-01-15T11:28:34","guid":{"rendered":"https:\/\/estcrafts.ee\/?post_type=product&#038;p=1971"},"modified":"2026-03-20T17:23:12","modified_gmt":"2026-03-20T15:23:12","slug":"puidust-janku-taldrik","status":"publish","type":"product","link":"https:\/\/estcrafts.ee\/en\/product\/puidust-janku-taldrik\/","title":{"rendered":"WOODEN BUNNY PLATE"},"content":{"rendered":"<p>Dimensions:<\/p>\n<p>24.5 x 19 x 2.1cm (small)<br \/>\n30.5 x 24.5 x 2.1 cm (large)<\/p>\n<p>Wood: oak<\/p>\n<p>As a handmade product, each item is unique \u2013 the tone and grain may vary slightly.<\/p>\n<p>We recommend maintaining the product at least once a year using linseed oil or regular cooking oil. Regular oiling helps preserve the wood\u2019s beautiful appearance and prevents cracks caused by drying out. Before oiling, the product must be cleaned and completely dry. Apply the oil to both sides to prevent the wood from warping. After washing or oiling, leave the board to dry so air can circulate freely on both sides\u2014for example, standing upright. This helps the product keep its proper shape and prevents twisting.<\/p>","protected":false},"excerpt":{"rendered":"<p>A cute oak bunny plate that makes mealtime and snack time instantly more fun. The bunny-shaped plate is perfect for fruit, cookies, nuts, or small bites, and it also makes a fun serving tray for a party table.<\/p>\n<p>More details can be found under Description.<\/p>","protected":false},"featured_media":6511,"comment_status":"open","ping_status":"closed","template":"","meta":[],"product_brand":[],"product_cat":[82],"product_tag":[342,199,191,341,344,345,343],"class_list":{"0":"post-1971","1":"product","2":"type-product","3":"status-publish","4":"has-post-thumbnail","6":"product_cat-kandikud","7":"product_tag-janku-taldrik","8":"product_tag-kasitoo","9":"product_tag-kingitus","10":"product_tag-puidust-taldrik","11":"product_tag-serveerimistaldrik","12":"product_tag-snakitaldrik","13":"product_tag-tammest-taldrik","15":"first","16":"instock","17":"shipping-taxable","18":"purchasable","19":"product-type-variable"},"yoast_head":"<!-- This site is optimized with the Yoast SEO plugin v27.4 - https:\/\/yoast.com\/product\/yoast-seo-wordpress\/ -->\n<title>PUIDUST J\u00c4NKU TALDRIK - EstCrafts<\/title>\n<meta name=\"description\" content=\"Tammepuidust j\u00e4nku taldrik suurustes 24\u00d719 cm ja 30\u00d724 cm. Vahva serveerimis- ja sn\u00e4kitaldrik, mis sobib h\u00e4sti puuviljadele, p\u00e4hklitele ja ampsudele.\" \/>\n<meta name=\"robots\" content=\"index, follow, max-snippet:-1, max-image-preview:large, max-video-preview:-1\" \/>\n<link rel=\"canonical\" href=\"https:\/\/estcrafts.ee\/en\/product\/puidust-janku-taldrik\/\" \/>\n<meta property=\"og:locale\" content=\"en_US\" \/>\n<meta property=\"og:type\" content=\"article\" \/>\n<meta property=\"og:title\" content=\"PUIDUST J\u00c4NKU TALDRIK - EstCrafts\" \/>\n<meta property=\"og:description\" content=\"Tammepuidust j\u00e4nku taldrik suurustes 24\u00d719 cm ja 30\u00d724 cm. Vahva serveerimis- ja sn\u00e4kitaldrik, mis sobib h\u00e4sti puuviljadele, p\u00e4hklitele ja ampsudele.\" \/>\n<meta property=\"og:url\" content=\"https:\/\/estcrafts.ee\/en\/product\/puidust-janku-taldrik\/\" \/>\n<meta property=\"og:site_name\" content=\"EstCrafts\" \/>\n<meta property=\"article:modified_time\" content=\"2026-03-20T15:23:12+00:00\" \/>\n<meta property=\"og:image\" content=\"https:\/\/estcrafts.ee\/wp-content\/uploads\/2026\/01\/Untitled-design-2026-03-20T172245.209.png\" \/>\n\t<meta property=\"og:image:width\" content=\"1000\" \/>\n\t<meta property=\"og:image:height\" content=\"1000\" \/>\n\t<meta property=\"og:image:type\" content=\"image\/png\" \/>\n<meta name=\"twitter:card\" content=\"summary_large_image\" \/>\n<meta name=\"twitter:label1\" content=\"Est. reading time\" \/>\n\t<meta name=\"twitter:data1\" content=\"1 minute\" \/>\n<script type=\"application\/ld+json\" class=\"yoast-schema-graph\">{\"@context\":\"https:\\\/\\\/schema.org\",\"@graph\":[{\"@type\":\"WebPage\",\"@id\":\"https:\\\/\\\/estcrafts.ee\\\/product\\\/puidust-janku-taldrik\\\/\",\"url\":\"https:\\\/\\\/estcrafts.ee\\\/product\\\/puidust-janku-taldrik\\\/\",\"name\":\"PUIDUST J\u00c4NKU TALDRIK - EstCrafts\",\"isPartOf\":{\"@id\":\"https:\\\/\\\/estcrafts.ee\\\/#website\"},\"primaryImageOfPage\":{\"@id\":\"https:\\\/\\\/estcrafts.ee\\\/product\\\/puidust-janku-taldrik\\\/#primaryimage\"},\"image\":{\"@id\":\"https:\\\/\\\/estcrafts.ee\\\/product\\\/puidust-janku-taldrik\\\/#primaryimage\"},\"thumbnailUrl\":\"https:\\\/\\\/estcrafts.ee\\\/wp-content\\\/uploads\\\/2026\\\/01\\\/Untitled-design-2026-03-20T172245.209.png\",\"datePublished\":\"2026-01-15T11:28:34+00:00\",\"dateModified\":\"2026-03-20T15:23:12+00:00\",\"description\":\"Tammepuidust j\u00e4nku taldrik suurustes 24\u00d719 cm ja 30\u00d724 cm. Vahva serveerimis- ja sn\u00e4kitaldrik, mis sobib h\u00e4sti puuviljadele, p\u00e4hklitele ja ampsudele.\",\"breadcrumb\":{\"@id\":\"https:\\\/\\\/estcrafts.ee\\\/product\\\/puidust-janku-taldrik\\\/#breadcrumb\"},\"inLanguage\":\"en-US\",\"potentialAction\":[{\"@type\":\"ReadAction\",\"target\":[\"https:\\\/\\\/estcrafts.ee\\\/product\\\/puidust-janku-taldrik\\\/\"]}]},{\"@type\":\"ImageObject\",\"inLanguage\":\"en-US\",\"@id\":\"https:\\\/\\\/estcrafts.ee\\\/product\\\/puidust-janku-taldrik\\\/#primaryimage\",\"url\":\"https:\\\/\\\/estcrafts.ee\\\/wp-content\\\/uploads\\\/2026\\\/01\\\/Untitled-design-2026-03-20T172245.209.png\",\"contentUrl\":\"https:\\\/\\\/estcrafts.ee\\\/wp-content\\\/uploads\\\/2026\\\/01\\\/Untitled-design-2026-03-20T172245.209.png\",\"width\":1000,\"height\":1000,\"caption\":\"kandik\"},{\"@type\":\"BreadcrumbList\",\"@id\":\"https:\\\/\\\/estcrafts.ee\\\/product\\\/puidust-janku-taldrik\\\/#breadcrumb\",\"itemListElement\":[{\"@type\":\"ListItem\",\"position\":1,\"name\":\"Home\",\"item\":\"https:\\\/\\\/estcrafts.ee\\\/\"},{\"@type\":\"ListItem\",\"position\":2,\"name\":\"Shop\",\"item\":\"https:\\\/\\\/estcrafts.ee\\\/?page_id=6\"},{\"@type\":\"ListItem\",\"position\":3,\"name\":\"PUIDUST J\u00c4NKU TALDRIK\"}]},{\"@type\":\"WebSite\",\"@id\":\"https:\\\/\\\/estcrafts.ee\\\/#website\",\"url\":\"https:\\\/\\\/estcrafts.ee\\\/\",\"name\":\"EstCrafts\",\"description\":\"\",\"potentialAction\":[{\"@type\":\"SearchAction\",\"target\":{\"@type\":\"EntryPoint\",\"urlTemplate\":\"https:\\\/\\\/estcrafts.ee\\\/?s={search_term_string}\"},\"query-input\":{\"@type\":\"PropertyValueSpecification\",\"valueRequired\":true,\"valueName\":\"search_term_string\"}}],\"inLanguage\":\"en-US\"}]}<\/script>\n<!-- \/ Yoast SEO plugin. -->","yoast_head_json":{"title":"PUIDUST J\u00c4NKU TALDRIK - EstCrafts","description":"Tammepuidust j\u00e4nku taldrik suurustes 24\u00d719 cm ja 30\u00d724 cm. Vahva serveerimis- ja sn\u00e4kitaldrik, mis sobib h\u00e4sti puuviljadele, p\u00e4hklitele ja ampsudele.","robots":{"index":"index","follow":"follow","max-snippet":"max-snippet:-1","max-image-preview":"max-image-preview:large","max-video-preview":"max-video-preview:-1"},"canonical":"https:\/\/estcrafts.ee\/en\/product\/puidust-janku-taldrik\/","og_locale":"en_US","og_type":"article","og_title":"PUIDUST J\u00c4NKU TALDRIK - EstCrafts","og_description":"Tammepuidust j\u00e4nku taldrik suurustes 24\u00d719 cm ja 30\u00d724 cm. Vahva serveerimis- ja sn\u00e4kitaldrik, mis sobib h\u00e4sti puuviljadele, p\u00e4hklitele ja ampsudele.","og_url":"https:\/\/estcrafts.ee\/en\/product\/puidust-janku-taldrik\/","og_site_name":"EstCrafts","article_modified_time":"2026-03-20T15:23:12+00:00","og_image":[{"width":1000,"height":1000,"url":"https:\/\/estcrafts.ee\/wp-content\/uploads\/2026\/01\/Untitled-design-2026-03-20T172245.209.png","type":"image\/png"}],"twitter_card":"summary_large_image","twitter_misc":{"Est. reading time":"1 minute"},"schema":{"@context":"https:\/\/schema.org","@graph":[{"@type":"WebPage","@id":"https:\/\/estcrafts.ee\/product\/puidust-janku-taldrik\/","url":"https:\/\/estcrafts.ee\/product\/puidust-janku-taldrik\/","name":"PUIDUST J\u00c4NKU TALDRIK - EstCrafts","isPartOf":{"@id":"https:\/\/estcrafts.ee\/#website"},"primaryImageOfPage":{"@id":"https:\/\/estcrafts.ee\/product\/puidust-janku-taldrik\/#primaryimage"},"image":{"@id":"https:\/\/estcrafts.ee\/product\/puidust-janku-taldrik\/#primaryimage"},"thumbnailUrl":"https:\/\/estcrafts.ee\/wp-content\/uploads\/2026\/01\/Untitled-design-2026-03-20T172245.209.png","datePublished":"2026-01-15T11:28:34+00:00","dateModified":"2026-03-20T15:23:12+00:00","description":"Tammepuidust j\u00e4nku taldrik suurustes 24\u00d719 cm ja 30\u00d724 cm. Vahva serveerimis- ja sn\u00e4kitaldrik, mis sobib h\u00e4sti puuviljadele, p\u00e4hklitele ja ampsudele.","breadcrumb":{"@id":"https:\/\/estcrafts.ee\/product\/puidust-janku-taldrik\/#breadcrumb"},"inLanguage":"en-US","potentialAction":[{"@type":"ReadAction","target":["https:\/\/estcrafts.ee\/product\/puidust-janku-taldrik\/"]}]},{"@type":"ImageObject","inLanguage":"en-US","@id":"https:\/\/estcrafts.ee\/product\/puidust-janku-taldrik\/#primaryimage","url":"https:\/\/estcrafts.ee\/wp-content\/uploads\/2026\/01\/Untitled-design-2026-03-20T172245.209.png","contentUrl":"https:\/\/estcrafts.ee\/wp-content\/uploads\/2026\/01\/Untitled-design-2026-03-20T172245.209.png","width":1000,"height":1000,"caption":"kandik"},{"@type":"BreadcrumbList","@id":"https:\/\/estcrafts.ee\/product\/puidust-janku-taldrik\/#breadcrumb","itemListElement":[{"@type":"ListItem","position":1,"name":"Home","item":"https:\/\/estcrafts.ee\/"},{"@type":"ListItem","position":2,"name":"Shop","item":"https:\/\/estcrafts.ee\/?page_id=6"},{"@type":"ListItem","position":3,"name":"PUIDUST J\u00c4NKU TALDRIK"}]},{"@type":"WebSite","@id":"https:\/\/estcrafts.ee\/#website","url":"https:\/\/estcrafts.ee\/","name":"EstCrafts","description":"","potentialAction":[{"@type":"SearchAction","target":{"@type":"EntryPoint","urlTemplate":"https:\/\/estcrafts.ee\/?s={search_term_string}"},"query-input":{"@type":"PropertyValueSpecification","valueRequired":true,"valueName":"search_term_string"}}],"inLanguage":"en-US"}]}},"jetpack_sharing_enabled":true,"_links":{"self":[{"href":"https:\/\/estcrafts.ee\/en\/wp-json\/wp\/v2\/product\/1971","targetHints":{"allow":["GET"]}}],"collection":[{"href":"https:\/\/estcrafts.ee\/en\/wp-json\/wp\/v2\/product"}],"about":[{"href":"https:\/\/estcrafts.ee\/en\/wp-json\/wp\/v2\/types\/product"}],"replies":[{"embeddable":true,"href":"https:\/\/estcrafts.ee\/en\/wp-json\/wp\/v2\/comments?post=1971"}],"wp:featuredmedia":[{"embeddable":true,"href":"https:\/\/estcrafts.ee\/en\/wp-json\/wp\/v2\/media\/6511"}],"wp:attachment":[{"href":"https:\/\/estcrafts.ee\/en\/wp-json\/wp\/v2\/media?parent=1971"}],"wp:term":[{"taxonomy":"product_brand","embeddable":true,"href":"https:\/\/estcrafts.ee\/en\/wp-json\/wp\/v2\/product_brand?post=1971"},{"taxonomy":"product_cat","embeddable":true,"href":"https:\/\/estcrafts.ee\/en\/wp-json\/wp\/v2\/product_cat?post=1971"},{"taxonomy":"product_tag","embeddable":true,"href":"https:\/\/estcrafts.ee\/en\/wp-json\/wp\/v2\/product_tag?post=1971"}],"curies":[{"name":"wp","href":"https:\/\/api.w.org\/{rel}","templated":true}]}}