{"id":1969,"date":"2026-01-15T10:30:35","date_gmt":"2026-01-15T10:30:35","guid":{"rendered":"https:\/\/estcrafts.ee\/?post_type=product&#038;p=1969"},"modified":"2026-03-25T13:42:09","modified_gmt":"2026-03-25T11:42:09","slug":"suur-tammest-kandik","status":"publish","type":"product","link":"https:\/\/estcrafts.ee\/en\/product\/suur-tammest-kandik\/","title":{"rendered":"LARGE OAK SERVING TRAY"},"content":{"rendered":"<p>Wood: oak<br \/>\n49.5 x 29.5 x 2.2cm<\/p>\n<p>As a handmade product, each item is unique \u2013 the tone and grain may vary slightly.<\/p>\n<p>We recommend maintaining the product at least once a year using linseed oil or regular cooking oil. Regular oiling helps preserve the wood\u2019s beautiful appearance and prevents cracks caused by drying out. Before oiling, the product must be cleaned and completely dry. Apply the oil to both sides to prevent the wood from warping. After washing or oiling, leave the board to dry so air can circulate freely on both sides\u2014for example, standing upright. This helps the product keep its proper shape and prevents twisting.<\/p>","protected":false},"excerpt":{"rendered":"<p>A large oak serving tray is a great serving board, perfect for both everyday use and entertaining guests. The tray has several compartments to keep snacks and sides separate\u2014ideal for nuts, fruit, cheese, appetizers, or dips. Oak wood is strong and durable, and the comfortable handles make it easy to carry.<br \/>\nDimensions: 49.5 x 29.5 x 2.2cm<\/p>\n<p>More details can be found under Description.<\/p>","protected":false},"featured_media":6039,"comment_status":"open","ping_status":"closed","template":"","meta":[],"product_brand":[],"product_cat":[82],"product_tag":[199,191,347,190,348,349,346],"class_list":{"0":"post-1969","1":"product","2":"type-product","3":"status-publish","4":"has-post-thumbnail","6":"product_cat-kandikud","7":"product_tag-kasitoo","8":"product_tag-kingitus","9":"product_tag-puidust-kandik","10":"product_tag-serveerimisalus","11":"product_tag-snakialus","12":"product_tag-suupistealus","13":"product_tag-tammest-kandik","15":"first","16":"instock","17":"sale","18":"shipping-taxable","19":"purchasable","20":"product-type-simple"},"yoast_head":"<!-- This site is optimized with the Yoast SEO plugin v27.4 - https:\/\/yoast.com\/product\/yoast-seo-wordpress\/ -->\n<title>SUUR TAMMEST KANDIK - EstCrafts<\/title>\n<meta name=\"description\" content=\"Tammest suur kandik 30\u00d750 cm mitme s\u00fcvendiga. Sobib vaagnaks ja serveerimisaluseks sn\u00e4kkidele, juustule ja suupistetele. Vastupidav ja mugavate sangadega.\" \/>\n<meta name=\"robots\" content=\"index, follow, max-snippet:-1, max-image-preview:large, max-video-preview:-1\" \/>\n<link rel=\"canonical\" href=\"https:\/\/estcrafts.ee\/en\/product\/suur-tammest-kandik\/\" \/>\n<meta property=\"og:locale\" content=\"en_US\" \/>\n<meta property=\"og:type\" content=\"article\" \/>\n<meta property=\"og:title\" content=\"SUUR TAMMEST KANDIK - EstCrafts\" \/>\n<meta property=\"og:description\" content=\"Tammest suur kandik 30\u00d750 cm mitme s\u00fcvendiga. Sobib vaagnaks ja serveerimisaluseks sn\u00e4kkidele, juustule ja suupistetele. Vastupidav ja mugavate sangadega.\" \/>\n<meta property=\"og:url\" content=\"https:\/\/estcrafts.ee\/en\/product\/suur-tammest-kandik\/\" \/>\n<meta property=\"og:site_name\" content=\"EstCrafts\" \/>\n<meta property=\"article:modified_time\" content=\"2026-03-25T11:42:09+00:00\" \/>\n<meta property=\"og:image\" content=\"https:\/\/estcrafts.ee\/wp-content\/uploads\/2026\/01\/11-9.png\" \/>\n\t<meta property=\"og:image:width\" content=\"1000\" \/>\n\t<meta property=\"og:image:height\" content=\"1000\" \/>\n\t<meta property=\"og:image:type\" content=\"image\/png\" \/>\n<meta name=\"twitter:card\" content=\"summary_large_image\" \/>\n<meta name=\"twitter:label1\" content=\"Est. reading time\" \/>\n\t<meta name=\"twitter:data1\" content=\"1 minute\" \/>\n<script type=\"application\/ld+json\" class=\"yoast-schema-graph\">{\"@context\":\"https:\\\/\\\/schema.org\",\"@graph\":[{\"@type\":\"WebPage\",\"@id\":\"https:\\\/\\\/estcrafts.ee\\\/product\\\/suur-tammest-kandik\\\/\",\"url\":\"https:\\\/\\\/estcrafts.ee\\\/product\\\/suur-tammest-kandik\\\/\",\"name\":\"SUUR TAMMEST KANDIK - EstCrafts\",\"isPartOf\":{\"@id\":\"https:\\\/\\\/estcrafts.ee\\\/#website\"},\"primaryImageOfPage\":{\"@id\":\"https:\\\/\\\/estcrafts.ee\\\/product\\\/suur-tammest-kandik\\\/#primaryimage\"},\"image\":{\"@id\":\"https:\\\/\\\/estcrafts.ee\\\/product\\\/suur-tammest-kandik\\\/#primaryimage\"},\"thumbnailUrl\":\"https:\\\/\\\/estcrafts.ee\\\/wp-content\\\/uploads\\\/2026\\\/01\\\/11-9.png\",\"datePublished\":\"2026-01-15T10:30:35+00:00\",\"dateModified\":\"2026-03-25T11:42:09+00:00\",\"description\":\"Tammest suur kandik 30\u00d750 cm mitme s\u00fcvendiga. Sobib vaagnaks ja serveerimisaluseks sn\u00e4kkidele, juustule ja suupistetele. Vastupidav ja mugavate sangadega.\",\"breadcrumb\":{\"@id\":\"https:\\\/\\\/estcrafts.ee\\\/product\\\/suur-tammest-kandik\\\/#breadcrumb\"},\"inLanguage\":\"en-US\",\"potentialAction\":[{\"@type\":\"ReadAction\",\"target\":[\"https:\\\/\\\/estcrafts.ee\\\/product\\\/suur-tammest-kandik\\\/\"]}]},{\"@type\":\"ImageObject\",\"inLanguage\":\"en-US\",\"@id\":\"https:\\\/\\\/estcrafts.ee\\\/product\\\/suur-tammest-kandik\\\/#primaryimage\",\"url\":\"https:\\\/\\\/estcrafts.ee\\\/wp-content\\\/uploads\\\/2026\\\/01\\\/11-9.png\",\"contentUrl\":\"https:\\\/\\\/estcrafts.ee\\\/wp-content\\\/uploads\\\/2026\\\/01\\\/11-9.png\",\"width\":1000,\"height\":1000,\"caption\":\"suur kandik\"},{\"@type\":\"BreadcrumbList\",\"@id\":\"https:\\\/\\\/estcrafts.ee\\\/product\\\/suur-tammest-kandik\\\/#breadcrumb\",\"itemListElement\":[{\"@type\":\"ListItem\",\"position\":1,\"name\":\"Home\",\"item\":\"https:\\\/\\\/estcrafts.ee\\\/\"},{\"@type\":\"ListItem\",\"position\":2,\"name\":\"Shop\",\"item\":\"https:\\\/\\\/estcrafts.ee\\\/?page_id=6\"},{\"@type\":\"ListItem\",\"position\":3,\"name\":\"SUUR TAMMEST KANDIK\"}]},{\"@type\":\"WebSite\",\"@id\":\"https:\\\/\\\/estcrafts.ee\\\/#website\",\"url\":\"https:\\\/\\\/estcrafts.ee\\\/\",\"name\":\"EstCrafts\",\"description\":\"\",\"potentialAction\":[{\"@type\":\"SearchAction\",\"target\":{\"@type\":\"EntryPoint\",\"urlTemplate\":\"https:\\\/\\\/estcrafts.ee\\\/?s={search_term_string}\"},\"query-input\":{\"@type\":\"PropertyValueSpecification\",\"valueRequired\":true,\"valueName\":\"search_term_string\"}}],\"inLanguage\":\"en-US\"}]}<\/script>\n<!-- \/ Yoast SEO plugin. -->","yoast_head_json":{"title":"SUUR TAMMEST KANDIK - EstCrafts","description":"Tammest suur kandik 30\u00d750 cm mitme s\u00fcvendiga. Sobib vaagnaks ja serveerimisaluseks sn\u00e4kkidele, juustule ja suupistetele. Vastupidav ja mugavate sangadega.","robots":{"index":"index","follow":"follow","max-snippet":"max-snippet:-1","max-image-preview":"max-image-preview:large","max-video-preview":"max-video-preview:-1"},"canonical":"https:\/\/estcrafts.ee\/en\/product\/suur-tammest-kandik\/","og_locale":"en_US","og_type":"article","og_title":"SUUR TAMMEST KANDIK - EstCrafts","og_description":"Tammest suur kandik 30\u00d750 cm mitme s\u00fcvendiga. Sobib vaagnaks ja serveerimisaluseks sn\u00e4kkidele, juustule ja suupistetele. Vastupidav ja mugavate sangadega.","og_url":"https:\/\/estcrafts.ee\/en\/product\/suur-tammest-kandik\/","og_site_name":"EstCrafts","article_modified_time":"2026-03-25T11:42:09+00:00","og_image":[{"width":1000,"height":1000,"url":"https:\/\/estcrafts.ee\/wp-content\/uploads\/2026\/01\/11-9.png","type":"image\/png"}],"twitter_card":"summary_large_image","twitter_misc":{"Est. reading time":"1 minute"},"schema":{"@context":"https:\/\/schema.org","@graph":[{"@type":"WebPage","@id":"https:\/\/estcrafts.ee\/product\/suur-tammest-kandik\/","url":"https:\/\/estcrafts.ee\/product\/suur-tammest-kandik\/","name":"SUUR TAMMEST KANDIK - EstCrafts","isPartOf":{"@id":"https:\/\/estcrafts.ee\/#website"},"primaryImageOfPage":{"@id":"https:\/\/estcrafts.ee\/product\/suur-tammest-kandik\/#primaryimage"},"image":{"@id":"https:\/\/estcrafts.ee\/product\/suur-tammest-kandik\/#primaryimage"},"thumbnailUrl":"https:\/\/estcrafts.ee\/wp-content\/uploads\/2026\/01\/11-9.png","datePublished":"2026-01-15T10:30:35+00:00","dateModified":"2026-03-25T11:42:09+00:00","description":"Tammest suur kandik 30\u00d750 cm mitme s\u00fcvendiga. Sobib vaagnaks ja serveerimisaluseks sn\u00e4kkidele, juustule ja suupistetele. Vastupidav ja mugavate sangadega.","breadcrumb":{"@id":"https:\/\/estcrafts.ee\/product\/suur-tammest-kandik\/#breadcrumb"},"inLanguage":"en-US","potentialAction":[{"@type":"ReadAction","target":["https:\/\/estcrafts.ee\/product\/suur-tammest-kandik\/"]}]},{"@type":"ImageObject","inLanguage":"en-US","@id":"https:\/\/estcrafts.ee\/product\/suur-tammest-kandik\/#primaryimage","url":"https:\/\/estcrafts.ee\/wp-content\/uploads\/2026\/01\/11-9.png","contentUrl":"https:\/\/estcrafts.ee\/wp-content\/uploads\/2026\/01\/11-9.png","width":1000,"height":1000,"caption":"suur kandik"},{"@type":"BreadcrumbList","@id":"https:\/\/estcrafts.ee\/product\/suur-tammest-kandik\/#breadcrumb","itemListElement":[{"@type":"ListItem","position":1,"name":"Home","item":"https:\/\/estcrafts.ee\/"},{"@type":"ListItem","position":2,"name":"Shop","item":"https:\/\/estcrafts.ee\/?page_id=6"},{"@type":"ListItem","position":3,"name":"SUUR TAMMEST KANDIK"}]},{"@type":"WebSite","@id":"https:\/\/estcrafts.ee\/#website","url":"https:\/\/estcrafts.ee\/","name":"EstCrafts","description":"","potentialAction":[{"@type":"SearchAction","target":{"@type":"EntryPoint","urlTemplate":"https:\/\/estcrafts.ee\/?s={search_term_string}"},"query-input":{"@type":"PropertyValueSpecification","valueRequired":true,"valueName":"search_term_string"}}],"inLanguage":"en-US"}]}},"jetpack_sharing_enabled":true,"_links":{"self":[{"href":"https:\/\/estcrafts.ee\/en\/wp-json\/wp\/v2\/product\/1969","targetHints":{"allow":["GET"]}}],"collection":[{"href":"https:\/\/estcrafts.ee\/en\/wp-json\/wp\/v2\/product"}],"about":[{"href":"https:\/\/estcrafts.ee\/en\/wp-json\/wp\/v2\/types\/product"}],"replies":[{"embeddable":true,"href":"https:\/\/estcrafts.ee\/en\/wp-json\/wp\/v2\/comments?post=1969"}],"wp:featuredmedia":[{"embeddable":true,"href":"https:\/\/estcrafts.ee\/en\/wp-json\/wp\/v2\/media\/6039"}],"wp:attachment":[{"href":"https:\/\/estcrafts.ee\/en\/wp-json\/wp\/v2\/media?parent=1969"}],"wp:term":[{"taxonomy":"product_brand","embeddable":true,"href":"https:\/\/estcrafts.ee\/en\/wp-json\/wp\/v2\/product_brand?post=1969"},{"taxonomy":"product_cat","embeddable":true,"href":"https:\/\/estcrafts.ee\/en\/wp-json\/wp\/v2\/product_cat?post=1969"},{"taxonomy":"product_tag","embeddable":true,"href":"https:\/\/estcrafts.ee\/en\/wp-json\/wp\/v2\/product_tag?post=1969"}],"curies":[{"name":"wp","href":"https:\/\/api.w.org\/{rel}","templated":true}]}}