{"id":1966,"date":"2026-01-15T10:25:22","date_gmt":"2026-01-15T10:25:22","guid":{"rendered":"https:\/\/estcrafts.ee\/?post_type=product&#038;p=1966"},"modified":"2026-03-20T13:57:12","modified_gmt":"2026-03-20T11:57:12","slug":"kirsist-kandik","status":"publish","type":"product","link":"https:\/\/estcrafts.ee\/en\/product\/kirsist-kandik\/","title":{"rendered":"CHERRY SERVING TRAY"},"content":{"rendered":"<p>Wood: cherry<br \/>\nDimensions: 40 x 30.5 x 2.2 cm<\/p>\n<p>As a handmade product, each item is unique \u2013 the tone and grain may vary slightly.<\/p>\n<p>We recommend maintaining the product at least once a year using linseed oil or regular cooking oil. Regular oiling helps preserve the wood\u2019s beautiful appearance and prevents cracks caused by drying out. Before oiling, the product must be cleaned and completely dry. Apply the oil to both sides to prevent the wood from warping. After washing or oiling, leave the board to dry so air can circulate freely on both sides\u2014for example, standing upright. This helps the product keep its proper shape and prevents twisting.<\/p>","protected":false},"excerpt":{"rendered":"<p>A cherrywood tray is a lovely serving board that works well for everyday use as well as entertaining guests. It features multiple recessed sections to keep snacks and sides separate\u2014perfect for nuts, fruit, cheese, appetizers, or dips. The convenient handles make it easy to carry.<br \/>\nDimensions: 40 x 30.5 x 2.2 cm<\/p>\n<p>More details can be found under Description.<\/p>","protected":false},"featured_media":6115,"comment_status":"open","ping_status":"closed","template":"","meta":[],"product_brand":[],"product_cat":[82],"product_tag":[350,199,191,351,192,352],"class_list":{"0":"post-1966","1":"product","2":"type-product","3":"status-publish","4":"has-post-thumbnail","6":"product_cat-kandikud","7":"product_tag-kandik","8":"product_tag-kasitoo","9":"product_tag-kingitus","10":"product_tag-kirsipuust-kandik","11":"product_tag-koogitarvik","12":"product_tag-snakid","14":"first","15":"instock","16":"shipping-taxable","17":"purchasable","18":"product-type-simple"},"yoast_head":"<!-- This site is optimized with the Yoast SEO plugin v27.4 - https:\/\/yoast.com\/product\/yoast-seo-wordpress\/ -->\n<title>KIRSIST KANDIK - EstCrafts<\/title>\n<meta name=\"description\" content=\"Kirsipuust kandik on v\u00e4ga m\u00f5nus serveerimisalus. Kandikul on mitu s\u00fcvendit, mis hoiavad sn\u00e4kid ja lisandid eraldi \u2013 hea valik p\u00e4hklitele, puuviljadele, juustule, suupistetele v\u00f5i dipikastmetele.\" \/>\n<meta name=\"robots\" content=\"index, follow, max-snippet:-1, max-image-preview:large, max-video-preview:-1\" \/>\n<link rel=\"canonical\" href=\"https:\/\/estcrafts.ee\/en\/product\/kirsist-kandik\/\" \/>\n<meta property=\"og:locale\" content=\"en_US\" \/>\n<meta property=\"og:type\" content=\"article\" \/>\n<meta property=\"og:title\" content=\"KIRSIST KANDIK - EstCrafts\" \/>\n<meta property=\"og:description\" content=\"Kirsipuust kandik on v\u00e4ga m\u00f5nus serveerimisalus. Kandikul on mitu s\u00fcvendit, mis hoiavad sn\u00e4kid ja lisandid eraldi \u2013 hea valik p\u00e4hklitele, puuviljadele, juustule, suupistetele v\u00f5i dipikastmetele.\" \/>\n<meta property=\"og:url\" content=\"https:\/\/estcrafts.ee\/en\/product\/kirsist-kandik\/\" \/>\n<meta property=\"og:site_name\" content=\"EstCrafts\" \/>\n<meta property=\"article:modified_time\" content=\"2026-03-20T11:57:12+00:00\" \/>\n<meta property=\"og:image\" content=\"https:\/\/estcrafts.ee\/wp-content\/uploads\/2026\/01\/41-10.png\" \/>\n\t<meta property=\"og:image:width\" content=\"1000\" \/>\n\t<meta property=\"og:image:height\" content=\"1000\" \/>\n\t<meta property=\"og:image:type\" content=\"image\/png\" \/>\n<meta name=\"twitter:card\" content=\"summary_large_image\" \/>\n<meta name=\"twitter:label1\" content=\"Est. reading time\" \/>\n\t<meta name=\"twitter:data1\" content=\"1 minute\" \/>\n<script type=\"application\/ld+json\" class=\"yoast-schema-graph\">{\"@context\":\"https:\\\/\\\/schema.org\",\"@graph\":[{\"@type\":\"WebPage\",\"@id\":\"https:\\\/\\\/estcrafts.ee\\\/product\\\/kirsist-kandik\\\/\",\"url\":\"https:\\\/\\\/estcrafts.ee\\\/product\\\/kirsist-kandik\\\/\",\"name\":\"KIRSIST KANDIK - EstCrafts\",\"isPartOf\":{\"@id\":\"https:\\\/\\\/estcrafts.ee\\\/#website\"},\"primaryImageOfPage\":{\"@id\":\"https:\\\/\\\/estcrafts.ee\\\/product\\\/kirsist-kandik\\\/#primaryimage\"},\"image\":{\"@id\":\"https:\\\/\\\/estcrafts.ee\\\/product\\\/kirsist-kandik\\\/#primaryimage\"},\"thumbnailUrl\":\"https:\\\/\\\/estcrafts.ee\\\/wp-content\\\/uploads\\\/2026\\\/01\\\/41-10.png\",\"datePublished\":\"2026-01-15T10:25:22+00:00\",\"dateModified\":\"2026-03-20T11:57:12+00:00\",\"description\":\"Kirsipuust kandik on v\u00e4ga m\u00f5nus serveerimisalus. Kandikul on mitu s\u00fcvendit, mis hoiavad sn\u00e4kid ja lisandid eraldi \u2013 hea valik p\u00e4hklitele, puuviljadele, juustule, suupistetele v\u00f5i dipikastmetele.\",\"breadcrumb\":{\"@id\":\"https:\\\/\\\/estcrafts.ee\\\/product\\\/kirsist-kandik\\\/#breadcrumb\"},\"inLanguage\":\"en-US\",\"potentialAction\":[{\"@type\":\"ReadAction\",\"target\":[\"https:\\\/\\\/estcrafts.ee\\\/product\\\/kirsist-kandik\\\/\"]}]},{\"@type\":\"ImageObject\",\"inLanguage\":\"en-US\",\"@id\":\"https:\\\/\\\/estcrafts.ee\\\/product\\\/kirsist-kandik\\\/#primaryimage\",\"url\":\"https:\\\/\\\/estcrafts.ee\\\/wp-content\\\/uploads\\\/2026\\\/01\\\/41-10.png\",\"contentUrl\":\"https:\\\/\\\/estcrafts.ee\\\/wp-content\\\/uploads\\\/2026\\\/01\\\/41-10.png\",\"width\":1000,\"height\":1000,\"caption\":\"kirsist kandik\"},{\"@type\":\"BreadcrumbList\",\"@id\":\"https:\\\/\\\/estcrafts.ee\\\/product\\\/kirsist-kandik\\\/#breadcrumb\",\"itemListElement\":[{\"@type\":\"ListItem\",\"position\":1,\"name\":\"Home\",\"item\":\"https:\\\/\\\/estcrafts.ee\\\/\"},{\"@type\":\"ListItem\",\"position\":2,\"name\":\"Shop\",\"item\":\"https:\\\/\\\/estcrafts.ee\\\/?page_id=6\"},{\"@type\":\"ListItem\",\"position\":3,\"name\":\"KIRSIST KANDIK\"}]},{\"@type\":\"WebSite\",\"@id\":\"https:\\\/\\\/estcrafts.ee\\\/#website\",\"url\":\"https:\\\/\\\/estcrafts.ee\\\/\",\"name\":\"EstCrafts\",\"description\":\"\",\"potentialAction\":[{\"@type\":\"SearchAction\",\"target\":{\"@type\":\"EntryPoint\",\"urlTemplate\":\"https:\\\/\\\/estcrafts.ee\\\/?s={search_term_string}\"},\"query-input\":{\"@type\":\"PropertyValueSpecification\",\"valueRequired\":true,\"valueName\":\"search_term_string\"}}],\"inLanguage\":\"en-US\"}]}<\/script>\n<!-- \/ Yoast SEO plugin. -->","yoast_head_json":{"title":"KIRSIST KANDIK - EstCrafts","description":"Kirsipuust kandik on v\u00e4ga m\u00f5nus serveerimisalus. Kandikul on mitu s\u00fcvendit, mis hoiavad sn\u00e4kid ja lisandid eraldi \u2013 hea valik p\u00e4hklitele, puuviljadele, juustule, suupistetele v\u00f5i dipikastmetele.","robots":{"index":"index","follow":"follow","max-snippet":"max-snippet:-1","max-image-preview":"max-image-preview:large","max-video-preview":"max-video-preview:-1"},"canonical":"https:\/\/estcrafts.ee\/en\/product\/kirsist-kandik\/","og_locale":"en_US","og_type":"article","og_title":"KIRSIST KANDIK - EstCrafts","og_description":"Kirsipuust kandik on v\u00e4ga m\u00f5nus serveerimisalus. Kandikul on mitu s\u00fcvendit, mis hoiavad sn\u00e4kid ja lisandid eraldi \u2013 hea valik p\u00e4hklitele, puuviljadele, juustule, suupistetele v\u00f5i dipikastmetele.","og_url":"https:\/\/estcrafts.ee\/en\/product\/kirsist-kandik\/","og_site_name":"EstCrafts","article_modified_time":"2026-03-20T11:57:12+00:00","og_image":[{"width":1000,"height":1000,"url":"https:\/\/estcrafts.ee\/wp-content\/uploads\/2026\/01\/41-10.png","type":"image\/png"}],"twitter_card":"summary_large_image","twitter_misc":{"Est. reading time":"1 minute"},"schema":{"@context":"https:\/\/schema.org","@graph":[{"@type":"WebPage","@id":"https:\/\/estcrafts.ee\/product\/kirsist-kandik\/","url":"https:\/\/estcrafts.ee\/product\/kirsist-kandik\/","name":"KIRSIST KANDIK - EstCrafts","isPartOf":{"@id":"https:\/\/estcrafts.ee\/#website"},"primaryImageOfPage":{"@id":"https:\/\/estcrafts.ee\/product\/kirsist-kandik\/#primaryimage"},"image":{"@id":"https:\/\/estcrafts.ee\/product\/kirsist-kandik\/#primaryimage"},"thumbnailUrl":"https:\/\/estcrafts.ee\/wp-content\/uploads\/2026\/01\/41-10.png","datePublished":"2026-01-15T10:25:22+00:00","dateModified":"2026-03-20T11:57:12+00:00","description":"Kirsipuust kandik on v\u00e4ga m\u00f5nus serveerimisalus. Kandikul on mitu s\u00fcvendit, mis hoiavad sn\u00e4kid ja lisandid eraldi \u2013 hea valik p\u00e4hklitele, puuviljadele, juustule, suupistetele v\u00f5i dipikastmetele.","breadcrumb":{"@id":"https:\/\/estcrafts.ee\/product\/kirsist-kandik\/#breadcrumb"},"inLanguage":"en-US","potentialAction":[{"@type":"ReadAction","target":["https:\/\/estcrafts.ee\/product\/kirsist-kandik\/"]}]},{"@type":"ImageObject","inLanguage":"en-US","@id":"https:\/\/estcrafts.ee\/product\/kirsist-kandik\/#primaryimage","url":"https:\/\/estcrafts.ee\/wp-content\/uploads\/2026\/01\/41-10.png","contentUrl":"https:\/\/estcrafts.ee\/wp-content\/uploads\/2026\/01\/41-10.png","width":1000,"height":1000,"caption":"kirsist kandik"},{"@type":"BreadcrumbList","@id":"https:\/\/estcrafts.ee\/product\/kirsist-kandik\/#breadcrumb","itemListElement":[{"@type":"ListItem","position":1,"name":"Home","item":"https:\/\/estcrafts.ee\/"},{"@type":"ListItem","position":2,"name":"Shop","item":"https:\/\/estcrafts.ee\/?page_id=6"},{"@type":"ListItem","position":3,"name":"KIRSIST KANDIK"}]},{"@type":"WebSite","@id":"https:\/\/estcrafts.ee\/#website","url":"https:\/\/estcrafts.ee\/","name":"EstCrafts","description":"","potentialAction":[{"@type":"SearchAction","target":{"@type":"EntryPoint","urlTemplate":"https:\/\/estcrafts.ee\/?s={search_term_string}"},"query-input":{"@type":"PropertyValueSpecification","valueRequired":true,"valueName":"search_term_string"}}],"inLanguage":"en-US"}]}},"jetpack_sharing_enabled":true,"_links":{"self":[{"href":"https:\/\/estcrafts.ee\/en\/wp-json\/wp\/v2\/product\/1966","targetHints":{"allow":["GET"]}}],"collection":[{"href":"https:\/\/estcrafts.ee\/en\/wp-json\/wp\/v2\/product"}],"about":[{"href":"https:\/\/estcrafts.ee\/en\/wp-json\/wp\/v2\/types\/product"}],"replies":[{"embeddable":true,"href":"https:\/\/estcrafts.ee\/en\/wp-json\/wp\/v2\/comments?post=1966"}],"wp:featuredmedia":[{"embeddable":true,"href":"https:\/\/estcrafts.ee\/en\/wp-json\/wp\/v2\/media\/6115"}],"wp:attachment":[{"href":"https:\/\/estcrafts.ee\/en\/wp-json\/wp\/v2\/media?parent=1966"}],"wp:term":[{"taxonomy":"product_brand","embeddable":true,"href":"https:\/\/estcrafts.ee\/en\/wp-json\/wp\/v2\/product_brand?post=1966"},{"taxonomy":"product_cat","embeddable":true,"href":"https:\/\/estcrafts.ee\/en\/wp-json\/wp\/v2\/product_cat?post=1966"},{"taxonomy":"product_tag","embeddable":true,"href":"https:\/\/estcrafts.ee\/en\/wp-json\/wp\/v2\/product_tag?post=1966"}],"curies":[{"name":"wp","href":"https:\/\/api.w.org\/{rel}","templated":true}]}}