{"id":1890,"date":"2026-01-14T13:52:18","date_gmt":"2026-01-14T13:52:18","guid":{"rendered":"https:\/\/estcrafts.ee\/?post_type=product&#038;p=1890"},"modified":"2026-03-20T13:44:58","modified_gmt":"2026-03-20T11:44:58","slug":"tammepuust-serveerimisalus-viie-lahtriga-ja-kaepidemetega","status":"publish","type":"product","link":"https:\/\/estcrafts.ee\/en\/product\/tammepuust-serveerimisalus-viie-lahtriga-ja-kaepidemetega\/","title":{"rendered":"OAK SERVING TRAY WITH FIVE COMPARTMENTS AND HANDLES"},"content":{"rendered":"<p>Oak is a strong and durable wood. The handles make it easy to carry. The compartments can be rotated around inside the tray or lifted out completely. A fantastic serving tray for entertaining guests.<br \/>\nSize: 49.5 cm x 37.5 x 2.1 cm<br \/>\nWood: oak<\/p>\n<p>As a handmade product, each item is unique \u2013 the tone and grain may vary slightly.<\/p>\n<p>We recommend maintaining the product at least once a year using linseed oil or regular cooking oil. Regular oiling helps preserve the wood\u2019s beautiful appearance and prevents cracks caused by drying out. Before oiling, the product must be cleaned and completely dry. Apply the oil to both sides to prevent the wood from warping. After washing or oiling, leave the board to dry so air can circulate freely on both sides\u2014for example, standing upright. This helps the product keep its proper shape and prevents twisting.<\/p>","protected":false},"excerpt":{"rendered":"<p>A very convenient and beautiful oak serving tray with five compartments. Perfect for serving snacks, fruit, nuts, cheese, or small bites. The divided recessed sections keep different treats separate. The compartments can be lifted out and rotated around within the tray, which is very handy. Side handles also make it easy to carry.<br \/>\nSize: 49.5 cm x 37.5 x 2.1 cm<\/p>\n<p>More details can be found under Description.<\/p>","protected":false},"featured_media":6035,"comment_status":"open","ping_status":"closed","template":"","meta":[],"product_brand":[],"product_cat":[82,15],"product_tag":[364,199,191,365,363,348,349,358],"class_list":{"0":"post-1890","1":"product","2":"type-product","3":"status-publish","4":"has-post-thumbnail","6":"product_cat-kandikud","7":"product_cat-uncategorized","8":"product_tag-kaepidemetega-serveerimisalus","9":"product_tag-kasitoo","10":"product_tag-kingitus","11":"product_tag-puidust-serveerimisvaagen","12":"product_tag-serveerimisalus-5-lahtriga","13":"product_tag-snakialus","14":"product_tag-suupistealus","15":"product_tag-tammepuust-serveerimisalus","17":"first","18":"instock","19":"shipping-taxable","20":"purchasable","21":"product-type-simple"},"yoast_head":"<!-- This site is optimized with the Yoast SEO plugin v27.4 - https:\/\/yoast.com\/product\/yoast-seo-wordpress\/ -->\n<title>TAMMEPUUST SERVEERIMISALUS VIIE LAHTRIGA JA K\u00c4EPIDEMETEGA - EstCrafts<\/title>\n<meta name=\"description\" content=\"Super tammest 5 lahtriga serveerimisalus k\u00fclaliste v\u00f5\u00f5rustamiseks. Lahtreid saab v\u00e4lja t\u00f5sta ning liigutada kandiku sees, samuti on k\u00fclgedel sangad, mis teevad t\u00f5stmise mugavaks.\" \/>\n<meta name=\"robots\" content=\"index, follow, max-snippet:-1, max-image-preview:large, max-video-preview:-1\" \/>\n<link rel=\"canonical\" href=\"https:\/\/estcrafts.ee\/en\/product\/tammepuust-serveerimisalus-viie-lahtriga-ja-kaepidemetega\/\" \/>\n<meta property=\"og:locale\" content=\"en_US\" \/>\n<meta property=\"og:type\" content=\"article\" \/>\n<meta property=\"og:title\" content=\"TAMMEPUUST SERVEERIMISALUS VIIE LAHTRIGA JA K\u00c4EPIDEMETEGA - EstCrafts\" \/>\n<meta property=\"og:description\" content=\"Super tammest 5 lahtriga serveerimisalus k\u00fclaliste v\u00f5\u00f5rustamiseks. Lahtreid saab v\u00e4lja t\u00f5sta ning liigutada kandiku sees, samuti on k\u00fclgedel sangad, mis teevad t\u00f5stmise mugavaks.\" \/>\n<meta property=\"og:url\" content=\"https:\/\/estcrafts.ee\/en\/product\/tammepuust-serveerimisalus-viie-lahtriga-ja-kaepidemetega\/\" \/>\n<meta property=\"og:site_name\" content=\"EstCrafts\" \/>\n<meta property=\"article:modified_time\" content=\"2026-03-20T11:44:58+00:00\" \/>\n<meta property=\"og:image\" content=\"https:\/\/estcrafts.ee\/wp-content\/uploads\/2026\/01\/11-8.png\" \/>\n\t<meta property=\"og:image:width\" content=\"1000\" \/>\n\t<meta property=\"og:image:height\" content=\"1000\" \/>\n\t<meta property=\"og:image:type\" content=\"image\/png\" \/>\n<meta name=\"twitter:card\" content=\"summary_large_image\" \/>\n<meta name=\"twitter:label1\" content=\"Est. reading time\" \/>\n\t<meta name=\"twitter:data1\" content=\"1 minute\" \/>\n<script type=\"application\/ld+json\" class=\"yoast-schema-graph\">{\"@context\":\"https:\\\/\\\/schema.org\",\"@graph\":[{\"@type\":\"WebPage\",\"@id\":\"https:\\\/\\\/estcrafts.ee\\\/product\\\/tammepuust-serveerimisalus-viie-lahtriga-ja-kaepidemetega\\\/\",\"url\":\"https:\\\/\\\/estcrafts.ee\\\/product\\\/tammepuust-serveerimisalus-viie-lahtriga-ja-kaepidemetega\\\/\",\"name\":\"TAMMEPUUST SERVEERIMISALUS VIIE LAHTRIGA JA K\u00c4EPIDEMETEGA - EstCrafts\",\"isPartOf\":{\"@id\":\"https:\\\/\\\/estcrafts.ee\\\/#website\"},\"primaryImageOfPage\":{\"@id\":\"https:\\\/\\\/estcrafts.ee\\\/product\\\/tammepuust-serveerimisalus-viie-lahtriga-ja-kaepidemetega\\\/#primaryimage\"},\"image\":{\"@id\":\"https:\\\/\\\/estcrafts.ee\\\/product\\\/tammepuust-serveerimisalus-viie-lahtriga-ja-kaepidemetega\\\/#primaryimage\"},\"thumbnailUrl\":\"https:\\\/\\\/estcrafts.ee\\\/wp-content\\\/uploads\\\/2026\\\/01\\\/11-8.png\",\"datePublished\":\"2026-01-14T13:52:18+00:00\",\"dateModified\":\"2026-03-20T11:44:58+00:00\",\"description\":\"Super tammest 5 lahtriga serveerimisalus k\u00fclaliste v\u00f5\u00f5rustamiseks. Lahtreid saab v\u00e4lja t\u00f5sta ning liigutada kandiku sees, samuti on k\u00fclgedel sangad, mis teevad t\u00f5stmise mugavaks.\",\"breadcrumb\":{\"@id\":\"https:\\\/\\\/estcrafts.ee\\\/product\\\/tammepuust-serveerimisalus-viie-lahtriga-ja-kaepidemetega\\\/#breadcrumb\"},\"inLanguage\":\"en-US\",\"potentialAction\":[{\"@type\":\"ReadAction\",\"target\":[\"https:\\\/\\\/estcrafts.ee\\\/product\\\/tammepuust-serveerimisalus-viie-lahtriga-ja-kaepidemetega\\\/\"]}]},{\"@type\":\"ImageObject\",\"inLanguage\":\"en-US\",\"@id\":\"https:\\\/\\\/estcrafts.ee\\\/product\\\/tammepuust-serveerimisalus-viie-lahtriga-ja-kaepidemetega\\\/#primaryimage\",\"url\":\"https:\\\/\\\/estcrafts.ee\\\/wp-content\\\/uploads\\\/2026\\\/01\\\/11-8.png\",\"contentUrl\":\"https:\\\/\\\/estcrafts.ee\\\/wp-content\\\/uploads\\\/2026\\\/01\\\/11-8.png\",\"width\":1000,\"height\":1000,\"caption\":\"kandik\"},{\"@type\":\"BreadcrumbList\",\"@id\":\"https:\\\/\\\/estcrafts.ee\\\/product\\\/tammepuust-serveerimisalus-viie-lahtriga-ja-kaepidemetega\\\/#breadcrumb\",\"itemListElement\":[{\"@type\":\"ListItem\",\"position\":1,\"name\":\"Home\",\"item\":\"https:\\\/\\\/estcrafts.ee\\\/\"},{\"@type\":\"ListItem\",\"position\":2,\"name\":\"Shop\",\"item\":\"https:\\\/\\\/estcrafts.ee\\\/?page_id=6\"},{\"@type\":\"ListItem\",\"position\":3,\"name\":\"TAMMEPUUST SERVEERIMISALUS VIIE LAHTRIGA JA K\u00c4EPIDEMETEGA\"}]},{\"@type\":\"WebSite\",\"@id\":\"https:\\\/\\\/estcrafts.ee\\\/#website\",\"url\":\"https:\\\/\\\/estcrafts.ee\\\/\",\"name\":\"EstCrafts\",\"description\":\"\",\"potentialAction\":[{\"@type\":\"SearchAction\",\"target\":{\"@type\":\"EntryPoint\",\"urlTemplate\":\"https:\\\/\\\/estcrafts.ee\\\/?s={search_term_string}\"},\"query-input\":{\"@type\":\"PropertyValueSpecification\",\"valueRequired\":true,\"valueName\":\"search_term_string\"}}],\"inLanguage\":\"en-US\"}]}<\/script>\n<!-- \/ Yoast SEO plugin. -->","yoast_head_json":{"title":"TAMMEPUUST SERVEERIMISALUS VIIE LAHTRIGA JA K\u00c4EPIDEMETEGA - EstCrafts","description":"Super tammest 5 lahtriga serveerimisalus k\u00fclaliste v\u00f5\u00f5rustamiseks. Lahtreid saab v\u00e4lja t\u00f5sta ning liigutada kandiku sees, samuti on k\u00fclgedel sangad, mis teevad t\u00f5stmise mugavaks.","robots":{"index":"index","follow":"follow","max-snippet":"max-snippet:-1","max-image-preview":"max-image-preview:large","max-video-preview":"max-video-preview:-1"},"canonical":"https:\/\/estcrafts.ee\/en\/product\/tammepuust-serveerimisalus-viie-lahtriga-ja-kaepidemetega\/","og_locale":"en_US","og_type":"article","og_title":"TAMMEPUUST SERVEERIMISALUS VIIE LAHTRIGA JA K\u00c4EPIDEMETEGA - EstCrafts","og_description":"Super tammest 5 lahtriga serveerimisalus k\u00fclaliste v\u00f5\u00f5rustamiseks. Lahtreid saab v\u00e4lja t\u00f5sta ning liigutada kandiku sees, samuti on k\u00fclgedel sangad, mis teevad t\u00f5stmise mugavaks.","og_url":"https:\/\/estcrafts.ee\/en\/product\/tammepuust-serveerimisalus-viie-lahtriga-ja-kaepidemetega\/","og_site_name":"EstCrafts","article_modified_time":"2026-03-20T11:44:58+00:00","og_image":[{"width":1000,"height":1000,"url":"https:\/\/estcrafts.ee\/wp-content\/uploads\/2026\/01\/11-8.png","type":"image\/png"}],"twitter_card":"summary_large_image","twitter_misc":{"Est. reading time":"1 minute"},"schema":{"@context":"https:\/\/schema.org","@graph":[{"@type":"WebPage","@id":"https:\/\/estcrafts.ee\/product\/tammepuust-serveerimisalus-viie-lahtriga-ja-kaepidemetega\/","url":"https:\/\/estcrafts.ee\/product\/tammepuust-serveerimisalus-viie-lahtriga-ja-kaepidemetega\/","name":"TAMMEPUUST SERVEERIMISALUS VIIE LAHTRIGA JA K\u00c4EPIDEMETEGA - EstCrafts","isPartOf":{"@id":"https:\/\/estcrafts.ee\/#website"},"primaryImageOfPage":{"@id":"https:\/\/estcrafts.ee\/product\/tammepuust-serveerimisalus-viie-lahtriga-ja-kaepidemetega\/#primaryimage"},"image":{"@id":"https:\/\/estcrafts.ee\/product\/tammepuust-serveerimisalus-viie-lahtriga-ja-kaepidemetega\/#primaryimage"},"thumbnailUrl":"https:\/\/estcrafts.ee\/wp-content\/uploads\/2026\/01\/11-8.png","datePublished":"2026-01-14T13:52:18+00:00","dateModified":"2026-03-20T11:44:58+00:00","description":"Super tammest 5 lahtriga serveerimisalus k\u00fclaliste v\u00f5\u00f5rustamiseks. Lahtreid saab v\u00e4lja t\u00f5sta ning liigutada kandiku sees, samuti on k\u00fclgedel sangad, mis teevad t\u00f5stmise mugavaks.","breadcrumb":{"@id":"https:\/\/estcrafts.ee\/product\/tammepuust-serveerimisalus-viie-lahtriga-ja-kaepidemetega\/#breadcrumb"},"inLanguage":"en-US","potentialAction":[{"@type":"ReadAction","target":["https:\/\/estcrafts.ee\/product\/tammepuust-serveerimisalus-viie-lahtriga-ja-kaepidemetega\/"]}]},{"@type":"ImageObject","inLanguage":"en-US","@id":"https:\/\/estcrafts.ee\/product\/tammepuust-serveerimisalus-viie-lahtriga-ja-kaepidemetega\/#primaryimage","url":"https:\/\/estcrafts.ee\/wp-content\/uploads\/2026\/01\/11-8.png","contentUrl":"https:\/\/estcrafts.ee\/wp-content\/uploads\/2026\/01\/11-8.png","width":1000,"height":1000,"caption":"kandik"},{"@type":"BreadcrumbList","@id":"https:\/\/estcrafts.ee\/product\/tammepuust-serveerimisalus-viie-lahtriga-ja-kaepidemetega\/#breadcrumb","itemListElement":[{"@type":"ListItem","position":1,"name":"Home","item":"https:\/\/estcrafts.ee\/"},{"@type":"ListItem","position":2,"name":"Shop","item":"https:\/\/estcrafts.ee\/?page_id=6"},{"@type":"ListItem","position":3,"name":"TAMMEPUUST SERVEERIMISALUS VIIE LAHTRIGA JA K\u00c4EPIDEMETEGA"}]},{"@type":"WebSite","@id":"https:\/\/estcrafts.ee\/#website","url":"https:\/\/estcrafts.ee\/","name":"EstCrafts","description":"","potentialAction":[{"@type":"SearchAction","target":{"@type":"EntryPoint","urlTemplate":"https:\/\/estcrafts.ee\/?s={search_term_string}"},"query-input":{"@type":"PropertyValueSpecification","valueRequired":true,"valueName":"search_term_string"}}],"inLanguage":"en-US"}]}},"jetpack_sharing_enabled":true,"_links":{"self":[{"href":"https:\/\/estcrafts.ee\/en\/wp-json\/wp\/v2\/product\/1890","targetHints":{"allow":["GET"]}}],"collection":[{"href":"https:\/\/estcrafts.ee\/en\/wp-json\/wp\/v2\/product"}],"about":[{"href":"https:\/\/estcrafts.ee\/en\/wp-json\/wp\/v2\/types\/product"}],"replies":[{"embeddable":true,"href":"https:\/\/estcrafts.ee\/en\/wp-json\/wp\/v2\/comments?post=1890"}],"wp:featuredmedia":[{"embeddable":true,"href":"https:\/\/estcrafts.ee\/en\/wp-json\/wp\/v2\/media\/6035"}],"wp:attachment":[{"href":"https:\/\/estcrafts.ee\/en\/wp-json\/wp\/v2\/media?parent=1890"}],"wp:term":[{"taxonomy":"product_brand","embeddable":true,"href":"https:\/\/estcrafts.ee\/en\/wp-json\/wp\/v2\/product_brand?post=1890"},{"taxonomy":"product_cat","embeddable":true,"href":"https:\/\/estcrafts.ee\/en\/wp-json\/wp\/v2\/product_cat?post=1890"},{"taxonomy":"product_tag","embeddable":true,"href":"https:\/\/estcrafts.ee\/en\/wp-json\/wp\/v2\/product_tag?post=1890"}],"curies":[{"name":"wp","href":"https:\/\/api.w.org\/{rel}","templated":true}]}}