{"id":3355,"date":"2026-01-21T10:53:36","date_gmt":"2026-01-21T10:53:36","guid":{"rendered":"https:\/\/estcrafts.ee\/?page_id=3355"},"modified":"2026-03-13T13:00:24","modified_gmt":"2026-03-13T11:00:24","slug":"maksmine","status":"publish","type":"page","link":"https:\/\/estcrafts.ee\/en\/maksmine\/","title":{"rendered":"Payment"},"content":{"rendered":"<div data-elementor-type=\"wp-page\" data-elementor-id=\"3355\" class=\"elementor elementor-3355\">\n\t\t\t\t<div class=\"elementor-element elementor-element-b60fca8 e-flex e-con-boxed e-con e-parent\" data-id=\"b60fca8\" data-element_type=\"container\" data-e-type=\"container\">\n\t\t\t\t\t<div class=\"e-con-inner\">\n\t\t\t\t<div class=\"elementor-element elementor-element-e2d6351 elementor-widget elementor-widget-heading\" data-id=\"e2d6351\" data-element_type=\"widget\" data-e-type=\"widget\" data-widget_type=\"heading.default\">\n\t\t\t\t\t<h2 class=\"elementor-heading-title elementor-size-default\">Maksmine panga\u00fclekandega:\n<\/h2>\t\t\t\t<\/div>\n\t\t\t\t<div class=\"elementor-element elementor-element-9418df5 elementor-widget elementor-widget-text-editor\" data-id=\"9418df5\" data-element_type=\"widget\" data-e-type=\"widget\" data-widget_type=\"text-editor.default\">\n\t\t\t\t\t\t\t\t\t<p>Valides maksemeetodiks panga\u00fclekande, palume teostada panga\u00fclekanne allj\u00e4rgnevale kontole:<\/p>\n<p style=\"font-weight: 400;\"><span style=\"font-weight: 400;\">Account holder: <\/span><b>data<\/b><\/p>\n<p style=\"font-weight: 400;\">Account no.\/IBAN:<b><strong> EE544204278642345304<\/strong><\/b><\/p>\n<p style=\"font-weight: 400;\">Bank: Coop Pank AS, Maakri 30, 15014 Tallinn, Registration code: 10237832, SWIFT\/BIC: EKRDEE22<\/p>\n<p>Palume tasuda tellimuse eest panga\u00fclekandega meie arvelduskontole ning m\u00e4rkida makse selgitusse tellimuse number. Tellimuse t\u00f6\u00f6tlemist alustame p\u00e4rast makse laekumist meie kontole. <br>T\u00e4name Teid ostu eest!<\/p>\n<h2><b>Maksmine pangas:<\/b><\/h2>\n<div>\n<p>Tasumine toimub turvaliselt internetipanga <b>Montonio makselahenduse <\/b>vahendusel.<\/p>\n<\/div>\n<div>Panga valik on saadaval j\u00e4rgmistes riikides:<\/div>\n<ul>\n<li><b>Eesti (Swedbank, SEB, LHV, Luminor, Coop Pank, Citadele, Revolut, N26<span style=\"font-variant-ligatures: inherit; font-variant-caps: inherit;\">)<\/span><\/b><\/li>\n<li><b><span style=\"font-variant-ligatures: inherit; font-variant-caps: inherit;\">Soome (<\/span>OP, Nordea, Danske Bank, S\u00e4\u00e4st\u00f6pankki, POP Pankki, OmaSp, S Pankki, \u00c5landsbanken, Revolut, N26<span style=\"font-variant-ligatures: inherit; font-variant-caps: inherit;\">)&nbsp; <\/span><\/b><\/li>\n<li><b><span style=\"font-variant-ligatures: inherit; font-variant-caps: inherit;\">L\u00e4ti (<\/span>Swedbank, SEB, Citadele, Luminor, Revolut, INDEXO, N26<span style=\"font-variant-ligatures: inherit; font-variant-caps: inherit;\">) <\/span><\/b><\/li>\n<li><b><span style=\"font-variant-ligatures: inherit; font-variant-caps: inherit;\">Leedu (<\/span>Swedbank, SEB, Luminor, Artea, Citadele, Revolut, N26<span style=\"font-variant-ligatures: inherit; font-variant-caps: inherit;\">) <\/span><\/b><\/li>\n<li><span style=\"font-variant-ligatures: inherit; font-variant-caps: inherit;\"><b>Poola (Revolut, N26)<\/b><\/span><\/li>\n<\/ul>\n<div>\n<p>P\u00e4rast sobiva panga valimist suunatakse Teid makse kinnitamiseks otse internetipanka.<\/p>\n<\/div>\n<div>&nbsp;<\/div>\n<h2><strong>Kaardimakse:<\/strong><\/h2>\n<div>\n<p>Tasumine toimub turvaliselt krediit- v\u00f5i deebetkaardiga Montonio makselahenduse vahendusel.&nbsp;<br><br><\/p>\n<\/div>\n<div>\n<p>Toetatud on peamised rahvusvahelised maksekaardid <b>Visa ja Mastercard<\/b>.<\/p>\n<p>Sobivates seadmetes on v\u00f5imalik tasuda ka <b>Apple Pay ja Google Pay<\/b> abil.<\/p>\n<\/div>\t\t\t\t\t\t\t\t<\/div>\n\t\t\t\t\t<\/div>\n\t\t\t\t<\/div>\n\t\t<div class=\"elementor-element elementor-element-e9fc7cd e-flex e-con-boxed e-con e-parent\" data-id=\"e9fc7cd\" data-element_type=\"container\" data-e-type=\"container\">\n\t\t\t\t\t<div class=\"e-con-inner\">\n\t\t<div class=\"elementor-element elementor-element-f0d2a81 e-con-full e-flex e-con e-child\" data-id=\"f0d2a81\" data-element_type=\"container\" data-e-type=\"container\">\n\t\t\t\t<\/div>\n\t\t\t\t\t<\/div>\n\t\t\t\t<\/div>\n\t\t\t\t<\/div>","protected":false},"excerpt":{"rendered":"<p>Maksmine panga\u00fclekandega: Valides maksemeetodiks panga\u00fclekande, palume teostada panga\u00fclekanne allj\u00e4rgnevale kontole: Konto omanik: Estlon O\u00dc Konto nr\/IBAN: EE544204278642345304 Pank: Coop Pank AS, Maakri 30, 15014 Tallinn, Registrikood: 10237832, SWIFT\/BIC: EKRDEE22 Palume tasuda tellimuse eest panga\u00fclekandega meie arvelduskontole ning m\u00e4rkida makse selgitusse tellimuse number. Tellimuse t\u00f6\u00f6tlemist alustame p\u00e4rast makse laekumist meie kontole. T\u00e4name Teid ostu eest! Maksmine [&hellip;]<\/p>\n","protected":false},"author":1,"featured_media":0,"parent":0,"menu_order":0,"comment_status":"closed","ping_status":"closed","template":"","meta":{"footnotes":""},"class_list":["post-3355","page","type-page","status-publish","hentry"],"blocksy_meta":[],"yoast_head":"<!-- This site is optimized with the Yoast SEO plugin v27.4 - https:\/\/yoast.com\/product\/yoast-seo-wordpress\/ -->\n<title>Maksmine - EstCrafts<\/title>\n<meta name=\"robots\" content=\"index, follow, max-snippet:-1, max-image-preview:large, max-video-preview:-1\" \/>\n<link rel=\"canonical\" href=\"https:\/\/estcrafts.ee\/en\/maksmine\/\" \/>\n<meta property=\"og:locale\" content=\"en_US\" \/>\n<meta property=\"og:type\" content=\"article\" \/>\n<meta property=\"og:title\" content=\"Maksmine - EstCrafts\" \/>\n<meta property=\"og:description\" content=\"Maksmine panga\u00fclekandega: Valides maksemeetodiks panga\u00fclekande, palume teostada panga\u00fclekanne allj\u00e4rgnevale kontole: Konto omanik: Estlon O\u00dc Konto nr\/IBAN: EE544204278642345304 Pank: Coop Pank AS, Maakri 30, 15014 Tallinn, Registrikood: 10237832, SWIFT\/BIC: EKRDEE22 Palume tasuda tellimuse eest panga\u00fclekandega meie arvelduskontole ning m\u00e4rkida makse selgitusse tellimuse number. Tellimuse t\u00f6\u00f6tlemist alustame p\u00e4rast makse laekumist meie kontole. T\u00e4name Teid ostu eest! Maksmine [&hellip;]\" \/>\n<meta property=\"og:url\" content=\"https:\/\/estcrafts.ee\/en\/maksmine\/\" \/>\n<meta property=\"og:site_name\" content=\"EstCrafts\" \/>\n<meta property=\"article:modified_time\" content=\"2026-03-13T11:00:24+00:00\" \/>\n<meta name=\"twitter:card\" content=\"summary_large_image\" \/>\n<meta name=\"twitter:label1\" content=\"Est. reading time\" \/>\n\t<meta name=\"twitter:data1\" content=\"1 minute\" \/>\n<script type=\"application\/ld+json\" class=\"yoast-schema-graph\">{\"@context\":\"https:\\\/\\\/schema.org\",\"@graph\":[{\"@type\":\"WebPage\",\"@id\":\"https:\\\/\\\/estcrafts.ee\\\/maksmine\\\/\",\"url\":\"https:\\\/\\\/estcrafts.ee\\\/maksmine\\\/\",\"name\":\"Maksmine - EstCrafts\",\"isPartOf\":{\"@id\":\"https:\\\/\\\/estcrafts.ee\\\/#website\"},\"datePublished\":\"2026-01-21T10:53:36+00:00\",\"dateModified\":\"2026-03-13T11:00:24+00:00\",\"breadcrumb\":{\"@id\":\"https:\\\/\\\/estcrafts.ee\\\/maksmine\\\/#breadcrumb\"},\"inLanguage\":\"en-US\",\"potentialAction\":[{\"@type\":\"ReadAction\",\"target\":[\"https:\\\/\\\/estcrafts.ee\\\/maksmine\\\/\"]}]},{\"@type\":\"BreadcrumbList\",\"@id\":\"https:\\\/\\\/estcrafts.ee\\\/maksmine\\\/#breadcrumb\",\"itemListElement\":[{\"@type\":\"ListItem\",\"position\":1,\"name\":\"Home\",\"item\":\"https:\\\/\\\/estcrafts.ee\\\/\"},{\"@type\":\"ListItem\",\"position\":2,\"name\":\"Maksmine\"}]},{\"@type\":\"WebSite\",\"@id\":\"https:\\\/\\\/estcrafts.ee\\\/#website\",\"url\":\"https:\\\/\\\/estcrafts.ee\\\/\",\"name\":\"EstCrafts\",\"description\":\"\",\"potentialAction\":[{\"@type\":\"SearchAction\",\"target\":{\"@type\":\"EntryPoint\",\"urlTemplate\":\"https:\\\/\\\/estcrafts.ee\\\/?s={search_term_string}\"},\"query-input\":{\"@type\":\"PropertyValueSpecification\",\"valueRequired\":true,\"valueName\":\"search_term_string\"}}],\"inLanguage\":\"en-US\"}]}<\/script>\n<!-- \/ Yoast SEO plugin. -->","yoast_head_json":{"title":"Maksmine - EstCrafts","robots":{"index":"index","follow":"follow","max-snippet":"max-snippet:-1","max-image-preview":"max-image-preview:large","max-video-preview":"max-video-preview:-1"},"canonical":"https:\/\/estcrafts.ee\/en\/maksmine\/","og_locale":"en_US","og_type":"article","og_title":"Maksmine - EstCrafts","og_description":"Maksmine panga\u00fclekandega: Valides maksemeetodiks panga\u00fclekande, palume teostada panga\u00fclekanne allj\u00e4rgnevale kontole: Konto omanik: Estlon O\u00dc Konto nr\/IBAN: EE544204278642345304 Pank: Coop Pank AS, Maakri 30, 15014 Tallinn, Registrikood: 10237832, SWIFT\/BIC: EKRDEE22 Palume tasuda tellimuse eest panga\u00fclekandega meie arvelduskontole ning m\u00e4rkida makse selgitusse tellimuse number. Tellimuse t\u00f6\u00f6tlemist alustame p\u00e4rast makse laekumist meie kontole. T\u00e4name Teid ostu eest! Maksmine [&hellip;]","og_url":"https:\/\/estcrafts.ee\/en\/maksmine\/","og_site_name":"EstCrafts","article_modified_time":"2026-03-13T11:00:24+00:00","twitter_card":"summary_large_image","twitter_misc":{"Est. reading time":"1 minute"},"schema":{"@context":"https:\/\/schema.org","@graph":[{"@type":"WebPage","@id":"https:\/\/estcrafts.ee\/maksmine\/","url":"https:\/\/estcrafts.ee\/maksmine\/","name":"Maksmine - EstCrafts","isPartOf":{"@id":"https:\/\/estcrafts.ee\/#website"},"datePublished":"2026-01-21T10:53:36+00:00","dateModified":"2026-03-13T11:00:24+00:00","breadcrumb":{"@id":"https:\/\/estcrafts.ee\/maksmine\/#breadcrumb"},"inLanguage":"en-US","potentialAction":[{"@type":"ReadAction","target":["https:\/\/estcrafts.ee\/maksmine\/"]}]},{"@type":"BreadcrumbList","@id":"https:\/\/estcrafts.ee\/maksmine\/#breadcrumb","itemListElement":[{"@type":"ListItem","position":1,"name":"Home","item":"https:\/\/estcrafts.ee\/"},{"@type":"ListItem","position":2,"name":"Maksmine"}]},{"@type":"WebSite","@id":"https:\/\/estcrafts.ee\/#website","url":"https:\/\/estcrafts.ee\/","name":"EstCrafts","description":"","potentialAction":[{"@type":"SearchAction","target":{"@type":"EntryPoint","urlTemplate":"https:\/\/estcrafts.ee\/?s={search_term_string}"},"query-input":{"@type":"PropertyValueSpecification","valueRequired":true,"valueName":"search_term_string"}}],"inLanguage":"en-US"}]}},"jetpack_sharing_enabled":true,"_links":{"self":[{"href":"https:\/\/estcrafts.ee\/en\/wp-json\/wp\/v2\/pages\/3355","targetHints":{"allow":["GET"]}}],"collection":[{"href":"https:\/\/estcrafts.ee\/en\/wp-json\/wp\/v2\/pages"}],"about":[{"href":"https:\/\/estcrafts.ee\/en\/wp-json\/wp\/v2\/types\/page"}],"author":[{"embeddable":true,"href":"https:\/\/estcrafts.ee\/en\/wp-json\/wp\/v2\/users\/1"}],"replies":[{"embeddable":true,"href":"https:\/\/estcrafts.ee\/en\/wp-json\/wp\/v2\/comments?post=3355"}],"version-history":[{"count":5,"href":"https:\/\/estcrafts.ee\/en\/wp-json\/wp\/v2\/pages\/3355\/revisions"}],"predecessor-version":[{"id":5985,"href":"https:\/\/estcrafts.ee\/en\/wp-json\/wp\/v2\/pages\/3355\/revisions\/5985"}],"wp:attachment":[{"href":"https:\/\/estcrafts.ee\/en\/wp-json\/wp\/v2\/media?parent=3355"}],"curies":[{"name":"wp","href":"https:\/\/api.w.org\/{rel}","templated":true}]}}